{"id":982,"date":"2021-11-25T15:29:51","date_gmt":"2021-11-25T19:29:51","guid":{"rendered":"https:\/\/www.pcyc.qc.ca\/?page_id=982"},"modified":"2025-12-08T14:25:36","modified_gmt":"2025-12-08T18:25:36","slug":"meteo-du-club","status":"publish","type":"page","link":"https:\/\/www.pcyc.qc.ca\/fr\/meteo-du-club\/","title":{"rendered":"M\u00e9t\u00e9o du Club"},"content":{"rendered":"\n<h2 class=\"wp-block-heading has-text-align-center\">Lac St-Louis &#8211; Le vent et la m\u00e9t\u00e9o<\/h2>\n\n\n<div class=\"windweather-content\"><script src=\"https:\/\/www.windfinder.com\/widget\/forecast\/js\/pointe_claire?unit_wave=ft&unit_rain=mm&unit_temperature=c&unit_wind=kts&unit_pressure=hPa&days=2&show_day=1&show_waves=0\"><\/script><\/div>\n\n\n\n<div style=\"height:57px\" aria-hidden=\"true\" class=\"wp-block-spacer\"><\/div>\n\n\n\n<iframe src='https:\/\/www.weatherlink.com\/embeddablePage\/show\/f709a552a55243f781f47624ecadd097\/wide' width='560' height='480' frameborder='0'><\/iframe>\n\n\n\n<div id=\"footable_parent_3330\"\n         class=\" footable_parent ninja_table_wrapper loading_ninja_table wp_table_data_press_parent semantic_ui colored_table\">\n                <table data-ninja_table_instance=\"ninja_table_instance_0\" data-footable_id=\"3330\" data-filter-delay=\"1000\" aria-label=\"Liens M\u00e9t\u00e9o\"            id=\"footable_3330\"\n           data-unique_identifier=\"ninja_table_unique_id_959246152_3330\"\n           class=\" foo-table ninja_footable foo_table_3330 ninja_table_unique_id_959246152_3330 ui table  nt_type_legacy_table hide_horizonal_borders hide_vertical_borders vertical_centered ninja_custom_color inverted footable-paging-right hide_all_borders ninja_table_search_disabled ninja_table_pro\">\n                <colgroup>\n                            <col class=\"ninja_column_0 \">\n                            <col class=\"ninja_column_1 \">\n                            <col class=\"ninja_column_2 \">\n                            <col class=\"ninja_column_3 \">\n                    <\/colgroup>\n        <thead>\n<tr class=\"footable-header\">\n                                                                        <th scope=\"col\"  class=\"ninja_column_0 ninja_clmn_nm_image_1 \">Nievau d'eau<\/th><th scope=\"col\"  class=\"ninja_column_1 ninja_clmn_nm_imge_2 \">M\u00e9t\u00e9o Marine<\/th><th scope=\"col\"  class=\"ninja_column_2 ninja_clmn_nm_image_3 \">Radar M\u00e9t\u00e9o<\/th><th scope=\"col\"  class=\"ninja_column_3 ninja_clmn_nm_camera_du_port \">Cam\u00e9ra du port<\/th><\/tr>\n<\/thead>\n<tbody>\n\n        <tr data-row_id=\"457\" class=\"ninja_table_row_0 nt_row_id_457\">\n            <td data-json_values={\"permalink\":\"https:\\\/\\\/www.marees.gc.ca\\\/fr\\\/stations\\\/15330\",\"image_thumb\":\"https:\\\/\\\/www.pcyc.qc.ca\\\/wp-content\\\/uploads\\\/2024\\\/05\\\/Water-Level-150x150.png\",\"image_full\":\"https:\\\/\\\/www.pcyc.qc.ca\\\/wp-content\\\/uploads\\\/2024\\\/05\\\/Water-Level.png\",\"alt_text\":\"Water Level\"}><a target=\"_blank\" href=\"https:\/\/www.marees.gc.ca\/fr\/stations\/15330\"><img decoding=\"async\" alt=\"Water Level\" class=\"nt_image_type_thumb\" src=\"https:\/\/www.pcyc.qc.ca\/wp-content\/uploads\/2024\/05\/Water-Level-150x150.png\"\/><\/a><\/td><td data-json_values={\"permalink\":\"https:\\\/\\\/meteo.gc.ca\\\/marine\\\/forecast_f.html?mapID=12&amp;siteID=02900\",\"image_thumb\":\"https:\\\/\\\/www.pcyc.qc.ca\\\/wp-content\\\/uploads\\\/2024\\\/05\\\/Marine-Weather-150x150.png\",\"image_full\":\"https:\\\/\\\/www.pcyc.qc.ca\\\/wp-content\\\/uploads\\\/2024\\\/05\\\/Marine-Weather.png\",\"alt_text\":\"Marine Weather\"}><a target=\"_blank\" href=\"https:\/\/meteo.gc.ca\/marine\/forecast_f.html?mapID=12&amp;siteID=02900\"><img decoding=\"async\" alt=\"Marine Weather\" class=\"nt_image_type_thumb\" src=\"https:\/\/www.pcyc.qc.ca\/wp-content\/uploads\/2024\/05\/Marine-Weather-150x150.png\"\/><\/a><\/td><td data-json_values={\"permalink\":\"https:\\\/\\\/www.weatherwx.com\\\/radar\\\/ca\\\/qc\\\/montreal.html\",\"image_thumb\":\"https:\\\/\\\/www.pcyc.qc.ca\\\/wp-content\\\/uploads\\\/2024\\\/05\\\/Weather-Radar-150x150.png\",\"image_full\":\"https:\\\/\\\/www.pcyc.qc.ca\\\/wp-content\\\/uploads\\\/2024\\\/05\\\/Weather-Radar.png\",\"alt_text\":\"Weather Radar\"}><a target=\"_blank\" href=\"https:\/\/www.weatherwx.com\/radar\/ca\/qc\/montreal.html\"><img decoding=\"async\" alt=\"Weather Radar\" class=\"nt_image_type_thumb\" src=\"https:\/\/www.pcyc.qc.ca\/wp-content\/uploads\/2024\/05\/Weather-Radar-150x150.png\"\/><\/a><\/td><td data-json_values={\"permalink\":\"https:\\\/\\\/www.pcyc.qc.ca\\\/fr\\\/camera-du-port\\\/\",\"image_thumb\":\"https:\\\/\\\/www.pcyc.qc.ca\\\/wp-content\\\/uploads\\\/2025\\\/09\\\/Webcam-150x150.png\",\"image_full\":\"https:\\\/\\\/www.pcyc.qc.ca\\\/wp-content\\\/uploads\\\/2025\\\/09\\\/Webcam.png\",\"alt_text\":\"Webcam\"}><a target=\"_blank\" href=\"https:\/\/www.pcyc.qc.ca\/fr\/camera-du-port\/\"><img decoding=\"async\" alt=\"Webcam\" class=\"nt_image_type_thumb\" src=\"https:\/\/www.pcyc.qc.ca\/wp-content\/uploads\/2025\/09\/Webcam-150x150.png\"\/><\/a><\/td>        <\/tr>\n    <\/tbody><!--ninja_tobody_rendering_done-->\n    <\/table>\n    \n    \n    \n<\/div>\n\n\n\n\n<p>Pour le niveau d&rsquo;eau du Lac St. Louis, le z\u00e9ro des cartes correspond \u00e0 20.35 metres.<\/p>\n\n\n\n<div style=\"height:53px\" aria-hidden=\"true\" class=\"wp-block-spacer\"><\/div>\n\n\n\n<hr class=\"wp-block-separator has-text-color has-black-color has-css-opacity has-black-background-color has-background is-style-default\"\/>\n\n\n\n<h3 class=\"wp-block-heading has-text-align-center\">Acc\u00e9der \u00e0 la station m\u00e9t\u00e9o du Yacht Club de Pointe-Claire  <\/h3>\n\n\n\n<p class=\"has-text-align-center\">Via ordinateurs de bureau<\/p>\n\n\n\n<figure class=\"wp-block-image size-full max-width-25 no-border\"><a href=\"https:\/\/www.wunderground.com\/dashboard\/pws\/IPOINTEC10\" target=\"_blank\" rel=\"nofollow noopener\"><img loading=\"lazy\" decoding=\"async\" width=\"591\" height=\"139\" src=\"https:\/\/www.pcyc.qc.ca\/wp-content\/uploads\/2021\/11\/WxUnderground.png\" alt=\"\" class=\"wp-image-978\"\/><\/a><\/figure>\n\n\n\n<p class=\"has-text-align-center\">Via les appareils mobiles<\/p>\n\n\n\n<div class=\"wp-block-columns horizontal-images is-layout-flex wp-container-core-columns-is-layout-9d6595d7 wp-block-columns-is-layout-flex\">\n<div class=\"wp-block-column is-layout-flow wp-block-column-is-layout-flow\">\n<figure class=\"wp-block-image size-full no-border\"><img loading=\"lazy\" decoding=\"async\" width=\"852\" height=\"528\" src=\"https:\/\/www.pcyc.qc.ca\/wp-content\/uploads\/2021\/11\/1_grpEUqlOJE6Fysw7ErWIBQ.jpeg\" alt=\"\" class=\"wp-image-976\"\/><\/figure>\n<\/div>\n\n\n\n<div class=\"wp-block-column is-layout-flow wp-block-column-is-layout-flow\">\n<figure class=\"wp-block-image size-full no-border\"><img loading=\"lazy\" decoding=\"async\" width=\"280\" height=\"280\" src=\"https:\/\/www.pcyc.qc.ca\/wp-content\/uploads\/2021\/11\/davis.png\" alt=\"\" class=\"wp-image-980\" srcset=\"https:\/\/www.pcyc.qc.ca\/wp-content\/uploads\/2021\/11\/davis.png 280w, https:\/\/www.pcyc.qc.ca\/wp-content\/uploads\/2021\/11\/davis-150x150.png 150w\" sizes=\"auto, (max-width: 280px) 100vw, 280px\" \/><\/figure>\n<\/div>\n\n\n\n<div class=\"wp-block-column is-layout-flow wp-block-column-is-layout-flow\">\n<figure class=\"wp-block-image size-full no-border\"><img loading=\"lazy\" decoding=\"async\" width=\"429\" height=\"429\" src=\"https:\/\/www.pcyc.qc.ca\/wp-content\/uploads\/2021\/11\/WeatherUG.png\" alt=\"\" class=\"wp-image-974\" srcset=\"https:\/\/www.pcyc.qc.ca\/wp-content\/uploads\/2021\/11\/WeatherUG.png 429w, https:\/\/www.pcyc.qc.ca\/wp-content\/uploads\/2021\/11\/WeatherUG-150x150.png 150w\" sizes=\"auto, (max-width: 429px) 100vw, 429px\" \/><\/figure>\n<\/div>\n<\/div>\n\n\n\n<p><strong>Note:<\/strong><\/p>\n\n\n\n<ul class=\"wp-block-list\">\n<li>Les relev\u00e9s de vent entre le nord-ouest et le nord-est ne sont pas fiables en raison des obstacles dans la direction du large.<\/li>\n<\/ul>\n","protected":false},"excerpt":{"rendered":"<p>Lac St-Louis &#8211; Le vent et la m\u00e9t\u00e9o Pour le niveau d&rsquo;eau du Lac St. Louis, le z\u00e9ro des cartes correspond \u00e0 20.35 metres. Acc\u00e9der \u00e0 la station m\u00e9t\u00e9o du Yacht Club de Pointe-Claire Via ordinateurs de bureau Via les appareils mobiles Note:<\/p>\n","protected":false},"author":1,"featured_media":0,"parent":0,"menu_order":0,"comment_status":"closed","ping_status":"closed","template":"","meta":{"_acf_changed":false,"footnotes":""},"class_list":["post-982","page","type-page","status-publish","hentry"],"acf":[],"_links":{"self":[{"href":"https:\/\/www.pcyc.qc.ca\/fr\/wp-json\/wp\/v2\/pages\/982","targetHints":{"allow":["GET"]}}],"collection":[{"href":"https:\/\/www.pcyc.qc.ca\/fr\/wp-json\/wp\/v2\/pages"}],"about":[{"href":"https:\/\/www.pcyc.qc.ca\/fr\/wp-json\/wp\/v2\/types\/page"}],"author":[{"embeddable":true,"href":"https:\/\/www.pcyc.qc.ca\/fr\/wp-json\/wp\/v2\/users\/1"}],"replies":[{"embeddable":true,"href":"https:\/\/www.pcyc.qc.ca\/fr\/wp-json\/wp\/v2\/comments?post=982"}],"version-history":[{"count":0,"href":"https:\/\/www.pcyc.qc.ca\/fr\/wp-json\/wp\/v2\/pages\/982\/revisions"}],"wp:attachment":[{"href":"https:\/\/www.pcyc.qc.ca\/fr\/wp-json\/wp\/v2\/media?parent=982"}],"curies":[{"name":"wp","href":"https:\/\/api.w.org\/{rel}","templated":true}]}}