{"id":925,"date":"2021-11-23T16:33:23","date_gmt":"2021-11-23T20:33:23","guid":{"rendered":"https:\/\/www.pcyc.qc.ca\/?page_id=925"},"modified":"2026-02-05T01:23:36","modified_gmt":"2026-02-05T05:23:36","slug":"salle-des-trophees","status":"publish","type":"page","link":"https:\/\/www.pcyc.qc.ca\/fr\/salle-des-trophees\/","title":{"rendered":"Salle des Troph\u00e9es"},"content":{"rendered":"\n<div class=\"wp-block-columns is-layout-flex wp-container-core-columns-is-layout-9d6595d7 wp-block-columns-is-layout-flex\">\n<div class=\"wp-block-column is-layout-flow wp-block-column-is-layout-flow\">\n<figure class=\"wp-block-image size-full\"><img loading=\"lazy\" decoding=\"async\" width=\"675\" height=\"900\" src=\"https:\/\/www.pcyc.qc.ca\/wp-content\/uploads\/2021\/11\/Maud_new.png\" alt=\"\" class=\"wp-image-915\"\/><\/figure>\n<\/div>\n\n\n\n<div class=\"wp-block-column is-layout-flow wp-block-column-is-layout-flow\">\n<h2 class=\"wp-block-heading has-text-align-left\">Coupe Maud <\/h2>\n\n\n\n<p><strong>M. Widmer Nelles<\/strong> f\u00fbt l&rsquo;un des 37 membres fondateurs du Yacht-Club de Pointe-Claire en 1879. Le 5 ao\u00fbt 1882, M. Nelles a remport\u00e9 la r\u00e9gate avec son yacht nomm\u00e9 <strong>MAUD<\/strong>.<\/p>\n\n\n\n<p>En 1970, ce troph\u00e9e est r\u00e9\u00e9dit\u00e9 afin d&rsquo;honorer le vainqueur d&rsquo;une course en solitaire.<\/p>\n\n\n\n<p><\/p>\n\n\n\n<p><\/p>\n<\/div>\n\n\n\n<div class=\"wp-block-column is-layout-flow wp-block-column-is-layout-flow\">\n<h3 class=\"wp-block-heading has-text-align-left\">Gagnants<\/h3>\n\n\n\n<p>2025 David Lowther<br>2024 David Lowther<br>2023 Joe Ghattas<br>2022 Dave Covo<br>2021 Frank Ferrara<br>2020 St\u00e9phan Blais<br>2019 St\u00e9phan Blais<br>2018 Rick Shousha<br>2017 Rick Shousha<br>2015 St\u00e9phan Blais<br>2014 Nicolas Mabboux<br>2011 Dave Covo<br>2010 St\u00e9phan Blais<br>2009 Don McDonough<br>2006 Dave Lowther<\/p>\n<\/div>\n<\/div>\n\n\n\n<div class=\"wp-block-columns is-layout-flex wp-container-core-columns-is-layout-9d6595d7 wp-block-columns-is-layout-flex\">\n<div class=\"wp-block-column is-layout-flow wp-block-column-is-layout-flow\">\n<figure class=\"wp-block-image size-full\"><img loading=\"lazy\" decoding=\"async\" width=\"675\" height=\"900\" src=\"https:\/\/www.pcyc.qc.ca\/wp-content\/uploads\/2021\/12\/owell_new.png\" alt=\"\" class=\"wp-image-1027\" srcset=\"https:\/\/www.pcyc.qc.ca\/wp-content\/uploads\/2021\/12\/owell_new.png 675w, https:\/\/www.pcyc.qc.ca\/wp-content\/uploads\/2021\/12\/owell_new-360x480.png 360w\" sizes=\"auto, (max-width: 675px) 100vw, 675px\" \/><\/figure>\n<\/div>\n\n\n\n<div class=\"wp-block-column is-layout-flow wp-block-column-is-layout-flow\">\n<h2 class=\"wp-block-heading\">Coupe comm\u00e9morative O&rsquo;Well <\/h2>\n\n\n\n<p>Cette coupe est d\u00e9cern\u00e9e \u00e0 un membre du Pointe Claire Yacht Club qui a apport\u00e9 une contribution significative au sport de la voile, que cette contribution soit un accomplissement personnel ou par un soutien et une participation \u00e0 n&rsquo;importe quel niveau du sport.<\/p>\n<\/div>\n\n\n\n<div class=\"wp-block-column is-layout-flow wp-block-column-is-layout-flow\">\n<h3 class=\"wp-block-heading\">Gagnants<\/h3>\n\n\n\n<p>2025 Yves Leger<br>2024 John Edwards<br>2023 Frank Ferrara<br>2022 Tof Nicoll-Griffith<br>2019 George Stedman<br>2018 Mike Marcille<br>2016 Dave Pelling<br>2015 Tom Egli<br>2014 Madeleine Palfreeman<br>2013 John &amp; Esther Macleod<br>2012 Richard &amp; Erica Moore<br>2008 Roy Carter<br>2005 Ren\u00e9 D&rsquo;Allaire<br>2002 Peter Bauer<br>2000 Jim Rowlandson<\/p>\n<\/div>\n<\/div>\n\n\n\n<div class=\"wp-block-columns is-layout-flex wp-container-core-columns-is-layout-9d6595d7 wp-block-columns-is-layout-flex\">\n<div class=\"wp-block-column is-layout-flow wp-block-column-is-layout-flow\">\n<figure class=\"wp-block-image size-full\"><img loading=\"lazy\" decoding=\"async\" width=\"675\" height=\"900\" src=\"https:\/\/www.pcyc.qc.ca\/wp-content\/uploads\/2021\/11\/MirageCup_new.png\" alt=\"\" class=\"wp-image-921\"\/><\/figure>\n<\/div>\n\n\n\n<div class=\"wp-block-column is-layout-flow wp-block-column-is-layout-flow\">\n<h2 class=\"wp-block-heading has-text-align-left\">Coupe <strong>Mirage<\/strong><\/h2>\n\n\n\n<p>En 1946, l&rsquo;entrepreneur et promoteur qui a construit Gables Court, <strong>J.A. Dakin<\/strong> naviguait sur un bateau nomm\u00e9 MIRAGE et a achetait cette coupe chez Birks pour 34 $.<\/p>\n\n\n\n<p>Il en a fait don au commodore <strong>Lindsay H. Place<\/strong>, qui l&rsquo;a ensuite d\u00e9cern\u00e9 au vainqueur de la course Coupe Mirage cette ann\u00e9e-l\u00e0.<\/p>\n\n\n\n<p><\/p>\n<\/div>\n\n\n\n<div class=\"wp-block-column is-layout-flow wp-block-column-is-layout-flow\">\n<h3 class=\"wp-block-heading\">Gagnants<\/h3>\n\n\n\n<p>2025 David Covo<br>2024 Erik Vasseur (RSTLYC)<br>2023 John McGuinness<br>2021 Alain Vranderick<br>2020 Taras Iwanycki<br>2018 Bill Thompson<br>2017 Luc Gloutney<br>2016 Luc Gloutney<br>2015 Rick Shousha<br>2011 Allan Gray<br>2010 Allan Gray<br>2009 Laurent Fortin<\/p>\n<\/div>\n<\/div>\n\n\n\n<div class=\"wp-block-columns is-layout-flex wp-container-core-columns-is-layout-9d6595d7 wp-block-columns-is-layout-flex\">\n<div class=\"wp-block-column is-layout-flow wp-block-column-is-layout-flow\">\n<figure class=\"wp-block-image size-full\"><img loading=\"lazy\" decoding=\"async\" width=\"675\" height=\"900\" src=\"https:\/\/www.pcyc.qc.ca\/wp-content\/uploads\/2021\/11\/ClubChamp_new.png\" alt=\"\" class=\"wp-image-919\"\/><\/figure>\n<\/div>\n\n\n\n<div class=\"wp-block-column is-layout-flow wp-block-column-is-layout-flow\">\n<h2 class=\"wp-block-heading has-text-align-left\">Troph\u00e9e Championnat de Club<\/h2>\n\n\n\n<p>Ce troph\u00e9e a \u00e9t\u00e9 remis \u00e0 <strong>E.C. Janes<\/strong> et <strong>E. March<\/strong> en m\u00e9moire de leur fils, le <strong>Sgt. Fred Janes<\/strong>, tu\u00e9 au combat en Normandie le 25 juillet 1944. Le premier vainqueur remonte \u00e0 1947. Depuis 2020, nous d\u00e9cernons ce troph\u00e9e au vainqueur du championnat de Club.<\/p>\n<\/div>\n\n\n\n<div class=\"wp-block-column is-layout-flow wp-block-column-is-layout-flow\">\n<h3 class=\"wp-block-heading\">Gagnants<\/h3>\n\n\n\n<p>2025 Rick Shousha<br>2024 David Covo<br>2023 Ryan Stowe<br>2021 Bill Thompson<br>2020 George Stedman<br>2019 Dave, Anthony &amp; Andrew Lowther<br>2018 Dave Covo<br>2016 Pierre Richard<br>2014 Pierre Carpentier &amp; Toby Bryant<br>2013 Stephan Waldie &amp; Nicola Mocchiutti<br>2012 Joe Jospe and Tom Egli<br>2011 Pierre Carpentier &amp; Toby Bryant<br>2010 Tof Nicoll-Griffith<br>2009 Pierre Carpentier<br>2008 Joe Jospe<\/p>\n<\/div>\n<\/div>\n\n\n\n<div class=\"wp-block-columns is-layout-flex wp-container-core-columns-is-layout-9d6595d7 wp-block-columns-is-layout-flex\">\n<div class=\"wp-block-column is-layout-flow wp-block-column-is-layout-flow\">\n<figure class=\"wp-block-image size-full\"><img loading=\"lazy\" decoding=\"async\" width=\"675\" height=\"900\" src=\"https:\/\/www.pcyc.qc.ca\/wp-content\/uploads\/2021\/11\/pasdedeux_new.png\" alt=\"\" class=\"wp-image-923\"\/><\/figure>\n<\/div>\n\n\n\n<div class=\"wp-block-column is-layout-flow wp-block-column-is-layout-flow\">\n<h2 class=\"wp-block-heading has-text-align-left\">Troph\u00e9e Pas de Deux du Lac Saint-Louis<\/h2>\n\n\n\n<p>Les coureurs des 5 clubs du Lac Saint-Louis participent pour repr\u00e9senter leurs clubs respectifs. Les bateaux ont un \u00e9quipage de 2 membres maximum et naviguent autour d&rsquo;une s\u00e9rie de marques SLVYRA. Les bateaux accumulent des points pour leurs clubs respectifs en fonction de leur ordre d&rsquo;arriv\u00e9e. Le club avec le plus de points remporte le Troph\u00e9e.<\/p>\n<\/div>\n\n\n\n<div class=\"wp-block-column is-layout-flow wp-block-column-is-layout-flow\">\n<h3 class=\"wp-block-heading\">Gagnants &#8211; \u00c9quipe et Course<\/h3>\n\n\n\n<p class=\"has-small-font-size\">2025 \u00c9quipe PCYC \u2013 &nbsp;Frank Ferrara, Lucie Vignon, Luka Bartulovic, Jean-Luc Taschereau, Jan Krejcar, Tauhid Rahman, Mathieu Grainger, Sal Charabati, Martin Benoit, John MacLeod<\/p>\n\n\n\n<p class=\"has-small-font-size\">2024 \u00c9quipe PCYC \u2013 Luka Bartulovic, Rick Shousha, John MacLeod, Mathieu Grainger, Frank Ferrara, Jean-Luc Taschereau, David Lowther, Bill Thompson, Joe Ghattas, Martin Benoit, Rob Girling<\/p>\n\n\n\n<p class=\"has-small-font-size\">2023  \u00c9quipe  PCYC \u2013 David Lowther, Bill Thompson, Mathieu Grainger, Jean-Luc Taschereau<\/p>\n\n\n\n<p class=\"has-small-font-size\">2021  \u00c9quipe  PCYC \u2013 Frank Ferrara, Pierre-Eric Dochez, Yu-Wei Yang, John MacLeod, Catherine Rossignol, Alain Vranderick, Bill Thompson, David Lowther, Jean-Luc Taschereau, Mathieu Grainger, Joe Ghattas, Jan Ericsson<\/p>\n\n\n\n<p class=\"has-small-font-size\">2020  \u00c9quipe  PCYC \u2013 Rick Shousha, Alain Vranderick, Ryan Stowe, Frank Ferrara, John MacLeod, Pierre-Eric Dochez, Taras Iwanycki<\/p>\n\n\n\n<p class=\"has-small-font-size\">2020 Rick Shousha YCPC<br>2018 Peter Rahn YCB<br>2017 Peter Rahn YCB<br>2016 Eric Vasseur YCPC<\/p>\n\n\n\n<p><\/p>\n<\/div>\n<\/div>\n\n\n\n<div class=\"wp-block-columns is-layout-flex wp-container-core-columns-is-layout-9d6595d7 wp-block-columns-is-layout-flex\">\n<div class=\"wp-block-column is-layout-flow wp-block-column-is-layout-flow\">\n<figure class=\"wp-block-image size-full\"><img loading=\"lazy\" decoding=\"async\" width=\"675\" height=\"900\" src=\"https:\/\/www.pcyc.qc.ca\/wp-content\/uploads\/2025\/02\/WhiteSail-Cup.jpg\" alt=\"\" class=\"wp-image-3946\" srcset=\"https:\/\/www.pcyc.qc.ca\/wp-content\/uploads\/2025\/02\/WhiteSail-Cup.jpg 675w, https:\/\/www.pcyc.qc.ca\/wp-content\/uploads\/2025\/02\/WhiteSail-Cup-360x480.jpg 360w\" sizes=\"auto, (max-width: 675px) 100vw, 675px\" \/><\/figure>\n<\/div>\n\n\n\n<div class=\"wp-block-column is-layout-flow wp-block-column-is-layout-flow\">\n<h2 class=\"wp-block-heading\">Troph\u00e9e Voile Blanche<\/h2>\n\n\n\n<p>Ce troph\u00e9e est d\u00e9cern\u00e9 \u00e0 la personne qui aime participer aux courses dans la cat\u00e9gorie Voile Blanche et qui parvient \u00e0 exceller avec le plus grand plaisir, l&rsquo;esprit sportif et la bienveillance.<\/p>\n<\/div>\n\n\n\n<div class=\"wp-block-column is-layout-flow wp-block-column-is-layout-flow\">\n<h3 class=\"wp-block-heading\">Gagnants<\/h3>\n\n\n\n<p>2025 John Cornellier<br>2024 Martin Benoit<br>2023 Mathieu Grainger<br>2022 Robert Girling<br>2021 Eric Marsolais<br>2020 Jean-Luc Taschereau<br>2019 Frank Ferrara<br>2009 Taras Iwanycki<br>2008 Bruno &amp; Elyse on Lady Heron<br>2005 Laird Glass<br>2004 John Macleod<br>2003 Roy Carter<br>2002 Norman Dunn &amp; Martin Picard<br>2001 Marek Parnell &amp; Carole Fuger<\/p>\n<\/div>\n<\/div>\n\n\n\n<div class=\"wp-block-columns is-layout-flex wp-container-core-columns-is-layout-9d6595d7 wp-block-columns-is-layout-flex\">\n<div class=\"wp-block-column is-layout-flow wp-block-column-is-layout-flow\">\n<figure class=\"wp-block-image size-full\"><img loading=\"lazy\" decoding=\"async\" width=\"675\" height=\"912\" src=\"https:\/\/www.pcyc.qc.ca\/wp-content\/uploads\/2025\/02\/tictoc_award.jpg\" alt=\"\" class=\"wp-image-3951\" srcset=\"https:\/\/www.pcyc.qc.ca\/wp-content\/uploads\/2025\/02\/tictoc_award.jpg 675w, https:\/\/www.pcyc.qc.ca\/wp-content\/uploads\/2025\/02\/tictoc_award-360x486.jpg 360w\" sizes=\"auto, (max-width: 675px) 100vw, 675px\" \/><\/figure>\n<\/div>\n\n\n\n<div class=\"wp-block-column is-layout-flow wp-block-column-is-layout-flow\">\n<h2 class=\"wp-block-heading has-text-align-left\">Troph\u00e9e D\u00e9fi Tic-Toc<\/h2>\n\n\n\n<p>Le D\u00e9fi Tic-Toc, une nouvelle comp\u00e9tition de vitesse qui exige un r\u00e9glage optimal des voiles, un pilotage pr\u00e9cis et une navigation sans faille autour d&rsquo;un parcours pr\u00e9d\u00e9fini.<\/p>\n\n\n\n<p>D\u00e9cern\u00e9 au participant le plus actif de cette comp\u00e9tition, engag\u00e9 et d\u00e9termin\u00e9 \u00e0 am\u00e9liorer ses comp\u00e9tences en navigation et son meilleur temps sur le parcours.<\/p>\n<\/div>\n\n\n\n<div class=\"wp-block-column is-layout-flow wp-block-column-is-layout-flow\">\n<h3 class=\"wp-block-heading\">Gagnants<\/h3>\n\n\n\n<p><br>2025 Eric Marsolais<br>2024 John Cornellier<br>2023 John Cornellier<br>2022 Eric Marsolais<br>2021 Jan Krejcar<br>2020 Jean-Luc Taschereau<\/p>\n<\/div>\n<\/div>\n\n\n\n<div class=\"wp-block-columns is-layout-flex wp-container-core-columns-is-layout-9d6595d7 wp-block-columns-is-layout-flex\">\n<div class=\"wp-block-column is-layout-flow wp-block-column-is-layout-flow\">\n<figure class=\"wp-block-image size-full\"><img loading=\"lazy\" decoding=\"async\" width=\"960\" height=\"1280\" src=\"https:\/\/www.pcyc.qc.ca\/wp-content\/uploads\/2021\/12\/p_kelly.png\" alt=\"\" class=\"wp-image-1023\" srcset=\"https:\/\/www.pcyc.qc.ca\/wp-content\/uploads\/2021\/12\/p_kelly.png 960w, https:\/\/www.pcyc.qc.ca\/wp-content\/uploads\/2021\/12\/p_kelly-735x980.png 735w, https:\/\/www.pcyc.qc.ca\/wp-content\/uploads\/2021\/12\/p_kelly-360x480.png 360w\" sizes=\"auto, (max-width: 960px) 100vw, 960px\" \/><\/figure>\n<\/div>\n\n\n\n<div class=\"wp-block-column is-layout-flow wp-block-column-is-layout-flow\">\n<h2 class=\"wp-block-heading has-text-align-left\">Troph\u00e9e comm\u00e9moratif Peter Kelly<\/h2>\n\n\n\n<p>Ce troph\u00e9e anciennement connu sous le nom de Troph\u00e9e Gremlin a \u00e9t\u00e9 r\u00e9attribu\u00e9 en 2021.<\/p>\n\n\n\n<p>Le regrett\u00e9 <strong>Peter Kelly<\/strong> croyait que peu de sports peuvent \u00e9galer ce que la voile peut contribuer au d\u00e9veloppement des jeunes athl\u00e8tes. Ses nombreux engagements envers les programmes de voile juniors associ\u00e9s \u00e0 un environnement propice ont permis \u00e0 certains de nos athl\u00e8tes de concourir aux plus hauts niveaux.<\/p>\n<\/div>\n\n\n\n<div class=\"wp-block-column is-layout-flow wp-block-column-is-layout-flow\">\n<h3 class=\"wp-block-heading\">Gagnants<\/h3>\n\n\n\n<p>2021 Angus Beauregard HYC<\/p>\n<\/div>\n<\/div>\n\n\n\n<div class=\"wp-block-columns is-layout-flex wp-container-core-columns-is-layout-9d6595d7 wp-block-columns-is-layout-flex\">\n<div class=\"wp-block-column is-layout-flow wp-block-column-is-layout-flow\">\n<figure class=\"wp-block-image size-full\"><img loading=\"lazy\" decoding=\"async\" width=\"675\" height=\"900\" src=\"https:\/\/www.pcyc.qc.ca\/wp-content\/uploads\/2021\/11\/MirageTrophy_new.png\" alt=\"\" class=\"wp-image-917\"\/><\/figure>\n<\/div>\n\n\n\n<div class=\"wp-block-column is-layout-flow wp-block-column-is-layout-flow\">\n<h2 class=\"wp-block-heading\">Troph\u00e9e Mirage <\/h2>\n\n\n\n<p>Ce troph\u00e9e est d\u00e9cern\u00e9 au participant qui franchit la ligne d&rsquo;honneur. Afin d&rsquo;encourager l&rsquo;innovation et les coureurs non conventionnels, cet \u00e9v\u00e9nement de ligne d&rsquo;honneur est accessible \u00e0 toutes les embarcations non motoris\u00e9es. Autrement dit, la r\u00e9gate ne se limite pas qu&rsquo;aux voiliers. Les embarcation sans voile sont les bienvenues.<\/p>\n<\/div>\n\n\n\n<div class=\"wp-block-column is-layout-flow wp-block-column-is-layout-flow\">\n<h3 class=\"wp-block-heading\">Gagnants<\/h3>\n\n\n\n<p>2021 Alain Vranderick<br>2020 Michael Brodeur<br>2019 Anthony &amp; Andrew Lowther<\/p>\n<\/div>\n<\/div>\n\n\n\n<div class=\"wp-block-columns is-layout-flex wp-container-core-columns-is-layout-9d6595d7 wp-block-columns-is-layout-flex\">\n<div class=\"wp-block-column is-layout-flow wp-block-column-is-layout-flow\">\n<figure class=\"wp-block-image size-full\"><img loading=\"lazy\" decoding=\"async\" width=\"675\" height=\"900\" src=\"https:\/\/www.pcyc.qc.ca\/wp-content\/uploads\/2025\/02\/SpringCup.jpg\" alt=\"\" class=\"wp-image-3948\" srcset=\"https:\/\/www.pcyc.qc.ca\/wp-content\/uploads\/2025\/02\/SpringCup.jpg 675w, https:\/\/www.pcyc.qc.ca\/wp-content\/uploads\/2025\/02\/SpringCup-360x480.jpg 360w\" sizes=\"auto, (max-width: 675px) 100vw, 675px\" \/><\/figure>\n<\/div>\n\n\n\n<div class=\"wp-block-column is-layout-flow wp-block-column-is-layout-flow\">\n<h2 class=\"wp-block-heading\"><strong>La Coupe du Printemps<\/strong><\/h2>\n\n\n\n<p class=\"has-text-align-center\">Cette Coupe est d\u00e9cern\u00e9e au vainqueur de notre r\u00e9gate d&rsquo;ouverture de saison<\/p>\n<\/div>\n\n\n\n<div class=\"wp-block-column is-layout-flow wp-block-column-is-layout-flow\">\n<h3 class=\"wp-block-heading has-text-align-center\"> Gagnants <\/h3>\n\n\n\n<p class=\"has-text-align-center\">2024 Luka Bartulovic<\/p>\n<\/div>\n<\/div>\n","protected":false},"excerpt":{"rendered":"<p>Coupe MAUD, Coupe Mirage, Troph\u00e9e Championnat du Club, Troph\u00e9e Pas de Deux du Lac Saint-Louis, Troph\u00e9e Spindrift, Troph\u00e9e comm\u00e9moratif Peter Kelly, Troph\u00e9e Mirage, Troph\u00e9e Voile Blanche, Coupe comm\u00e9morative O&rsquo;Well<\/p>\n","protected":false},"author":1,"featured_media":0,"parent":0,"menu_order":0,"comment_status":"closed","ping_status":"closed","template":"","meta":{"_acf_changed":false,"footnotes":""},"class_list":["post-925","page","type-page","status-publish","hentry"],"acf":[],"_links":{"self":[{"href":"https:\/\/www.pcyc.qc.ca\/fr\/wp-json\/wp\/v2\/pages\/925","targetHints":{"allow":["GET"]}}],"collection":[{"href":"https:\/\/www.pcyc.qc.ca\/fr\/wp-json\/wp\/v2\/pages"}],"about":[{"href":"https:\/\/www.pcyc.qc.ca\/fr\/wp-json\/wp\/v2\/types\/page"}],"author":[{"embeddable":true,"href":"https:\/\/www.pcyc.qc.ca\/fr\/wp-json\/wp\/v2\/users\/1"}],"replies":[{"embeddable":true,"href":"https:\/\/www.pcyc.qc.ca\/fr\/wp-json\/wp\/v2\/comments?post=925"}],"version-history":[{"count":0,"href":"https:\/\/www.pcyc.qc.ca\/fr\/wp-json\/wp\/v2\/pages\/925\/revisions"}],"wp:attachment":[{"href":"https:\/\/www.pcyc.qc.ca\/fr\/wp-json\/wp\/v2\/media?parent=925"}],"curies":[{"name":"wp","href":"https:\/\/api.w.org\/{rel}","templated":true}]}}