{"id":824,"date":"2021-11-16T14:56:58","date_gmt":"2021-11-16T18:56:58","guid":{"rendered":"https:\/\/www.pcyc.qc.ca\/?page_id=824"},"modified":"2025-01-15T16:34:56","modified_gmt":"2025-01-15T20:34:56","slug":"visiteurs","status":"publish","type":"page","link":"https:\/\/www.pcyc.qc.ca\/fr\/visiteurs\/","title":{"rendered":"Visiteurs"},"content":{"rendered":"\n<p>En tant que club priv\u00e9, les membres et le personnel du YCPC sont heureux d\u2019accueillir les membres des clubs de yacht r\u00e9ciproques. Nous ferons tout pour rendre votre visite agr\u00e9able. Les informations suivantes r\u00e9pondent aux questions de la plupart de nos visiteurs concernant nos installations. Nous esp\u00e9rons que votre s\u00e9jour parmi nous vous incitera \u00e0 faire du YCPC une escale fr\u00e9quente.<\/p>\n\n\n\n<p>Pour pleinement profiter du Club, tous les visiteurs b\u00e9n\u00e9ficiant des installations doivent se conformer aux R\u00e8glements du Club. Les visiteurs utilisent les installations du Club \u00e0 leurs propres risques. Le Club ne peut \u00eatre tenu responsable des pertes ou des dommages caus\u00e9s sur une personne ou un bien d\u2019un visiteur, ni \u00e0 sa famille ou \u00e0 ses invit\u00e9s, quelle qu\u2019en soit la cause. La direction du Club est autoris\u00e9e \u00e0 restreindre ou contr\u00f4ler le comportement d\u2019un visiteur lorsqu\u2019il est contraire aux R\u00e8glements du Club ou interf\u00e8re avec la jouissance des autres, incluant s\u2019il est n\u00e9cessaire l\u2019expulsion du visiteur de la propri\u00e9t\u00e9 du Club.<\/p>\n\n\n\n<p><a href=\"https:\/\/www.pcyc.qc.ca\/fr\/reglements-statuts\/\">Cliquez ici pour nos r\u00e9glements<\/a><\/p>\n\n\n\n<h2 class=\"wp-block-heading\">Visiteurs terrestres<\/h2>\n\n\n\n<p>Les invit\u00e9s des membres sont toujours les bienvenus lorsqu\u2019ils sont accompagn\u00e9s par leur membre h\u00f4te. Si vous souhaitez adh\u00e9rer \u00e0 notre Club ou \u00e0 l\u2019un de nos programmes d\u2019apprentissages, mais n\u2019\u00eates pas accompagn\u00e9s d\u2019un membre ou n\u2019appartenez pas \u00e0 un club r\u00e9ciproque, contactez notre bureau et nous pr\u00e9voirons une visite de nos installations avec un membre du personnel ou du comit\u00e9 ex\u00e9cutif qui sauront r\u00e9pondre \u00e0 vos questions.<\/p>\n\n\n\n<h2 class=\"wp-block-heading\">Visiteurs par voie nautique<\/h2>\n\n\n\n<p>Les visiteurs des clubs de yacht r\u00e9ciproques ont le privil\u00e8ge de profiter des installations du quai et du pavillon. Des dispositions pr\u00e9alables doivent \u00eatre prises avec le directeur g\u00e9n\u00e9ral pour l\u2019utilisation de nuit du quai de service ou d\u2019une place vacante d\u2019un membre.<\/p>\n\n\n\n<p>Une carte de membre valide peut \u00eatre demand\u00e9e. Il est d\u2019usage, mais non obligatoire, d\u2019arborer le pavillon de votre club nautique.<\/p>\n\n\n\n<p>*Les membres de club ne faisant pas partie des clubs r\u00e9ciproques pourront \u00eatre accept\u00e9s en fonction des disponibilit\u00e9s et doivent contacter d\u2019avance notre bureau afin de prendre des dispositions.<\/p>\n\n\n\n<h2 class=\"wp-block-heading\">Amarrage et plan portuaire<\/h2>\n\n\n\n<p>Les quais du Club comptent 150&nbsp;places. Le quai de service pour les visiteurs du Club est situ\u00e9 devant le patio du pavillon et est accessible par l\u2019entr\u00e9e ouest du port.<\/p>\n\n\n\n<p>Le YCPC ne poss\u00e8de pas de quai permanent pour les visiteurs. L\u2019accueil de bateaux de passage d\u00e9pend des disponibilit\u00e9s de notre quai de service ou d\u2019un quai adapt\u00e9 \u00e0 la taille du bateau.<\/p>\n\n\n\n<p>Il n\u2019y a pas d\u2019assistance pour l\u2019amarrage. Assurez-vous d\u2019\u00eatre en mesure d\u2019accoster par vous-m\u00eame, en gardant la zone du palan d\u00e9gag\u00e9e en tout temps.<\/p>\n\n\n\n<p>Les visiteurs ne peuvent s\u2019installer \u00e0 aucune place ou s\u2019amarrer ailleurs dans le port sans la permission du directeur g\u00e9n\u00e9ral ou tout autre dirigeant d\u00e9sign\u00e9.<\/p>\n\n\n\n<p><a href=\"https:\/\/www.pcyc.qc.ca\/fr\/plan-portuaire\/\">Plan Portuaire<\/a><\/p>\n\n\n\n<h2 class=\"wp-block-heading\">Arriv\u00e9e et d\u00e9part<\/h2>\n\n\n\n<p>Contactez notre bureau d\u00e8s votre arriv\u00e9e et imm\u00e9diatement avant votre d\u00e9part. Si votre arriv\u00e9e ou votre d\u00e9part ne co\u00efncide pas avec nos heures de bureau et qu\u2019aucun membre du personnel n\u2019est pr\u00e9sent, vous pouvez laisser un message sur notre bo\u00eete vocale.<\/p>\n\n\n\n<h2 class=\"wp-block-heading\">Services<\/h2>\n\n\n\n<p>L\u2019eau et des prises de courant de 15&nbsp;amp\u00e8res ne sont offertes qu\u2019aux places de nos membres. Le quai de service est muni d\u2019un syst\u00e8me de vidange pour votre r\u00e9servoir de r\u00e9tention. Nous ne vendons aucun type d\u2019essence.<\/p>\n\n\n\n<h2 class=\"wp-block-heading\">\u00c9quipements pour bateaux<\/h2>\n\n\n\n<p>Le magasin d\u2019\u00e9quipements pour bateaux le plus pr\u00e8s (<a href=\"https:\/\/boathouse.ca\/fr\/\" target=\"_blank\" rel=\"noreferrer noopener\">Boathouse<\/a>) se situe \u00e0 Pointe-Claire \u00e0 environ 5&nbsp;kilom\u00e8tres du Club.<\/p>\n\n\n\n<h2 class=\"wp-block-heading\">Installations<\/h2>\n\n\n\n<p>Le Yacht Club de Pointe-Claire offre les installations parmi les meilleures de la r\u00e9gion. Vous trouverez entre autres un charmant pavillon, un vaste port avec des places individuelles, une zone de remisage \u00e0 sec, une salle \u00e0 manger et un bar ainsi qu\u2019un patio o\u00f9 tisser des liens d\u2019amiti\u00e9 avec d\u2019autres plaisanciers.<\/p>\n\n\n\n<h2 class=\"wp-block-heading\">Code vestimentaire<\/h2>\n\n\n\n<p>La plupart du temps, le code vestimentaire du Club est d\u00e9contract\u00e9. Le port de chemise et de chaussures est obligatoire en tout temps sur le patio ou \u00e0 l\u2019int\u00e9rieur du pavillon.<\/p>\n\n\n\n<h2 class=\"wp-block-heading\">Glace<\/h2>\n\n\n\n<p>Vous pouvez vous procurer de la glace au bar ou en acheter \u00e0 quelques pas du Club.<\/p>\n\n\n\n<h2 class=\"wp-block-heading\">Salles de bain et douche<\/h2>\n\n\n\n<p>Des salles de bain et des douches sont accessibles \u00e0 l\u2019int\u00e9rieur du pavillon.<\/p>\n\n\n\n<h2 class=\"wp-block-heading\">Attraits \u00e0 proximit\u00e9<\/h2>\n\n\n\n<p>Nous sommes commod\u00e9ment situ\u00e9s \u00e0 quelques pas du village de Pointe-Claire o\u00f9 vous trouverez des boutiques, des restaurants, des caf\u00e9s, des institutions bancaires, des pharmacies et des \u00e9piceries.<\/p>\n\n\n\n<h2 class=\"wp-block-heading\">Frais de service<\/h2>\n\n\n\n<h3 class=\"wp-block-heading\">Amarrage de nuit<\/h3>\n\n\n\n<p>Les membres de club r\u00e9ciproque\u00a0: Les trois premi\u00e8res sont sans frais. Les nuits subs\u00e9quentes sont 3,70\u00a0$\/pieds\/nuit.<\/p>\n\n\n\n<p>Les non-membres de club r\u00e9ciproque\u00a0: 3,70\u00a0$\/pied\/nuit.<\/p>\n\n\n\n<h3 class=\"wp-block-heading\">Utilisation du treuil<\/h3>\n\n\n\n<p>Les membres de club r\u00e9ciproque&nbsp;: Sans frais.<\/p>\n\n\n\n<p>Les non-membres de club r\u00e9ciproque&nbsp;: 95,00&nbsp;$<\/p>\n\n\n\n<h3 class=\"wp-block-heading\">Syst\u00e8me de vidange<\/h3>\n\n\n\n<p>Les membres de club r\u00e9ciproque&nbsp;: Sans frais.<\/p>\n\n\n\n<p>Les non-membres de club r\u00e9ciproque&nbsp;: 55,00&nbsp;$&nbsp;<\/p>\n\n\n\n<h3 class=\"wp-block-heading\">Broderson Grue Mobile<\/h3>\n\n\n\n<p>Capacit\u00e9 de levage de 7000&nbsp;livres (3172&nbsp;kilogrammes) pouvant aller jusqu\u2019\u00e0 8500&nbsp;livres (3855,5&nbsp;kilogrammes) d\u00e9pendant du sol\u2009pour entretien d\u2019urgence&nbsp;:<\/p>\n\n\n\n<p>Tous les membres\u00a0: 315,00\u00a0$\/heure (frais minimum d\u2019une heure)<\/p>\n\n\n\n<p><\/p>\n\n\n\n<p><\/p>\n","protected":false},"excerpt":{"rendered":"<p>En tant que club priv\u00e9, les membres et le personnel du YCPC sont heureux d\u2019accueillir les membres des clubs de yacht r\u00e9ciproques. Nous ferons tout pour rendre votre visite agr\u00e9able. Les informations suivantes r\u00e9pondent aux questions de la plupart de nos visiteurs concernant nos installations. Nous esp\u00e9rons que votre s\u00e9jour parmi nous vous incitera \u00e0 [&hellip;]<\/p>\n","protected":false},"author":1,"featured_media":0,"parent":0,"menu_order":0,"comment_status":"closed","ping_status":"closed","template":"","meta":{"_acf_changed":false,"footnotes":""},"class_list":["post-824","page","type-page","status-publish","hentry"],"acf":[],"_links":{"self":[{"href":"https:\/\/www.pcyc.qc.ca\/fr\/wp-json\/wp\/v2\/pages\/824","targetHints":{"allow":["GET"]}}],"collection":[{"href":"https:\/\/www.pcyc.qc.ca\/fr\/wp-json\/wp\/v2\/pages"}],"about":[{"href":"https:\/\/www.pcyc.qc.ca\/fr\/wp-json\/wp\/v2\/types\/page"}],"author":[{"embeddable":true,"href":"https:\/\/www.pcyc.qc.ca\/fr\/wp-json\/wp\/v2\/users\/1"}],"replies":[{"embeddable":true,"href":"https:\/\/www.pcyc.qc.ca\/fr\/wp-json\/wp\/v2\/comments?post=824"}],"version-history":[{"count":0,"href":"https:\/\/www.pcyc.qc.ca\/fr\/wp-json\/wp\/v2\/pages\/824\/revisions"}],"wp:attachment":[{"href":"https:\/\/www.pcyc.qc.ca\/fr\/wp-json\/wp\/v2\/media?parent=824"}],"curies":[{"name":"wp","href":"https:\/\/api.w.org\/{rel}","templated":true}]}}