{"id":823,"date":"2021-11-16T14:55:56","date_gmt":"2021-11-16T18:55:56","guid":{"rendered":"https:\/\/www.pcyc.qc.ca\/?page_id=823"},"modified":"2026-02-04T14:14:00","modified_gmt":"2026-02-04T18:14:00","slug":"categories-de-membre","status":"publish","type":"page","link":"https:\/\/www.pcyc.qc.ca\/fr\/categories-de-membre\/","title":{"rendered":"Cat\u00e9gories de membre"},"content":{"rendered":"\n<p>Nous d\u00e9sirons attirer et entra\u00eener de nouveaux navigateurs en offrant diff\u00e9rents types d\u2019adh\u00e9sions.<\/p>\n\n\n\n<h2 class=\"wp-block-heading\">Membre s\u00e9nior<\/h2>\n\n\n\n<ul class=\"wp-block-list\">\n<li>35 and et plus<\/li>\n\n\n\n<li>Propri\u00e9taire de bateau<\/li>\n<\/ul>\n\n\n\n<h2 class=\"wp-block-heading\">Membre associ\u00e9<\/h2>\n\n\n\n<ul class=\"wp-block-list\">\n<li>Entre 25 et 34 ans<\/li>\n\n\n\n<li>Propri\u00e9taire ou non d&rsquo;un bateau&nbsp;&nbsp;<\/li>\n<\/ul>\n\n\n\n<h2 class=\"wp-block-heading\">Membre interm\u00e9diaire<\/h2>\n\n\n\n<ul class=\"wp-block-list\">\n<li>Entre 18 et 24 ans<\/li>\n\n\n\n<li>\u00c9tudiant \u00e0 temps plein au niveau coll\u00e9gial ou universitaire<\/li>\n<\/ul>\n\n\n\n<h2 class=\"wp-block-heading\">Membre social<\/h2>\n\n\n\n<ul class=\"wp-block-list\">\n<li>35 et plus<\/li>\n\n\n\n<li>Acc\u00e8s complet \u00e0 tout ce que le club offre<\/li>\n<\/ul>\n\n\n\n<h2 class=\"wp-block-heading\">Membre handicap\u00e9<\/h2>\n\n\n\n<ul class=\"wp-block-list\">\n<li>Offert aux demandeurs admissibles<\/li>\n\n\n\n<li>Nos installations terrestres et notre pavillon sont adapt\u00e9s aux personnes \u00e0 mobilit\u00e9 r\u00e9duite<\/li>\n<\/ul>\n\n\n\n<h2 class=\"wp-block-heading\">Membre \u00e9quipage (Laissez-passer \u00e0 acc\u00e8s limit\u00e9)<\/h2>\n\n\n\n<p><em>Note: Ce laissez-passer ne donne \u00e0 son d\u00e9tenteur aucun avantage ou privil\u00e8ge qu\u2019offre une adh\u00e9sion au Club. Consultez les privil\u00e8ges des membres.<\/em><\/p>\n\n\n\n<p>L\u2019acc\u00e8s au Club commence \u00e0 l\u2019\u00e9chauffement pour la premi\u00e8re course de la s\u00e9rie bons voisins et se poursuit jusqu\u2019\u00e0 la derni\u00e8re course de la s\u00e9rie GNS et se limite \u00e0 la p\u00e9riode pr\u00e9c\u00e9dant et suivant la course.<\/p>\n\n\n\n<h2 class=\"wp-block-heading\">Offre sp\u00e9ciale d&rsquo;adh\u00e9sion sociale pour les parents de l&rsquo;escadron junior!<\/h2>\n\n\n\n<p>Les parents non-membres d&rsquo;enfants inscrits aux programmes d&rsquo;entra\u00eenement de voile junior du YCPC peuvent demander une adh\u00e9sion d&rsquo;un an en tant que membre Social\/\u00c9quipage \u00e0 50 % de la cotisation normale et sans frais minimaux de bar et salle \u00e0<br>manger.<\/p>\n\n\n\n<h2 class=\"wp-block-heading\">Renseignements suppl\u00e9mentaires sur les adh\u00e9sions<\/h2>\n\n\n\n<p>Veuillez contacter le bureau du Club pour obtenir plus de renseignements sur les adh\u00e9sions et les frais d\u2019entreposage de bateau.<\/p>\n\n\n\n<p>Les renseignements personnels fournis dans votre demande d\u2019adh\u00e9sion seront utilis\u00e9s pour l\u2019\u00e9valuer et la traiter. Veuillez noter que les demandes d\u2019adh\u00e9sion pour toutes les cat\u00e9gories de membres doivent para\u00eetre sur le tableau d\u2019affichage des membres et \u00eatre accept\u00e9es par le comit\u00e9 ex\u00e9cutif. Le Club prot\u00e8ge la confidentialit\u00e9 des renseignements recueillis aupr\u00e8s des membres.<\/p>\n\n\n\n<div class=\"wp-block-file\"><a id=\"wp-block-file--media-d11b128e-02df-405e-8abf-79aacdd2196f\" href=\"https:\/\/www.pcyc.qc.ca\/wp-content\/uploads\/2026\/02\/2026-Demande-dadhesion.pdf\" target=\"_blank\" rel=\"noreferrer noopener\">2026 Demande d&rsquo;adh\u0117sion<\/a><a href=\"https:\/\/www.pcyc.qc.ca\/wp-content\/uploads\/2026\/02\/2026-Demande-dadhesion.pdf\" class=\"wp-block-file__button wp-element-button\" download aria-describedby=\"wp-block-file--media-d11b128e-02df-405e-8abf-79aacdd2196f\">Download<\/a><\/div>\n\n\n\n<p class=\"has-medium-font-size\">Prix d&rsquo;adh\u00e9sion et liste des charges 2025<\/p>\n\n\n\n<div class=\"wp-block-file\"><a id=\"wp-block-file--media-8cc12832-73b3-46e0-9999-7a45786c6d05\" href=\"https:\/\/www.pcyc.qc.ca\/wp-content\/uploads\/2026\/02\/2026_Liste_des_Frais_FR.pdf\">2026 Liste des Frais FR<\/a><a href=\"https:\/\/www.pcyc.qc.ca\/wp-content\/uploads\/2026\/02\/2026_Liste_des_Frais_FR.pdf\" class=\"wp-block-file__button wp-element-button\" download aria-describedby=\"wp-block-file--media-8cc12832-73b3-46e0-9999-7a45786c6d05\">Download<\/a><\/div>\n\n\n\n<p><\/p>\n","protected":false},"excerpt":{"rendered":"<p>Nous d\u00e9sirons attirer et entra\u00eener de nouveaux navigateurs en offrant diff\u00e9rents types d\u2019adh\u00e9sions. Membre s\u00e9nior Membre associ\u00e9 Membre interm\u00e9diaire Membre social Membre handicap\u00e9 Membre \u00e9quipage (Laissez-passer \u00e0 acc\u00e8s limit\u00e9) Note: Ce laissez-passer ne donne \u00e0 son d\u00e9tenteur aucun avantage ou privil\u00e8ge qu\u2019offre une adh\u00e9sion au Club. Consultez les privil\u00e8ges des membres. L\u2019acc\u00e8s au Club commence [&hellip;]<\/p>\n","protected":false},"author":12,"featured_media":0,"parent":0,"menu_order":0,"comment_status":"closed","ping_status":"closed","template":"","meta":{"_acf_changed":false,"footnotes":""},"class_list":["post-823","page","type-page","status-publish","hentry"],"acf":[],"_links":{"self":[{"href":"https:\/\/www.pcyc.qc.ca\/fr\/wp-json\/wp\/v2\/pages\/823","targetHints":{"allow":["GET"]}}],"collection":[{"href":"https:\/\/www.pcyc.qc.ca\/fr\/wp-json\/wp\/v2\/pages"}],"about":[{"href":"https:\/\/www.pcyc.qc.ca\/fr\/wp-json\/wp\/v2\/types\/page"}],"author":[{"embeddable":true,"href":"https:\/\/www.pcyc.qc.ca\/fr\/wp-json\/wp\/v2\/users\/12"}],"replies":[{"embeddable":true,"href":"https:\/\/www.pcyc.qc.ca\/fr\/wp-json\/wp\/v2\/comments?post=823"}],"version-history":[{"count":0,"href":"https:\/\/www.pcyc.qc.ca\/fr\/wp-json\/wp\/v2\/pages\/823\/revisions"}],"wp:attachment":[{"href":"https:\/\/www.pcyc.qc.ca\/fr\/wp-json\/wp\/v2\/media?parent=823"}],"curies":[{"name":"wp","href":"https:\/\/api.w.org\/{rel}","templated":true}]}}