{"id":820,"date":"2021-11-16T14:54:19","date_gmt":"2021-11-16T18:54:19","guid":{"rendered":"https:\/\/www.pcyc.qc.ca\/?page_id=820"},"modified":"2025-05-08T21:47:03","modified_gmt":"2025-05-09T01:47:03","slug":"clinique-de-course-tgif","status":"publish","type":"page","link":"https:\/\/www.pcyc.qc.ca\/fr\/clinique-de-course-tgif\/","title":{"rendered":"Clinique de course TGIF"},"content":{"rendered":"\n<p>Cette activit\u00e9 hebdomadaire s\u2019inscrit dans une perspective d\u2019apprentissage et s\u2019adresse aux marins de tous les niveaux, incluant ceux qui n\u2019ont jamais cours\u00e9 auparavant. Vous n\u2019avez pas besoin de poss\u00e9der un bateau&nbsp;: vous pourrez compl\u00e9ter un \u00e9quipage auquel nous vous assignerons en fonction de votre exp\u00e9rience. Le format de la course se veut amical et d\u00e9tendu, tout en vous permettant de d\u00e9velopper vos habilit\u00e9s et de travailler en \u00e9quipe puisque nous vous assignerons \u00e0 des t\u00e2ches.<\/p>\n\n\n\n<p>Nos objectifs&nbsp;:<\/p>\n\n\n\n<ul class=\"wp-block-list\">\n<li>Favoriser le d\u00e9veloppement des comp\u00e9tences pour TOUS les niveaux de voile<\/li>\n\n\n\n<li>Offrir une atmosph\u00e8re sans intimidation aux r\u00e9gatiers d\u00e9butants<\/li>\n\n\n\n<li>Aider les marins d\u00e9butants \u00e0 adopter et \u00e0 d\u00e9velopper notre sport.<\/li>\n<\/ul>\n\n\n\n<p>Il n&rsquo;est pas n\u00e9cessaire d&rsquo;\u00eatre un marin exp\u00e9riment\u00e9 pour participer \u00e0 cet \u00e9v\u00e9nement, ni m\u00eame de savoir r\u00e9gater. L&rsquo;objectif est d&rsquo;aider les marins et les \u00e9quipages \u00e0 d\u00e9velopper leurs comp\u00e9tences afin qu&rsquo;ils se sentent \u00e9quip\u00e9s et \u00e0 l&rsquo;aise pour participer \u00e0 nos autres courses de club.<\/p>\n\n\n\n<p>Un nouveau parcours sera d\u00e9fini chaque semaine en utilisant des bou\u00e9es SLVYRA. <\/p>\n\n\n\n<div class=\"wp-block-columns has-cyan-bluish-gray-background-color has-background is-layout-flex wp-container-core-columns-is-layout-9d6595d7 wp-block-columns-is-layout-flex\">\n<div class=\"wp-block-column is-layout-flow wp-block-column-is-layout-flow\" style=\"flex-basis:66.66%\">\n<h2 class=\"wp-block-heading has-text-align-center\"><strong>PROGRAMME<\/strong> POUR LA COURSE YCPC<\/h2>\n\n\n\n<p><strong>17h30<\/strong> &#8211; <strong>Les skippers et les \u00e9quipages<\/strong> doivent se pr\u00e9senter sur le patio du Clubhouse ou nous allons pr\u00e9senter un parcours utilisant des bou\u00e9es SLVYRA. Les bateaux seront donn\u00e9s leurs temps de d\u00e9part individuels pour un d\u00e9part en poursuite.<br>(Voir Bou\u00e9es SLVYRA pour leur localisation et leurs donn\u00e9es de navigation)<\/p>\n\n\n\n<p><strong>17h45 <\/strong>&#8211; Pr\u00e9paration du bateau.<br>(Nous vous sugg\u00e9rons de le faire avant 17h30)<\/p>\n\n\n\n<p><strong>18h15<\/strong> &#8211; Signal d&rsquo;avertissement pr\u00e9vu pour une course de 45 \u00e0 60 minutes.<br>(Voir Carte du lac pour l&rsquo;aire de d\u00e9part)<\/p>\n\n\n\n<p><strong>Apr\u00e8s course<\/strong> &#8211; On se rassemble sur le patio pour notre BBQ du vendredi soir.<\/p>\n<\/div>\n\n\n\n<div class=\"wp-block-column is-layout-flow wp-block-column-is-layout-flow\" style=\"flex-basis:33.33%\">\n<div class=\"wp-block-buttons is-layout-flex wp-block-buttons-is-layout-flex\">\n<div class=\"wp-block-button has-custom-width wp-block-button__width-100\"><a class=\"wp-block-button__link has-black-color has-cyan-bluish-gray-background-color has-text-color has-background wp-element-button\"><strong>RESOURCES:<\/strong><\/a><\/div>\n\n\n\n<div class=\"wp-block-button has-custom-width wp-block-button__width-100\"><a class=\"wp-block-button__link has-white-color has-vivid-cyan-blue-background-color has-text-color has-background wp-element-button\" href=\"https:\/\/www.pcyc.qc.ca\/wp-content\/uploads\/2023\/06\/Lake-and-Buoy-Map.jpg\" style=\"border-radius:10px\" target=\"_blank\" rel=\"noreferrer noopener\">Bou\u00e9es SLVYRA<\/a><\/div>\n\n\n\n<div class=\"wp-block-button has-custom-width wp-block-button__width-100\"><a class=\"wp-block-button__link has-white-color has-vivid-cyan-blue-background-color has-text-color has-background wp-element-button\" href=\"https:\/\/www.pcyc.qc.ca\/wp-content\/uploads\/2023\/06\/lake_SLVYRA.jpg\" style=\"border-radius:10px\" target=\"_blank\" rel=\"noreferrer noopener\">Carte du lac<\/a><\/div>\n\n\n\n<div class=\"wp-block-button has-custom-width wp-block-button__width-100\"><a class=\"wp-block-button__link has-white-color has-vivid-cyan-blue-background-color has-text-color has-background wp-element-button\" href=\"https:\/\/www.pcyc.qc.ca\/wp-content\/uploads\/2023\/06\/TGIF-start_finish.jpg\" style=\"border-radius:10px\" target=\"_blank\" rel=\"noreferrer noopener\">D\u00e9part et Arriv\u00e9e<\/a><\/div>\n\n\n\n<div class=\"wp-block-button has-custom-width wp-block-button__width-100\"><a class=\"wp-block-button__link has-white-color has-vivid-cyan-blue-background-color has-text-color has-background wp-element-button\" href=\"https:\/\/www.pcyc.qc.ca\/wp-content\/uploads\/2023\/06\/TGIF-flags.jpg\" style=\"border-radius:10px\" target=\"_blank\" rel=\"noreferrer noopener\">Signaux drapeau<\/a><\/div>\n<\/div>\n<\/div>\n<\/div>\n\n\n\n<p><\/p>\n\n\n\n<p><\/p>\n\n\n\n<figure class=\"wp-block-gallery has-nested-images columns-default is-cropped wp-block-gallery-1 is-layout-flex wp-block-gallery-is-layout-flex\">\n<figure class=\"wp-block-image size-large\"><img loading=\"lazy\" decoding=\"async\" width=\"1839\" height=\"1300\" data-id=\"408\" src=\"https:\/\/www.pcyc.qc.ca\/wp-content\/uploads\/2021\/11\/IMG_3105.jpg\" alt=\"\" class=\"wp-image-408\" srcset=\"https:\/\/www.pcyc.qc.ca\/wp-content\/uploads\/2021\/11\/IMG_3105.jpg 1839w, https:\/\/www.pcyc.qc.ca\/wp-content\/uploads\/2021\/11\/IMG_3105-1536x1086.jpg 1536w, https:\/\/www.pcyc.qc.ca\/wp-content\/uploads\/2021\/11\/IMG_3105-735x520.jpg 735w, https:\/\/www.pcyc.qc.ca\/wp-content\/uploads\/2021\/11\/IMG_3105-360x254.jpg 360w, https:\/\/www.pcyc.qc.ca\/wp-content\/uploads\/2021\/11\/IMG_3105-891x630.jpg 891w\" sizes=\"auto, (max-width: 1839px) 100vw, 1839px\" \/><\/figure>\n\n\n\n<figure class=\"wp-block-image size-large\"><img loading=\"lazy\" decoding=\"async\" width=\"1540\" height=\"1095\" data-id=\"406\" src=\"https:\/\/www.pcyc.qc.ca\/wp-content\/uploads\/2021\/11\/IMG_3103.jpg\" alt=\"\" class=\"wp-image-406\" srcset=\"https:\/\/www.pcyc.qc.ca\/wp-content\/uploads\/2021\/11\/IMG_3103.jpg 1540w, https:\/\/www.pcyc.qc.ca\/wp-content\/uploads\/2021\/11\/IMG_3103-1536x1092.jpg 1536w, https:\/\/www.pcyc.qc.ca\/wp-content\/uploads\/2021\/11\/IMG_3103-735x523.jpg 735w, https:\/\/www.pcyc.qc.ca\/wp-content\/uploads\/2021\/11\/IMG_3103-360x256.jpg 360w, https:\/\/www.pcyc.qc.ca\/wp-content\/uploads\/2021\/11\/IMG_3103-886x630.jpg 886w\" sizes=\"auto, (max-width: 1540px) 100vw, 1540px\" \/><\/figure>\n\n\n\n<figure class=\"wp-block-image size-large\"><img loading=\"lazy\" decoding=\"async\" width=\"1684\" height=\"1140\" data-id=\"404\" src=\"https:\/\/www.pcyc.qc.ca\/wp-content\/uploads\/2021\/11\/IMG_3102.jpg\" alt=\"\" class=\"wp-image-404\" srcset=\"https:\/\/www.pcyc.qc.ca\/wp-content\/uploads\/2021\/11\/IMG_3102.jpg 1684w, https:\/\/www.pcyc.qc.ca\/wp-content\/uploads\/2021\/11\/IMG_3102-1536x1040.jpg 1536w, https:\/\/www.pcyc.qc.ca\/wp-content\/uploads\/2021\/11\/IMG_3102-735x498.jpg 735w, https:\/\/www.pcyc.qc.ca\/wp-content\/uploads\/2021\/11\/IMG_3102-360x244.jpg 360w, https:\/\/www.pcyc.qc.ca\/wp-content\/uploads\/2021\/11\/IMG_3102-931x630.jpg 931w\" sizes=\"auto, (max-width: 1684px) 100vw, 1684px\" \/><\/figure>\n<\/figure>\n\n\n\n<figure class=\"wp-block-table\"><table class=\"has-cyan-bluish-gray-background-color has-background has-fixed-layout\"><tbody><tr><td class=\"has-text-align-center\" data-align=\"center\">Les membres du club sont encourag\u00e9s \u00e0 rejoindre notre serveur Discord PCYC et \u00e0 faire partie de la communaut\u00e9 TGIF.<br><br><a href=\"https:\/\/www.pcyc.qc.ca\/fr\/discord\/\"><img loading=\"lazy\" decoding=\"async\" width=\"150\" height=\"150\" class=\"wp-image-4182\" style=\"width: 150px;\" src=\"https:\/\/www.pcyc.qc.ca\/wp-content\/uploads\/2025\/05\/discord-logo-icon-editorial-free-vector.jpg\" alt=\"\" srcset=\"https:\/\/www.pcyc.qc.ca\/wp-content\/uploads\/2025\/05\/discord-logo-icon-editorial-free-vector.jpg 980w, https:\/\/www.pcyc.qc.ca\/wp-content\/uploads\/2025\/05\/discord-logo-icon-editorial-free-vector-150x150.jpg 150w, https:\/\/www.pcyc.qc.ca\/wp-content\/uploads\/2025\/05\/discord-logo-icon-editorial-free-vector-735x735.jpg 735w, https:\/\/www.pcyc.qc.ca\/wp-content\/uploads\/2025\/05\/discord-logo-icon-editorial-free-vector-360x360.jpg 360w\" sizes=\"auto, (max-width: 150px) 100vw, 150px\" \/><\/a><\/td><\/tr><\/tbody><\/table><\/figure>\n","protected":false},"excerpt":{"rendered":"<p>Cette activit\u00e9 hebdomadaire s\u2019inscrit dans une perspective d\u2019apprentissage et s\u2019adresse aux marins de tous les niveaux, incluant ceux qui n\u2019ont jamais cours\u00e9 auparavant. Vous n\u2019avez pas besoin de poss\u00e9der un bateau&nbsp;: vous pourrez compl\u00e9ter un \u00e9quipage auquel nous vous assignerons en fonction de votre exp\u00e9rience. Le format de la course se veut amical et d\u00e9tendu, [&hellip;]<\/p>\n","protected":false},"author":1,"featured_media":0,"parent":0,"menu_order":0,"comment_status":"closed","ping_status":"closed","template":"templates\/template-one-column-page.php","meta":{"_acf_changed":false,"footnotes":""},"class_list":["post-820","page","type-page","status-publish","hentry"],"acf":[],"_links":{"self":[{"href":"https:\/\/www.pcyc.qc.ca\/fr\/wp-json\/wp\/v2\/pages\/820","targetHints":{"allow":["GET"]}}],"collection":[{"href":"https:\/\/www.pcyc.qc.ca\/fr\/wp-json\/wp\/v2\/pages"}],"about":[{"href":"https:\/\/www.pcyc.qc.ca\/fr\/wp-json\/wp\/v2\/types\/page"}],"author":[{"embeddable":true,"href":"https:\/\/www.pcyc.qc.ca\/fr\/wp-json\/wp\/v2\/users\/1"}],"replies":[{"embeddable":true,"href":"https:\/\/www.pcyc.qc.ca\/fr\/wp-json\/wp\/v2\/comments?post=820"}],"version-history":[{"count":0,"href":"https:\/\/www.pcyc.qc.ca\/fr\/wp-json\/wp\/v2\/pages\/820\/revisions"}],"wp:attachment":[{"href":"https:\/\/www.pcyc.qc.ca\/fr\/wp-json\/wp\/v2\/media?parent=820"}],"curies":[{"name":"wp","href":"https:\/\/api.w.org\/{rel}","templated":true}]}}