{"id":818,"date":"2021-11-16T14:52:23","date_gmt":"2021-11-16T18:52:23","guid":{"rendered":"https:\/\/www.pcyc.qc.ca\/?page_id=818"},"modified":"2024-05-14T14:44:08","modified_gmt":"2024-05-14T18:44:08","slug":"evenements-sociaux","status":"publish","type":"page","link":"https:\/\/www.pcyc.qc.ca\/fr\/evenements-sociaux\/","title":{"rendered":"\u00c9v\u00e9nements sociaux"},"content":{"rendered":"\n<h2 class=\"wp-block-heading\">\u00c9v\u00e9nements annuels du Club<\/h2>\n\n\n\n<p>Le Yacht Club de Pointe-Claire accueille un grand nombre d\u2019\u00e9v\u00e9nements annuels. Les membres du club se r\u00e9unissent pour savourer un bon repas, une belle amiti\u00e9 et assister \u00e0 des spectacles. Ces \u00e9v\u00e9nements cr\u00e9ent des liens entre nos membres et une camaraderie durable.<\/p>\n\n\n\n<p>Il y a en a pour tous les go\u00fbts\u2009!<\/p>\n\n\n\n<div class=\"wp-block-columns center-columns is-layout-flex wp-container-core-columns-is-layout-9d6595d7 wp-block-columns-is-layout-flex\">\n<div class=\"wp-block-column is-layout-flow wp-block-column-is-layout-flow\">\n<figure class=\"wp-block-image size-full max-width-50\"><img loading=\"lazy\" decoding=\"async\" width=\"1707\" height=\"2560\" src=\"https:\/\/www.pcyc.qc.ca\/wp-content\/uploads\/2021\/11\/dining-scaled.jpg\" alt=\"\" class=\"wp-image-429\" srcset=\"https:\/\/www.pcyc.qc.ca\/wp-content\/uploads\/2021\/11\/dining-scaled.jpg 1707w, https:\/\/www.pcyc.qc.ca\/wp-content\/uploads\/2021\/11\/dining-420x630.jpg 420w, https:\/\/www.pcyc.qc.ca\/wp-content\/uploads\/2021\/11\/dining-1024x1536.jpg 1024w, https:\/\/www.pcyc.qc.ca\/wp-content\/uploads\/2021\/11\/dining-1366x2048.jpg 1366w\" sizes=\"auto, (max-width: 1707px) 100vw, 1707px\" \/><\/figure>\n<\/div>\n\n\n\n<div class=\"wp-block-column is-layout-flow wp-block-column-is-layout-flow\">\n<p class=\"has-text-align-center\"><strong>mai<\/strong><br>Banquettes d&rsquo;ouverture<br>Souper mise-\u00e0-l\u2019eau du chef<\/p>\n\n\n\n<p class=\"has-text-align-center\"><strong>juin<\/strong><br><meta charset=\"utf-8\">D\u00e9fil\u00e9 de la flotte<br>Souper homard<\/p>\n\n\n\n<p class=\"has-text-align-center\"><strong>juillet<\/strong><br>Barbecue Journ\u00e9e Canada<\/p>\n\n\n\n<p class=\"has-text-align-center\"><strong>ao\u00fbt<\/strong><\/p>\n\n\n\n<p class=\"has-text-align-center\"> Soir\u00e9e carib\u00e9enne <br>\u00c9pluchette de bl\u00e9 d&rsquo;Inde<\/p>\n\n\n\n<p class=\"has-text-align-center\"><strong>septembre<\/strong><br>M\u00e9choui Vaclav<\/p>\n\n\n\n<p class=\"has-text-align-center\"><strong>octobre<\/strong><br>Lev\u00e9e du Commodore<br>Banquet de fermetur<\/p>\n<\/div>\n<\/div>\n\n\n\n<h2 class=\"wp-block-heading\">\u00c9v\u00e9nements priv\u00e9s<\/h2>\n\n\n\n<figure class=\"wp-block-image size-full\"><img loading=\"lazy\" decoding=\"async\" width=\"1500\" height=\"1000\" src=\"https:\/\/www.pcyc.qc.ca\/wp-content\/uploads\/2021\/11\/private_parties.jpg\" alt=\"\" class=\"wp-image-666\" srcset=\"https:\/\/www.pcyc.qc.ca\/wp-content\/uploads\/2021\/11\/private_parties.jpg 1500w, https:\/\/www.pcyc.qc.ca\/wp-content\/uploads\/2021\/11\/private_parties-945x630.jpg 945w\" sizes=\"auto, (max-width: 1500px) 100vw, 1500px\" \/><\/figure>\n\n\n\n<p>Les magnifiques vues ne sont que le d\u00e9but\u2026<\/p>\n\n\n\n<p>Le ravissant lac du Yacht Club de Pointe-Claire est le d\u00e9cor parfait pour vos \u00e9v\u00e9nements sp\u00e9ciaux.<\/p>\n\n\n\n<p>D\u00e9sirez-vous faire grande impression\u2009? Nous voulons vous aider \u00e0 cr\u00e9er le lieu id\u00e9al pour votre \u00e9v\u00e9nement. Notre salle \u00e0 manger est ouverte aux membres et \u00e0 leur famille, que ce soit pour des f\u00eates d\u2019anniversaires ou pour des pr\u00e9sentations de clubs sportifs. Nous comprenons l\u2019importance d\u2019un \u00e9v\u00e9nement r\u00e9ussi et vous pouvez avoir confiance en l\u2019\u00e9quipe des \u00e9v\u00e9nements sp\u00e9ciaux du YCPC pour veiller sur chaque d\u00e9tail.<\/p>\n","protected":false},"excerpt":{"rendered":"<p>\u00c9v\u00e9nements annuels du Club Le Yacht Club de Pointe-Claire accueille un grand nombre d\u2019\u00e9v\u00e9nements annuels. Les membres du club se r\u00e9unissent pour savourer un bon repas, une belle amiti\u00e9 et assister \u00e0 des spectacles. Ces \u00e9v\u00e9nements cr\u00e9ent des liens entre nos membres et une camaraderie durable. Il y a en a pour tous les go\u00fbts\u2009! [&hellip;]<\/p>\n","protected":false},"author":1,"featured_media":0,"parent":0,"menu_order":0,"comment_status":"closed","ping_status":"closed","template":"","meta":{"_acf_changed":false,"footnotes":""},"class_list":["post-818","page","type-page","status-publish","hentry"],"acf":[],"_links":{"self":[{"href":"https:\/\/www.pcyc.qc.ca\/fr\/wp-json\/wp\/v2\/pages\/818","targetHints":{"allow":["GET"]}}],"collection":[{"href":"https:\/\/www.pcyc.qc.ca\/fr\/wp-json\/wp\/v2\/pages"}],"about":[{"href":"https:\/\/www.pcyc.qc.ca\/fr\/wp-json\/wp\/v2\/types\/page"}],"author":[{"embeddable":true,"href":"https:\/\/www.pcyc.qc.ca\/fr\/wp-json\/wp\/v2\/users\/1"}],"replies":[{"embeddable":true,"href":"https:\/\/www.pcyc.qc.ca\/fr\/wp-json\/wp\/v2\/comments?post=818"}],"version-history":[{"count":0,"href":"https:\/\/www.pcyc.qc.ca\/fr\/wp-json\/wp\/v2\/pages\/818\/revisions"}],"wp:attachment":[{"href":"https:\/\/www.pcyc.qc.ca\/fr\/wp-json\/wp\/v2\/media?parent=818"}],"curies":[{"name":"wp","href":"https:\/\/api.w.org\/{rel}","templated":true}]}}