{"id":815,"date":"2021-11-16T14:50:00","date_gmt":"2021-11-16T18:50:00","guid":{"rendered":"https:\/\/www.pcyc.qc.ca\/?page_id=815"},"modified":"2024-12-16T14:24:40","modified_gmt":"2024-12-16T18:24:40","slug":"clubs-reciproques","status":"publish","type":"page","link":"https:\/\/www.pcyc.qc.ca\/fr\/clubs-reciproques\/","title":{"rendered":"Clubs r\u00e9ciproques"},"content":{"rendered":"\n<p>Gr\u00e2ce \u00e0 l\u2019adh\u00e9sion au YCPC, vous pouvez profiter de privil\u00e8ges r\u00e9ciproques dans d\u2019autres clubs nautiques au Canada, aux \u00c9tats-Unis et ailleurs dans le monde.<\/p>\n\n\n\n<p>Dans certains clubs, vous n\u2019avez qu\u2019\u00e0 pr\u00e9senter votre carte d\u2019adh\u00e9sion en vigueur du YCPC, pour d\u2019autres il est pr\u00e9f\u00e9rable de t\u00e9l\u00e9phoner d\u2019avance afin de pr\u00e9venir de votre arriv\u00e9e et pour quelques autres le commodore du YCPC devra faire parvenir une lettre de pr\u00e9sentation.<\/p>\n\n\n\n<ul class=\"wp-block-list\"><li>Si vous avez besoin d\u2019une lettre de pr\u00e9sentation, contacter le commodore&nbsp;5 \u00e0 10&nbsp;jours \u00e0 l\u2019avance<\/li><li>T\u00e9l\u00e9phonez au club nautique de votre destination pour vous informer de leurs politiques<\/li><li>Visitez leur site web pour vous familiariser avec leurs r\u00e8gles de conduite<\/li><li>Vous ne pouvez pas facturer les services sur votre compte du YCPC, vous devez donc r\u00e9gler vos d\u00e9penses directement au club que vous visitez<\/li><\/ul>\n\n\n\n<p>Nous vous recommandons fortement de profiter de ces privil\u00e8ges r\u00e9ciproques\u2009! Il s\u2019agit d\u2019une belle mani\u00e8re de visiter les installations d\u2019autres clubs et cr\u00e9er de nouveaux liens d\u2019amiti\u00e9 durant vos voyages\u2009!<\/p>\n\n\n\n<h2 class=\"wp-block-heading\">Qu\u00e9bec<\/h2>\n\n\n\n<figure class=\"wp-block-table is-style-stripes\"><table><thead><tr><th><strong>Lieu<\/strong><\/th><th><strong>Club<\/strong><\/th><th><strong>Contact<\/strong><\/th><\/tr><\/thead><tbody><tr><td>Baie d\u2019Urf\u00e9<\/td><td>Baie d&rsquo;Urf\u00e9 Yacht Club<\/td><td>514-457-3382<br><a data-type=\"URL\" data-id=\"https:\/\/sites.google.com\/bdyc-ycbd.org\/bdyccom\" rel=\"noreferrer noopener\" href=\"https:\/\/sites.google.com\/bdyc-ycbd.org\/bdyccom\" target=\"_blank\"><span class=\"has-inline-color has-vivid-cyan-blue-color\">Site web<\/span><\/a><\/td><\/tr><tr><td>Beaconsfield<\/td><td>Beaconsfield Yacht Club<\/td><td>514-695-1272<br><a data-type=\"URL\" data-id=\"http:\/\/www.byc.qc.ca\/\" href=\"http:\/\/www.byc.qc.ca\/\" target=\"_blank\" rel=\"noreferrer noopener\"><span class=\"has-inline-color has-vivid-cyan-blue-color\">Site web<\/span><\/a><\/td><\/tr><tr><td>Oka<\/td><td>Club de Voiles des Laurentides<\/td><td>450-479-6127<br><a data-type=\"URL\" data-id=\"https:\/\/www.cvl.qc.ca\/\" rel=\"noreferrer noopener\" href=\"https:\/\/www.cvl.qc.ca\/\" target=\"_blank\"><span class=\"has-inline-color has-vivid-cyan-blue-color\">Site web<\/span><\/a><\/td><\/tr><tr><td>St. Lambert<\/td><td>Club de Yacht de St. Lambert<\/td><td>450-671-0211<br><a href=\"https:\/\/www.info-marina.ca\/en\/explore\/st-lawrence-river-15\/kingston-to-montreal-21\/club-de-yacht-de-saint-lambert-320\" target=\"_blank\" rel=\"noreferrer noopener\"><span class=\"has-inline-color has-vivid-cyan-blue-color\">Site web<\/span><\/a><\/td><\/tr><tr><td>Vaudreuil-sur-le-Lac<\/td><td>Club de Voile Deux-Montagnes<\/td><td>450-455-5370<br><a data-type=\"URL\" data-id=\"https:\/\/lecvdm.ca\/\" href=\"https:\/\/lecvdm.ca\/\" target=\"_blank\" rel=\"noreferrer noopener\"><span class=\"has-inline-color has-vivid-cyan-blue-color\">Site web<\/span><\/a><\/td><\/tr><tr><td>Notre-Dame-de-l&rsquo;\u00cele-Perrot<\/td><td>Club Nautique Ile Perrot<\/td><td>514-453-3320<br><a data-type=\"URL\" data-id=\"https:\/\/www.ipyc.ca\/en\/\" href=\"https:\/\/www.ipyc.ca\/en\/\" target=\"_blank\" rel=\"noreferrer noopener\"><span class=\"has-inline-color has-vivid-cyan-blue-color\">Site web<\/span><\/a><\/td><\/tr><tr><td>Montreal<\/td><td>Club Sportif MAA<\/td><td>514-845-2233<br><a data-type=\"URL\" data-id=\"https:\/\/www.clubsportifmaa.com\/en\/\" href=\"https:\/\/www.clubsportifmaa.com\/en\/\" target=\"_blank\" rel=\"noreferrer noopener\"><span class=\"has-inline-color has-vivid-cyan-blue-color\">Site web<\/span><\/a><\/td><\/tr><tr><td>Hudson<\/td><td>Hudson Yacht Club<\/td><td>450-458-5326<br><a data-type=\"URL\" data-id=\"https:\/\/www.hudsonyachtclub.com\/\" href=\"https:\/\/www.hudsonyachtclub.com\/\" target=\"_blank\" rel=\"noreferrer noopener\"><span class=\"has-inline-color has-vivid-cyan-blue-color\">Site web<\/span><\/a><\/td><\/tr><tr><td>Beaconsfield<\/td><td>Lord Reading Yacht Club<\/td><td>514-694-6443<br><a data-type=\"URL\" data-id=\"https:\/\/www.lryc.com\/\" href=\"https:\/\/www.lryc.com\/\" target=\"_blank\" rel=\"noreferrer noopener\"><span class=\"has-inline-color has-vivid-cyan-blue-color\">Site web<\/span><\/a><\/td><\/tr><tr><td>Pointe-Claire<\/td><td>Club de curling Pointe-Claire<\/td><td>514-695-4324<br><a data-type=\"URL\" data-id=\"https:\/\/www.pointeclairecurling.com\/\" href=\"https:\/\/www.pointeclairecurling.com\/\" target=\"_blank\" rel=\"noreferrer noopener\"><span class=\"has-inline-color has-vivid-cyan-blue-color\">Site  web<\/span><\/a><\/td><\/tr><tr><td>Senneville<\/td><td>Senneville Yacht Club<\/td><td>514-457-8645<br><a data-type=\"URL\" data-id=\"https:\/\/www.cvsyc.com\/\" href=\"https:\/\/www.cvsyc.com\/\" target=\"_blank\" rel=\"noreferrer noopener\"><span class=\"has-inline-color has-vivid-cyan-blue-color\">Site web<\/span><\/a><\/td><\/tr><\/tbody><\/table><\/figure>\n\n\n\n<h2 class=\"wp-block-heading\">Canada<\/h2>\n\n\n\n<figure class=\"wp-block-table is-style-stripes\"><table><thead><tr><th><strong>Lieu<\/strong><\/th><th><strong>Club<\/strong><\/th><th><strong>Contact<\/strong><\/th><\/tr><\/thead><tbody><tr><td>Toronto, Ontario<\/td><td>Alexandra Yacht Club<\/td><td>416-260-8690<br><a data-type=\"URL\" data-id=\"https:\/\/www.ayc.ca\/\" href=\"https:\/\/www.ayc.ca\/\" target=\"_blank\" rel=\"noreferrer noopener\"><span class=\"has-inline-color has-vivid-cyan-blue-color\">Site web<\/span><\/a><\/td><\/tr><tr><td>Toronto, Ontario<\/td><td>Aquatic Park Sailing Club<\/td><td>416-631-4940<br><a data-type=\"URL\" data-id=\"https:\/\/aquaticpark.com\/\" href=\"https:\/\/aquaticpark.com\/\" target=\"_blank\" rel=\"noreferrer noopener\"><span class=\"has-inline-color has-vivid-cyan-blue-color\">Site web<\/span><\/a><\/td><\/tr><tr><td>Toronto, Ontario<\/td><td>Ashbridge&rsquo;s Bay Yacht Club<\/td><td>416-698-4498<br><a data-type=\"URL\" data-id=\"http:\/\/abyc.on.ca\/\" href=\"http:\/\/abyc.on.ca\/\" target=\"_blank\" rel=\"noreferrer noopener\"><span class=\"has-inline-color has-vivid-cyan-blue-color\">Site web<\/span><\/a><\/td><\/tr><tr><td>Belleville, Ontario<\/td><td>Bay of Quinte Yacht Club<\/td><td>613-966-5931<br><a data-type=\"URL\" data-id=\"https:\/\/bqyc.org\/\" href=\"https:\/\/bqyc.org\/\" target=\"_blank\" rel=\"noreferrer noopener\"><span class=\"has-inline-color has-vivid-cyan-blue-color\">Site web<\/span><\/a><\/td><\/tr><tr><td>Brockville, Ontario<\/td><td>Brockville Yacht Club<\/td><td>613-345-3146<br><a data-type=\"URL\" data-id=\"https:\/\/www.brockvilleyachtclub.com\/\" href=\"https:\/\/www.brockvilleyachtclub.com\/\" target=\"_blank\" rel=\"noreferrer noopener\"><span class=\"has-inline-color has-vivid-cyan-blue-color\">Site web<\/span><\/a><\/td><\/tr><tr><td>Ridgeway, Ontario<\/td><td>Buffalo Canoe Club<\/td><td>905-894-2750<br><a data-type=\"URL\" data-id=\"https:\/\/www.buffalocanoeclub.com\/\" href=\"https:\/\/www.buffalocanoeclub.com\/\" target=\"_blank\" rel=\"noreferrer noopener\"><span class=\"has-inline-color has-vivid-cyan-blue-color\">Site web<\/span><\/a><\/td><\/tr><tr><td>Toronto, Ontario<\/td><td>Cathedral Bluffs Yacht Club<\/td><td>416-261-7627<br><a data-type=\"URL\" data-id=\"https:\/\/www.cbyc.ca\/\" href=\"https:\/\/www.cbyc.ca\/\" target=\"_blank\" rel=\"noreferrer noopener\"><span class=\"has-inline-color has-vivid-cyan-blue-color\">Site web<\/span><\/a><\/td><\/tr><tr><td>Trenton, Ontario<\/td><td>CFB Trenton Yacht Club<\/td><td>613-392-8995<br><a data-type=\"URL\" data-id=\"https:\/\/cfbtrentonyc.com\/\" href=\"https:\/\/cfbtrentonyc.com\/\" target=\"_blank\" rel=\"noreferrer noopener\"><span class=\"has-inline-color has-vivid-cyan-blue-color\">Site web<\/span><\/a><\/td><\/tr><tr><td>Cobourg, Ontario<\/td><td>Cobourg Yacht Club<\/td><td>905-372-3098<br><a data-type=\"URL\" data-id=\"https:\/\/cobourgyachtclub.ca\/\" href=\"https:\/\/cobourgyachtclub.ca\/\" target=\"_blank\" rel=\"noreferrer noopener\"><span class=\"has-inline-color has-vivid-cyan-blue-color\">Site web<\/span><\/a><\/td><\/tr><tr><td>Toronto, Ontario&nbsp;<\/td><td>Etobicoke Yacht Club<\/td><td>416-259-1159<br><a data-type=\"URL\" data-id=\"https:\/\/www.eyc.ca\/\" href=\"https:\/\/www.eyc.ca\/\" target=\"_blank\" rel=\"noreferrer noopener\"><span class=\"has-inline-color has-vivid-cyan-blue-color\">Site web<\/span><\/a><\/td><\/tr><tr><td>Pickering, Ontario<\/td><td>Frenchman&rsquo;s Bay Yacht Club<\/td><td>905-831-7899<br><a data-type=\"URL\" data-id=\"https:\/\/www.fbyc.ca\/\" href=\"https:\/\/www.fbyc.ca\/\" target=\"_blank\" rel=\"noreferrer noopener\"><span class=\"has-inline-color has-vivid-cyan-blue-color\">Site web<\/span><\/a><\/td><\/tr><tr><td>Stoney Creek, Ontario<\/td><td>Fifty Point Yacht Club<\/td><td><a href=\"mailto:info@fpyc.ca?Subject=General%20Inquiry\">info@fpyc.ca<\/a><br><a data-type=\"URL\" data-id=\"http:\/\/www.fpyc.ca\/\" href=\"http:\/\/www.fpyc.ca\/\" target=\"_blank\" rel=\"noreferrer noopener\"><span class=\"has-inline-color has-vivid-cyan-blue-color\">Site web<\/span><\/a><\/td><\/tr><tr><td>Toronto, Ontario<\/td><td>Harbour City Yacht Club<\/td><td>647-988-2805<br><a data-type=\"URL\" data-id=\"https:\/\/hcyc.ca\/\" href=\"https:\/\/hcyc.ca\/\" target=\"_blank\" rel=\"noreferrer noopener\"><span class=\"has-inline-color has-vivid-cyan-blue-color\">Site web<\/span><\/a><\/td><\/tr><tr><td>Kingston, Ontario<\/td><td>Kingston Yacht Club<\/td><td>613-548-3052<br><a data-type=\"URL\" data-id=\"https:\/\/kingstonyachtclub.ca\/index.cfm?\" href=\"https:\/\/kingstonyachtclub.ca\/index.cfm?\" target=\"_blank\" rel=\"noreferrer noopener\"><span class=\"has-inline-color has-vivid-cyan-blue-color\">Site web<\/span><\/a><\/td><\/tr><tr><td>Hamilton, Ontario<\/td><td>Macassa Bay Yacht Club<\/td><td>905-529-9205<br><a data-type=\"URL\" data-id=\"https:\/\/mbyc-hamilton.org\/\" href=\"https:\/\/mbyc-hamilton.org\/\" target=\"_blank\" rel=\"noreferrer noopener\"><span class=\"has-inline-color has-vivid-cyan-blue-color\">Site web<\/span><\/a><\/td><\/tr><tr><td>Toronto, Ontario<\/td><td>Mimico Cruising Club<\/td><td>416-252-7737<br><a data-type=\"URL\" data-id=\"http:\/\/www.mimicocruisingclub.com\/\" href=\"http:\/\/www.mimicocruisingclub.com\/\" target=\"_blank\" rel=\"noreferrer noopener\"><span class=\"has-inline-color has-vivid-cyan-blue-color\">Site web<\/span><\/a><\/td><\/tr><tr><td>Toronto, Ontario<\/td><td>National Yacht Club<\/td><td>416-260-8686<br><a data-type=\"URL\" data-id=\"https:\/\/www.thenyc.com\/\" href=\"https:\/\/www.thenyc.com\/\" target=\"_blank\" rel=\"noreferrer noopener\"><span class=\"has-inline-color has-vivid-cyan-blue-color\">Site web<\/span><\/a><\/td><\/tr><tr><td>Ottawa, Ontario<\/td><td>Nepean Sailing Club<\/td><td>613-829-6462<br><a data-type=\"URL\" data-id=\"https:\/\/nsc.ca\/web2\/\" href=\"https:\/\/nsc.ca\/web2\/\" target=\"_blank\" rel=\"noreferrer noopener\"><span class=\"has-inline-color has-vivid-cyan-blue-color\">Site web<\/span><\/a><\/td><\/tr><tr><td>Stoney Creek, Ontario<\/td><td>Newport Yacht Club<\/td><td>905-642-0195<br><a data-type=\"URL\" data-id=\"https:\/\/newport-ycsc.com\/\" href=\"https:\/\/newport-ycsc.com\/\" target=\"_blank\" rel=\"noreferrer noopener\"><span class=\"has-inline-color has-vivid-cyan-blue-color\">Site web<\/span><\/a><\/td><\/tr><tr><td>Oakville, Ontario<\/td><td>Oakville Yacht Squadron<\/td><td>905-338-2239<br><a data-type=\"URL\" data-id=\"http:\/\/www.oysqn.com\/\" href=\"http:\/\/www.oysqn.com\/\" target=\"_blank\" rel=\"noreferrer noopener\"><span class=\"has-inline-color has-vivid-cyan-blue-color\">Site web<\/span><\/a><\/td><\/tr><tr><td>Mississauga, Ontario<\/td><td>Port Credit Yacht Club<\/td><td>905-278-5578<br><a data-type=\"URL\" data-id=\"https:\/\/pcyc.net\/index.cfm?\" href=\"https:\/\/pcyc.net\/index.cfm?\" target=\"_blank\" rel=\"noreferrer noopener\"><span class=\"has-inline-color has-vivid-cyan-blue-color\">Site web<\/span><\/a><\/td><\/tr><tr><td>Port Hope, Ontario<\/td><td>Port Hope Yacht Club<\/td><td>905-885-9694<br><a data-type=\"URL\" data-id=\"http:\/\/porthopeyachtclub.com\/\" href=\"http:\/\/porthopeyachtclub.com\/\" target=\"_blank\" rel=\"noreferrer noopener\"><span class=\"has-inline-color has-vivid-cyan-blue-color\">Site web<\/span><\/a><\/td><\/tr><tr><td>Toronto, Ontario<\/td><td>Queen City Yacht Club<\/td><td>416-203-0931<br><a data-type=\"URL\" data-id=\"https:\/\/www.qcyc.ca\/\" href=\"https:\/\/www.qcyc.ca\/\" target=\"_blank\" rel=\"noreferrer noopener\"><span class=\"has-inline-color has-vivid-cyan-blue-color\">Site web<\/span><\/a><\/td><\/tr><tr><td>Ottawa, Ontario<\/td><td>Rockcliffe Yacht Club<\/td><td>613-748-3005<br><a data-type=\"URL\" data-id=\"http:\/\/cyryc.ryc.ca\/\" href=\"http:\/\/cyryc.ryc.ca\/\" target=\"_blank\" rel=\"noreferrer noopener\"><span class=\"has-inline-color has-vivid-cyan-blue-color\">Site web<\/span><\/a><\/td><\/tr><tr><td>Toronto, Ontario<\/td><td>Royal Canadian Yacht Club<\/td><td>416-967-7245<br><a data-type=\"URL\" data-id=\"https:\/\/rcyc.ca\/\" href=\"https:\/\/rcyc.ca\/\" target=\"_blank\" rel=\"noreferrer noopener\"><span class=\"has-inline-color has-vivid-cyan-blue-color\">Site web<\/span><\/a><\/td><\/tr><tr><td>Hamilton, Ontario<\/td><td>Royal Hamilton Yacht Club<\/td><td>905-528-8464<br><a data-type=\"URL\" data-id=\"https:\/\/www.rhyc.ca\/\" href=\"https:\/\/www.rhyc.ca\/\" target=\"_blank\" rel=\"noreferrer noopener\"><span class=\"has-inline-color has-vivid-cyan-blue-color\">Site web<\/span><\/a><\/td><\/tr><tr><td>Long Sault, Ontario<\/td><td>Stormont Yacht Club<\/td><td>613-534-8535<br><a data-type=\"URL\" data-id=\"https:\/\/www.stormontyachtclub.ca\/\" href=\"https:\/\/www.stormontyachtclub.ca\/\" target=\"_blank\" rel=\"noreferrer noopener\"><span class=\"has-inline-color has-vivid-cyan-blue-color\">Site web<\/span><\/a><\/td><\/tr><tr><td>Iroquois, Ontario<\/td><td>Thousand Islands Yacht Club<\/td><td>613-652-2666<br><a href=\"https:\/\/tiyc.ca\/\" target=\"_blank\" rel=\"noreferrer noopener\">Site web<\/a><\/td><\/tr><tr><td>Toronto, Ontario<\/td><td>Toronto Hydroplane &amp; Sailing Club<\/td><td>416-694-6918<br><a data-type=\"URL\" data-id=\"https:\/\/thsc.ca\/\" href=\"https:\/\/thsc.ca\/\" target=\"_blank\" rel=\"noreferrer noopener\"><span class=\"has-inline-color has-vivid-cyan-blue-color\">Site web<\/span><\/a><\/td><\/tr><tr><td>Toronto, Ontario<\/td><td>Toronto Sailing &amp; Canoe Club<\/td><td>416-531-0403<br><a data-type=\"URL\" data-id=\"https:\/\/www.tscc.net\/\" href=\"https:\/\/www.tscc.net\/\" target=\"_blank\" rel=\"noreferrer noopener\"><span class=\"has-inline-color has-vivid-cyan-blue-color\">Site web<\/span><\/a><\/td><\/tr><tr><td>Gananoque, Ontario<\/td><td>Trident Yacht Club<\/td><td>613-382-2771<br><a data-type=\"URL\" data-id=\"https:\/\/trident-yc.ca\/\" href=\"https:\/\/trident-yc.ca\/\" target=\"_blank\" rel=\"noreferrer noopener\"><span class=\"has-inline-color has-vivid-cyan-blue-color\">Site web<\/span><\/a><\/td><\/tr><tr><td>Whitby, Ontario<\/td><td>Whitby Yacht Club<\/td><td>905-668-1391<br><a data-type=\"URL\" data-id=\"https:\/\/www.wyc.ca\/\" href=\"https:\/\/www.wyc.ca\/\" target=\"_blank\" rel=\"noreferrer noopener\"><span class=\"has-inline-color has-vivid-cyan-blue-color\">Site web<\/span><\/a><\/td><\/tr><\/tbody><\/table><\/figure>\n\n\n\n<h2 class=\"wp-block-heading\">\u00c9tats-Unis<\/h2>\n\n\n\n<figure class=\"wp-block-table is-style-stripes\"><table><thead><tr><th><strong>Lieu<\/strong><\/th><th><strong>Club<\/strong><\/th><th><strong>Contact<\/strong><\/th><\/tr><\/thead><tbody><tr><td>Annapolis, Maryland<\/td><td>Annapolis Yacht Club<\/td><td>410-858-4947<br><a data-type=\"URL\" data-id=\"https:\/\/www.annapolisyc.com\/\" href=\"https:\/\/www.annapolisyc.com\/\" target=\"_blank\" rel=\"noreferrer noopener\"><span class=\"has-inline-color has-vivid-cyan-blue-color\">Site web<\/span><\/a><\/td><\/tr><tr><td>Indianapolis, Indiana<\/td><td>Eagle Creek Sailing Club&nbsp;<\/td><td>585-659-8603<\/td><\/tr><tr><td>Oswego, New York<\/td><td>Oswego Yacht Club<\/td><td>315-343-9489<br><a data-type=\"URL\" data-id=\"https:\/\/oswegoyachtclub.org\/\" href=\"https:\/\/oswegoyachtclub.org\/\" target=\"_blank\" rel=\"noreferrer noopener\"><span class=\"has-inline-color has-vivid-cyan-blue-color\">Site web<\/span><\/a><\/td><\/tr><tr><td>Wilson, New York<\/td><td>Tuscarora Yacht Club<\/td><td>716-675-1177<br><a data-type=\"URL\" data-id=\"http:\/\/www.tycwilson.com\/\" href=\"http:\/\/www.tycwilson.com\/\" target=\"_blank\" rel=\"noreferrer noopener\"><span class=\"has-inline-color has-vivid-cyan-blue-color\">Site web<\/span><\/a><\/td><\/tr><tr><td>Honolulu, Hawaii<\/td><td>Waikiki Yacht Club<\/td><td>808-955-4405<br><a data-type=\"URL\" data-id=\"https:\/\/www.waikikiyachtclub.com\/\" href=\"https:\/\/www.waikikiyachtclub.com\/\" target=\"_blank\" rel=\"noreferrer noopener\"><span class=\"has-inline-color has-vivid-cyan-blue-color\">Site web<\/span><\/a><\/td><\/tr><\/tbody><\/table><\/figure>\n\n\n\n<h2 class=\"wp-block-heading\">Outre-Mer<\/h2>\n\n\n\n<figure class=\"wp-block-table is-style-stripes\"><table><thead><tr><th><strong>Lieu<\/strong><\/th><th><strong> Club<\/strong><\/th><th><strong>Contact<\/strong><\/th><\/tr><\/thead><tbody><tr><td>Hampshire, UK<\/td><td>Hayling Island Sailing Club<\/td><td>011-(44)-23-9246 3768<br><a data-type=\"URL\" data-id=\"https:\/\/www.hisc.co.uk\/\" href=\"https:\/\/www.hisc.co.uk\/\" target=\"_blank\" rel=\"noreferrer noopener\"><span class=\"has-inline-color has-vivid-cyan-blue-color\">Site web<\/span><\/a><\/td><\/tr><tr><td>Playa La Habana, Cuba<\/td><td>Hemmingway International Yacht Club<\/td><td>011-(53)-7204-6653<br><a data-type=\"URL\" data-id=\"http:\/\/www.hemingwayyachtclub.org\/\" href=\"http:\/\/www.hemingwayyachtclub.org\/\" target=\"_blank\" rel=\"noreferrer noopener\"><span class=\"has-inline-color has-vivid-cyan-blue-color\">Site web<\/span><\/a><\/td><\/tr><\/tbody><\/table><\/figure>\n","protected":false},"excerpt":{"rendered":"<p>Gr\u00e2ce \u00e0 l\u2019adh\u00e9sion au YCPC, vous pouvez profiter de privil\u00e8ges r\u00e9ciproques dans d\u2019autres clubs nautiques au Canada, aux \u00c9tats-Unis et ailleurs dans le monde. Dans certains clubs, vous n\u2019avez qu\u2019\u00e0 pr\u00e9senter votre carte d\u2019adh\u00e9sion en vigueur du YCPC, pour d\u2019autres il est pr\u00e9f\u00e9rable de t\u00e9l\u00e9phoner d\u2019avance afin de pr\u00e9venir de votre arriv\u00e9e et pour quelques [&hellip;]<\/p>\n","protected":false},"author":1,"featured_media":0,"parent":0,"menu_order":0,"comment_status":"closed","ping_status":"closed","template":"","meta":{"_acf_changed":false,"footnotes":""},"class_list":["post-815","page","type-page","status-publish","hentry"],"acf":[],"_links":{"self":[{"href":"https:\/\/www.pcyc.qc.ca\/fr\/wp-json\/wp\/v2\/pages\/815","targetHints":{"allow":["GET"]}}],"collection":[{"href":"https:\/\/www.pcyc.qc.ca\/fr\/wp-json\/wp\/v2\/pages"}],"about":[{"href":"https:\/\/www.pcyc.qc.ca\/fr\/wp-json\/wp\/v2\/types\/page"}],"author":[{"embeddable":true,"href":"https:\/\/www.pcyc.qc.ca\/fr\/wp-json\/wp\/v2\/users\/1"}],"replies":[{"embeddable":true,"href":"https:\/\/www.pcyc.qc.ca\/fr\/wp-json\/wp\/v2\/comments?post=815"}],"version-history":[{"count":0,"href":"https:\/\/www.pcyc.qc.ca\/fr\/wp-json\/wp\/v2\/pages\/815\/revisions"}],"wp:attachment":[{"href":"https:\/\/www.pcyc.qc.ca\/fr\/wp-json\/wp\/v2\/media?parent=815"}],"curies":[{"name":"wp","href":"https:\/\/api.w.org\/{rel}","templated":true}]}}