{"id":810,"date":"2021-11-16T14:46:17","date_gmt":"2021-11-16T18:46:17","guid":{"rendered":"https:\/\/www.pcyc.qc.ca\/?page_id=810"},"modified":"2025-02-24T11:11:44","modified_gmt":"2025-02-24T15:11:44","slug":"avantages-de-ladhesion","status":"publish","type":"page","link":"https:\/\/www.pcyc.qc.ca\/fr\/avantages-de-ladhesion\/","title":{"rendered":"Avantages de l&rsquo;adh\u00e9sion"},"content":{"rendered":"\n<h2 class=\"wp-block-heading\">Devenir membre<\/h2>\n\n\n\n<p>Nous sommes ravis de votre int\u00e9r\u00eat envers le Yacht Club de Pointe Claire\u2009! Notre mission est d\u2019insuffler une passion durable pour tous les aspects de la navigation. Nous sommes fiers d\u2019offrir un cadre d\u00e9tendu, d\u00e9contract\u00e9 et amical sur le bord du lac avec une vue imprenable\u2009! Nous vous invitons \u00e0 profiter de notre site historique en famille et entre amis, tant sur l\u2019eau que sur terre. Les navigateurs exp\u00e9riment\u00e9s et les novices se r\u00e9unissent et jouissent de tout ce que nous avons \u00e0 proposer, qu\u2019ils poss\u00e8dent un bateau ou non.<\/p>\n\n\n\n<p>Votre adh\u00e9sion comprend un \u00e9ventail d\u2019activit\u00e9s et de services&nbsp;:<\/p>\n\n\n\n<ul class=\"wp-block-list\"><li>R\u00e9gates<\/li><li>Croisi\u00e8res<\/li><li>Courses comp\u00e9titives<\/li><li>Courses de pratique<\/li><li>Des ateliers de course<\/li><li>BBQs<\/li><li>Repas festifs<\/li><li>\u00c9v\u00e9nements sociaux<\/li><li>Cours pour adultes<\/li><li>Programme de voile pour les jeunes<\/li><li>Programme de voile adapt\u00e9e, etbien plus!<\/li><\/ul>\n\n\n\n<h2 class=\"wp-block-heading\">Avantages et privil\u00e8ges<\/h2>\n\n\n\n<ul class=\"wp-block-list\"><li>Acc\u00e8s \u00e0 la location d&rsquo;un quai pour votre embarcation<\/li><li>Programme de voile junior de renomm\u00e9e mondiale<\/li><li>Stationnement priv\u00e9<\/li><li>Vid\u00e9osurveillance en circuit ferm\u00e9, 24&nbsp;heures par jour, 7&nbsp;jours par semaine<\/li><li>Des privil\u00e8ges r\u00e9ciproques permettant aux membres du PCYC de visiter d\u2019autres clubs nautiques au Canada, aux \u00c9tats-Unis et dans le monde entier &#8211;<a data-type=\"URL\" data-id=\"https:\/\/www.pcyc.qc.ca\/en\/reciprocal-clubs\/\" href=\"https:\/\/www.pcyc.qc.ca\/en\/reciprocal-clubs\/\"> Apprendre plus<\/a><\/li><li>La possibilit\u00e9 de participer \u00e0 des courses ou d\u2019\u00eatre membre d\u2019\u00e9quipage lors de comp\u00e9titions, qu\u2019il s\u2019agisse de courses locales ou de r\u00e9gates de championnat\u2009<\/li><li>Des activit\u00e9s de croisi\u00e8res (\u00e0 moteur et \u00e0 voile) avec des sorties organis\u00e9es sur le lac, sur la Voie maritime du fleuve Saint-Laurent et au-del\u00e0<\/li><li>La possibilit\u00e9 de convier des invit\u00e9s sur le site<\/li><li>L\u2019acc\u00e8s \u00e0 nos salles de r\u00e9ception, id\u00e9ales pour les f\u00eates d\u2019anniversaire et les conf\u00e9rences d\u2019entreprise<\/li><li>L\u2019acc\u00e8s au patio, \u00e0 la salle \u00e0 manger, au bar et au salon<\/li><li>L&rsquo;acc\u00e8s aux vestiaires et aux douches<\/li><li>Un calendrier empli d\u2019\u00e9v\u00e9nements d\u2019avril \u00e0 novembre<\/li><li>Un emplacement spectaculaire, avec une vue \u00e9tendue sur la marina et le lac<\/li><li>Une occasion unique de nouer des contacts avec des personnes partageant les m\u00eames passions dans une atmosph\u00e8re d\u00e9tendue et amicale<\/li><li>La possibilit\u00e9 de si\u00e9ger \u00e0 divers comit\u00e9s qui sont au c\u0153ur de notre r\u00e9ussite<\/li><\/ul>\n\n\n\n<p>Joignez-vous \u00e0 nous avec ou sans bateau, afin que vous et votre famille puissiez profiter d\u2019une ann\u00e9e d\u2019adh\u00e9sion pour moins que le prix de deux semaines de vacances. Quelle autre raison vous faut-il pour devenir membre de notre communaut\u00e9 d\u2019amis\u2009?<\/p>\n\n\n\n<p><a data-type=\"URL\" data-id=\"https:\/\/www.pcyc.qc.ca\/fr\/categories-de-membre\/\" href=\"https:\/\/www.pcyc.qc.ca\/fr\/categories-de-membre\/\">Apprendre plus<\/a><\/p>\n\n\n\n<div class=\"wp-block-buttons is-content-justification-center is-layout-flex wp-block-buttons-is-layout-flex\">\n<div class=\"wp-block-button\"><a class=\"wp-block-button__link has-vivid-red-background-color has-background\" href=\"https:\/\/www.pcyc.qc.ca\/fr\/categories-de-membre\/\">Demande d&rsquo;adh\u00e9sion<\/a><\/div>\n<\/div>\n","protected":false},"excerpt":{"rendered":"<p>Devenir membre Nous sommes ravis de votre int\u00e9r\u00eat envers le Yacht Club de Pointe Claire\u2009! Notre mission est d\u2019insuffler une passion durable pour tous les aspects de la navigation. Nous sommes fiers d\u2019offrir un cadre d\u00e9tendu, d\u00e9contract\u00e9 et amical sur le bord du lac avec une vue imprenable\u2009! Nous vous invitons \u00e0 profiter de notre [&hellip;]<\/p>\n","protected":false},"author":1,"featured_media":0,"parent":0,"menu_order":0,"comment_status":"closed","ping_status":"closed","template":"","meta":{"_acf_changed":false,"footnotes":""},"class_list":["post-810","page","type-page","status-publish","hentry"],"acf":[],"_links":{"self":[{"href":"https:\/\/www.pcyc.qc.ca\/fr\/wp-json\/wp\/v2\/pages\/810","targetHints":{"allow":["GET"]}}],"collection":[{"href":"https:\/\/www.pcyc.qc.ca\/fr\/wp-json\/wp\/v2\/pages"}],"about":[{"href":"https:\/\/www.pcyc.qc.ca\/fr\/wp-json\/wp\/v2\/types\/page"}],"author":[{"embeddable":true,"href":"https:\/\/www.pcyc.qc.ca\/fr\/wp-json\/wp\/v2\/users\/1"}],"replies":[{"embeddable":true,"href":"https:\/\/www.pcyc.qc.ca\/fr\/wp-json\/wp\/v2\/comments?post=810"}],"version-history":[{"count":0,"href":"https:\/\/www.pcyc.qc.ca\/fr\/wp-json\/wp\/v2\/pages\/810\/revisions"}],"wp:attachment":[{"href":"https:\/\/www.pcyc.qc.ca\/fr\/wp-json\/wp\/v2\/media?parent=810"}],"curies":[{"name":"wp","href":"https:\/\/api.w.org\/{rel}","templated":true}]}}