{"id":809,"date":"2021-11-16T14:44:39","date_gmt":"2021-11-16T18:44:39","guid":{"rendered":"https:\/\/www.pcyc.qc.ca\/?page_id=809"},"modified":"2022-03-10T16:39:25","modified_gmt":"2022-03-10T20:39:25","slug":"forum-des-membres","status":"publish","type":"page","link":"https:\/\/www.pcyc.qc.ca\/fr\/forum-des-membres\/","title":{"rendered":"Forum des membres"},"content":{"rendered":"\n<p>D\u00e8s que vous aurez adh\u00e9r\u00e9, vous aurez la chance de participer \u00e0 des discussions sur des sujets tels que&nbsp;:<\/p>\n\n\n\n<div class=\"wp-block-file\"><a href=\"https:\/\/www.pcyc.qc.ca\/wp-content\/uploads\/2022\/03\/Guide_forum_membres.pdf\" target=\"_blank\" rel=\"noreferrer noopener\">Instructions &#8211; Forum des membres<\/a><a href=\"https:\/\/www.pcyc.qc.ca\/wp-content\/uploads\/2022\/03\/Guide_forum_membres.pdf\" class=\"wp-block-file__button\" download>Download<\/a><\/div>\n\n\n\n<p>\u2013&nbsp;Courses\u2009;<\/p>\n\n\n\n<p>\u2013&nbsp;R\u00e9glage et forme de voile\u2009;<\/p>\n\n\n\n<p>\u2013&nbsp;Conditions m\u00e9t\u00e9orologiques de navigation\u2009;<\/p>\n\n\n\n<p>\u2013&nbsp;\u00c9cole de voile\u2009;<\/p>\n\n\n\n<p>\u2013&nbsp;Entreposage hivernal\u2009;<\/p>\n\n\n\n<p>\u2013&nbsp;Entretien de bateau\u2009;<\/p>\n\n\n\n<p>\u2013&nbsp;R\u00e9gates virtuelles\u2009;<\/p>\n\n\n\n<p>\u2013&nbsp;Initiatives \u00e9cologiques\u2009;<\/p>\n\n\n\n<p>\u2013&nbsp;Croisi\u00e8re\u2009;<\/p>\n\n\n\n<p>\u2013&nbsp;Bateaux \u00e0 vendre\u2009;<\/p>\n\n\n\n<p>\u2013&nbsp;Bateaux \u00e0 acheter\u2009;<\/p>\n\n\n\n<p>\u2013&nbsp;\u00c9quipements nautiques \u00e0 donner.<\/p>\n\n\n\n<figure class=\"wp-block-image size-full\"><img loading=\"lazy\" decoding=\"async\" width=\"1920\" height=\"1280\" src=\"https:\/\/www.pcyc.qc.ca\/wp-content\/uploads\/2021\/11\/bw_laptop.jpg\" alt=\"\" class=\"wp-image-566\" srcset=\"https:\/\/www.pcyc.qc.ca\/wp-content\/uploads\/2021\/11\/bw_laptop.jpg 1920w, https:\/\/www.pcyc.qc.ca\/wp-content\/uploads\/2021\/11\/bw_laptop-945x630.jpg 945w, https:\/\/www.pcyc.qc.ca\/wp-content\/uploads\/2021\/11\/bw_laptop-1536x1024.jpg 1536w\" sizes=\"auto, (max-width: 1920px) 100vw, 1920px\" \/><\/figure>\n","protected":false},"excerpt":{"rendered":"<p>D\u00e8s que vous aurez adh\u00e9r\u00e9, vous aurez la chance de participer \u00e0 des discussions sur des sujets tels que&nbsp;: \u2013&nbsp;Courses\u2009; \u2013&nbsp;R\u00e9glage et forme de voile\u2009; \u2013&nbsp;Conditions m\u00e9t\u00e9orologiques de navigation\u2009; \u2013&nbsp;\u00c9cole de voile\u2009; \u2013&nbsp;Entreposage hivernal\u2009; \u2013&nbsp;Entretien de bateau\u2009; \u2013&nbsp;R\u00e9gates virtuelles\u2009; \u2013&nbsp;Initiatives \u00e9cologiques\u2009; \u2013&nbsp;Croisi\u00e8re\u2009; \u2013&nbsp;Bateaux \u00e0 vendre\u2009; \u2013&nbsp;Bateaux \u00e0 acheter\u2009; \u2013&nbsp;\u00c9quipements nautiques \u00e0 donner.<\/p>\n","protected":false},"author":1,"featured_media":0,"parent":0,"menu_order":0,"comment_status":"closed","ping_status":"closed","template":"","meta":{"_acf_changed":false,"footnotes":""},"class_list":["post-809","page","type-page","status-publish","hentry"],"acf":[],"_links":{"self":[{"href":"https:\/\/www.pcyc.qc.ca\/fr\/wp-json\/wp\/v2\/pages\/809","targetHints":{"allow":["GET"]}}],"collection":[{"href":"https:\/\/www.pcyc.qc.ca\/fr\/wp-json\/wp\/v2\/pages"}],"about":[{"href":"https:\/\/www.pcyc.qc.ca\/fr\/wp-json\/wp\/v2\/types\/page"}],"author":[{"embeddable":true,"href":"https:\/\/www.pcyc.qc.ca\/fr\/wp-json\/wp\/v2\/users\/1"}],"replies":[{"embeddable":true,"href":"https:\/\/www.pcyc.qc.ca\/fr\/wp-json\/wp\/v2\/comments?post=809"}],"version-history":[{"count":0,"href":"https:\/\/www.pcyc.qc.ca\/fr\/wp-json\/wp\/v2\/pages\/809\/revisions"}],"wp:attachment":[{"href":"https:\/\/www.pcyc.qc.ca\/fr\/wp-json\/wp\/v2\/media?parent=809"}],"curies":[{"name":"wp","href":"https:\/\/api.w.org\/{rel}","templated":true}]}}