{"id":808,"date":"2021-11-16T14:44:10","date_gmt":"2021-11-16T18:44:10","guid":{"rendered":"https:\/\/www.pcyc.qc.ca\/?page_id=808"},"modified":"2024-04-01T14:31:29","modified_gmt":"2024-04-01T18:31:29","slug":"voile-junior","status":"publish","type":"page","link":"https:\/\/www.pcyc.qc.ca\/fr\/voile-junior\/","title":{"rendered":"Voile junior"},"content":{"rendered":"\n<p>Depuis 1879, le Club de yacht Pointe-Claire fait la promotion de la voile pour jeunes par l&rsquo;entremise de son \u00c9cole de voile. Nous offrons une vari\u00e9t\u00e9 de programmes d\u00e9butants pour jeunes \u00e2g\u00e9s de 7 \u00e0 17 ans, ayant pour but de leur enseigner la voile dans un environnement amusant et s\u00e9curitaire. Nos \u00e9l\u00e8ves apprennent non seulement les notions techniques du sport, ils apprennent comme travailler en \u00e9quipe, ils d\u00e9veloppent leur estime de soi et se font de nouveaux amis. Les habilet\u00e9s apprises par nos \u00e9l\u00e8ves durent toute une vie, la voile est un sport qui peut \u00eatre appr\u00e9ci\u00e9 dans ses diff\u00e9rentes formes peu importe l&rsquo;\u00e2ge.<\/p>\n\n\n\n<p>Tous nos cours sont enseign\u00e9s par nos instructeurs bilingues certifi\u00e9s par Voile Canada et s\u00e9lectionn\u00e9s parmi les meilleurs marins du Lac Saint-Louis. Les \u00e9l\u00e8ves qui d\u00e9montrent le niveau d\u2019habilet\u00e9 requis peuvent obtenir des niveaux de Voile Canada.<\/p>\n\n\n\n<div class=\"wp-block-buttons is-content-justification-center is-layout-flex wp-block-buttons-is-layout-flex\">\n<div class=\"wp-block-button\"><a class=\"wp-block-button__link has-vivid-red-background-color has-background\" href=\"https:\/\/www.pointe-claire.ca\/en\/financial-assistance-program\/\" target=\"_blank\" rel=\"noreferrer noopener\">Lien pour l&rsquo;aide financi\u00e8re de la Ville de Pointe-Claire<\/a><\/div>\n<\/div>\n","protected":false},"excerpt":{"rendered":"<p>Depuis 1879, le Club de yacht Pointe-Claire fait la promotion de la voile pour jeunes par l&rsquo;entremise de son \u00c9cole de voile. Nous offrons une vari\u00e9t\u00e9 de programmes d\u00e9butants pour jeunes \u00e2g\u00e9s de 7 \u00e0 17 ans, ayant pour but de leur enseigner la voile dans un environnement amusant et s\u00e9curitaire. Nos \u00e9l\u00e8ves apprennent non [&hellip;]<\/p>\n","protected":false},"author":1,"featured_media":0,"parent":0,"menu_order":0,"comment_status":"closed","ping_status":"closed","template":"","meta":{"_acf_changed":false,"footnotes":""},"class_list":["post-808","page","type-page","status-publish","hentry"],"acf":[],"_links":{"self":[{"href":"https:\/\/www.pcyc.qc.ca\/fr\/wp-json\/wp\/v2\/pages\/808","targetHints":{"allow":["GET"]}}],"collection":[{"href":"https:\/\/www.pcyc.qc.ca\/fr\/wp-json\/wp\/v2\/pages"}],"about":[{"href":"https:\/\/www.pcyc.qc.ca\/fr\/wp-json\/wp\/v2\/types\/page"}],"author":[{"embeddable":true,"href":"https:\/\/www.pcyc.qc.ca\/fr\/wp-json\/wp\/v2\/users\/1"}],"replies":[{"embeddable":true,"href":"https:\/\/www.pcyc.qc.ca\/fr\/wp-json\/wp\/v2\/comments?post=808"}],"version-history":[{"count":0,"href":"https:\/\/www.pcyc.qc.ca\/fr\/wp-json\/wp\/v2\/pages\/808\/revisions"}],"wp:attachment":[{"href":"https:\/\/www.pcyc.qc.ca\/fr\/wp-json\/wp\/v2\/media?parent=808"}],"curies":[{"name":"wp","href":"https:\/\/api.w.org\/{rel}","templated":true}]}}