{"id":807,"date":"2021-11-16T14:43:34","date_gmt":"2021-11-16T18:43:34","guid":{"rendered":"https:\/\/www.pcyc.qc.ca\/?page_id=807"},"modified":"2025-02-26T17:10:02","modified_gmt":"2025-02-26T21:10:02","slug":"equipe-de-course-junior","status":"publish","type":"page","link":"https:\/\/www.pcyc.qc.ca\/fr\/equipe-de-course-junior\/","title":{"rendered":"\u00c9quipe de course junior"},"content":{"rendered":"\n<h2 class=\"wp-block-heading\">L&rsquo;\u00c9quipe YCPC<\/h2>\n\n\n\n<p>Le Yacht Club de Pointe-Claire accueille fi\u00e8rement deux \u00e9quipes de courses, soit Optimist, Laser, C420 et Waszp. Les athl\u00e8tes commencent leur saison en mai et s\u2019entra\u00eenent pendant les quatre mois suivants dans le but de se tailler une place dans les \u00e9quipes provinciales et nationales. Les \u00e9quipes suivent un horaire charg\u00e9, se rendant \u00e0 diverses r\u00e9gates locales et nationales, avec comme point culminant les Championnats Juniors de Voile Canada au port olympique de Portsmouth Harbour \u00e0 Kingston en Ontario au mois d\u2019ao\u00fbt.<\/p>\n\n\n\n<h2 class=\"wp-block-heading\">Horaire d&rsquo;entra\u00eenement<\/h2>\n\n\n\n<h3 class=\"wp-block-heading\">Haute saison<\/h3>\n\n\n\n<p>Passez l\u2019\u00e9t\u00e9 \u00e0 perfectionner vos techniques et \u00e0 vous faire de nouveaux amis en rejoignant la plus grande \u00e9quipe de course du lac Saint-Louis\u2009! \u00catre membre de l\u2019\u00c9quipe YCPC vous donnera la chance de participer \u00e0 la plus grande r\u00e9gate en eau douce d\u2019Am\u00e9rique du Nord lors des Championnats Juniors de Voile Canada.<\/p>\n\n\n\n<p>Chaque \u00e9quipe a un horaire unique d\u00e9termin\u00e9 lors d\u2019une r\u00e9union entre les parents et les entra\u00eeneurs.<\/p>\n\n\n\n<p>Les athl\u00e8tes participent aux r\u00e9gates suivantes&nbsp;:<br>&#8211; TRY au Pointe-Claire Yacht Club<br>&#8211; Sail Central au Hudson Yacht Club<br>\u200b- Championnats Juniors de Voile Canada au port olympique de Portsmouth<br>&#8211; Championnat du Qu\u00e9bec au Club de Voile Deux-Montagnes<\/p>\n\n\n\n<h3 class=\"wp-block-heading\">Automne<\/h3>\n\n\n\n<p>Terminez la saison en vous pr\u00e9parant pour l\u2019ann\u00e9e prochaine\u2009! En rejoignant notre programme d\u2019automne, vous aurez la chance d\u2019avoir des entra\u00eeneurs invit\u00e9s extraordinaires ainsi que la possibilit\u00e9 d\u2019essayer de nouveaux bateaux amusants. Les s\u00e9ances d\u2019entra\u00eenement ont lieu le samedi de 9&nbsp;h \u00e0 midi.<\/p>\n\n\n\n<p>Les athl\u00e8tes participent \u00e0 la r\u00e9gate de Fall Cork au port olympique de Portsmouth \u00e0 Kingston en Ontario.<\/p>\n\n\n\n<p><\/p>\n","protected":false},"excerpt":{"rendered":"<p>L&rsquo;\u00c9quipe YCPC Le Yacht Club de Pointe-Claire accueille fi\u00e8rement deux \u00e9quipes de courses, soit Optimist, Laser, C420 et Waszp. Les athl\u00e8tes commencent leur saison en mai et s\u2019entra\u00eenent pendant les quatre mois suivants dans le but de se tailler une place dans les \u00e9quipes provinciales et nationales. Les \u00e9quipes suivent un horaire charg\u00e9, se rendant [&hellip;]<\/p>\n","protected":false},"author":1,"featured_media":0,"parent":0,"menu_order":0,"comment_status":"closed","ping_status":"closed","template":"","meta":{"_acf_changed":false,"footnotes":""},"class_list":["post-807","page","type-page","status-publish","hentry"],"acf":[],"_links":{"self":[{"href":"https:\/\/www.pcyc.qc.ca\/fr\/wp-json\/wp\/v2\/pages\/807","targetHints":{"allow":["GET"]}}],"collection":[{"href":"https:\/\/www.pcyc.qc.ca\/fr\/wp-json\/wp\/v2\/pages"}],"about":[{"href":"https:\/\/www.pcyc.qc.ca\/fr\/wp-json\/wp\/v2\/types\/page"}],"author":[{"embeddable":true,"href":"https:\/\/www.pcyc.qc.ca\/fr\/wp-json\/wp\/v2\/users\/1"}],"replies":[{"embeddable":true,"href":"https:\/\/www.pcyc.qc.ca\/fr\/wp-json\/wp\/v2\/comments?post=807"}],"version-history":[{"count":0,"href":"https:\/\/www.pcyc.qc.ca\/fr\/wp-json\/wp\/v2\/pages\/807\/revisions"}],"wp:attachment":[{"href":"https:\/\/www.pcyc.qc.ca\/fr\/wp-json\/wp\/v2\/media?parent=807"}],"curies":[{"name":"wp","href":"https:\/\/api.w.org\/{rel}","templated":true}]}}