{"id":804,"date":"2021-11-16T14:40:14","date_gmt":"2021-11-16T18:40:14","guid":{"rendered":"https:\/\/www.pcyc.qc.ca\/?page_id=804"},"modified":"2025-10-13T13:24:58","modified_gmt":"2025-10-13T17:24:58","slug":"ecole-de-voile","status":"publish","type":"page","link":"https:\/\/www.pcyc.qc.ca\/fr\/ecole-de-voile\/","title":{"rendered":"\u00c9cole de voile"},"content":{"rendered":"\n<figure class=\"wp-block-table\"><table class=\"has-white-color has-text-color has-background\" style=\"background-color:#0a3e7e\"><tbody><tr><td class=\"has-text-align-center\" data-align=\"center\">Le but premier de notre \u00e9cole de voile est d\u2019apprendre et non d\u2019enseigner<\/td><\/tr><\/tbody><\/table><\/figure>\n\n\n\n<div style=\"height:36px\" aria-hidden=\"true\" class=\"wp-block-spacer\"><\/div>\n\n\n\n<div class=\"wp-block-media-text alignwide is-stacked-on-mobile\"><figure class=\"wp-block-media-text__media\"><img loading=\"lazy\" decoding=\"async\" width=\"1620\" height=\"1080\" src=\"https:\/\/www.pcyc.qc.ca\/wp-content\/uploads\/2025\/10\/grandson.jpg\" alt=\"\" class=\"wp-image-4619 size-full\" srcset=\"https:\/\/www.pcyc.qc.ca\/wp-content\/uploads\/2025\/10\/grandson.jpg 1620w, https:\/\/www.pcyc.qc.ca\/wp-content\/uploads\/2025\/10\/grandson-1536x1024.jpg 1536w, https:\/\/www.pcyc.qc.ca\/wp-content\/uploads\/2025\/10\/grandson-735x490.jpg 735w, https:\/\/www.pcyc.qc.ca\/wp-content\/uploads\/2025\/10\/grandson-360x240.jpg 360w\" sizes=\"auto, (max-width: 1620px) 100vw, 1620px\" \/><\/figure><div class=\"wp-block-media-text__content\">\n<p>Faire partie de l\u2019\u00e9cole de voile du YCPC, c\u2019est plus que des activit\u00e9s nautiques pour une journ\u00e9e, il s\u2019agit d\u2019une aventure de d\u00e9veloppement personnel et de croissance pour tous ceux franchissant les limites de notre club.<\/p>\n\n\n\n<p>Pour les jeunes qui d\u00e9couvrent pour la premi\u00e8re fois ce sport, c\u2019est la joie de profiter de la nature et d\u2019une nouvelle libert\u00e9 sur le lac Saint-Louis. C\u2019est la compr\u00e9hension de la dynamique du vent et de l\u2019eau combin\u00e9s pour faire bouger le bateau sur l\u2019eau dans la direction de leur choix. C\u2019est instaurer une confiance qu\u2019ils peuvent \u00eatre le capitaine de leur propre bateau\u2009!<\/p>\n\n\n\n<p>Pour ceux ayant un plus grand int\u00e9r\u00eat pour la voile, ils abordent des aspects plus complexes du sport afin de non seulement comprendre le vent et la m\u00e9t\u00e9o, mais aussi la mani\u00e8re de les manipuler pour que le bateau s\u2019oriente dans la direction voulue, avec confiance et ma\u00eetrise.<\/p>\n\n\n\n<p>Finalement, pour ceux qui sont tomb\u00e9s amoureux avec le sport, nous plongeons dans l\u2019aspect plus comp\u00e9titif pour former un navigateur complet. \u00c0 cette \u00e9tape, le navigateur d\u00e9veloppe un sens des responsabilit\u00e9s et s\u2019organise lui-m\u00eame sur une base macro en participant \u00e0 la cr\u00e9ation de son programme annuel qui comporte des activit\u00e9s acad\u00e9miques, des entra\u00eenements, des comp\u00e9titions et des engagements personnels et sur une base micro en se pr\u00e9parant pour ses entra\u00eenements journaliers, sa mise en forme et l\u2019entretien de son bateau.<\/p>\n\n\n\n<hr class=\"wp-block-separator has-text-color has-css-opacity has-background\" style=\"background-color:#d5dce1;color:#d5dce1\"\/>\n<\/div><\/div>\n\n\n\n<p class=\"has-text-align-center\">EN SAVOIR PLUS SUR NOS PROGRAMMES<\/p>\n\n\n\n<div class=\"wp-block-columns is-layout-flex wp-container-core-columns-is-layout-9d6595d7 wp-block-columns-is-layout-flex\">\n<div class=\"wp-block-column is-layout-flow wp-block-column-is-layout-flow\">\n<div class=\"wp-block-buttons is-layout-flex wp-block-buttons-is-layout-flex\">\n<div class=\"wp-block-button has-custom-width wp-block-button__width-100\"><a class=\"wp-block-button__link has-background has-small-font-size has-custom-font-size wp-element-button\" href=\"https:\/\/www.pcyc.qc.ca\/fr\/voile-junior\/\" style=\"border-radius:10px;background-color:#ee4d55\">Junior &#8211; Voile<\/a><\/div>\n<\/div>\n<\/div>\n\n\n\n<div class=\"wp-block-column is-layout-flow wp-block-column-is-layout-flow\">\n<div class=\"wp-block-buttons is-layout-flex wp-block-buttons-is-layout-flex\">\n<div class=\"wp-block-button has-custom-width wp-block-button__width-100\"><a class=\"wp-block-button__link has-background has-small-font-size has-custom-font-size wp-element-button\" href=\"https:\/\/www.pcyc.qc.ca\/fr\/equipe-de-course-junior\/\" style=\"border-radius:10px;background-color:#ee4d55\">Junior &#8211; \u00c9quipe de course<\/a><\/div>\n<\/div>\n<\/div>\n\n\n\n<div class=\"wp-block-column is-layout-flow wp-block-column-is-layout-flow\">\n<div class=\"wp-block-buttons is-layout-flex wp-block-buttons-is-layout-flex\">\n<div class=\"wp-block-button has-custom-width wp-block-button__width-100\"><a class=\"wp-block-button__link has-background has-small-font-size has-custom-font-size wp-element-button\" href=\"https:\/\/www.pcyc.qc.ca\/fr\/adulte-cours-de-deriveur\/\" style=\"border-radius:10px;background-color:#ee4d55\">Adulte &#8211; D\u00e9riveur<\/a><\/div>\n<\/div>\n<\/div>\n\n\n\n<div class=\"wp-block-column is-layout-flow wp-block-column-is-layout-flow\">\n<div class=\"wp-block-buttons is-layout-flex wp-block-buttons-is-layout-flex\">\n<div class=\"wp-block-button has-custom-width wp-block-button__width-100\"><a class=\"wp-block-button__link has-background has-small-font-size has-custom-font-size wp-element-button\" href=\"https:\/\/www.pcyc.qc.ca\/fr\/adulte-cours-de-quillard\/\" style=\"border-radius:10px;background-color:#ee4d55\">Adulte &#8211; Quillard<\/a><\/div>\n<\/div>\n<\/div>\n<\/div>\n\n\n\n<hr class=\"wp-block-separator has-text-color has-css-opacity has-background\" style=\"background-color:#d5dce1;color:#d5dce1\"\/>\n\n\n\n<p class=\"has-text-align-center\">LIENS UTILES<\/p>\n\n\n\n<div class=\"wp-block-buttons is-horizontal is-content-justification-center is-layout-flex wp-container-core-buttons-is-layout-499968f5 wp-block-buttons-is-layout-flex\">\n<div class=\"wp-block-button has-custom-width wp-block-button__width-100\"><a class=\"wp-block-button__link has-vivid-cyan-blue-background-color has-background has-small-font-size has-custom-font-size wp-element-button\" href=\"http:\/\/: https:\/\/www.pointe-claire.ca\/fr\/programme-daide-financiere\/\" style=\"border-radius:10px\" target=\"_blank\" rel=\"noreferrer noopener\">L&rsquo;aide financi\u00e8re de la Ville de Pointe-Claire<\/a><\/div>\n<\/div>\n\n\n\n<div class=\"wp-block-buttons is-horizontal is-content-justification-center is-layout-flex wp-container-core-buttons-is-layout-499968f5 wp-block-buttons-is-layout-flex\">\n<div class=\"wp-block-button has-custom-width wp-block-button__width-100\"><a class=\"wp-block-button__link has-vivid-red-background-color has-background has-small-font-size has-custom-font-size wp-element-button\" href=\"https:\/\/www.pcyc.qc.ca\/wp-content\/uploads\/2023\/05\/PARENTS-GUIDE-ENFR-2023.pdf\" style=\"border-radius:10px\" target=\"_blank\" rel=\"noreferrer noopener\"> Guide d&rsquo;information pour les parents (TAX INFO) <\/a><\/div>\n<\/div>\n\n\n\n<div class=\"wp-block-buttons is-layout-flex wp-block-buttons-is-layout-flex\">\n<div class=\"wp-block-button has-custom-width wp-block-button__width-100\"><a class=\"wp-block-button__link has-white-color has-vivid-red-background-color has-text-color has-background wp-element-button\" href=\"https:\/\/www.pcyc.qc.ca\/fr\/categories-de-membre\/\" style=\"border-radius:10px\" target=\"_blank\" rel=\"noreferrer noopener\">Adh\u00e9sion sociale \u00e0 prix r\u00e9duit pour les nouveaux parents&nbsp;! <\/a><\/div>\n<\/div>\n\n\n\n<p><\/p>\n","protected":false},"excerpt":{"rendered":"<p>Le but premier de notre \u00e9cole de voile est d\u2019apprendre et non d\u2019enseigner EN SAVOIR PLUS SUR NOS PROGRAMMES LIENS UTILES<\/p>\n","protected":false},"author":1,"featured_media":0,"parent":0,"menu_order":0,"comment_status":"closed","ping_status":"closed","template":"","meta":{"_acf_changed":false,"footnotes":""},"class_list":["post-804","page","type-page","status-publish","hentry"],"acf":[],"_links":{"self":[{"href":"https:\/\/www.pcyc.qc.ca\/fr\/wp-json\/wp\/v2\/pages\/804","targetHints":{"allow":["GET"]}}],"collection":[{"href":"https:\/\/www.pcyc.qc.ca\/fr\/wp-json\/wp\/v2\/pages"}],"about":[{"href":"https:\/\/www.pcyc.qc.ca\/fr\/wp-json\/wp\/v2\/types\/page"}],"author":[{"embeddable":true,"href":"https:\/\/www.pcyc.qc.ca\/fr\/wp-json\/wp\/v2\/users\/1"}],"replies":[{"embeddable":true,"href":"https:\/\/www.pcyc.qc.ca\/fr\/wp-json\/wp\/v2\/comments?post=804"}],"version-history":[{"count":0,"href":"https:\/\/www.pcyc.qc.ca\/fr\/wp-json\/wp\/v2\/pages\/804\/revisions"}],"wp:attachment":[{"href":"https:\/\/www.pcyc.qc.ca\/fr\/wp-json\/wp\/v2\/media?parent=804"}],"curies":[{"name":"wp","href":"https:\/\/api.w.org\/{rel}","templated":true}]}}