{"id":803,"date":"2021-11-16T14:38:52","date_gmt":"2021-11-16T18:38:52","guid":{"rendered":"https:\/\/www.pcyc.qc.ca\/?page_id=803"},"modified":"2022-03-04T12:48:50","modified_gmt":"2022-03-04T16:48:50","slug":"pavillon","status":"publish","type":"page","link":"https:\/\/www.pcyc.qc.ca\/fr\/pavillon\/","title":{"rendered":"Installations"},"content":{"rendered":"\n<p>Notre Club pr\u00e9sente d\u2019exceptionnelles installations de chantier et terrestres. Celles-ci comprennent\u00a0:<\/p>\n\n\n\n<ul class=\"wp-block-list\"><li>Vid\u00e9osurveillance en circuit ferm\u00e9, 24\/7<\/li><li>Bar et Salle \u00e0 manger<\/li><li>Douches et vestiaires<\/li><li>Salle de billard<\/li><li>Patio avec vues saisissantes<\/li><li>Stationement priv\u00e9 pour membres<\/li><li>Chantier pouvant accueillir jusqu&rsquo;\u00e0 150 bateaux<\/li><li>Palan de 50 pieds<\/li><li>Grue avec capacit\u00e9 de levage de 4000 livres<\/li><li>Grue mobile Broderson avec une capacit\u00e9 de levage de 7000 livres<\/li><li>R\u00e9servoir de r\u00e9tention et syst\u00e8me de vidange<\/li><li>2 rampes de mise \u00e0 l&rsquo;eau pour d\u00e9riveurs<\/li><li>15-amp services d&rsquo;\u00e9lectricit\u00e9 et d&rsquo;eau au quai.<\/li><\/ul>\n\n\n\n<p><a href=\"https:\/\/www.pcyc.qc.ca\/en\/harbour-plan\/\">Voir le plan portuaire<\/a><\/p>\n","protected":false},"excerpt":{"rendered":"<p>Notre Club pr\u00e9sente d\u2019exceptionnelles installations de chantier et terrestres. Celles-ci comprennent\u00a0: Vid\u00e9osurveillance en circuit ferm\u00e9, 24\/7 Bar et Salle \u00e0 manger Douches et vestiaires Salle de billard Patio avec vues saisissantes Stationement priv\u00e9 pour membres Chantier pouvant accueillir jusqu&rsquo;\u00e0 150 bateaux Palan de 50 pieds Grue avec capacit\u00e9 de levage de 4000 livres Grue mobile [&hellip;]<\/p>\n","protected":false},"author":1,"featured_media":0,"parent":0,"menu_order":0,"comment_status":"closed","ping_status":"closed","template":"","meta":{"_acf_changed":false,"footnotes":""},"class_list":["post-803","page","type-page","status-publish","hentry"],"acf":[],"_links":{"self":[{"href":"https:\/\/www.pcyc.qc.ca\/fr\/wp-json\/wp\/v2\/pages\/803","targetHints":{"allow":["GET"]}}],"collection":[{"href":"https:\/\/www.pcyc.qc.ca\/fr\/wp-json\/wp\/v2\/pages"}],"about":[{"href":"https:\/\/www.pcyc.qc.ca\/fr\/wp-json\/wp\/v2\/types\/page"}],"author":[{"embeddable":true,"href":"https:\/\/www.pcyc.qc.ca\/fr\/wp-json\/wp\/v2\/users\/1"}],"replies":[{"embeddable":true,"href":"https:\/\/www.pcyc.qc.ca\/fr\/wp-json\/wp\/v2\/comments?post=803"}],"version-history":[{"count":0,"href":"https:\/\/www.pcyc.qc.ca\/fr\/wp-json\/wp\/v2\/pages\/803\/revisions"}],"wp:attachment":[{"href":"https:\/\/www.pcyc.qc.ca\/fr\/wp-json\/wp\/v2\/media?parent=803"}],"curies":[{"name":"wp","href":"https:\/\/api.w.org\/{rel}","templated":true}]}}