{"id":801,"date":"2021-11-16T14:36:41","date_gmt":"2021-11-16T18:36:41","guid":{"rendered":"https:\/\/www.pcyc.qc.ca\/?page_id=801"},"modified":"2024-04-26T11:11:51","modified_gmt":"2024-04-26T15:11:51","slug":"politique-environnementale","status":"publish","type":"page","link":"https:\/\/www.pcyc.qc.ca\/fr\/politique-environnementale\/","title":{"rendered":"Politique environnementale"},"content":{"rendered":"\n<p>Le Yacht Club de Pointe-Claire et ses membres sont heureux de pouvoir acc\u00e9der au lac Saint-Louis et aux voies navigables qui y sont reli\u00e9es ainsi que d\u2019utiliser les terrains et les installations du Club pour pratiquer la voile, la navigation de plaisance et les activit\u00e9s r\u00e9cr\u00e9atives connexes. Cet acc\u00e8s s\u2019accompagne d\u2019une reconnaissance envers l\u2019importance et la n\u00e9cessit\u00e9 d\u2019une responsabilit\u00e9 et d\u2019une gestion environnementale permanente. Ceci a donn\u00e9 lieu en d\u00e9cembre 2019 \u00e0 la Politique environnementale suivante&nbsp;:<\/p>\n\n\n\n<blockquote class=\"wp-block-quote is-layout-flow wp-block-quote-is-layout-flow\"><p>Le YCPC s\u2019efforcera de prot\u00e9ger et am\u00e9liorer la qualit\u00e9 de l\u2019eau, des terres et de l\u2019air et entreprendra et soutiendra des initiatives pr\u00e9cises dans le but de contribuer \u00e0 la durabilit\u00e9 de l\u2019environnement et \u00e0 l\u2019att\u00e9nuation des changements climatiques.<\/p><\/blockquote>\n\n\n\n<p>Dans cette optique, le YCPC et les dirigeants du Comit\u00e9 ex\u00e9cutif s\u2019engagent \u00e0 mettre tout en \u0153uvre pour <strong><em>atteindre les objectifs suivants<\/em><\/strong>&nbsp;:<\/p>\n\n\n\n<ul class=\"wp-block-list\"><li>Instaurer et soutenir des initiatives pr\u00e9cises de protection et de durabilit\u00e9 de l\u2019environnement, incluant tous les aspects concernant les op\u00e9rations et les activit\u00e9s du Club\u2009<\/li><li>De soutenir un comit\u00e9 environnemental charg\u00e9 de planifier et instaurer des initiatives, de communiquer avec les membres et leur faire des rapports r\u00e9guliers<\/li><li>De faire en sorte que la sensibilisation et les actions en faveur de la durabilit\u00e9 de l\u2019environnement fassent partie int\u00e9grante de la culture du YCPC<\/li><li>D\u2019obtenir une certification environnementale d\u2019une organisation de plaisanciers comp\u00e9tente ainsi que d\u2019assurer une am\u00e9lioration continue par des auto-\u00e9valuations et des v\u00e9rifications environnementales lorsque n\u00e9cessaire<\/li><\/ul>\n\n\n\n<p class=\"has-medium-font-size\">Voici les cat\u00e9gories d&rsquo;initiatives vertes qui ont \u00e9t\u00e9 mise en effet:<\/p>\n\n\n\n<figure class=\"wp-block-table is-style-stripes\"><table><tbody><tr><td class=\"has-text-align-center\" data-align=\"center\">\u00c9limination de la mousse bleue La plupart des anciens quais du PCYC utilisent du polystyr\u00e8ne haute densit\u00e9 pour la flottabilit\u00e9. Au fil du temps, ceux-ci se d\u00e9t\u00e9riorent, des morceaux plus gros jonchant le rivage et des microplastiques plus petits entrant dans la cha\u00eene alimentaire. PCYC s&rsquo;est engag\u00e9 \u00e0 remplacer ces flotteurs \u00e0 mesure que les quais seront modernis\u00e9s.<\/td><td><img decoding=\"async\" src=\"https:\/\/www.pcyc.qc.ca\/wp-content\/uploads\/2023\/10\/Blue-Foam.png\" alt=\"This image has an empty alt attribute; its file name is Blue-Foam.png\" style=\"width: 250px;\"><\/td><\/tr><tr><td class=\"has-text-align-center\" data-align=\"center\">Repeuplement des oiseaux<br>D\u00e9sign\u00e9es comme esp\u00e8ces pr\u00e9occupantes par le Comit\u00e9 sur la situation des esp\u00e8ces en p\u00e9ril au Canada, les hirondelles rustiques peuvent \u00eatre fr\u00e9quemment vues en piqu\u00e9 autour du PCYC. Ayant pr\u00e9alablement \u00e9lu domicile dans la voilerie, le club exp\u00e9rimente des nichoirs install\u00e9s autour du b\u00e2timent principal.<\/td><td><img decoding=\"async\" src=\"https:\/\/www.pcyc.qc.ca\/wp-content\/uploads\/2023\/10\/Birds.png\" alt=\"This image has an empty alt attribute; its file name is Birds.png\" style=\"width: 250px;\"><\/td><\/tr><tr><td class=\"has-text-align-center\" data-align=\"center\">\u00c9limination des b\u00e2ches<br>Gr\u00e2ce \u00e0 des contacts locaux avec la communaut\u00e9 agricole, nous avons mis en place un programme de r\u00e9utilisation des vieilles b\u00e2ches. L&rsquo;initiative s&rsquo;av\u00e8re tr\u00e8s r\u00e9ussie et des travaux sont en cours pour s&rsquo;\u00e9ssayer au recyclage des mat\u00e9riaux d&#8217;emballage.<\/td><td> <img decoding=\"async\" src=\"https:\/\/lh7-us.googleusercontent.com\/nFptrORERTpQ1xq86eqnIi5QxptEfW78hRBBhGVN4tG5jXZIXnW1HL-FYlYMsvmCVeCHFuzDmkZ1poTtKv6jRH8aVwmrOlrGsUpsNCb0aBfACY8xFZAXM_MlaXc807k1F8KRmqlwK6nhRho=s2048\" style=\"width: 250px;\"> <\/td><\/tr><tr><td class=\"has-text-align-center\" data-align=\"center\">Plastique \u00e0 usage unique<br>Dans le but de r\u00e9duire les d\u00e9chets, l&rsquo;utilisation de plastiques \u00e0 usage unique a \u00e9t\u00e9 consid\u00e9rablement r\u00e9duite. L&rsquo;utilisation de bouteilles d&rsquo;eau r\u00e9utilisables est favoris\u00e9e avec l&rsquo;installation d&rsquo;une fontaine d&rsquo;eau r\u00e9frig\u00e9r\u00e9e sur la v\u00e9randa.<\/td><td><img decoding=\"async\" src=\"https:\/\/www.pcyc.qc.ca\/wp-content\/uploads\/2023\/10\/water-fountain-e1698771817415-226x300.jpg\" style=\"width: 250px;\"><\/td><\/tr><tr><td class=\"has-text-align-center\" data-align=\"center\">D\u00e9versement de carburant<br>Comprend des protocoles de pr\u00e9paration avant le lancement du bateau pour att\u00e9nuer la contamination&nbsp;; mat\u00e9riel et protocole de nettoyage des d\u00e9versements de carburant.<\/td><td><img decoding=\"async\" src=\"https:\/\/www.pcyc.qc.ca\/wp-content\/uploads\/2023\/10\/Fuel-Spill.jpg\" style=\"width: 250px;\"><\/td><\/tr><tr><td class=\"has-text-align-center\" data-align=\"center\">Remplacement du porte-v\u00e9los<br>Pour encourager les gens \u00e0 utiliser des modes de transport alternatifs, de nouveaux supports \u00e0 v\u00e9los ont \u00e9t\u00e9 acquis.<\/td><td><img decoding=\"async\" src=\"https:\/\/www.pcyc.qc.ca\/wp-content\/uploads\/2023\/10\/Bike-rack.jpg\" alt=\"\" style=\"width: 250px;\"><\/td><\/tr><tr><td class=\"has-text-align-center\" data-align=\"center\">La gestion des d\u00e9chets<br>Au sein du club, des initiatives ont \u00e9t\u00e9 mises en place pour accro\u00eetre le recyclage et le compostage des d\u00e9chets. Cet effort s&rsquo;est concentr\u00e9 sur la cuisine et l&rsquo;installation de stations de d\u00e9chets&nbsp; autour de la cour. <\/td><td> <img decoding=\"async\" src=\"https:\/\/lh7-us.googleusercontent.com\/TZK6E7wKaFl5AQMWrjzUTkJerHwm2bP9GEJCUDqC9jPCkCHUYTIIHidHQ31XOPWDCoZKm_VgQ9wDrChrjtHf6xHHsz_lrK7C_jjpwSfhB1UxpNOiW4Z1pUx-jHcNUCOUzlnPfWrEjj-P64Q=s2048\" style=\"width: 250px;\"> <\/td><\/tr><tr><td class=\"has-text-align-center\" data-align=\"center\">Course propre<br>Les MEILLEURES PRATIQUES de Clean Racing ont \u00e9t\u00e9 d\u00e9termin\u00e9es et sont incluses dans toutes les informations sur les avis de course du PCYC pour les courses et les r\u00e9gates.<br>Celles-ci s&rsquo;appliquent aux organisateurs, aux comit\u00e9s de course et aux coureurs.<\/td><td><img decoding=\"async\" src=\"https:\/\/www.pcyc.qc.ca\/wp-content\/uploads\/2023\/10\/20210715_093515.jpg\" style=\"width: 250px;\"><\/td><\/tr><tr><td class=\"has-text-align-center\" data-align=\"center\">Formation de voile junior<br>Des informations sur la SENSIBILISATION au changement climatique et \u00e0 la durabilit\u00e9 de l&rsquo;environnement et les MEILLEURES PRATIQUES du PCYC sont incluses dans les programmes de formation de voile junior du PCYC.<\/td><td><img decoding=\"async\" src=\"https:\/\/www.sailorsforthesea.org\/sites\/default\/files\/styles\/teaser_image\/public\/KELP-09_0.png?itok=5fXdJobg\" style=\"width: 250px;\"><\/td><\/tr><tr><td class=\"has-text-align-center\" data-align=\"center\">Sensibilisation et engagement des membres<br>Des \u00ab CONSEILS VERTS \u00bb et des informations environnementales li\u00e9es \u00e0 la mer sont envoy\u00e9s r\u00e9guli\u00e8rement \u00e0 nos adh\u00e9rents. Il existe \u00e9galement un TABLEAU D&rsquo;AVIS ext\u00e9rieur utilis\u00e9 pour mettre en \u00e9vidence des probl\u00e8mes environnementaux particuliers.<br>De plus, un bref rapport annuel VERT sur les progr\u00e8s environnementaux du Club chaque saison est fourni aux membres.<\/td><td><img decoding=\"async\" src=\"https:\/\/www.pcyc.qc.ca\/wp-content\/uploads\/2023\/11\/Dining-Room-1.jpg\" style=\"width: 250px;\"><\/td><\/tr><\/tbody><\/table><\/figure>\n","protected":false},"excerpt":{"rendered":"<p>Le Yacht Club de Pointe-Claire et ses membres sont heureux de pouvoir acc\u00e9der au lac Saint-Louis et aux voies navigables qui y sont reli\u00e9es ainsi que d\u2019utiliser les terrains et les installations du Club pour pratiquer la voile, la navigation de plaisance et les activit\u00e9s r\u00e9cr\u00e9atives connexes. Cet acc\u00e8s s\u2019accompagne d\u2019une reconnaissance envers l\u2019importance et [&hellip;]<\/p>\n","protected":false},"author":1,"featured_media":0,"parent":0,"menu_order":0,"comment_status":"closed","ping_status":"closed","template":"","meta":{"_acf_changed":false,"footnotes":""},"class_list":["post-801","page","type-page","status-publish","hentry"],"acf":[],"_links":{"self":[{"href":"https:\/\/www.pcyc.qc.ca\/fr\/wp-json\/wp\/v2\/pages\/801","targetHints":{"allow":["GET"]}}],"collection":[{"href":"https:\/\/www.pcyc.qc.ca\/fr\/wp-json\/wp\/v2\/pages"}],"about":[{"href":"https:\/\/www.pcyc.qc.ca\/fr\/wp-json\/wp\/v2\/types\/page"}],"author":[{"embeddable":true,"href":"https:\/\/www.pcyc.qc.ca\/fr\/wp-json\/wp\/v2\/users\/1"}],"replies":[{"embeddable":true,"href":"https:\/\/www.pcyc.qc.ca\/fr\/wp-json\/wp\/v2\/comments?post=801"}],"version-history":[{"count":0,"href":"https:\/\/www.pcyc.qc.ca\/fr\/wp-json\/wp\/v2\/pages\/801\/revisions"}],"wp:attachment":[{"href":"https:\/\/www.pcyc.qc.ca\/fr\/wp-json\/wp\/v2\/media?parent=801"}],"curies":[{"name":"wp","href":"https:\/\/api.w.org\/{rel}","templated":true}]}}