{"id":800,"date":"2021-11-16T14:35:29","date_gmt":"2021-11-16T18:35:29","guid":{"rendered":"https:\/\/www.pcyc.qc.ca\/?page_id=800"},"modified":"2024-06-14T15:18:21","modified_gmt":"2024-06-14T19:18:21","slug":"croisiere","status":"publish","type":"page","link":"https:\/\/www.pcyc.qc.ca\/fr\/croisiere\/","title":{"rendered":"Croisi\u00e8re"},"content":{"rendered":"\n<p>Chaque \u00e9t\u00e9 le YCPC organise des croisi\u00e8res. Effectuer des croisi\u00e8res avec d\u2019autres s\u2019av\u00e8re une activit\u00e9 tr\u00e8s agr\u00e9able, d\u00e9tendue et conviviale. Il s\u2019agit aussi d\u2019occasion pour faire des rencontres, se faire de nouveaux amis et partager la richesse des connaissances sur la navigation inh\u00e9rente au Club. De plus, cela vous permet de vous rendre \u00e0 des endroits auxquels vous n\u2019auriez peut-\u00eatre pas pens\u00e9, avec de l\u2019aide et des conseils jamais bien loin.<\/p>\n\n\n\n<p>Habituellement, quelques \u00e9v\u00e9nements durant de longues fins de semaine sont organis\u00e9s au cours de la saison. Les d\u00e9tails sur les croisi\u00e8res de la saison courante seront publi\u00e9s sur la page des \u00c9v\u00e9nements ainsi que sur le calendrier du Club au fur et \u00e0 mesure de leurs planifications.<\/p>\n\n\n\n<p>Des capitaines comp\u00e9tents, amicaux, volontaires et d\u00e9di\u00e9s sont les points de d\u00e9part de toutes les croisi\u00e8res organis\u00e9es.<\/p>\n\n\n\n<figure class=\"wp-block-gallery columns-4 is-cropped wp-block-gallery-1 is-layout-flex wp-block-gallery-is-layout-flex\"><ul class=\"blocks-gallery-grid\"><li class=\"blocks-gallery-item\"><figure><img loading=\"lazy\" decoding=\"async\" width=\"2400\" height=\"1602\" src=\"https:\/\/www.pcyc.qc.ca\/wp-content\/uploads\/2021\/11\/IMG_4909.jpg\" alt=\"\" data-id=\"426\" data-full-url=\"https:\/\/www.pcyc.qc.ca\/wp-content\/uploads\/2021\/11\/IMG_4909.jpg\" data-link=\"https:\/\/www.pcyc.qc.ca\/fr\/img_4909-2\/\" class=\"wp-image-426\" srcset=\"https:\/\/www.pcyc.qc.ca\/wp-content\/uploads\/2021\/11\/IMG_4909.jpg 2400w, https:\/\/www.pcyc.qc.ca\/wp-content\/uploads\/2021\/11\/IMG_4909-1536x1025.jpg 1536w, https:\/\/www.pcyc.qc.ca\/wp-content\/uploads\/2021\/11\/IMG_4909-2048x1367.jpg 2048w, https:\/\/www.pcyc.qc.ca\/wp-content\/uploads\/2021\/11\/IMG_4909-1900x1268.jpg 1900w, https:\/\/www.pcyc.qc.ca\/wp-content\/uploads\/2021\/11\/IMG_4909-735x491.jpg 735w, https:\/\/www.pcyc.qc.ca\/wp-content\/uploads\/2021\/11\/IMG_4909-360x240.jpg 360w, https:\/\/www.pcyc.qc.ca\/wp-content\/uploads\/2021\/11\/IMG_4909-944x630.jpg 944w\" sizes=\"auto, (max-width: 2400px) 100vw, 2400px\" \/><\/figure><\/li><li class=\"blocks-gallery-item\"><figure><img loading=\"lazy\" decoding=\"async\" width=\"1920\" height=\"2560\" src=\"https:\/\/www.pcyc.qc.ca\/wp-content\/uploads\/2021\/11\/IMG_4109-scaled.jpg\" alt=\"\" data-id=\"422\" data-full-url=\"https:\/\/www.pcyc.qc.ca\/wp-content\/uploads\/2021\/11\/IMG_4109-scaled.jpg\" data-link=\"https:\/\/www.pcyc.qc.ca\/fr\/img_4109-2\/\" class=\"wp-image-422\" srcset=\"https:\/\/www.pcyc.qc.ca\/wp-content\/uploads\/2021\/11\/IMG_4109-scaled.jpg 1920w, https:\/\/www.pcyc.qc.ca\/wp-content\/uploads\/2021\/11\/IMG_4109-1152x1536.jpg 1152w, https:\/\/www.pcyc.qc.ca\/wp-content\/uploads\/2021\/11\/IMG_4109-1536x2048.jpg 1536w, https:\/\/www.pcyc.qc.ca\/wp-content\/uploads\/2021\/11\/IMG_4109-1900x2533.jpg 1900w, https:\/\/www.pcyc.qc.ca\/wp-content\/uploads\/2021\/11\/IMG_4109-735x980.jpg 735w, https:\/\/www.pcyc.qc.ca\/wp-content\/uploads\/2021\/11\/IMG_4109-360x480.jpg 360w, https:\/\/www.pcyc.qc.ca\/wp-content\/uploads\/2021\/11\/IMG_4109-473x630.jpg 473w\" sizes=\"auto, (max-width: 1920px) 100vw, 1920px\" \/><\/figure><\/li><li class=\"blocks-gallery-item\"><figure><img loading=\"lazy\" decoding=\"async\" width=\"2400\" height=\"1350\" src=\"https:\/\/www.pcyc.qc.ca\/wp-content\/uploads\/2021\/11\/IMG_4105.jpg\" alt=\"\" data-id=\"420\" data-full-url=\"https:\/\/www.pcyc.qc.ca\/wp-content\/uploads\/2021\/11\/IMG_4105.jpg\" data-link=\"https:\/\/www.pcyc.qc.ca\/fr\/img_4105-2\/\" class=\"wp-image-420\" srcset=\"https:\/\/www.pcyc.qc.ca\/wp-content\/uploads\/2021\/11\/IMG_4105.jpg 2400w, https:\/\/www.pcyc.qc.ca\/wp-content\/uploads\/2021\/11\/IMG_4105-1536x864.jpg 1536w, https:\/\/www.pcyc.qc.ca\/wp-content\/uploads\/2021\/11\/IMG_4105-2048x1152.jpg 2048w, https:\/\/www.pcyc.qc.ca\/wp-content\/uploads\/2021\/11\/IMG_4105-1900x1069.jpg 1900w, https:\/\/www.pcyc.qc.ca\/wp-content\/uploads\/2021\/11\/IMG_4105-735x413.jpg 735w, https:\/\/www.pcyc.qc.ca\/wp-content\/uploads\/2021\/11\/IMG_4105-360x203.jpg 360w, https:\/\/www.pcyc.qc.ca\/wp-content\/uploads\/2021\/11\/IMG_4105-1120x630.jpg 1120w\" sizes=\"auto, (max-width: 2400px) 100vw, 2400px\" \/><\/figure><\/li><li class=\"blocks-gallery-item\"><figure><img loading=\"lazy\" decoding=\"async\" width=\"640\" height=\"360\" src=\"https:\/\/www.pcyc.qc.ca\/wp-content\/uploads\/2021\/11\/IMG_4174.jpg\" alt=\"\" data-id=\"424\" data-full-url=\"https:\/\/www.pcyc.qc.ca\/wp-content\/uploads\/2021\/11\/IMG_4174.jpg\" data-link=\"https:\/\/www.pcyc.qc.ca\/fr\/img_4174-2\/\" class=\"wp-image-424\" srcset=\"https:\/\/www.pcyc.qc.ca\/wp-content\/uploads\/2021\/11\/IMG_4174.jpg 640w, https:\/\/www.pcyc.qc.ca\/wp-content\/uploads\/2021\/11\/IMG_4174-360x203.jpg 360w\" sizes=\"auto, (max-width: 640px) 100vw, 640px\" \/><\/figure><\/li><\/ul><\/figure>\n\n\n\n<hr class=\"wp-block-separator has-text-color has-background has-black-background-color has-black-color\"\/>\n\n\n\n<h1 class=\"has-text-align-center wp-block-heading\"><strong>CROISI\u00c8RE CLAIRE DE LUNE<\/strong><\/h1>\n\n\n\n<p class=\"has-text-align-center\"><\/p>\n\n\n\n<div class=\"wp-block-buttons is-content-justification-center is-layout-flex wp-block-buttons-is-layout-flex\">\n<div class=\"wp-block-button\"><a class=\"wp-block-button__link has-vivid-cyan-blue-background-color has-background\" href=\"https:\/\/www.pcyc.qc.ca\/fr\/evenement\/croisiere-clair-de-lune\/\" style=\"border-radius:10px\">Page de l&rsquo;\u00e9v\u00e9nement cliquer ici<\/a><\/div>\n<\/div>\n\n\n\n<div class=\"wp-block-columns is-layout-flex wp-container-core-columns-is-layout-9d6595d7 wp-block-columns-is-layout-flex\">\n<div class=\"wp-block-column is-vertically-aligned-center is-layout-flow wp-block-column-is-layout-flow\">\n<figure class=\"wp-block-image size-full\"><img loading=\"lazy\" decoding=\"async\" width=\"1920\" height=\"1923\" src=\"https:\/\/www.pcyc.qc.ca\/wp-content\/uploads\/2024\/05\/moon-crz2.jpg\" alt=\"\" class=\"wp-image-3263\" srcset=\"https:\/\/www.pcyc.qc.ca\/wp-content\/uploads\/2024\/05\/moon-crz2.jpg 1920w, https:\/\/www.pcyc.qc.ca\/wp-content\/uploads\/2024\/05\/moon-crz2-150x150.jpg 150w, https:\/\/www.pcyc.qc.ca\/wp-content\/uploads\/2024\/05\/moon-crz2-1534x1536.jpg 1534w, https:\/\/www.pcyc.qc.ca\/wp-content\/uploads\/2024\/05\/moon-crz2-1900x1903.jpg 1900w, https:\/\/www.pcyc.qc.ca\/wp-content\/uploads\/2024\/05\/moon-crz2-735x736.jpg 735w, https:\/\/www.pcyc.qc.ca\/wp-content\/uploads\/2024\/05\/moon-crz2-360x361.jpg 360w\" sizes=\"auto, (max-width: 1920px) 100vw, 1920px\" \/><\/figure>\n<\/div>\n\n\n\n<div class=\"wp-block-column is-layout-flow wp-block-column-is-layout-flow\">\n<p class=\"has-text-align-center\">Naviguer la nuit est une exp\u00e9rience absolument magique que vous allez adorer. Si vous n\u2019avez jamais fait de croisi\u00e8re de nuit, alors vous ratez l\u2019une des exp\u00e9riences les plus f\u00e9\u00e9riques et bouleversantes qui soient. La qui\u00e9tude d\u2019un lac au clair de lune lors d\u2019une nuit sans nuage peut \u00eatre une aventure contemplative offrant l\u2019essence m\u00eame de la navigation pure.<\/p>\n\n\n\n<p class=\"has-text-align-center\">Le YCPC organise chaque \u00e9t\u00e9 des croisi\u00e8res sur le lac Saint-Louis \u00e0 la lueur de la pleine lune. Vous resterez sans voix sous le spectacle d\u2019un ciel d\u2019\u00e9toiles scintillantes et de la lune brillante. Ce magnifique \u00e9v\u00e9nement a lieu une fois par mois.<\/p>\n\n\n\n<p class=\"has-text-align-center\">Faire une croisi\u00e8re de nuit, c\u2019est exp\u00e9rimenter la joie spirituelle la plus intense qu\u2019offre la navigation.<\/p>\n<\/div>\n\n\n\n<div class=\"wp-block-column is-vertically-aligned-center is-layout-flow wp-block-column-is-layout-flow\">\n<figure class=\"wp-block-image size-full\"><img loading=\"lazy\" decoding=\"async\" width=\"2370\" height=\"2372\" src=\"https:\/\/www.pcyc.qc.ca\/wp-content\/uploads\/2024\/05\/moon-crz1.jpg\" alt=\"\" class=\"wp-image-3261\" srcset=\"https:\/\/www.pcyc.qc.ca\/wp-content\/uploads\/2024\/05\/moon-crz1.jpg 2370w, https:\/\/www.pcyc.qc.ca\/wp-content\/uploads\/2024\/05\/moon-crz1-150x150.jpg 150w, https:\/\/www.pcyc.qc.ca\/wp-content\/uploads\/2024\/05\/moon-crz1-1536x1536.jpg 1536w, https:\/\/www.pcyc.qc.ca\/wp-content\/uploads\/2024\/05\/moon-crz1-2046x2048.jpg 2046w, https:\/\/www.pcyc.qc.ca\/wp-content\/uploads\/2024\/05\/moon-crz1-1900x1902.jpg 1900w, https:\/\/www.pcyc.qc.ca\/wp-content\/uploads\/2024\/05\/moon-crz1-735x736.jpg 735w, https:\/\/www.pcyc.qc.ca\/wp-content\/uploads\/2024\/05\/moon-crz1-360x360.jpg 360w\" sizes=\"auto, (max-width: 2370px) 100vw, 2370px\" \/><\/figure>\n<\/div>\n<\/div>\n\n\n\n<div class=\"wp-block-buttons is-layout-flex wp-block-buttons-is-layout-flex\"><\/div>\n","protected":false},"excerpt":{"rendered":"<p>Chaque \u00e9t\u00e9 le YCPC organise des croisi\u00e8res. Effectuer des croisi\u00e8res avec d\u2019autres s\u2019av\u00e8re une activit\u00e9 tr\u00e8s agr\u00e9able, d\u00e9tendue et conviviale. Il s\u2019agit aussi d\u2019occasion pour faire des rencontres, se faire de nouveaux amis et partager la richesse des connaissances sur la navigation inh\u00e9rente au Club. De plus, cela vous permet de vous rendre \u00e0 des [&hellip;]<\/p>\n","protected":false},"author":1,"featured_media":0,"parent":0,"menu_order":0,"comment_status":"closed","ping_status":"closed","template":"","meta":{"_acf_changed":false,"footnotes":""},"class_list":["post-800","page","type-page","status-publish","hentry"],"acf":[],"_links":{"self":[{"href":"https:\/\/www.pcyc.qc.ca\/fr\/wp-json\/wp\/v2\/pages\/800","targetHints":{"allow":["GET"]}}],"collection":[{"href":"https:\/\/www.pcyc.qc.ca\/fr\/wp-json\/wp\/v2\/pages"}],"about":[{"href":"https:\/\/www.pcyc.qc.ca\/fr\/wp-json\/wp\/v2\/types\/page"}],"author":[{"embeddable":true,"href":"https:\/\/www.pcyc.qc.ca\/fr\/wp-json\/wp\/v2\/users\/1"}],"replies":[{"embeddable":true,"href":"https:\/\/www.pcyc.qc.ca\/fr\/wp-json\/wp\/v2\/comments?post=800"}],"version-history":[{"count":0,"href":"https:\/\/www.pcyc.qc.ca\/fr\/wp-json\/wp\/v2\/pages\/800\/revisions"}],"wp:attachment":[{"href":"https:\/\/www.pcyc.qc.ca\/fr\/wp-json\/wp\/v2\/media?parent=800"}],"curies":[{"name":"wp","href":"https:\/\/api.w.org\/{rel}","templated":true}]}}