{"id":8,"date":"2021-06-30T09:50:09","date_gmt":"2021-06-30T13:50:09","guid":{"rendered":"https:\/\/www.wpbase.test\/?page_id=8"},"modified":"2026-04-08T19:18:06","modified_gmt":"2026-04-08T23:18:06","slug":"page-accueil","status":"publish","type":"page","link":"https:\/\/www.pcyc.qc.ca\/fr\/","title":{"rendered":"Yacht Club de Pointe-Claire"},"content":{"rendered":"\n<div class=\"news-ticker\">\n  <div class=\"ticker-track\">\n    <div class=\"ticker-text\">\n      &nbsp;&nbsp;&nbsp;&nbsp;&nbsp;&nbsp;&nbsp;&nbsp;&nbsp;&nbsp;&nbsp;&nbsp;&nbsp;&nbsp;&nbsp;&nbsp;&nbsp;&nbsp;&nbsp;&nbsp;&nbsp;&nbsp;&nbsp;&nbsp;|&nbsp; \ud83d\udce2 La Coupe du Qu\u00e9bec J\/24 2026 arrive au YCPC ! &nbsp;|&nbsp; \ud83d\udcda  La saison 2026 est arriv\u00e9e \u2014 et notre acad\u00e9mie de voile est maintenant ouverte aux inscriptions !\n    <\/div>\n    <!-- Additional copies of the ticker-text for seamless scrolling -->\n    <div class=\"ticker-text\"> &nbsp;|&nbsp; \ud83d\udce2 La Coupe du Qu\u00e9bec J\/24 2026 arrive au YCPC ! &nbsp;|&nbsp; \ud83d\udcda  La saison 2026 est arriv\u00e9e \u2014 et notre acad\u00e9mie de voile est maintenant ouverte aux inscriptions !<\/div>\n    <div class=\"ticker-text\"> &nbsp;|&nbsp; \ud83d\udce2 La Coupe du Qu\u00e9bec J\/24 2026 arrive au YCPC ! &nbsp;|&nbsp; \ud83d\udcda  La saison 2026 est arriv\u00e9e \u2014 et notre acad\u00e9mie de voile est maintenant ouverte aux inscriptions !<\/div>\n  <\/div>\n<\/div>\n\n<style>\n.news-ticker {\n  overflow: hidden;\n  background-color: #000000;\n  padding: 12px 0;\n  position: relative;\n}\n\n.ticker-track {\n  display: flex;\n  width: max-content;\n  animation: scroll linear infinite;\n}\n\n.ticker-text {\n  white-space: nowrap;\n  font-size: 20px;\n  color: #ffffff;\n  font-family: Century Gothic;\n  padding-right: 25px; \/* space between repeats *\/\n}\n\n@keyframes scroll {\n  0% { transform: translateX(0); }\n  100% { transform: translateX(-100%); }\n}\n<\/style>\n\n<script>\n  \/\/ Duplicate the ticker text\n  const tickerTrack = document.querySelector('.ticker-track');\n  const tickerText = document.querySelector('.ticker-text');\n  \n  \/\/ Dynamically calculate the width and animation duration\n  window.onload = function() {\n    const textWidth = tickerText.scrollWidth;  \/\/ Width of one ticker text\n    const spaceWidth = 25;  \/\/ Space between the texts\n    const totalWidth = (textWidth + spaceWidth) * 3;  \/\/ Total width of three ticker texts + space\n\n    \/\/ Adjust the speed and duration\n    const speed = 100;  \/\/ Pixels per second (adjust to desired speed)\n    const duration = totalWidth \/ speed;  \/\/ Calculate duration based on total width\n\n    tickerTrack.style.animationDuration = `${duration}s`;  \/\/ Apply the calculated duration\n  };\n<\/script>\n\n\n\n    <div class=\"shortcode events\">\n      <h3>\u00c9v\u00e9nements \u00e0 venir<\/h3>\n      <hr class=\"title-sub-border\" \/>\n      \n<div class=\"simple-events\">\n                  <p class=\"event\">\n        <a href=\"https:\/\/www.pcyc.qc.ca\/fr\/evenement\/journee-ship-shape\/\" class=\"title\"><i class=\"fa fa-info-circle\" aria-hidden=\"true\"><\/i> Corv\u00e9e du Club<\/a>\n                  <span> - 25 Avril 2026<\/span>\n                  \n      <\/p>\n                <p class=\"event\">\n        <a href=\"https:\/\/www.pcyc.qc.ca\/fr\/evenement\/seminaires-regles-de-course\/\" class=\"title\"><i class=\"fa fa-info-circle\" aria-hidden=\"true\"><\/i> S\u00e9minaire: R\u00e8gles de course<\/a>\n                  <span> - 5 Mai 2026 \u00e0 19:00-21:00<\/span>\n                  \n      <\/p>\n                <p class=\"event\">\n        <a href=\"https:\/\/www.pcyc.qc.ca\/fr\/evenement\/mise-a-leau-2\/\" class=\"title\"><i class=\"fa fa-info-circle\" aria-hidden=\"true\"><\/i> Mise \u00e0 l'eau<\/a>\n                  <span> - 9 Mai 2026 \u00e0 07:30<\/span>\n                  \n      <\/p>\n                <p class=\"event\">\n        <a href=\"https:\/\/www.pcyc.qc.ca\/fr\/evenement\/souper-partage\/\" class=\"title\"><i class=\"fa fa-info-circle\" aria-hidden=\"true\"><\/i> Souper du mise \u00e0 l'eau<\/a>\n                  <span> - 9 Mai 2026 \u00e0 18:00<\/span>\n                  \n      <\/p>\n          <\/div>\n    <\/div>\n    \n\n\n\n<hr style=\"width:2.35in; margin:20px auto; border:none; border-top:4px solid red;\">\n\n\n\n<h1 class=\"wp-block-heading has-text-align-center\">R\u00e9gates sur l&rsquo;horizon<\/h1>\n\n\n\n<div class=\"wp-block-columns has-background is-layout-flex wp-container-core-columns-is-layout-9d6595d7 wp-block-columns-is-layout-flex\" style=\"background-color:#abb7c242\">\n<div class=\"wp-block-column is-vertically-aligned-bottom is-layout-flow wp-block-column-is-layout-flow\"><div class=\"wp-block-image\">\n<figure class=\"aligncenter size-full\"><a href=\"https:\/\/www.pcyc.qc.ca\/fr\/evenement\/coupe-maud\/\"><img loading=\"lazy\" decoding=\"async\" width=\"298\" height=\"282\" src=\"https:\/\/www.pcyc.qc.ca\/wp-content\/uploads\/2024\/06\/maud.jpg\" alt=\"\" class=\"wp-image-3461\"\/><\/a><\/figure><\/div>\n\n\n<p class=\"has-text-align-center\">20 juin<\/p>\n<\/div>\n\n\n\n<div class=\"wp-block-column is-vertically-aligned-bottom is-layout-flow wp-block-column-is-layout-flow\"><div class=\"wp-block-image\">\n<figure class=\"aligncenter size-full\"><a href=\"https:\/\/www.pcyc.qc.ca\/fr\/evenement\/fireball-canadians\/\"><img loading=\"lazy\" decoding=\"async\" width=\"291\" height=\"286\" src=\"https:\/\/www.pcyc.qc.ca\/wp-content\/uploads\/2026\/03\/fireball2026_logo.png\" alt=\"\" class=\"wp-image-4874\"\/><\/a><\/figure><\/div>\n\n\n<p class=\"has-text-align-center\">20-21 juin<\/p>\n<\/div>\n\n\n\n<div class=\"wp-block-column is-vertically-aligned-bottom is-layout-flow wp-block-column-is-layout-flow\"><div class=\"wp-block-image\">\n<figure class=\"aligncenter size-full\"><a href=\"https:\/\/www.pcyc.qc.ca\/fr\/evenement\/regate-try\/\"><img loading=\"lazy\" decoding=\"async\" width=\"1510\" height=\"1324\" src=\"https:\/\/www.pcyc.qc.ca\/wp-content\/uploads\/2026\/02\/TRY-logo-2026.jpg\" alt=\"\" class=\"wp-image-4821\" srcset=\"https:\/\/www.pcyc.qc.ca\/wp-content\/uploads\/2026\/02\/TRY-logo-2026.jpg 1510w, https:\/\/www.pcyc.qc.ca\/wp-content\/uploads\/2026\/02\/TRY-logo-2026-735x644.jpg 735w, https:\/\/www.pcyc.qc.ca\/wp-content\/uploads\/2026\/02\/TRY-logo-2026-360x316.jpg 360w\" sizes=\"auto, (max-width: 1510px) 100vw, 1510px\" \/><\/a><\/figure><\/div>\n\n\n<p class=\"has-text-align-center\">10-11-12 jul<\/p>\n<\/div>\n<\/div>\n","protected":false},"excerpt":{"rendered":"<p>&nbsp;&nbsp;&nbsp;&nbsp;&nbsp;&nbsp;&nbsp;&nbsp;&nbsp;&nbsp;&nbsp;&nbsp;&nbsp;&nbsp;&nbsp;&nbsp;&nbsp;&nbsp;&nbsp;&nbsp;&nbsp;&nbsp;&nbsp;&nbsp;|&nbsp; \ud83d\udce2 La Coupe du Qu\u00e9bec J\/24 2026 arrive au YCPC ! &nbsp;|&nbsp; \ud83d\udcda La saison 2026 est arriv\u00e9e \u2014 et notre acad\u00e9mie de voile est maintenant ouverte aux inscriptions ! &nbsp;|&nbsp; \ud83d\udce2 La Coupe du Qu\u00e9bec J\/24 2026 arrive au YCPC ! &nbsp;|&nbsp; \ud83d\udcda La saison 2026 est arriv\u00e9e \u2014 et notre acad\u00e9mie de [&hellip;]<\/p>\n","protected":false},"author":1,"featured_media":0,"parent":0,"menu_order":0,"comment_status":"closed","ping_status":"open","template":"","meta":{"_acf_changed":false,"footnotes":""},"class_list":["post-8","page","type-page","status-publish","hentry"],"acf":[],"_links":{"self":[{"href":"https:\/\/www.pcyc.qc.ca\/fr\/wp-json\/wp\/v2\/pages\/8","targetHints":{"allow":["GET"]}}],"collection":[{"href":"https:\/\/www.pcyc.qc.ca\/fr\/wp-json\/wp\/v2\/pages"}],"about":[{"href":"https:\/\/www.pcyc.qc.ca\/fr\/wp-json\/wp\/v2\/types\/page"}],"author":[{"embeddable":true,"href":"https:\/\/www.pcyc.qc.ca\/fr\/wp-json\/wp\/v2\/users\/1"}],"replies":[{"embeddable":true,"href":"https:\/\/www.pcyc.qc.ca\/fr\/wp-json\/wp\/v2\/comments?post=8"}],"version-history":[{"count":0,"href":"https:\/\/www.pcyc.qc.ca\/fr\/wp-json\/wp\/v2\/pages\/8\/revisions"}],"wp:attachment":[{"href":"https:\/\/www.pcyc.qc.ca\/fr\/wp-json\/wp\/v2\/media?parent=8"}],"curies":[{"name":"wp","href":"https:\/\/api.w.org\/{rel}","templated":true}]}}