{"id":793,"date":"2021-11-15T16:02:00","date_gmt":"2021-11-15T20:02:00","guid":{"rendered":"https:\/\/www.pcyc.qc.ca\/?page_id=793"},"modified":"2025-11-05T22:39:34","modified_gmt":"2025-11-06T02:39:34","slug":"bar-galere-cuisine","status":"publish","type":"page","link":"https:\/\/www.pcyc.qc.ca\/fr\/bar-galere-cuisine\/","title":{"rendered":"Bar, cuisine et salle \u00e0 manger"},"content":{"rendered":"\n<div class=\"wp-block-columns is-layout-flex wp-container-core-columns-is-layout-9d6595d7 wp-block-columns-is-layout-flex\">\n<div class=\"wp-block-column is-layout-flow wp-block-column-is-layout-flow\">\n<div id=\"footable_parent_2536\"\n         class=\" footable_parent ninja_table_wrapper loading_ninja_table wp_table_data_press_parent semantic_ui colored_table\">\n                    <h3 class=\"table_title footable_title\">HORAIRE - BAR<\/h3>\n                        <table data-ninja_table_instance=\"ninja_table_instance_0\" data-footable_id=\"2536\" data-filter-delay=\"1000\" aria-label=\"HORAIRE - BAR\"            id=\"footable_2536\"\n           data-unique_identifier=\"ninja_table_unique_id_1285688162_2536\"\n           class=\" foo-table ninja_footable foo_table_2536 ninja_table_unique_id_1285688162_2536 ui table  nt_type_legacy_table single line selectable celled compact vertical_centered ninja_custom_color inverted footable-paging-right ninjatable_hide_header_row ninja_table_search_disabled ninja_table_pro\">\n                <colgroup>\n                            <col class=\"ninja_column_0 \">\n                            <col class=\"ninja_column_1 \">\n                    <\/colgroup>\n        <thead>\n<tr class=\"footable-header\">\n                                        <th scope=\"col\"  class=\"ninja_column_0 ninja_clmn_nm_day \">DAY<\/th><th scope=\"col\"  class=\"ninja_column_1 ninja_clmn_nm_hours \">HOURS<\/th><\/tr>\n<\/thead>\n<tbody>\n\n        <tr data-row_id=\"93\" class=\"ninja_table_row_0 nt_row_id_93\">\n            <td>Lundi<\/td><td>Ferm\u00e9<\/td>        <\/tr>\n            <tr data-row_id=\"94\" class=\"ninja_table_row_1 nt_row_id_94\">\n            <td>Mardi<\/td><td>Ferm\u00e9<\/td>        <\/tr>\n            <tr data-row_id=\"95\" class=\"ninja_table_row_2 nt_row_id_95\">\n            <td>Mercredi<\/td><td>Ferm\u00e9<\/td>        <\/tr>\n            <tr data-row_id=\"96\" class=\"ninja_table_row_3 nt_row_id_96\">\n            <td>Jeudi<\/td><td>Ferm\u00e9<\/td>        <\/tr>\n            <tr data-row_id=\"97\" class=\"ninja_table_row_4 nt_row_id_97\">\n            <td>Vendredi<\/td><td>Ferm\u00e9<\/td>        <\/tr>\n            <tr data-row_id=\"98\" class=\"ninja_table_row_5 nt_row_id_98\">\n            <td>Samedi<\/td><td>Ferm\u00e9<\/td>        <\/tr>\n            <tr data-row_id=\"99\" class=\"ninja_table_row_6 nt_row_id_99\">\n            <td>Dimanche<\/td><td>Ferm\u00e9<\/td>        <\/tr>\n    <\/tbody><!--ninja_tobody_rendering_done-->\n    <\/table>\n    \n    \n    \n<\/div>\n\n<\/div>\n\n\n\n<div class=\"wp-block-column is-layout-flow wp-block-column-is-layout-flow\">\n<div id=\"footable_parent_2537\"\n         class=\" footable_parent ninja_table_wrapper loading_ninja_table wp_table_data_press_parent semantic_ui colored_table\">\n                    <h3 class=\"table_title footable_title\">HORAIRE - CUISINE<\/h3>\n                        <table data-ninja_table_instance=\"ninja_table_instance_1\" data-footable_id=\"2537\" data-filter-delay=\"1000\" aria-label=\"HORAIRE - CUISINE\"            id=\"footable_2537\"\n           data-unique_identifier=\"ninja_table_unique_id_1576775229_2537\"\n           class=\" foo-table ninja_footable foo_table_2537 ninja_table_unique_id_1576775229_2537 ui table  nt_type_legacy_table selectable celled compact vertical_centered ninja_custom_color inverted footable-paging-right ninjatable_hide_header_row ninja_table_search_disabled ninja_table_pro\">\n                <colgroup>\n                            <col class=\"ninja_column_0 \">\n                            <col class=\"ninja_column_1 \">\n                    <\/colgroup>\n        <thead>\n<tr class=\"footable-header\">\n                                        <th scope=\"col\"  class=\"ninja_column_0 ninja_clmn_nm_day \">DAY<\/th><th scope=\"col\"  class=\"ninja_column_1 ninja_clmn_nm_hours \">HOURS<\/th><\/tr>\n<\/thead>\n<tbody>\n\n        <tr data-row_id=\"100\" class=\"ninja_table_row_0 nt_row_id_100\">\n            <td>Lundi<\/td><td>Ferm\u00e9<\/td>        <\/tr>\n            <tr data-row_id=\"101\" class=\"ninja_table_row_1 nt_row_id_101\">\n            <td>Mardi<\/td><td>Ferm\u00e9<\/td>        <\/tr>\n            <tr data-row_id=\"102\" class=\"ninja_table_row_2 nt_row_id_102\">\n            <td>Mercredi<\/td><td>Ferm\u00e9<\/td>        <\/tr>\n            <tr data-row_id=\"103\" class=\"ninja_table_row_3 nt_row_id_103\">\n            <td>Jeudi<\/td><td>Ferm\u00e9<\/td>        <\/tr>\n            <tr data-row_id=\"104\" class=\"ninja_table_row_4 nt_row_id_104\">\n            <td>Vendredi<\/td><td>Ferm\u00e9<\/td>        <\/tr>\n            <tr data-row_id=\"105\" class=\"ninja_table_row_5 nt_row_id_105\">\n            <td>Samedi<\/td><td>Ferm\u00e9<\/td>        <\/tr>\n            <tr data-row_id=\"106\" class=\"ninja_table_row_6 nt_row_id_106\">\n            <td>Dimanche<\/td><td>Ferm\u00e9<\/td>        <\/tr>\n    <\/tbody><!--ninja_tobody_rendering_done-->\n    <\/table>\n    \n    \n    \n<\/div>\n\n<\/div>\n<\/div>\n\n\n\n<div class=\"wp-block-columns has-white-color has-text-color has-background is-layout-flex wp-container-core-columns-is-layout-9d6595d7 wp-block-columns-is-layout-flex\" style=\"background-color:#254d8b\">\n<div class=\"wp-block-column is-layout-flow wp-block-column-is-layout-flow\" style=\"flex-basis:66.66%\">\n<p>Une bonne table, un service amical et une vue \u00e0 couper le souffle, voil\u00e0 la combinaison in\u00e9galable qu\u2019offre le YCPC\u2009! Nos membres et leurs invit\u00e9s peuvent profiter du service hors pair au pavillon ou sur le patio tous les jours\u2009!<\/p>\n\n\n\n<p>Nous organisons \u00e9galement plusieurs d\u00eeners sp\u00e9ciaux le samedi soir tout au long de la saison. Ne ratez surtout pas notre souper au homard ou notre c\u00e9l\u00e8bre m\u00e9choui\u2009!<\/p>\n\n\n\n<figure class=\"wp-block-image size-full\"><img loading=\"lazy\" decoding=\"async\" width=\"925\" height=\"417\" src=\"https:\/\/www.pcyc.qc.ca\/wp-content\/uploads\/2024\/06\/Harbour-View.jpg\" alt=\"\" class=\"wp-image-3507\" srcset=\"https:\/\/www.pcyc.qc.ca\/wp-content\/uploads\/2024\/06\/Harbour-View.jpg 925w, https:\/\/www.pcyc.qc.ca\/wp-content\/uploads\/2024\/06\/Harbour-View-735x331.jpg 735w, https:\/\/www.pcyc.qc.ca\/wp-content\/uploads\/2024\/06\/Harbour-View-360x162.jpg 360w\" sizes=\"auto, (max-width: 925px) 100vw, 925px\" \/><\/figure>\n<\/div>\n\n\n\n<div class=\"wp-block-column is-layout-flow wp-block-column-is-layout-flow\" style=\"flex-basis:33.33%\">\n<figure class=\"wp-block-image size-full\"><img loading=\"lazy\" decoding=\"async\" width=\"640\" height=\"421\" src=\"https:\/\/www.pcyc.qc.ca\/wp-content\/uploads\/2024\/06\/burger3-1.jpg\" alt=\"\" class=\"wp-image-3525\" srcset=\"https:\/\/www.pcyc.qc.ca\/wp-content\/uploads\/2024\/06\/burger3-1.jpg 640w, https:\/\/www.pcyc.qc.ca\/wp-content\/uploads\/2024\/06\/burger3-1-360x237.jpg 360w\" sizes=\"auto, (max-width: 640px) 100vw, 640px\" \/><\/figure>\n\n\n\n<figure class=\"wp-block-image size-full\"><img loading=\"lazy\" decoding=\"async\" width=\"322\" height=\"251\" src=\"https:\/\/www.pcyc.qc.ca\/wp-content\/uploads\/2024\/06\/wine_and_beer-1.jpg\" alt=\"\" class=\"wp-image-3523\"\/><\/figure>\n<\/div>\n<\/div>\n\n\n\n<p class=\"has-text-align-center\"><strong>Veuillez consulter le <a href=\"https:\/\/www.pcyc.qc.ca\/fr\/calendrier\/\">calendrier<\/a> pour rester inform\u00e9 de tous nos \u00e9v\u00e9nements de repas<\/strong>.<\/p>\n\n\n\n<div class=\"wp-block-columns has-white-color has-text-color has-background is-layout-flex wp-container-core-columns-is-layout-9d6595d7 wp-block-columns-is-layout-flex\" style=\"background-color:#254d8b\">\n<div class=\"wp-block-column is-layout-flow wp-block-column-is-layout-flow\" style=\"flex-basis:66.66%\">\n<h2 class=\"wp-block-heading has-text-align-center\"><strong>Bienvenu \u00e0 notre SAC!<\/strong><\/h2>\n\n\n\n<h3 class=\"wp-block-heading\">Notre nouveau S\u00e9rvice Autonome de Collations (SAC) est d\u00e9sormais ouvert \u00e0 nos membres.<\/h3>\n\n\n\n<h3 class=\"wp-block-heading has-text-align-center\">Notre personnel de cuisine fera de son mieux pour garantir que de la nourriture fra\u00eeche et des boissons soient disponibles \u00e0 tout moment, que le bar et la cuisine soient ouverts ou non. <\/h3>\n\n\n\n<h3 class=\"wp-block-heading has-text-align-center\">Les membres y trouveront un assortiment de sandwichs, de salades et de boissons chaudes et froides.<\/h3>\n\n\n\n<h5 class=\"wp-block-heading has-text-align-center\"><strong>Les frais d&rsquo;achats seront trait\u00e9es \u00e0 l\u2019aide de bons situ\u00e9s \u00e0 cette station.<\/strong><\/h5>\n<\/div>\n\n\n\n<div class=\"wp-block-column is-layout-flow wp-block-column-is-layout-flow\" style=\"flex-basis:33.33%\">\n<figure class=\"wp-block-image size-full\"><img loading=\"lazy\" decoding=\"async\" width=\"1512\" height=\"2016\" src=\"https:\/\/www.pcyc.qc.ca\/wp-content\/uploads\/2024\/06\/Sandwich-corner-rotated.jpg\" alt=\"\" class=\"wp-image-3506\" srcset=\"https:\/\/www.pcyc.qc.ca\/wp-content\/uploads\/2024\/06\/Sandwich-corner-rotated.jpg 1512w, https:\/\/www.pcyc.qc.ca\/wp-content\/uploads\/2024\/06\/Sandwich-corner-1152x1536.jpg 1152w, https:\/\/www.pcyc.qc.ca\/wp-content\/uploads\/2024\/06\/Sandwich-corner-735x980.jpg 735w, https:\/\/www.pcyc.qc.ca\/wp-content\/uploads\/2024\/06\/Sandwich-corner-360x480.jpg 360w\" sizes=\"auto, (max-width: 1512px) 100vw, 1512px\" \/><\/figure>\n<\/div>\n<\/div>\n\n\n\n<p class=\"has-text-align-center\"><\/p>\n\n\n\n<p class=\"has-text-align-center\"><\/p>\n","protected":false},"excerpt":{"rendered":"<p>Une bonne table, un service amical et une vue \u00e0 couper le souffle, voil\u00e0 la combinaison in\u00e9galable qu\u2019offre le YCPC\u2009! Nos membres et leurs invit\u00e9s peuvent profiter du service hors pair au pavillon ou sur le patio tous les jours\u2009! Nous organisons \u00e9galement plusieurs d\u00eeners sp\u00e9ciaux le samedi soir tout au long de la saison. [&hellip;]<\/p>\n","protected":false},"author":1,"featured_media":0,"parent":0,"menu_order":0,"comment_status":"closed","ping_status":"closed","template":"","meta":{"_acf_changed":false,"footnotes":""},"class_list":["post-793","page","type-page","status-publish","hentry"],"acf":[],"_links":{"self":[{"href":"https:\/\/www.pcyc.qc.ca\/fr\/wp-json\/wp\/v2\/pages\/793","targetHints":{"allow":["GET"]}}],"collection":[{"href":"https:\/\/www.pcyc.qc.ca\/fr\/wp-json\/wp\/v2\/pages"}],"about":[{"href":"https:\/\/www.pcyc.qc.ca\/fr\/wp-json\/wp\/v2\/types\/page"}],"author":[{"embeddable":true,"href":"https:\/\/www.pcyc.qc.ca\/fr\/wp-json\/wp\/v2\/users\/1"}],"replies":[{"embeddable":true,"href":"https:\/\/www.pcyc.qc.ca\/fr\/wp-json\/wp\/v2\/comments?post=793"}],"version-history":[{"count":0,"href":"https:\/\/www.pcyc.qc.ca\/fr\/wp-json\/wp\/v2\/pages\/793\/revisions"}],"wp:attachment":[{"href":"https:\/\/www.pcyc.qc.ca\/fr\/wp-json\/wp\/v2\/media?parent=793"}],"curies":[{"name":"wp","href":"https:\/\/api.w.org\/{rel}","templated":true}]}}