{"id":792,"date":"2021-11-15T15:56:56","date_gmt":"2021-11-15T19:56:56","guid":{"rendered":"https:\/\/www.pcyc.qc.ca\/?page_id=792"},"modified":"2023-01-16T12:34:48","modified_gmt":"2023-01-16T16:34:48","slug":"aqva","status":"publish","type":"page","link":"https:\/\/www.pcyc.qc.ca\/fr\/aqva\/","title":{"rendered":"AQVA"},"content":{"rendered":"\n<figure class=\"wp-block-gallery columns-5 is-cropped wp-block-gallery-1 is-layout-flex wp-block-gallery-is-layout-flex\"><ul class=\"blocks-gallery-grid\"><li class=\"blocks-gallery-item\"><figure><img loading=\"lazy\" decoding=\"async\" width=\"1238\" height=\"430\" src=\"https:\/\/www.pcyc.qc.ca\/wp-content\/uploads\/2021\/11\/AQVA_gallery2.jpg\" alt=\"\" data-id=\"648\" data-full-url=\"https:\/\/www.pcyc.qc.ca\/wp-content\/uploads\/2021\/11\/AQVA_gallery2.jpg\" data-link=\"https:\/\/www.pcyc.qc.ca\/fr\/aqva_gallery2-2\/\" class=\"wp-image-648\" srcset=\"https:\/\/www.pcyc.qc.ca\/wp-content\/uploads\/2021\/11\/AQVA_gallery2.jpg 1238w, https:\/\/www.pcyc.qc.ca\/wp-content\/uploads\/2021\/11\/AQVA_gallery2-735x255.jpg 735w, https:\/\/www.pcyc.qc.ca\/wp-content\/uploads\/2021\/11\/AQVA_gallery2-360x125.jpg 360w, https:\/\/www.pcyc.qc.ca\/wp-content\/uploads\/2021\/11\/AQVA_gallery2-1200x417.jpg 1200w\" sizes=\"auto, (max-width: 1238px) 100vw, 1238px\" \/><\/figure><\/li><li class=\"blocks-gallery-item\"><figure><img loading=\"lazy\" decoding=\"async\" width=\"990\" height=\"349\" src=\"https:\/\/www.pcyc.qc.ca\/wp-content\/uploads\/2021\/11\/AQVA_gallery1.jpg\" alt=\"\" data-id=\"650\" data-full-url=\"https:\/\/www.pcyc.qc.ca\/wp-content\/uploads\/2021\/11\/AQVA_gallery1.jpg\" data-link=\"https:\/\/www.pcyc.qc.ca\/fr\/aqva_gallery1-2\/\" class=\"wp-image-650\" srcset=\"https:\/\/www.pcyc.qc.ca\/wp-content\/uploads\/2021\/11\/AQVA_gallery1.jpg 990w, https:\/\/www.pcyc.qc.ca\/wp-content\/uploads\/2021\/11\/AQVA_gallery1-735x259.jpg 735w, https:\/\/www.pcyc.qc.ca\/wp-content\/uploads\/2021\/11\/AQVA_gallery1-360x127.jpg 360w\" sizes=\"auto, (max-width: 990px) 100vw, 990px\" \/><\/figure><\/li><li class=\"blocks-gallery-item\"><figure><img loading=\"lazy\" decoding=\"async\" width=\"853\" height=\"729\" src=\"https:\/\/www.pcyc.qc.ca\/wp-content\/uploads\/2023\/01\/Logo-no-text-AQVA-2023-1.png\" alt=\"\" data-id=\"1824\" data-full-url=\"https:\/\/www.pcyc.qc.ca\/wp-content\/uploads\/2023\/01\/Logo-no-text-AQVA-2023-1.png\" data-link=\"https:\/\/www.pcyc.qc.ca\/aqva\/logo-no-text-aqva-2023-1\/\" class=\"wp-image-1824\" srcset=\"https:\/\/www.pcyc.qc.ca\/wp-content\/uploads\/2023\/01\/Logo-no-text-AQVA-2023-1.png 853w, https:\/\/www.pcyc.qc.ca\/wp-content\/uploads\/2023\/01\/Logo-no-text-AQVA-2023-1-735x628.png 735w, https:\/\/www.pcyc.qc.ca\/wp-content\/uploads\/2023\/01\/Logo-no-text-AQVA-2023-1-360x308.png 360w\" sizes=\"auto, (max-width: 853px) 100vw, 853px\" \/><\/figure><\/li><li class=\"blocks-gallery-item\"><figure><img loading=\"lazy\" decoding=\"async\" width=\"1280\" height=\"771\" src=\"https:\/\/www.pcyc.qc.ca\/wp-content\/uploads\/2021\/11\/boat.jpg\" alt=\"\" data-id=\"509\" data-full-url=\"https:\/\/www.pcyc.qc.ca\/wp-content\/uploads\/2021\/11\/boat.jpg\" data-link=\"https:\/\/www.pcyc.qc.ca\/fr\/boat-2\/\" class=\"wp-image-509\" srcset=\"https:\/\/www.pcyc.qc.ca\/wp-content\/uploads\/2021\/11\/boat.jpg 1280w, https:\/\/www.pcyc.qc.ca\/wp-content\/uploads\/2021\/11\/boat-735x443.jpg 735w, https:\/\/www.pcyc.qc.ca\/wp-content\/uploads\/2021\/11\/boat-360x217.jpg 360w, https:\/\/www.pcyc.qc.ca\/wp-content\/uploads\/2021\/11\/boat-1046x630.jpg 1046w\" sizes=\"auto, (max-width: 1280px) 100vw, 1280px\" \/><\/figure><\/li><li class=\"blocks-gallery-item\"><figure><img loading=\"lazy\" decoding=\"async\" width=\"1920\" height=\"1080\" src=\"https:\/\/www.pcyc.qc.ca\/wp-content\/uploads\/2021\/11\/wheelchair.jpg\" alt=\"\" data-id=\"511\" data-full-url=\"https:\/\/www.pcyc.qc.ca\/wp-content\/uploads\/2021\/11\/wheelchair.jpg\" data-link=\"https:\/\/www.pcyc.qc.ca\/fr\/wheelchair-2\/\" class=\"wp-image-511\" srcset=\"https:\/\/www.pcyc.qc.ca\/wp-content\/uploads\/2021\/11\/wheelchair.jpg 1920w, https:\/\/www.pcyc.qc.ca\/wp-content\/uploads\/2021\/11\/wheelchair-1536x864.jpg 1536w, https:\/\/www.pcyc.qc.ca\/wp-content\/uploads\/2021\/11\/wheelchair-1900x1069.jpg 1900w, https:\/\/www.pcyc.qc.ca\/wp-content\/uploads\/2021\/11\/wheelchair-735x413.jpg 735w, https:\/\/www.pcyc.qc.ca\/wp-content\/uploads\/2021\/11\/wheelchair-360x203.jpg 360w, https:\/\/www.pcyc.qc.ca\/wp-content\/uploads\/2021\/11\/wheelchair-1120x630.jpg 1120w\" sizes=\"auto, (max-width: 1920px) 100vw, 1920px\" \/><\/figure><\/li><\/ul><\/figure>\n\n\n\n<p>Le Yacht Club de Pointe-Claire est fier d\u2019accueillir l\u2019<strong>AQVA <\/strong>(Association qu\u00e9b\u00e9coise de voile adapt\u00e9e). L\u2019AQVA offre aux enfants et aux adultes \u00e0 mobilit\u00e9s r\u00e9duites la possibilit\u00e9 de laisser leur fauteuil roulant ou leur appareil de marche sur le quai pour d\u00e9couvrir les joies de la voile \u00e0 bord d\u2019un voilier adapt\u00e9 \u00e0 leurs besoins.<\/p>\n\n\n\n<p>Des programmes de navigation de plaisance, \u00e9ducative ou comp\u00e9titive sont offerts pour les adultes et les enfants de 10&nbsp;ans et plus. Des sorties de groupe peuvent aussi \u00eatre organis\u00e9es.<\/p>\n\n\n\n<p>Visitez le site web de l&rsquo;AQVA pour plus de d\u00e9tails:&nbsp;&nbsp;<strong><a href=\"https:\/\/aqva.org\/\" target=\"_blank\" rel=\"noreferrer noopener nofollow\">https:\/\/aqva.org\/<\/a><\/strong><\/p>\n","protected":false},"excerpt":{"rendered":"<p>Le Yacht Club de Pointe-Claire est fier d\u2019accueillir l\u2019AQVA (Association qu\u00e9b\u00e9coise de voile adapt\u00e9e). L\u2019AQVA offre aux enfants et aux adultes \u00e0 mobilit\u00e9s r\u00e9duites la possibilit\u00e9 de laisser leur fauteuil roulant ou leur appareil de marche sur le quai pour d\u00e9couvrir les joies de la voile \u00e0 bord d\u2019un voilier adapt\u00e9 \u00e0 leurs besoins. Des [&hellip;]<\/p>\n","protected":false},"author":1,"featured_media":0,"parent":0,"menu_order":0,"comment_status":"closed","ping_status":"closed","template":"","meta":{"_acf_changed":false,"footnotes":""},"class_list":["post-792","page","type-page","status-publish","hentry"],"acf":[],"_links":{"self":[{"href":"https:\/\/www.pcyc.qc.ca\/fr\/wp-json\/wp\/v2\/pages\/792","targetHints":{"allow":["GET"]}}],"collection":[{"href":"https:\/\/www.pcyc.qc.ca\/fr\/wp-json\/wp\/v2\/pages"}],"about":[{"href":"https:\/\/www.pcyc.qc.ca\/fr\/wp-json\/wp\/v2\/types\/page"}],"author":[{"embeddable":true,"href":"https:\/\/www.pcyc.qc.ca\/fr\/wp-json\/wp\/v2\/users\/1"}],"replies":[{"embeddable":true,"href":"https:\/\/www.pcyc.qc.ca\/fr\/wp-json\/wp\/v2\/comments?post=792"}],"version-history":[{"count":0,"href":"https:\/\/www.pcyc.qc.ca\/fr\/wp-json\/wp\/v2\/pages\/792\/revisions"}],"wp:attachment":[{"href":"https:\/\/www.pcyc.qc.ca\/fr\/wp-json\/wp\/v2\/media?parent=792"}],"curies":[{"name":"wp","href":"https:\/\/api.w.org\/{rel}","templated":true}]}}