{"id":791,"date":"2021-11-15T15:55:06","date_gmt":"2021-11-15T19:55:06","guid":{"rendered":"https:\/\/www.pcyc.qc.ca\/?page_id=791"},"modified":"2023-04-12T10:27:14","modified_gmt":"2023-04-12T14:27:14","slug":"adulte-cours-de-quillard","status":"publish","type":"page","link":"https:\/\/www.pcyc.qc.ca\/fr\/adulte-cours-de-quillard\/","title":{"rendered":"Adulte &#8211; Cours de quillard"},"content":{"rendered":"\n<p>Vous souhaitez rester actif et en bonne forme\u2009? Oubliez le gym\u2009! La voile est un sport unique puisqu\u2019il permet \u00e0 des gens de tous les \u00e2ges de participer, m\u00eame \u00e0 un niveau comp\u00e9titif\u2009! Ceci \u00e9tant dit, l\u2019\u00e9cole de voile du Yacht Club de Pointe-Claire encourage le d\u00e9veloppement des navigateurs adultes par le biais de ses cours de groupe ou priv\u00e9s. Plusieurs anciens \u00e9l\u00e8ves font l\u2019acquisition de leur propre bateau afin de profiter des joies de la voile avec leur famille et leurs amis. Tous ces cours sont donn\u00e9s sur un quillard Tanzer&nbsp;22 ou Shark 24 par des instructeurs certifi\u00e9s par Voile Canada. Les participants d\u00e9montrant les comp\u00e9tences ad\u00e9quates pourraient se voir attribuer les niveaux de Voile Canada<\/p>\n","protected":false},"excerpt":{"rendered":"<p>Vous souhaitez rester actif et en bonne forme\u2009? Oubliez le gym\u2009! La voile est un sport unique puisqu\u2019il permet \u00e0 des gens de tous les \u00e2ges de participer, m\u00eame \u00e0 un niveau comp\u00e9titif\u2009! Ceci \u00e9tant dit, l\u2019\u00e9cole de voile du Yacht Club de Pointe-Claire encourage le d\u00e9veloppement des navigateurs adultes par le biais de ses [&hellip;]<\/p>\n","protected":false},"author":1,"featured_media":0,"parent":0,"menu_order":0,"comment_status":"closed","ping_status":"closed","template":"","meta":{"_acf_changed":false,"footnotes":""},"class_list":["post-791","page","type-page","status-publish","hentry"],"acf":[],"_links":{"self":[{"href":"https:\/\/www.pcyc.qc.ca\/fr\/wp-json\/wp\/v2\/pages\/791","targetHints":{"allow":["GET"]}}],"collection":[{"href":"https:\/\/www.pcyc.qc.ca\/fr\/wp-json\/wp\/v2\/pages"}],"about":[{"href":"https:\/\/www.pcyc.qc.ca\/fr\/wp-json\/wp\/v2\/types\/page"}],"author":[{"embeddable":true,"href":"https:\/\/www.pcyc.qc.ca\/fr\/wp-json\/wp\/v2\/users\/1"}],"replies":[{"embeddable":true,"href":"https:\/\/www.pcyc.qc.ca\/fr\/wp-json\/wp\/v2\/comments?post=791"}],"version-history":[{"count":0,"href":"https:\/\/www.pcyc.qc.ca\/fr\/wp-json\/wp\/v2\/pages\/791\/revisions"}],"wp:attachment":[{"href":"https:\/\/www.pcyc.qc.ca\/fr\/wp-json\/wp\/v2\/media?parent=791"}],"curies":[{"name":"wp","href":"https:\/\/api.w.org\/{rel}","templated":true}]}}