{"id":790,"date":"2021-11-15T15:47:29","date_gmt":"2021-11-15T19:47:29","guid":{"rendered":"https:\/\/www.pcyc.qc.ca\/?page_id=790"},"modified":"2023-03-06T16:45:12","modified_gmt":"2023-03-06T20:45:12","slug":"adulte-cours-de-deriveur","status":"publish","type":"page","link":"https:\/\/www.pcyc.qc.ca\/fr\/adulte-cours-de-deriveur\/","title":{"rendered":"Adulte &#8211; Cours de d\u00e9riveur"},"content":{"rendered":"\n<p>Vous souhaitez rester actif et en bonne forme\u2009? Oubliez le gym\u2009! La voile est un sport unique puisqu\u2019il permet \u00e0 des gens de tous les \u00e2ges de participer, m\u00eame \u00e0 un niveau comp\u00e9titif\u2009! Ceci \u00e9tant dit, l\u2019\u00e9cole de voile du Yacht Club de Pointe-Claire encourage le d\u00e9veloppement des navigateurs adultes par le biais de ses cours de groupe ou priv\u00e9s. Le YCPC offre des le\u00e7ons de d\u00e9riveurs pour ceux d\u00e9sirant une exp\u00e9rience plus dynamique et active sur un voilier. Les cours sont donn\u00e9s sur des d\u00e9riveurs Collegiate Club&nbsp;420 et des d\u00e9riveurs Flying Junior par nos instructeurs certifi\u00e9s par Voile Canada.<\/p>\n\n\n\n<p><\/p>\n","protected":false},"excerpt":{"rendered":"<p>Vous souhaitez rester actif et en bonne forme\u2009? Oubliez le gym\u2009! La voile est un sport unique puisqu\u2019il permet \u00e0 des gens de tous les \u00e2ges de participer, m\u00eame \u00e0 un niveau comp\u00e9titif\u2009! Ceci \u00e9tant dit, l\u2019\u00e9cole de voile du Yacht Club de Pointe-Claire encourage le d\u00e9veloppement des navigateurs adultes par le biais de ses [&hellip;]<\/p>\n","protected":false},"author":1,"featured_media":0,"parent":0,"menu_order":0,"comment_status":"closed","ping_status":"closed","template":"","meta":{"_acf_changed":false,"footnotes":""},"class_list":["post-790","page","type-page","status-publish","hentry"],"acf":[],"_links":{"self":[{"href":"https:\/\/www.pcyc.qc.ca\/fr\/wp-json\/wp\/v2\/pages\/790","targetHints":{"allow":["GET"]}}],"collection":[{"href":"https:\/\/www.pcyc.qc.ca\/fr\/wp-json\/wp\/v2\/pages"}],"about":[{"href":"https:\/\/www.pcyc.qc.ca\/fr\/wp-json\/wp\/v2\/types\/page"}],"author":[{"embeddable":true,"href":"https:\/\/www.pcyc.qc.ca\/fr\/wp-json\/wp\/v2\/users\/1"}],"replies":[{"embeddable":true,"href":"https:\/\/www.pcyc.qc.ca\/fr\/wp-json\/wp\/v2\/comments?post=790"}],"version-history":[{"count":0,"href":"https:\/\/www.pcyc.qc.ca\/fr\/wp-json\/wp\/v2\/pages\/790\/revisions"}],"wp:attachment":[{"href":"https:\/\/www.pcyc.qc.ca\/fr\/wp-json\/wp\/v2\/media?parent=790"}],"curies":[{"name":"wp","href":"https:\/\/api.w.org\/{rel}","templated":true}]}}