{"id":700,"date":"2021-11-15T15:08:39","date_gmt":"2021-11-15T19:08:39","guid":{"rendered":"https:\/\/www.pcyc.qc.ca\/?page_id=700"},"modified":"2026-02-04T08:38:52","modified_gmt":"2026-02-04T12:38:52","slug":"a-propos-de-nous","status":"publish","type":"page","link":"https:\/\/www.pcyc.qc.ca\/fr\/a-propos-de-nous\/","title":{"rendered":"\u00c0 Propos de nous"},"content":{"rendered":"\n<p>Le Yacht Club de Pointe-Claire se trouve quelque peu en retrait du pittoresque village de Pointe-Claire. Au fil du temps, le Club a \u00e9volu\u00e9 d\u2019un petit rassemblement de navigateurs de plaisance enthousiastes en 1879, \u00e0 une marina de renomm\u00e9e mondiale.<\/p>\n\n\n\n<h2 class=\"wp-block-heading\">Notre mission<\/h2>\n\n\n\n<p>La mission du YCPC est d\u2019insuffler une passion durable pour tous les aspects de la navigation.<\/p>\n\n\n\n<h2 class=\"wp-block-heading\">Nos valeurs<\/h2>\n\n\n\n<ul class=\"wp-block-list\">\n<li>Promouvoir le soutien et la formation des jeunes<\/li>\n\n\n\n<li>La participation des familles aux activit\u00e9s du Club<\/li>\n\n\n\n<li>La transmission de l\u2019excellence dans les courses<\/li>\n\n\n\n<li>Une comp\u00e9tition amicale<\/li>\n\n\n\n<li>Des pratiques s\u00e9curitaires<\/li>\n\n\n\n<li>La pr\u00e9servation du milieu naturel<\/li>\n\n\n\n<li>Offrir une panoplie d\u2019activit\u00e9s sociales \u00e0 nos membres<\/li>\n<\/ul>\n\n\n\n<h2 class=\"wp-block-heading\">Devenir membre<\/h2>\n\n\n\n<p>Le Yacht Club de Pointe-Claire propose divers types d\u2019adh\u00e9sions, des installations magnifiques et un vaste choix d\u2019activit\u00e9s pour toute la famille. Nos membres proviennent de tous les horizons, unis par la passion de la navigation et go\u00fbtent \u00e0 des amiti\u00e9s qui tr\u00e8s souvent durent toute la vie. Ainsi, que vous poss\u00e9diez un bateau ou non, \u00eatre membre vous permet de b\u00e9n\u00e9ficier de tout ce que le Club offre.<\/p>\n\n\n\n<p>Tous les niveaux d\u2019exp\u00e9riences en navigation sont les bienvenues. Cela se refl\u00e8te bien dans notre programme de navigation o\u00f9 le simple plaisir de naviguer c\u00f4toie celui de courser en r\u00e9gates. Apr\u00e8s la plupart des sorties, nos membres se retrouvent pour prendre un verre en toute amiti\u00e9 et partager leurs exp\u00e9riences de navigation du jour.<\/p>\n\n\n\n<h2 class=\"wp-block-heading\">Emplacement<\/h2>\n\n\n\n<p>Le YCPC jouit d\u2019un emplacement r\u00eav\u00e9 sur le lac Saint-Louis et est nich\u00e9 dans le village de Pointe-Claire \u00e0 quelques pas de charmantes boutiques et de restaurants.<\/p>\n\n\n\n<h2 class=\"wp-block-heading\">Courses<\/h2>\n\n\n\n<p>Nous encourageons, accompagnons et aidons au d\u00e9veloppement des courses de voiliers. Des navigateurs de tous les niveaux viennent au YCPC pour participer \u00e0 des courses sur le lac Saint-Louis, allant des d\u00e9butants dans la section \u00ab\u00a0Optimist\u00a0\u00bb, des juniors dans la section&nbsp;420, \u00e0 nos marins d\u2019\u00e9lites qui se distinguent dans des \u00e9v\u00e9nements internationaux et olympiques. Les courses des soirs de semaine, les ateliers du vendredi et les r\u00e9gates des fins de semaine r\u00e9pondront assur\u00e9ment \u00e0 votre soif de connaissance et de plaisir.<\/p>\n\n\n\n<h2 class=\"wp-block-heading\">Acad\u00e9mie de Voile<\/h2>\n\n\n\n<p>Nous sommes fiers de notre Acad\u00e9mie de Voile qui propose une introduction essentielle \u00e0 la prochaine g\u00e9n\u00e9ration de navigateurs. Diff\u00e9rents programmes, men\u00e9s par nos instructeurs hautement qualifi\u00e9s, sont offerts pour tous les \u00e2ges.<\/p>\n\n\n\n<h2 class=\"wp-block-heading\">Pavillon et Patio<\/h2>\n\n\n\n<p>Le pavillon et le patio offrent une vue spectaculaire et proposent le cadre parfait pour des rassemblements d\u00e9contract\u00e9s ou une soir\u00e9e amusante pour nos membres et leur famille. Ils sont les endroits id\u00e9als pour nos activit\u00e9s sociales ou pour simplement relaxer quand l\u2019envie de sortir sur l\u2019eau ne se fait pas sentir. De d\u00e9licieux repas et un choix de bons vins et de bi\u00e8res sont servis au pavillon ainsi que sur le patio.<\/p>\n\n\n\n<figure class=\"wp-block-image size-full\"><img loading=\"lazy\" decoding=\"async\" width=\"1332\" height=\"513\" src=\"https:\/\/www.pcyc.qc.ca\/wp-content\/uploads\/2021\/12\/the-club_drone.png\" alt=\"\" class=\"wp-image-988\" srcset=\"https:\/\/www.pcyc.qc.ca\/wp-content\/uploads\/2021\/12\/the-club_drone.png 1332w, https:\/\/www.pcyc.qc.ca\/wp-content\/uploads\/2021\/12\/the-club_drone-735x283.png 735w, https:\/\/www.pcyc.qc.ca\/wp-content\/uploads\/2021\/12\/the-club_drone-360x139.png 360w\" sizes=\"auto, (max-width: 1332px) 100vw, 1332px\" \/><\/figure>\n","protected":false},"excerpt":{"rendered":"<p>Le Yacht Club de Pointe-Claire se trouve quelque peu en retrait du pittoresque village de Pointe-Claire. Au fil du temps, le Club a \u00e9volu\u00e9 d\u2019un petit rassemblement de navigateurs de plaisance enthousiastes en 1879, \u00e0 une marina de renomm\u00e9e mondiale. Notre mission La mission du YCPC est d\u2019insuffler une passion durable pour tous les aspects [&hellip;]<\/p>\n","protected":false},"author":1,"featured_media":0,"parent":0,"menu_order":0,"comment_status":"closed","ping_status":"closed","template":"","meta":{"_acf_changed":false,"footnotes":""},"class_list":["post-700","page","type-page","status-publish","hentry"],"acf":[],"_links":{"self":[{"href":"https:\/\/www.pcyc.qc.ca\/fr\/wp-json\/wp\/v2\/pages\/700","targetHints":{"allow":["GET"]}}],"collection":[{"href":"https:\/\/www.pcyc.qc.ca\/fr\/wp-json\/wp\/v2\/pages"}],"about":[{"href":"https:\/\/www.pcyc.qc.ca\/fr\/wp-json\/wp\/v2\/types\/page"}],"author":[{"embeddable":true,"href":"https:\/\/www.pcyc.qc.ca\/fr\/wp-json\/wp\/v2\/users\/1"}],"replies":[{"embeddable":true,"href":"https:\/\/www.pcyc.qc.ca\/fr\/wp-json\/wp\/v2\/comments?post=700"}],"version-history":[{"count":0,"href":"https:\/\/www.pcyc.qc.ca\/fr\/wp-json\/wp\/v2\/pages\/700\/revisions"}],"wp:attachment":[{"href":"https:\/\/www.pcyc.qc.ca\/fr\/wp-json\/wp\/v2\/media?parent=700"}],"curies":[{"name":"wp","href":"https:\/\/api.w.org\/{rel}","templated":true}]}}