{"id":4935,"date":"2026-04-16T18:52:17","date_gmt":"2026-04-16T22:52:17","guid":{"rendered":"https:\/\/www.pcyc.qc.ca\/?page_id=4935"},"modified":"2026-04-16T19:20:29","modified_gmt":"2026-04-16T23:20:29","slug":"ressources-de-formation","status":"publish","type":"page","link":"https:\/\/www.pcyc.qc.ca\/fr\/ressources-de-formation\/","title":{"rendered":"Ressources de formation"},"content":{"rendered":"\n<p>Perfectionnez vos comp\u00e9tences. Renforcez votre confiance. Am\u00e9liorez votre pratique de la voile.<\/p>\n\n\n\n<p>La voile est un parcours d\u2019apprentissage qui dure toute la vie. Si la formation initiale pose les bases, la v\u00e9ritable confiance et la ma\u00eetrise sur l\u2019eau d\u00e9coulent d\u2019une formation continue, de la pratique et de l\u2019exposition \u00e0 de nouvelles situations. Les conditions changent, le mat\u00e9riel \u00e9volue et les bonnes pratiques s\u2019am\u00e9liorent : rester \u00e0 la page n\u2019est pas seulement b\u00e9n\u00e9fique, c\u2019est essentiel. Cette page s\u2019adresse aux navigateurs adultes qui souhaitent continuer \u00e0 progresser. Que vous souhaitiez affiner vos tactiques de course, am\u00e9liorer votre maniement du bateau, renforcer votre sensibilisation \u00e0 la s\u00e9curit\u00e9 ou approfondir vos connaissances en mati\u00e8re de matelotage, une formation continue vous aide \u00e0 prendre de meilleures d\u00e9cisions lorsque cela compte le plus. Au sein de notre club, nous pensons que l&rsquo;apprentissage ne s&rsquo;arr\u00eate pas apr\u00e8s votre premier cours. <\/p>\n\n\n\n<p>En r\u00e9alit\u00e9, c&rsquo;est l\u00e0 qu&rsquo;il commence vraiment. Tirez parti de ces ressources. Restez vigilant. Restez en s\u00e9curit\u00e9. Et continuez \u00e0 apprendre.<\/p>\n\n\n\n<div class=\"wp-block-columns has-background is-layout-flex wp-container-core-columns-is-layout-9d6595d7 wp-block-columns-is-layout-flex\" style=\"background-color:#abb7c266\">\n<div class=\"wp-block-column is-vertically-aligned-center is-layout-flow wp-block-column-is-layout-flow\" style=\"flex-basis:33.33%\">\n<h2 class=\"wp-block-heading has-text-align-center\">Premier Soins<\/h2>\n<\/div>\n\n\n\n<div class=\"wp-block-column is-vertically-aligned-center is-layout-flow wp-block-column-is-layout-flow\" style=\"flex-basis:66.66%\">\n<div class=\"wp-block-buttons is-layout-flex wp-block-buttons-is-layout-flex\">\n<div class=\"wp-block-button has-custom-width wp-block-button__width-50\"><a class=\"wp-block-button__link has-background has-small-font-size has-custom-font-size wp-element-button\" href=\"https:\/\/www.youtube.com\/watch?v=CZS1GNm8hHA\" style=\"background-color:#18134c\" target=\"_blank\" rel=\"noreferrer noopener\">RCR et DEA<\/a><\/div>\n\n\n\n<div class=\"wp-block-button has-custom-width wp-block-button__width-50\"><a class=\"wp-block-button__link has-background has-small-font-size has-custom-font-size wp-element-button\" href=\"https:\/\/www.youtube.com\/watch?v=6ay3QK2UfC0\" style=\"background-color:#18134c\" target=\"_blank\" rel=\"noreferrer noopener\">Crise Cardiac<\/a><\/div>\n\n\n\n<div class=\"wp-block-button has-custom-width wp-block-button__width-50\"><a class=\"wp-block-button__link has-background has-small-font-size has-custom-font-size wp-element-button\" href=\"https:\/\/www.youtube.com\/watch?v=eeBXalghrA8\" style=\"background-color:#18134c\" target=\"_blank\" rel=\"noreferrer noopener\">Convulsions<\/a><\/div>\n\n\n\n<div class=\"wp-block-button has-custom-width wp-block-button__width-50\"><a class=\"wp-block-button__link has-background has-small-font-size has-custom-font-size wp-element-button\" href=\"https:\/\/www.youtube.com\/watch?v=vJ6jvwNwS3w\" style=\"background-color:#18134c\" target=\"_blank\" rel=\"noreferrer noopener\">Empoisonnment<\/a><\/div>\n\n\n\n<div class=\"wp-block-button has-custom-width wp-block-button__width-50\"><a class=\"wp-block-button__link has-background has-small-font-size has-custom-font-size wp-element-button\" href=\"https:\/\/www.youtube.com\/watch?v=VGhhMftbjSU\" style=\"background-color:#18134c\" target=\"_blank\" rel=\"noreferrer noopener\">\u00c9ttouffement<\/a><\/div>\n\n\n\n<div class=\"wp-block-button has-custom-width wp-block-button__width-50\"><a class=\"wp-block-button__link has-background has-small-font-size has-custom-font-size wp-element-button\" href=\"https:\/\/www.youtube.com\/watch?v=aogRgEuKZag\" style=\"background-color:#18134c\" target=\"_blank\" rel=\"noreferrer noopener\">AVC<\/a><\/div>\n\n\n\n<div class=\"wp-block-button has-custom-width wp-block-button__width-50\"><a class=\"wp-block-button__link has-background has-small-font-size has-custom-font-size wp-element-button\" href=\"https:\/\/www.youtube.com\/watch?v=sRZJoaFin24\" style=\"background-color:#18134c\" target=\"_blank\" rel=\"noreferrer noopener\">Saignements Mineurs<\/a><\/div>\n\n\n\n<div class=\"wp-block-button has-custom-width wp-block-button__width-50\"><a class=\"wp-block-button__link has-background has-small-font-size has-custom-font-size wp-element-button\" href=\"https:\/\/www.youtube.com\/watch?v=lQ0SDpim0w8\" style=\"background-color:#18134c\" target=\"_blank\" rel=\"noreferrer noopener\">H\u00e9morragie Grave<\/a><\/div>\n<\/div>\n<\/div>\n<\/div>\n\n\n\n<div class=\"wp-block-columns has-background is-layout-flex wp-container-core-columns-is-layout-9d6595d7 wp-block-columns-is-layout-flex\" style=\"background-color:#abb7c266\">\n<div class=\"wp-block-column is-vertically-aligned-center is-layout-flow wp-block-column-is-layout-flow\" style=\"flex-basis:33.33%\">\n<h2 class=\"wp-block-heading has-text-align-center\">Bateaux Club<\/h2>\n<\/div>\n\n\n\n<div class=\"wp-block-column is-vertically-aligned-center is-layout-flow wp-block-column-is-layout-flow\" style=\"flex-basis:66.66%\">\n<div class=\"wp-block-buttons is-layout-flex wp-block-buttons-is-layout-flex\">\n<div class=\"wp-block-button has-custom-width wp-block-button__width-50 is-style-fill\"><a class=\"wp-block-button__link has-background has-small-font-size has-custom-font-size wp-element-button\" href=\"https:\/\/youtu.be\/-sUEFs2Xhe0?si=ZGRYoZ2j__Ta58rg\" style=\"background-color:#18134c\" target=\"_blank\" rel=\"noreferrer noopener\">Man\u0153uvres pour entrer et sortir d&rsquo;un slip<\/a><\/div>\n\n\n\n<div class=\"wp-block-button has-custom-width wp-block-button__width-50\"><a class=\"wp-block-button__link has-background has-small-font-size has-custom-font-size wp-element-button\" href=\"https:\/\/www.pcyc.qc.ca\/wp-content\/uploads\/2026\/04\/4HP-6HP-Starting-instructions.pdf\" style=\"background-color:#18134c\" target=\"_blank\" rel=\"noreferrer noopener\">Guide d&rsquo;utilisation du moteur hors-bord<\/a><\/div>\n<\/div>\n<\/div>\n<\/div>\n\n\n\n<div class=\"wp-block-columns has-background is-layout-flex wp-container-core-columns-is-layout-9d6595d7 wp-block-columns-is-layout-flex\" style=\"background-color:#abb7c266\">\n<div class=\"wp-block-column is-vertically-aligned-center is-layout-flow wp-block-column-is-layout-flow\" style=\"flex-basis:33.33%\">\n<h2 class=\"wp-block-heading has-text-align-center\">Comment&#8230;<\/h2>\n<\/div>\n\n\n\n<div class=\"wp-block-column is-vertically-aligned-center is-layout-flow wp-block-column-is-layout-flow\" style=\"flex-basis:66.66%\">\n<div class=\"wp-block-buttons is-layout-flex wp-block-buttons-is-layout-flex\">\n<div class=\"wp-block-button has-custom-width wp-block-button__width-50\"><a class=\"wp-block-button__link has-background has-small-font-size has-custom-font-size wp-element-button\" href=\"https:\/\/www.pcyc.qc.ca\/wp-content\/uploads\/2026\/04\/Acces-et-sortie-du-port.pdf\" style=\"background-color:#18134c\" target=\"_blank\" rel=\"noreferrer noopener\">Man\u0153uvres d&rsquo;acc\u00e8s et de sortie du port<\/a><\/div>\n\n\n\n<div class=\"wp-block-button has-custom-width wp-block-button__width-50\"><a class=\"wp-block-button__link has-background has-small-font-size has-custom-font-size wp-element-button\" href=\"https:\/\/www.pcyc.qc.ca\/wp-content\/uploads\/2026\/04\/Cruising-to-Ontario.pdf\" style=\"background-color:#18134c\" target=\"_blank\" rel=\"noreferrer noopener\">Croisi\u00e8re vers l&rsquo;Ontario<\/a><\/div>\n\n\n\n<div class=\"wp-block-button has-custom-width wp-block-button__width-50\"><a class=\"wp-block-button__link has-background has-small-font-size has-custom-font-size wp-element-button\" href=\"https:\/\/www.pcyc.qc.ca\/wp-content\/uploads\/2026\/04\/Cruising-Eastboud.pdf\" style=\"background-color:#18134c\" target=\"_blank\" rel=\"noreferrer noopener\">Croisi\u00e8re vers l&rsquo;est<\/a><\/div>\n\n\n\n<div class=\"wp-block-button has-custom-width wp-block-button__width-50 is-style-fill\"><a class=\"wp-block-button__link has-background has-small-font-size has-custom-font-size wp-element-button\" href=\"https:\/\/youtu.be\/1TMB4-EPMAI?si=KMgrfMYxcfwL1yEA\" style=\"background-color:#18134c\" target=\"_blank\" rel=\"noreferrer noopener\">Prop Walk et Prop Wash<\/a><\/div>\n\n\n\n<div class=\"wp-block-button has-custom-width wp-block-button__width-50\"><a class=\"wp-block-button__link has-background has-small-font-size has-custom-font-size wp-element-button\" href=\"https:\/\/youtu.be\/uI2bUPQ9kXQ?si=Vgwl_S6CHoe3V1rH\" style=\"background-color:#18134c\" target=\"_blank\" rel=\"noreferrer noopener\">N\u0153uds marins<\/a><\/div>\n\n\n\n<div class=\"wp-block-button has-custom-width wp-block-button__width-50 is-style-fill\"><a class=\"wp-block-button__link has-background has-small-font-size has-custom-font-size wp-element-button\" href=\"https:\/\/youtu.be\/Ym1-rI0SdaA?si=Patd77HRmv2vwp7M\" style=\"background-color:#18134c\" target=\"_blank\" rel=\"noreferrer noopener\">\u00c9pissure \u00e0 \u0153illet de corde<\/a><\/div>\n<\/div>\n<\/div>\n<\/div>\n\n\n\n<div class=\"wp-block-columns has-background is-layout-flex wp-container-core-columns-is-layout-9d6595d7 wp-block-columns-is-layout-flex\" style=\"background-color:#abb7c266\">\n<div class=\"wp-block-column is-vertically-aligned-center is-layout-flow wp-block-column-is-layout-flow\" style=\"flex-basis:33.33%\">\n<h2 class=\"wp-block-heading has-text-align-center\">Course<\/h2>\n<\/div>\n\n\n\n<div class=\"wp-block-column is-layout-flow wp-block-column-is-layout-flow\" style=\"flex-basis:66.66%\">\n<div class=\"wp-block-buttons is-layout-flex wp-block-buttons-is-layout-flex\">\n<div class=\"wp-block-button has-custom-width wp-block-button__width-50\"><a class=\"wp-block-button__link has-background has-small-font-size has-custom-font-size wp-element-button\" href=\"https:\/\/youtu.be\/4mjjoMNMzlI?si=6rffyPspCyQS7XO1\" style=\"background-color:#18134c\" target=\"_blank\" rel=\"noreferrer noopener\">Webinaire sur les r\u00e8gles de course<\/a><\/div>\n\n\n\n<div class=\"wp-block-button has-custom-width wp-block-button__width-50\"><a class=\"wp-block-button__link has-background has-small-font-size has-custom-font-size wp-element-button\" href=\"https:\/\/youtu.be\/qciOfQZqhTA?si=JTbtcrkRDjJLf9iY\" style=\"background-color:#18134c\" target=\"_blank\" rel=\"noreferrer noopener\">Drapeaux de course<\/a><\/div>\n<\/div>\n<\/div>\n<\/div>\n","protected":false},"excerpt":{"rendered":"<p>Perfectionnez vos comp\u00e9tences. Renforcez votre confiance. Am\u00e9liorez votre pratique de la voile. La voile est un parcours d\u2019apprentissage qui dure toute la vie. Si la formation initiale pose les bases, la v\u00e9ritable confiance et la ma\u00eetrise sur l\u2019eau d\u00e9coulent d\u2019une formation continue, de la pratique et de l\u2019exposition \u00e0 de nouvelles situations. Les conditions changent, [&hellip;]<\/p>\n","protected":false},"author":14,"featured_media":0,"parent":0,"menu_order":0,"comment_status":"closed","ping_status":"closed","template":"","meta":{"_acf_changed":false,"footnotes":""},"class_list":["post-4935","page","type-page","status-publish","hentry"],"acf":[],"_links":{"self":[{"href":"https:\/\/www.pcyc.qc.ca\/fr\/wp-json\/wp\/v2\/pages\/4935","targetHints":{"allow":["GET"]}}],"collection":[{"href":"https:\/\/www.pcyc.qc.ca\/fr\/wp-json\/wp\/v2\/pages"}],"about":[{"href":"https:\/\/www.pcyc.qc.ca\/fr\/wp-json\/wp\/v2\/types\/page"}],"author":[{"embeddable":true,"href":"https:\/\/www.pcyc.qc.ca\/fr\/wp-json\/wp\/v2\/users\/14"}],"replies":[{"embeddable":true,"href":"https:\/\/www.pcyc.qc.ca\/fr\/wp-json\/wp\/v2\/comments?post=4935"}],"version-history":[{"count":0,"href":"https:\/\/www.pcyc.qc.ca\/fr\/wp-json\/wp\/v2\/pages\/4935\/revisions"}],"wp:attachment":[{"href":"https:\/\/www.pcyc.qc.ca\/fr\/wp-json\/wp\/v2\/media?parent=4935"}],"curies":[{"name":"wp","href":"https:\/\/api.w.org\/{rel}","templated":true}]}}