{"id":4765,"date":"2026-01-26T14:44:05","date_gmt":"2026-01-26T18:44:05","guid":{"rendered":"https:\/\/www.pcyc.qc.ca\/?page_id=4765"},"modified":"2026-04-29T06:51:58","modified_gmt":"2026-04-29T10:51:58","slug":"bateaux-du-club-adulte","status":"publish","type":"page","link":"https:\/\/www.pcyc.qc.ca\/fr\/bateaux-du-club-adulte\/","title":{"rendered":"Bateaux du club &#8211; Adulte"},"content":{"rendered":"\n<p>Notre programme de <strong>formation continue pour adultes<\/strong> offre \u00e0 nos membres un acc\u00e8s permanent \u00e0 une flotte de bateaux du club, leur permettant ainsi de continuer \u00e0 perfectionner leurs comp\u00e9tences en voile dans un environnement flexible et autonome. Une fois inscrits, les membres peuvent prendre les commandes d&rsquo;un voilier \u00e0 quille (Shark 24 ou Tanzer 22) ou d&rsquo;un d\u00e9riveur (C420), acqu\u00e9rant ainsi une exp\u00e9rience pr\u00e9cieuse sur diff\u00e9rents types de bateaux et styles de navigation. Ce programme favorise le d\u00e9veloppement de solides comp\u00e9tences en mati\u00e8re de maniement des bateaux, de r\u00e9glage des voiles et de navigation, tout en renfor\u00e7ant la confiance et l&rsquo;ind\u00e9pendance sur l&rsquo;eau. Les membres ont \u00e9galement la possibilit\u00e9 de participer \u00e0 des courses avec ces bateaux, ce qui constitue une excellente occasion d&rsquo;am\u00e9liorer les performances des bateaux, le travail d&rsquo;\u00e9quipe et la prise de d\u00e9cisions tactiques dans des conditions de navigation r\u00e9elles. Qu&rsquo;il s&rsquo;agisse de se perfectionner, d&rsquo;am\u00e9liorer ses performances ou simplement de passer plus de temps \u00e0 la barre, ce programme encourage la progression continue et le plaisir de la voile.<\/p>\n\n\n\n<div class=\"wp-block-columns has-cyan-bluish-gray-background-color has-background is-layout-flex wp-container-core-columns-is-layout-9d6595d7 wp-block-columns-is-layout-flex\">\n<div class=\"wp-block-column is-vertically-aligned-center is-layout-flow wp-block-column-is-layout-flow\"><div class=\"wp-block-image\">\n<figure class=\"aligncenter size-full\"><img loading=\"lazy\" decoding=\"async\" width=\"627\" height=\"476\" src=\"https:\/\/www.pcyc.qc.ca\/wp-content\/uploads\/2025\/01\/swamp-1.jpeg\" alt=\"\" class=\"wp-image-3926\" srcset=\"https:\/\/www.pcyc.qc.ca\/wp-content\/uploads\/2025\/01\/swamp-1.jpeg 627w, https:\/\/www.pcyc.qc.ca\/wp-content\/uploads\/2025\/01\/swamp-1-360x273.jpeg 360w\" sizes=\"auto, (max-width: 627px) 100vw, 627px\" \/><\/figure><\/div><\/div>\n\n\n\n<div class=\"wp-block-column is-vertically-aligned-center is-layout-flow wp-block-column-is-layout-flow\">\n<p class=\"has-medium-font-size\"><strong>SHARK 24 \u2013 \u201cSWAMP QUEEN\u201d \u2013 <strong>Course\/<strong>Croisi\u00e8re<\/strong><\/strong><\/strong><\/p>\n\n\n\n<p class=\"has-small-font-size\"><br>La famille Parnell, qui \u00e9tait auparavant propri\u00e9taire du Swamp Queen, a transform\u00e9 ce navire en un magnifique voilier gr\u00e2ce \u00e0 son d\u00e9vouement et \u00e0 son travail acharn\u00e9, pr\u00eat \u00e0 \u00eatre appr\u00e9ci\u00e9 par les membres de notre club.<\/p>\n<\/div>\n<\/div>\n\n\n\n<div class=\"wp-block-columns has-cyan-bluish-gray-background-color has-background is-layout-flex wp-container-core-columns-is-layout-9d6595d7 wp-block-columns-is-layout-flex\">\n<div class=\"wp-block-column is-vertically-aligned-center is-layout-flow wp-block-column-is-layout-flow\"><div class=\"wp-block-image\">\n<figure class=\"aligncenter size-full\"><img loading=\"lazy\" decoding=\"async\" width=\"628\" height=\"471\" src=\"https:\/\/www.pcyc.qc.ca\/wp-content\/uploads\/2025\/01\/mussels2.jpg\" alt=\"\" class=\"wp-image-3922\" srcset=\"https:\/\/www.pcyc.qc.ca\/wp-content\/uploads\/2025\/01\/mussels2.jpg 628w, https:\/\/www.pcyc.qc.ca\/wp-content\/uploads\/2025\/01\/mussels2-360x270.jpg 360w\" sizes=\"auto, (max-width: 628px) 100vw, 628px\" \/><\/figure><\/div><\/div>\n\n\n\n<div class=\"wp-block-column is-vertically-aligned-center is-layout-flow wp-block-column-is-layout-flow\">\n<p class=\"has-medium-font-size\"><strong>SHARK 24 \u2013 \u201cMUSSELS\u201d \u2013 Course<\/strong><\/p>\n\n\n\n<p class=\"has-small-font-size\"><br>Ryan Stowe, l&rsquo;ancien propri\u00e9taire du Mussels, a consacr\u00e9 d&rsquo;innombrables heures de travail acharn\u00e9 \u00e0 la restauration de ce bateau. Il est habilement gr\u00e9\u00e9 et \u00e9quip\u00e9 de voiles haute performance.<\/p>\n<\/div>\n<\/div>\n\n\n\n<div class=\"wp-block-columns has-cyan-bluish-gray-background-color has-background is-layout-flex wp-container-core-columns-is-layout-9d6595d7 wp-block-columns-is-layout-flex\">\n<div class=\"wp-block-column is-vertically-aligned-center is-layout-flow wp-block-column-is-layout-flow\"><div class=\"wp-block-image\">\n<figure class=\"aligncenter size-full\"><img loading=\"lazy\" decoding=\"async\" width=\"628\" height=\"476\" src=\"https:\/\/www.pcyc.qc.ca\/wp-content\/uploads\/2025\/01\/snoopy.jpg\" alt=\"\" class=\"wp-image-3929\" srcset=\"https:\/\/www.pcyc.qc.ca\/wp-content\/uploads\/2025\/01\/snoopy.jpg 628w, https:\/\/www.pcyc.qc.ca\/wp-content\/uploads\/2025\/01\/snoopy-360x273.jpg 360w\" sizes=\"auto, (max-width: 628px) 100vw, 628px\" \/><\/figure><\/div><\/div>\n\n\n\n<div class=\"wp-block-column is-vertically-aligned-center is-layout-flow wp-block-column-is-layout-flow\">\n<p class=\"has-medium-font-size\"><strong>TANZER 22 \u2013 \u201cPENICHE\u201d \u2013 <strong>Course\/<strong>Croisi\u00e8re<\/strong><\/strong><\/strong><\/p>\n\n\n\n<p class=\"has-small-font-size\"><br>Ce Tanzer 22, qui a remport\u00e9 de nombreuses victoires en course, dispose de l&rsquo;un des plus grands cockpits de sa cat\u00e9gorie, pouvant accueillir confortablement jusqu&rsquo;\u00e0 6 adultes. C&rsquo;est un bateau qui navigue tr\u00e8s facilement et se man\u0153uvre tr\u00e8s bien par vent frais. Il est \u00e9quip\u00e9 d&rsquo;un gouvernail haute performance, de diverses voiles d&rsquo;avant et d&rsquo;un spinnaker.<\/p>\n<\/div>\n<\/div>\n\n\n\n<div class=\"wp-block-columns has-cyan-bluish-gray-background-color has-background is-layout-flex wp-container-core-columns-is-layout-9d6595d7 wp-block-columns-is-layout-flex\">\n<div class=\"wp-block-column is-vertically-aligned-center is-layout-flow wp-block-column-is-layout-flow\"><div class=\"wp-block-image\">\n<figure class=\"aligncenter size-full\"><img loading=\"lazy\" decoding=\"async\" width=\"619\" height=\"469\" src=\"https:\/\/www.pcyc.qc.ca\/wp-content\/uploads\/2025\/01\/420a.jpg\" alt=\"\" class=\"wp-image-3924\" srcset=\"https:\/\/www.pcyc.qc.ca\/wp-content\/uploads\/2025\/01\/420a.jpg 619w, https:\/\/www.pcyc.qc.ca\/wp-content\/uploads\/2025\/01\/420a-360x273.jpg 360w\" sizes=\"auto, (max-width: 619px) 100vw, 619px\" \/><\/figure><\/div><\/div>\n\n\n\n<div class=\"wp-block-column is-vertically-aligned-center is-layout-flow wp-block-column-is-layout-flow\">\n<p class=\"has-medium-font-size\"><strong>C420 &#8211; D\u00c9RIVEUR<\/strong><\/p>\n\n\n\n<p class=\"has-small-font-size\"><br>Ce d\u00e9riveur est un voilier tr\u00e8s appr\u00e9ci\u00e9, particuli\u00e8rement adapt\u00e9 \u00e0 la course. Il est dot\u00e9 d&rsquo;une coque en fibre de verre avec des r\u00e9servoirs de flottabilit\u00e9 internes, d&rsquo;un gr\u00e9ement bermudien, d&rsquo;un spinnaker et d&rsquo;un trap\u00e8ze. Deux exemplaires sont \u00e0 la disposition de nos membres. REMARQUE : pour des raisons de s\u00e9curit\u00e9, les 420 ne sont disponibles que pendant les courses GNS du mardi et les courses TGIF du vendredi.<\/p>\n<\/div>\n<\/div>\n\n\n\n<p>Afin d\u2019assurer la s\u00e9curit\u00e9 et le plaisir de tous les membres, veuillez noter que quelques pr\u00e9requis doivent \u00eatre respect\u00e9s avant de sortir les voiliers sur l\u2019eau :<\/p>\n\n\n\n<p><strong>Admissibilit\u00e9&nbsp;<\/strong>: Les membres ayant une exp\u00e9rience de navigation appropri\u00e9e et raisonnable sont invit\u00e9s \u00e0 acc\u00e9der \u00e0 ces bateaux. De plus, les dipl\u00f4m\u00e9s (membres YCPC) de notre cours de voile sur quillard (ou d\u00e9riveur) pour adultes peuvent \u00e9galement b\u00e9n\u00e9ficier de ce privil\u00e8ge. Pour participer \u00e0 des courses sur \u00ab&nbsp;Mussels&nbsp;\u00bb, les individus doivent poss\u00e9der une exp\u00e9rience pr\u00e9alable en course.<\/p>\n\n\n\n<p><strong>Contr\u00f4le de comp\u00e9tence<\/strong>&nbsp;: Tous les membres int\u00e9ress\u00e9s \u00e0 naviguer sur ces bateaux doivent se soumettre \u00e0 un contr\u00f4le de comp\u00e9tence pour d\u00e9montrer leurs comp\u00e9tences en navigation et leur connaissance des proc\u00e9dures de s\u00e9curit\u00e9. La rigueur des contr\u00f4les de comp\u00e9tence variera en fonction du niveau d\u2019exp\u00e9rience de chaque membre et du bateau choisi. Ce contr\u00f4le sera effectu\u00e9 par l\u2019un des membres exp\u00e9riment\u00e9s de notre \u00e9quipe pour garantir que chacun est capable et confiant sur l\u2019eau.<\/p>\n\n\n\n<p><strong>Marins responsables<\/strong>&nbsp;: Nous attendons de tous les membres qu\u2019ils adh\u00e8rent aux normes les plus \u00e9lev\u00e9es de s\u00e9curit\u00e9 et de responsabilit\u00e9 lors de l\u2019utilisation de ces bateaux. Cela implique de suivre toutes les r\u00e8gles et r\u00e9glementations du club, de respecter les autres marins et les embarcations et de pratiquer un bon sens marin \u00e0 tout moment.&nbsp;<strong>Tous les utilisateurs doivent lire les Directives pour naviguer sur un Bateau-Club.<\/strong><\/p>\n\n\n\n<div class=\"wp-block-buttons is-content-justification-center is-layout-flex wp-container-core-buttons-is-layout-16018d1d wp-block-buttons-is-layout-flex\">\n<div class=\"wp-block-button\"><a class=\"wp-block-button__link has-vivid-red-background-color has-background has-small-font-size has-text-align-center has-custom-font-size wp-element-button\" style=\"border-radius:10px\">Inscrivez-vous au programme<\/a><\/div>\n<\/div>\n\n\n\n<hr class=\"wp-block-separator has-text-color has-black-color has-alpha-channel-opacity has-black-background-color has-background\"\/>\n\n\n\n<div class=\"wp-block-columns is-layout-flex wp-container-core-columns-is-layout-9d6595d7 wp-block-columns-is-layout-flex\">\n<div class=\"wp-block-column has-small-font-size is-layout-flow wp-block-column-is-layout-flow\">\n<div class=\"wp-block-buttons is-layout-flex wp-block-buttons-is-layout-flex\">\n<div class=\"wp-block-button has-custom-width wp-block-button__width-100\"><a class=\"wp-block-button__link has-background has-small-font-size has-custom-font-size wp-element-button\" href=\"http:\/\/www.pcyc.qc.ca\/wp-content\/uploads\/2025\/02\/BateauClub-Directives-FR_v3.pdf\" style=\"border-radius:10px;background-color:#18134c\" target=\"_blank\" rel=\"noreferrer noopener\">Directives pour ces bateaux<\/a><\/div>\n<\/div>\n<\/div>\n\n\n\n<div class=\"wp-block-column is-layout-flow wp-block-column-is-layout-flow\">\n<div class=\"wp-block-buttons is-layout-flex wp-block-buttons-is-layout-flex\">\n<div class=\"wp-block-button has-custom-width wp-block-button__width-100\"><a class=\"wp-block-button__link has-background has-small-font-size has-custom-font-size wp-element-button\" href=\"https:\/\/docs.google.com\/forms\/d\/e\/1FAIpQLSfVyyH_gEtrk9LpmmX3pW0s8QDPKq0hGroslssuNo4ANPp26A\/viewform\" style=\"border-radius:10px;background-color:#18134c\" target=\"_blank\" rel=\"noreferrer noopener\">R\u00e9server votre certification<\/a><\/div>\n<\/div>\n<\/div>\n\n\n\n<div class=\"wp-block-column is-layout-flow wp-block-column-is-layout-flow\">\n<div class=\"wp-block-buttons is-layout-flex wp-block-buttons-is-layout-flex\">\n<div class=\"wp-block-button has-custom-width wp-block-button__width-100\"><a class=\"wp-block-button__link has-background has-small-font-size has-custom-font-size wp-element-button\" href=\"http:\/\/www.pcyc.qc.ca\/wp-content\/uploads\/2025\/02\/Formulaire-Renonciation-02_2025.pdf\" style=\"border-radius:10px;background-color:#18134c\" target=\"_blank\" rel=\"noreferrer noopener\">Formulaire d&rsquo;exon\u00e9ration<\/a><\/div>\n<\/div>\n<\/div>\n<\/div>\n\n\n\n<div class=\"wp-block-columns is-layout-flex wp-container-core-columns-is-layout-9d6595d7 wp-block-columns-is-layout-flex\">\n<div class=\"wp-block-column is-layout-flow wp-block-column-is-layout-flow\">\n<div class=\"wp-block-buttons is-layout-flex wp-block-buttons-is-layout-flex\">\n<div class=\"wp-block-button has-custom-width wp-block-button__width-100\"><a class=\"wp-block-button__link has-black-color has-vivid-cyan-blue-background-color has-text-color has-background has-link-color has-small-font-size has-custom-font-size wp-element-button\" href=\"https:\/\/pcycboats.setmore.com\/\" style=\"border-radius:10px\" target=\"_blank\" rel=\"noreferrer noopener\"><strong>R\u00e9server un QUILLARD<\/strong><\/a><\/div>\n<\/div>\n<\/div>\n\n\n\n<div class=\"wp-block-column is-layout-flow wp-block-column-is-layout-flow\">\n<div class=\"wp-block-buttons is-layout-flex wp-block-buttons-is-layout-flex\">\n<div class=\"wp-block-button has-custom-width wp-block-button__width-100\"><a class=\"wp-block-button__link has-black-color has-light-green-cyan-background-color has-text-color has-background has-link-color has-small-font-size has-custom-font-size wp-element-button\" href=\"https:\/\/pcyc1v7g.setmore.com\/\" style=\"border-radius:10px\" target=\"_blank\" rel=\"noreferrer noopener\"><strong><strong>R<\/strong>\u00e9<strong>serve<\/strong>r un D\u00c9RIVEUR<\/strong><\/a><\/div>\n<\/div>\n<\/div>\n<\/div>\n\n\n\n<p><\/p>\n","protected":false},"excerpt":{"rendered":"<p>Notre programme de formation continue pour adultes offre \u00e0 nos membres un acc\u00e8s permanent \u00e0 une flotte de bateaux du club, leur permettant ainsi de continuer \u00e0 perfectionner leurs comp\u00e9tences en voile dans un environnement flexible et autonome. Une fois inscrits, les membres peuvent prendre les commandes d&rsquo;un voilier \u00e0 quille (Shark 24 ou Tanzer [&hellip;]<\/p>\n","protected":false},"author":14,"featured_media":0,"parent":0,"menu_order":0,"comment_status":"closed","ping_status":"closed","template":"","meta":{"_acf_changed":false,"footnotes":""},"class_list":["post-4765","page","type-page","status-publish","hentry"],"acf":[],"_links":{"self":[{"href":"https:\/\/www.pcyc.qc.ca\/fr\/wp-json\/wp\/v2\/pages\/4765","targetHints":{"allow":["GET"]}}],"collection":[{"href":"https:\/\/www.pcyc.qc.ca\/fr\/wp-json\/wp\/v2\/pages"}],"about":[{"href":"https:\/\/www.pcyc.qc.ca\/fr\/wp-json\/wp\/v2\/types\/page"}],"author":[{"embeddable":true,"href":"https:\/\/www.pcyc.qc.ca\/fr\/wp-json\/wp\/v2\/users\/14"}],"replies":[{"embeddable":true,"href":"https:\/\/www.pcyc.qc.ca\/fr\/wp-json\/wp\/v2\/comments?post=4765"}],"version-history":[{"count":0,"href":"https:\/\/www.pcyc.qc.ca\/fr\/wp-json\/wp\/v2\/pages\/4765\/revisions"}],"wp:attachment":[{"href":"https:\/\/www.pcyc.qc.ca\/fr\/wp-json\/wp\/v2\/media?parent=4765"}],"curies":[{"name":"wp","href":"https:\/\/api.w.org\/{rel}","templated":true}]}}