{"id":4764,"date":"2026-01-26T14:43:32","date_gmt":"2026-01-26T18:43:32","guid":{"rendered":"https:\/\/www.pcyc.qc.ca\/?page_id=4764"},"modified":"2026-02-18T16:07:24","modified_gmt":"2026-02-18T20:07:24","slug":"cours-dadultes","status":"publish","type":"page","link":"https:\/\/www.pcyc.qc.ca\/fr\/cours-dadultes\/","title":{"rendered":"Cours d&rsquo;adultes"},"content":{"rendered":"\n<div class=\"wp-block-columns has-cyan-bluish-gray-background-color has-background is-layout-flex wp-container-core-columns-is-layout-9d6595d7 wp-block-columns-is-layout-flex\">\n<div class=\"wp-block-column is-layout-flow wp-block-column-is-layout-flow\">\n<figure class=\"wp-block-image size-full\"><img loading=\"lazy\" decoding=\"async\" width=\"1914\" height=\"1441\" src=\"https:\/\/www.pcyc.qc.ca\/wp-content\/uploads\/2021\/11\/StartKeelboat.png\" alt=\"\" class=\"wp-image-957\" srcset=\"https:\/\/www.pcyc.qc.ca\/wp-content\/uploads\/2021\/11\/StartKeelboat.png 1914w, https:\/\/www.pcyc.qc.ca\/wp-content\/uploads\/2021\/11\/StartKeelboat-1536x1156.png 1536w\" sizes=\"auto, (max-width: 1914px) 100vw, 1914px\" \/><\/figure>\n<\/div>\n\n\n\n<div class=\"wp-block-column is-vertically-aligned-center is-layout-flow wp-block-column-is-layout-flow\">\n<p class=\"has-medium-font-size\"><strong>Initiation \u00e0 la voile sur quillard<\/strong><\/p>\n\n\n\n<p class=\"has-small-font-size\">Id\u00e9al pour les personnes ayant peu d&rsquo;exp\u00e9rience en mer, ce cours d&rsquo;initiation met l&rsquo;accent sur l&rsquo;acquisition des comp\u00e9tences de base en voile, en particulier dans le cadre du fonctionnement d&rsquo;un voilier \u00e0 quille en tant que membre d&rsquo;\u00e9quipage. \u00c0 la fin de ce cours de 12 heures, les participants seront en mesure d&rsquo;aider en toute confiance au fonctionnement d&rsquo;un voilier \u00e0 quille dans des conditions diurnes mod\u00e9r\u00e9es. Ce cours est parfait pour ceux qui ont peu d&rsquo;exp\u00e9rience en navigation ou pour ceux qui souhaitent s&rsquo;essayer \u00e0 la voile sur un voilier \u00e0 quille tout en apprenant les bases dans un cadre d\u00e9tendu et confortable. Les participants sont invit\u00e9s \u00e0 travailler en vue d&rsquo;obtenir leur certification Sail Canada.<\/p>\n\n\n\n<div class=\"wp-block-buttons is-layout-flex wp-block-buttons-is-layout-flex\">\n<div class=\"wp-block-button has-custom-width wp-block-button__width-100 is-style-fill\"><a class=\"wp-block-button__link has-vivid-red-background-color has-background has-small-font-size has-custom-font-size wp-element-button\" href=\"https:\/\/pointeclaireyachtclubsailingschooladultsailing.checklick.com\" style=\"border-radius:10px\">INSCRIPTION<\/a><\/div>\n<\/div>\n<\/div>\n<\/div>\n\n\n\n<div class=\"wp-block-columns has-cyan-bluish-gray-background-color has-background is-layout-flex wp-container-core-columns-is-layout-9d6595d7 wp-block-columns-is-layout-flex\">\n<div class=\"wp-block-column is-vertically-aligned-center is-layout-flow wp-block-column-is-layout-flow\">\n<figure class=\"wp-block-image size-full\"><img loading=\"lazy\" decoding=\"async\" width=\"1160\" height=\"870\" src=\"https:\/\/www.pcyc.qc.ca\/wp-content\/uploads\/2025\/12\/c429-_adult.png\" alt=\"\" class=\"wp-image-4661\" srcset=\"https:\/\/www.pcyc.qc.ca\/wp-content\/uploads\/2025\/12\/c429-_adult.png 1160w, https:\/\/www.pcyc.qc.ca\/wp-content\/uploads\/2025\/12\/c429-_adult-735x551.png 735w, https:\/\/www.pcyc.qc.ca\/wp-content\/uploads\/2025\/12\/c429-_adult-360x270.png 360w\" sizes=\"auto, (max-width: 1160px) 100vw, 1160px\" \/><\/figure>\n<\/div>\n\n\n\n<div class=\"wp-block-column is-vertically-aligned-center is-layout-flow wp-block-column-is-layout-flow\">\n<p class=\"has-medium-font-size\"><strong>Cours de d\u00e9riveur en groupe<\/strong><\/p>\n\n\n\n<p class=\"has-small-font-size\">Des cours de d\u00e9riveur sont propos\u00e9s au YCPC pour ceux qui souhaitent vivre une exp\u00e9rience plus dynamique et active en voilier.&nbsp;<\/p>\n\n\n\n<p class=\"has-small-font-size\">Un cours de 12 heures sur le d\u00e9riveur est offert les lundis et mercredis soirs, de 18 h \u00e0 21 h. Les dates et la disponibilit\u00e9 des sessions sont indiqu\u00e9es sur la page d&rsquo;inscription. Une certification CANSail peut \u00eatre d\u00e9cern\u00e9e apr\u00e8s avoir d\u00e9montr\u00e9 de mani\u00e8re constante les comp\u00e9tences d\u00e9crites par Sail Canada. Nos instructeurs s&rsquo;adapteront aux diff\u00e9rents niveaux de comp\u00e9tence des participants.<\/p>\n\n\n\n<p class=\"has-small-font-size\">Si votre groupe souhaite programmer des cours un autre jour, veuillez contacter le bureau.<\/p>\n\n\n\n<div class=\"wp-block-buttons is-layout-flex wp-block-buttons-is-layout-flex\">\n<div class=\"wp-block-button has-custom-width wp-block-button__width-100\"><a class=\"wp-block-button__link has-vivid-red-background-color has-background has-small-font-size has-custom-font-size wp-element-button\" href=\"https:\/\/pointeclaireyachtclubsailingschooladultsailing.checklick.com\" style=\"border-radius:10px\">INSCRIPTION<\/a><\/div>\n<\/div>\n<\/div>\n<\/div>\n\n\n\n<div class=\"wp-block-columns has-cyan-bluish-gray-background-color has-background is-layout-flex wp-container-core-columns-is-layout-9d6595d7 wp-block-columns-is-layout-flex\">\n<div class=\"wp-block-column is-vertically-aligned-center is-layout-flow wp-block-column-is-layout-flow\">\n<figure class=\"wp-block-image size-full\"><img loading=\"lazy\" decoding=\"async\" width=\"826\" height=\"619\" src=\"https:\/\/www.pcyc.qc.ca\/wp-content\/uploads\/2021\/11\/img-2206crop.jpg\" alt=\"\" class=\"wp-image-602\"\/><\/figure>\n<\/div>\n\n\n\n<div class=\"wp-block-column is-vertically-aligned-center is-layout-flow wp-block-column-is-layout-flow\">\n<p class=\"has-medium-font-size\"><strong>Cours priv\u00e9s<\/strong><\/p>\n\n\n\n<p class=\"has-small-font-size\">Pour une exp\u00e9rience d&rsquo;apprentissage plus personnalis\u00e9e, nos cours priv\u00e9s sont la solution id\u00e9ale ! Ces cours combinent des sessions th\u00e9oriques et des cours individuels sur l&rsquo;eau dispens\u00e9s par un instructeur professionnel. Apr\u00e8s trois cours, vous devriez \u00eatre capable de naviguer sur un petit parcours avec peu ou pas d&rsquo;aide. Chaque cours dure trois heures et peut \u00eatre programm\u00e9 \u00e0 l&rsquo;heure qui vous convient le mieux.<\/p>\n\n\n\n<div class=\"wp-block-buttons is-layout-flex wp-block-buttons-is-layout-flex\">\n<div class=\"wp-block-button has-custom-width wp-block-button__width-100\"><a class=\"wp-block-button__link has-vivid-red-background-color has-background has-small-font-size has-custom-font-size wp-element-button\" href=\"https:\/\/pointeclaireyachtclubsailingschooladultsailing.checklick.com\" style=\"border-radius:10px\">LISTE D&rsquo;ATTENTE<\/a><\/div>\n<\/div>\n<\/div>\n<\/div>\n\n\n\n<p class=\"has-text-align-center\">Pour plus d&rsquo;informations sur l&rsquo;un de ces programmes, veuillez nous contacter \u00e0 l&rsquo;adresse suivante :<br>Sailingschool@pcyc.qc.ca ou appeler le 514-641-5700 pendant les heures de bureau.<\/p>\n\n\n\n<p class=\"has-text-align-center\"><\/p>\n\n\n\n<p><\/p>\n","protected":false},"excerpt":{"rendered":"<p>Initiation \u00e0 la voile sur quillard Id\u00e9al pour les personnes ayant peu d&rsquo;exp\u00e9rience en mer, ce cours d&rsquo;initiation met l&rsquo;accent sur l&rsquo;acquisition des comp\u00e9tences de base en voile, en particulier dans le cadre du fonctionnement d&rsquo;un voilier \u00e0 quille en tant que membre d&rsquo;\u00e9quipage. \u00c0 la fin de ce cours de 12 heures, les participants [&hellip;]<\/p>\n","protected":false},"author":14,"featured_media":0,"parent":0,"menu_order":0,"comment_status":"closed","ping_status":"closed","template":"","meta":{"_acf_changed":false,"footnotes":""},"class_list":["post-4764","page","type-page","status-publish","hentry"],"acf":[],"_links":{"self":[{"href":"https:\/\/www.pcyc.qc.ca\/fr\/wp-json\/wp\/v2\/pages\/4764","targetHints":{"allow":["GET"]}}],"collection":[{"href":"https:\/\/www.pcyc.qc.ca\/fr\/wp-json\/wp\/v2\/pages"}],"about":[{"href":"https:\/\/www.pcyc.qc.ca\/fr\/wp-json\/wp\/v2\/types\/page"}],"author":[{"embeddable":true,"href":"https:\/\/www.pcyc.qc.ca\/fr\/wp-json\/wp\/v2\/users\/14"}],"replies":[{"embeddable":true,"href":"https:\/\/www.pcyc.qc.ca\/fr\/wp-json\/wp\/v2\/comments?post=4764"}],"version-history":[{"count":0,"href":"https:\/\/www.pcyc.qc.ca\/fr\/wp-json\/wp\/v2\/pages\/4764\/revisions"}],"wp:attachment":[{"href":"https:\/\/www.pcyc.qc.ca\/fr\/wp-json\/wp\/v2\/media?parent=4764"}],"curies":[{"name":"wp","href":"https:\/\/api.w.org\/{rel}","templated":true}]}}