{"id":4757,"date":"2026-01-26T14:30:54","date_gmt":"2026-01-26T18:30:54","guid":{"rendered":"https:\/\/www.pcyc.qc.ca\/?page_id=4757"},"modified":"2026-03-20T12:06:04","modified_gmt":"2026-03-20T16:06:04","slug":"equipe-de-course-junior-2","status":"publish","type":"page","link":"https:\/\/www.pcyc.qc.ca\/fr\/equipe-de-course-junior-2\/","title":{"rendered":"\u00c9quipe de course junior"},"content":{"rendered":"\n<h2 class=\"wp-block-heading\">L\u2019\u00c9quipe YCPC<\/h2>\n\n\n\n<p>Le Club nautique de Pointe-Claire est fier d&rsquo;accueillir des \u00e9quipes de comp\u00e9tition en Optimist, Laser, C420 et Waszp. Les athl\u00e8tes d\u00e9butent leur saison en mai et s&rsquo;entra\u00eenent pendant les quatre mois suivants dans le but de se qualifier pour les \u00e9quipes provinciales et nationales. Leur calendrier est charg\u00e9, avec des d\u00e9placements pour participer \u00e0 diverses r\u00e9gates locales et nationales. La saison culmine \u00e0 la fin ao\u00fbt avec le Championnat canadien jeunesse \u00e0 Portsmouth Harbour, \u00e0 Kingston, en Ontario.<\/p>\n\n\n\n<h2 class=\"wp-block-heading\">Horaire d\u2019entra\u00eenement<br><\/h2>\n\n\n\n<h3 class=\"wp-block-heading\">Haute saison<br><\/h3>\n\n\n\n<p>Passez l\u2019\u00e9t\u00e9 \u00e0 perfectionner vos techniques et \u00e0 vous faire de nouveaux amis en rejoignant la plus grande \u00e9quipe de course du lac Saint-Louis\u2009! \u00catre membre de l\u2019\u00c9quipe YCPC vous donnera la chance de participer \u00e0 la plus grande r\u00e9gate en eau douce d\u2019Am\u00e9rique du Nord lors des Championnats Juniors de Voile Canada.<\/p>\n\n\n\n<p>Chaque \u00e9quipe a un horaire unique d\u00e9termin\u00e9 lors d\u2019une r\u00e9union entre les parents et les entra\u00eeneurs.<\/p>\n\n\n\n<p><br>Les athl\u00e8tes participent aux r\u00e9gates suivantes&nbsp;:<br>\u2013 TRY au Pointe-Claire Yacht Club<br>\u2013 Sail Central au Hudson Yacht Club<br>\u200b- Championnats Juniors de Voile Canada au port olympique de Portsmouth<br>\u2013 Championnat du Qu\u00e9bec au Club de Voile Deux-Montagnes<\/p>\n\n\n\n<h3 class=\"wp-block-heading\">Automne<\/h3>\n\n\n\n<p>Terminez la saison en vous pr\u00e9parant pour l\u2019ann\u00e9e prochaine\u2009! En rejoignant notre programme d\u2019automne, vous aurez la chance d\u2019avoir des entra\u00eeneurs invit\u00e9s extraordinaires ainsi que la possibilit\u00e9 d\u2019essayer de nouveaux bateaux amusants. Les s\u00e9ances d\u2019entra\u00eenement ont lieu le samedi de 9&nbsp;h \u00e0 midi.<\/p>\n\n\n\n<p>Les athl\u00e8tes participent \u00e0 la r\u00e9gate de Fall Cork au port olympique de Portsmouth \u00e0 Kingston en Ontario.<\/p>\n\n\n\n<div class=\"wp-block-columns has-cyan-bluish-gray-background-color has-background is-layout-flex wp-container-core-columns-is-layout-9d6595d7 wp-block-columns-is-layout-flex\">\n<div class=\"wp-block-column is-vertically-aligned-center is-layout-flow wp-block-column-is-layout-flow\"><div class=\"wp-block-image\">\n<figure class=\"aligncenter size-full\"><img loading=\"lazy\" decoding=\"async\" width=\"2560\" height=\"1920\" src=\"https:\/\/www.pcyc.qc.ca\/wp-content\/uploads\/2021\/11\/optimist-team-scaled.jpg\" alt=\"\" class=\"wp-image-596\" srcset=\"https:\/\/www.pcyc.qc.ca\/wp-content\/uploads\/2021\/11\/optimist-team-scaled.jpg 2560w, https:\/\/www.pcyc.qc.ca\/wp-content\/uploads\/2021\/11\/optimist-team-840x630.jpg 840w, https:\/\/www.pcyc.qc.ca\/wp-content\/uploads\/2021\/11\/optimist-team-1536x1152.jpg 1536w, https:\/\/www.pcyc.qc.ca\/wp-content\/uploads\/2021\/11\/optimist-team-2048x1536.jpg 2048w\" sizes=\"auto, (max-width: 2560px) 100vw, 2560px\" \/><\/figure><\/div><\/div>\n\n\n\n<div class=\"wp-block-column is-vertically-aligned-center is-layout-flow wp-block-column-is-layout-flow\">\n<p class=\"has-medium-font-size\">\u00c9quipe&nbsp;Optimist<\/p>\n\n\n\n<p class=\"has-small-font-size\">Les athl\u00e8tes doivent apporter leur propre bateau.<\/p>\n\n\n\n<p class=\"has-small-font-size\"><\/p>\n\n\n\n<div class=\"wp-block-buttons is-layout-flex wp-block-buttons-is-layout-flex\">\n<div class=\"wp-block-button has-custom-width wp-block-button__width-100 is-style-fill\"><a class=\"wp-block-button__link has-vivid-red-background-color has-background has-small-font-size has-custom-font-size wp-element-button\" href=\"http:\/\/pcycsailingschool.checklick.com#9664\" style=\"border-radius:10px\">INSCRIPTION<\/a><\/div>\n<\/div>\n<\/div>\n<\/div>\n\n\n\n<div class=\"wp-block-columns has-cyan-bluish-gray-background-color has-background is-layout-flex wp-container-core-columns-is-layout-9d6595d7 wp-block-columns-is-layout-flex\">\n<div class=\"wp-block-column is-vertically-aligned-center is-layout-flow wp-block-column-is-layout-flow\"><div class=\"wp-block-image\">\n<figure class=\"aligncenter size-full\"><img loading=\"lazy\" decoding=\"async\" width=\"2560\" height=\"1920\" src=\"https:\/\/www.pcyc.qc.ca\/wp-content\/uploads\/2021\/11\/laser-team-scaled.jpg\" alt=\"\" class=\"wp-image-594\" srcset=\"https:\/\/www.pcyc.qc.ca\/wp-content\/uploads\/2021\/11\/laser-team-scaled.jpg 2560w, https:\/\/www.pcyc.qc.ca\/wp-content\/uploads\/2021\/11\/laser-team-840x630.jpg 840w, https:\/\/www.pcyc.qc.ca\/wp-content\/uploads\/2021\/11\/laser-team-1536x1152.jpg 1536w, https:\/\/www.pcyc.qc.ca\/wp-content\/uploads\/2021\/11\/laser-team-2048x1536.jpg 2048w\" sizes=\"auto, (max-width: 2560px) 100vw, 2560px\" \/><\/figure><\/div><\/div>\n\n\n\n<div class=\"wp-block-column is-vertically-aligned-center is-layout-flow wp-block-column-is-layout-flow\">\n<p class=\"has-medium-font-size\">\u00c9quipe&nbsp;ILCA (Laser)<\/p>\n\n\n\n<p class=\"has-small-font-size\">Les athl\u00e8tes doivent apporter leur propre bateau. Tout athl\u00e8te souhaitant faire partie de l\u2019\u00c9quipe Laser doit soumettre une demande avant le 1er avril<\/p>\n\n\n\n<div class=\"wp-block-buttons is-layout-flex wp-block-buttons-is-layout-flex\">\n<div class=\"wp-block-button has-custom-width wp-block-button__width-100 is-style-fill\"><a class=\"wp-block-button__link has-vivid-red-background-color has-background has-small-font-size has-custom-font-size wp-element-button\" href=\"https:\/\/forms.gle\/vwupwtuXeZFMLajB6\" style=\"border-radius:10px\">INSCRIPTION<\/a><\/div>\n<\/div>\n<\/div>\n<\/div>\n\n\n\n<div class=\"wp-block-columns has-cyan-bluish-gray-background-color has-background is-layout-flex wp-container-core-columns-is-layout-9d6595d7 wp-block-columns-is-layout-flex\">\n<div class=\"wp-block-column is-vertically-aligned-center is-layout-flow wp-block-column-is-layout-flow\"><div class=\"wp-block-image\">\n<figure class=\"aligncenter size-full\"><img loading=\"lazy\" decoding=\"async\" width=\"1367\" height=\"913\" src=\"https:\/\/www.pcyc.qc.ca\/wp-content\/uploads\/2025\/08\/529252599_18287463832253377_84133473937388852_n.jpg\" alt=\"\" class=\"wp-image-4508\" srcset=\"https:\/\/www.pcyc.qc.ca\/wp-content\/uploads\/2025\/08\/529252599_18287463832253377_84133473937388852_n.jpg 1367w, https:\/\/www.pcyc.qc.ca\/wp-content\/uploads\/2025\/08\/529252599_18287463832253377_84133473937388852_n-735x491.jpg 735w, https:\/\/www.pcyc.qc.ca\/wp-content\/uploads\/2025\/08\/529252599_18287463832253377_84133473937388852_n-360x240.jpg 360w\" sizes=\"auto, (max-width: 1367px) 100vw, 1367px\" \/><\/figure><\/div><\/div>\n\n\n\n<div class=\"wp-block-column is-vertically-aligned-center is-layout-flow wp-block-column-is-layout-flow\">\n<p class=\"has-medium-font-size\">C420 \u00c9quipe de Course<\/p>\n\n\n\n<p class=\"has-small-font-size\">L&rsquo;\u00e9quipe de course C420 propose un programme de 4 semaines ax\u00e9 sur le trap\u00e8ze, le vol en spinnaker et la r\u00e9gate. L&rsquo;inscription \u00e0 ce programme requiert au minimum une certification CANSail 2.<br>Les C420 sont fournies!<\/p>\n\n\n\n<div class=\"wp-block-buttons is-layout-flex wp-block-buttons-is-layout-flex\">\n<div class=\"wp-block-button has-custom-width wp-block-button__width-100 is-style-fill\"><a class=\"wp-block-button__link has-vivid-red-background-color has-background has-small-font-size has-custom-font-size wp-element-button\" href=\"http:\/\/pcycsailingschool.checklick.com#12979\" style=\"border-radius:10px\">INSCRIPTION<\/a><\/div>\n<\/div>\n<\/div>\n<\/div>\n\n\n\n<div class=\"wp-block-columns has-cyan-bluish-gray-background-color has-background is-layout-flex wp-container-core-columns-is-layout-9d6595d7 wp-block-columns-is-layout-flex\">\n<div class=\"wp-block-column is-vertically-aligned-center is-layout-flow wp-block-column-is-layout-flow\"><div class=\"wp-block-image\">\n<figure class=\"aligncenter size-full\"><img loading=\"lazy\" decoding=\"async\" width=\"965\" height=\"683\" src=\"https:\/\/www.pcyc.qc.ca\/wp-content\/uploads\/2023\/10\/Waszp--e1698762138103.png\" alt=\"\" class=\"wp-image-2772\" srcset=\"https:\/\/www.pcyc.qc.ca\/wp-content\/uploads\/2023\/10\/Waszp--e1698762138103.png 965w, https:\/\/www.pcyc.qc.ca\/wp-content\/uploads\/2023\/10\/Waszp--e1698762138103-735x520.png 735w, https:\/\/www.pcyc.qc.ca\/wp-content\/uploads\/2023\/10\/Waszp--e1698762138103-360x255.png 360w, https:\/\/www.pcyc.qc.ca\/wp-content\/uploads\/2023\/10\/Waszp--e1698762138103-300x212.png 300w, https:\/\/www.pcyc.qc.ca\/wp-content\/uploads\/2023\/10\/Waszp--e1698762138103-768x544.png 768w\" sizes=\"auto, (max-width: 965px) 100vw, 965px\" \/><\/figure><\/div><\/div>\n\n\n\n<div class=\"wp-block-column is-vertically-aligned-center is-layout-flow wp-block-column-is-layout-flow\">\n<p class=\"has-medium-font-size\">\u00c9quipe Foiling Waszp<\/p>\n\n\n\n<p class=\"has-small-font-size\">Le programme waszp est un excellent programme avanc\u00e9 pour ceux qui souhaitent s&rsquo;initier au foiling !<\/p>\n\n\n\n<p class=\"has-small-font-size\">Nous ne fournissons pas de bateaux, mais nous pouvons organiser des locations de courte dur\u00e9e.\u200b<br><\/p>\n\n\n\n<div class=\"wp-block-buttons is-layout-flex wp-block-buttons-is-layout-flex\">\n<div class=\"wp-block-button has-custom-width wp-block-button__width-100 is-style-fill\"><a class=\"wp-block-button__link has-vivid-red-background-color has-background has-small-font-size has-custom-font-size wp-element-button\" href=\"https:\/\/forms.gle\/vwupwtuXeZFMLajB6\" style=\"border-radius:10px\">INSCRIPTION<\/a><\/div>\n<\/div>\n<\/div>\n<\/div>\n","protected":false},"excerpt":{"rendered":"<p>L\u2019\u00c9quipe YCPC Le Club nautique de Pointe-Claire est fier d&rsquo;accueillir des \u00e9quipes de comp\u00e9tition en Optimist, Laser, C420 et Waszp. Les athl\u00e8tes d\u00e9butent leur saison en mai et s&rsquo;entra\u00eenent pendant les quatre mois suivants dans le but de se qualifier pour les \u00e9quipes provinciales et nationales. Leur calendrier est charg\u00e9, avec des d\u00e9placements pour participer [&hellip;]<\/p>\n","protected":false},"author":14,"featured_media":0,"parent":0,"menu_order":0,"comment_status":"closed","ping_status":"closed","template":"","meta":{"_acf_changed":true,"footnotes":""},"class_list":["post-4757","page","type-page","status-publish","hentry"],"acf":[],"_links":{"self":[{"href":"https:\/\/www.pcyc.qc.ca\/fr\/wp-json\/wp\/v2\/pages\/4757","targetHints":{"allow":["GET"]}}],"collection":[{"href":"https:\/\/www.pcyc.qc.ca\/fr\/wp-json\/wp\/v2\/pages"}],"about":[{"href":"https:\/\/www.pcyc.qc.ca\/fr\/wp-json\/wp\/v2\/types\/page"}],"author":[{"embeddable":true,"href":"https:\/\/www.pcyc.qc.ca\/fr\/wp-json\/wp\/v2\/users\/14"}],"replies":[{"embeddable":true,"href":"https:\/\/www.pcyc.qc.ca\/fr\/wp-json\/wp\/v2\/comments?post=4757"}],"version-history":[{"count":0,"href":"https:\/\/www.pcyc.qc.ca\/fr\/wp-json\/wp\/v2\/pages\/4757\/revisions"}],"wp:attachment":[{"href":"https:\/\/www.pcyc.qc.ca\/fr\/wp-json\/wp\/v2\/media?parent=4757"}],"curies":[{"name":"wp","href":"https:\/\/api.w.org\/{rel}","templated":true}]}}