{"id":4756,"date":"2026-01-26T14:18:52","date_gmt":"2026-01-26T18:18:52","guid":{"rendered":"https:\/\/www.pcyc.qc.ca\/?page_id=4756"},"modified":"2026-03-20T12:10:10","modified_gmt":"2026-03-20T16:10:10","slug":"voile-junior-2","status":"publish","type":"page","link":"https:\/\/www.pcyc.qc.ca\/fr\/voile-junior-2\/","title":{"rendered":"Voile Junior"},"content":{"rendered":"\n<p>Depuis 1879, le Yacht Club de Pointe-Claire encourage la pratique de la voile aupr\u00e8s des jeunes par l&rsquo;entremise de son acad\u00e9mie de voile. Nous offrons une vari\u00e9t\u00e9 de programmes pour d\u00e9butants et interm\u00e9diaires aux jeunes de 7 \u00e0 17 ans, leur apprenant \u00e0 naviguer dans un environnement amusant et s\u00e9curitaire. Nos \u00e9l\u00e8ves acqui\u00e8rent non seulement les notions techniques de ce sport, mais aussi le sens du travail d&rsquo;\u00e9quipe, d\u00e9veloppent leur confiance en soi et se font de nouveaux amis. Les comp\u00e9tences acquises leur serviront toute leur vie&nbsp;; la voile est un sport qui se pratique sous toutes ses formes, quel que soit l&rsquo;\u00e2ge.<br><br>Tous nos cours sont dispens\u00e9s par nos instructeurs bilingues certifi\u00e9s par Voile Canada, s\u00e9lectionn\u00e9s parmi les meilleurs navigateurs du lac Saint-Louis. Les \u00e9l\u00e8ves qui d\u00e9montrent le niveau de comp\u00e9tence requis peuvent atteindre les niveaux de Voile Canada.<\/p>\n\n\n\n<p>Le YCPC attend de son personnel, de ses membres, de leurs invit\u00e9s, des visiteurs et de toute autre personne pr\u00e9sente sur la propri\u00e9t\u00e9, y compris lors des activit\u00e9s nautiques du club, qu&rsquo;ils se comportent conform\u00e9ment aux valeurs du club et sans enfreindre les lois, les statuts ou les politiques du club.<\/p>\n\n\n\n<hr class=\"wp-block-separator has-alpha-channel-opacity\"\/>\n\n\n\n<p class=\"has-text-align-center has-vivid-red-color has-text-color has-link-color has-large-font-size wp-elements-39a5cfb10d3dc399b2c532e582ba62d7\">PROGRAMMES D&rsquo;\u00c9T\u00c9<\/p>\n\n\n\n<div class=\"wp-block-columns has-cyan-bluish-gray-background-color has-background is-layout-flex wp-container-core-columns-is-layout-9d6595d7 wp-block-columns-is-layout-flex\">\n<div class=\"wp-block-column is-vertically-aligned-center is-layout-flow wp-block-column-is-layout-flow\"><div class=\"wp-block-image\">\n<figure class=\"aligncenter size-full\"><img loading=\"lazy\" decoding=\"async\" width=\"2560\" height=\"1920\" src=\"https:\/\/www.pcyc.qc.ca\/wp-content\/uploads\/2021\/11\/learn-to-race-scaled.jpg\" alt=\"\" class=\"wp-image-579\" srcset=\"https:\/\/www.pcyc.qc.ca\/wp-content\/uploads\/2021\/11\/learn-to-race-scaled.jpg 2560w, https:\/\/www.pcyc.qc.ca\/wp-content\/uploads\/2021\/11\/learn-to-race-840x630.jpg 840w, https:\/\/www.pcyc.qc.ca\/wp-content\/uploads\/2021\/11\/learn-to-race-1536x1152.jpg 1536w, https:\/\/www.pcyc.qc.ca\/wp-content\/uploads\/2021\/11\/learn-to-race-2048x1536.jpg 2048w\" sizes=\"auto, (max-width: 2560px) 100vw, 2560px\" \/><\/figure><\/div><\/div>\n\n\n\n<div class=\"wp-block-column is-vertically-aligned-center is-layout-flow wp-block-column-is-layout-flow\">\n<p class=\"has-medium-font-size\">Apprendre \u00e0 naviguer Optimist<\/p>\n\n\n\n<p class=\"has-small-font-size\"><strong>8 \u00e0 13 ans<\/strong><\/p>\n\n\n\n<p class=\"has-small-font-size\">Le groupe est compos\u00e9 de plusieurs \u00e9tudiants encadr\u00e9s par plusieurs instructeurs.<br>\u200b<br>Dur\u00e9e du cours : deux semaines<\/p>\n\n\n\n<div class=\"wp-block-buttons is-layout-flex wp-block-buttons-is-layout-flex\">\n<div class=\"wp-block-button has-custom-width wp-block-button__width-100 is-style-fill\"><a class=\"wp-block-button__link has-vivid-red-background-color has-background has-small-font-size has-custom-font-size wp-element-button\" href=\"http:\/\/pcycsailingschool.checklick.com#10636\" style=\"border-radius:10px\">INSCRIPTION<\/a><\/div>\n<\/div>\n<\/div>\n<\/div>\n\n\n\n<p><\/p>\n\n\n\n<div class=\"wp-block-columns has-cyan-bluish-gray-background-color has-background is-layout-flex wp-container-core-columns-is-layout-9d6595d7 wp-block-columns-is-layout-flex\">\n<div class=\"wp-block-column is-vertically-aligned-center is-layout-flow wp-block-column-is-layout-flow\"><div class=\"wp-block-image\">\n<figure class=\"aligncenter size-full\"><img loading=\"lazy\" decoding=\"async\" width=\"1709\" height=\"1278\" src=\"https:\/\/www.pcyc.qc.ca\/wp-content\/uploads\/2021\/11\/Opti2.png\" alt=\"\" class=\"wp-image-948\" srcset=\"https:\/\/www.pcyc.qc.ca\/wp-content\/uploads\/2021\/11\/Opti2.png 1709w, https:\/\/www.pcyc.qc.ca\/wp-content\/uploads\/2021\/11\/Opti2-1536x1149.png 1536w\" sizes=\"auto, (max-width: 1709px) 100vw, 1709px\" \/><\/figure><\/div><\/div>\n\n\n\n<div class=\"wp-block-column is-vertically-aligned-center is-layout-flow wp-block-column-is-layout-flow\">\n<p class=\"has-medium-font-size\">Apprendre \u00e0 courser Optimist<\/p>\n\n\n\n<p class=\"has-small-font-size\"><strong><strong>8 \u00e0 14 ans<\/strong><\/strong><\/p>\n\n\n\n<p class=\"has-small-font-size\">Le programme Flotte Verte initie les enfants \u00e0 la voile en tant que sport de comp\u00e9tition. Les jeunes athl\u00e8tes apprennent les techniques de base de la navigation et les tactiques de course, et participent \u00e0 des r\u00e9gates locales contre d&rsquo;autres membres du programme Flotte Verte provenant de diff\u00e9rents clubs nautiques.<\/p>\n\n\n\n<p class=\"has-small-font-size\">L&rsquo;\u00e9quipe est compos\u00e9e de six membres naviguant individuellement et encadr\u00e9s par un entra\u00eeneur. Les athl\u00e8tes doivent \u00eatre recommand\u00e9s par un instructeur pour \u00eatre admissibles \u00e0 ce programme.<br>\u200b\u200b<br>Dur\u00e9e du cours : quatre semaines<\/p>\n\n\n\n<div class=\"wp-block-buttons is-layout-flex wp-block-buttons-is-layout-flex\">\n<div class=\"wp-block-button has-custom-width wp-block-button__width-100 is-style-fill\"><a class=\"wp-block-button__link has-vivid-red-background-color has-background has-small-font-size has-custom-font-size wp-element-button\" href=\"http:\/\/pcycsailingschool.checklick.com#13471\" style=\"border-radius:10px\">INSCRIPTION<\/a><\/div>\n<\/div>\n<\/div>\n<\/div>\n\n\n\n<div class=\"wp-block-columns has-cyan-bluish-gray-background-color has-background is-layout-flex wp-container-core-columns-is-layout-9d6595d7 wp-block-columns-is-layout-flex\">\n<div class=\"wp-block-column is-vertically-aligned-center is-layout-flow wp-block-column-is-layout-flow\"><div class=\"wp-block-image\">\n<figure class=\"aligncenter size-full\"><img loading=\"lazy\" decoding=\"async\" width=\"2560\" height=\"1920\" src=\"https:\/\/www.pcyc.qc.ca\/wp-content\/uploads\/2021\/11\/learn-to-sail-club-420-scaled.jpg\" alt=\"\" class=\"wp-image-583\" srcset=\"https:\/\/www.pcyc.qc.ca\/wp-content\/uploads\/2021\/11\/learn-to-sail-club-420-scaled.jpg 2560w, https:\/\/www.pcyc.qc.ca\/wp-content\/uploads\/2021\/11\/learn-to-sail-club-420-840x630.jpg 840w, https:\/\/www.pcyc.qc.ca\/wp-content\/uploads\/2021\/11\/learn-to-sail-club-420-1536x1152.jpg 1536w, https:\/\/www.pcyc.qc.ca\/wp-content\/uploads\/2021\/11\/learn-to-sail-club-420-2048x1536.jpg 2048w\" sizes=\"auto, (max-width: 2560px) 100vw, 2560px\" \/><\/figure><\/div><\/div>\n\n\n\n<div class=\"wp-block-column is-vertically-aligned-center is-layout-flow wp-block-column-is-layout-flow\">\n<p class=\"has-medium-font-size\">Apprendre \u00e0 naviguer Club 420<\/p>\n\n\n\n<p class=\"has-small-font-size\"><strong><strong><strong> <\/strong> 14 \u00e0 17 ans<\/strong><\/strong><\/p>\n\n\n\n<p class=\"has-small-font-size\">Enseign\u00e9 en utilisant les Club 420 de type coll\u00e9gial et des bateaux FJ, le programme enseigne des techniques de base et interm\u00e9diaires tels que les virements de bord, les empannages, ainsi que des tactiques et strat\u00e9gies de base en course. Les \u00e9tudiants dans ce cours participent \u00e0 des r\u00e9gates amicales avec des \u00e9tudiants provenant de d\u2019autres clubs de voile sur le lac<\/p>\n\n\n\n<p class=\"has-small-font-size\">\u200bCe groupe est compos\u00e9 de douze \u00e9l\u00e8ves qui font de la voile en \u00e9quipe de deux, supervis\u00e9 par deux instructeurs.<br>\u200b<br>Dur\u00e9e du cours : deux semaines<\/p>\n\n\n\n<div class=\"wp-block-buttons is-layout-flex wp-block-buttons-is-layout-flex\">\n<div class=\"wp-block-button has-custom-width wp-block-button__width-100 is-style-fill\"><a class=\"wp-block-button__link has-vivid-red-background-color has-background has-small-font-size has-custom-font-size wp-element-button\" href=\"http:\/\/pcycsailingschool.checklick.com#12592\" style=\"border-radius:10px\">INSCRIPTION<\/a><\/div>\n<\/div>\n<\/div>\n<\/div>\n\n\n\n<div class=\"wp-block-columns has-cyan-bluish-gray-background-color has-background is-layout-flex wp-container-core-columns-is-layout-9d6595d7 wp-block-columns-is-layout-flex\">\n<div class=\"wp-block-column is-vertically-aligned-center is-layout-flow wp-block-column-is-layout-flow\"><div class=\"wp-block-image\">\n<figure class=\"aligncenter size-full\"><img loading=\"lazy\" decoding=\"async\" width=\"2560\" height=\"1920\" src=\"https:\/\/www.pcyc.qc.ca\/wp-content\/uploads\/2021\/11\/private-lesson-scaled.jpg\" alt=\"\" class=\"wp-image-589\" srcset=\"https:\/\/www.pcyc.qc.ca\/wp-content\/uploads\/2021\/11\/private-lesson-scaled.jpg 2560w, https:\/\/www.pcyc.qc.ca\/wp-content\/uploads\/2021\/11\/private-lesson-840x630.jpg 840w, https:\/\/www.pcyc.qc.ca\/wp-content\/uploads\/2021\/11\/private-lesson-1536x1152.jpg 1536w, https:\/\/www.pcyc.qc.ca\/wp-content\/uploads\/2021\/11\/private-lesson-2048x1536.jpg 2048w\" sizes=\"auto, (max-width: 2560px) 100vw, 2560px\" \/><\/figure><\/div><\/div>\n\n\n\n<div class=\"wp-block-column is-vertically-aligned-center is-layout-flow wp-block-column-is-layout-flow\">\n<p class=\"has-medium-font-size\">Cours priv\u00e9s<\/p>\n\n\n\n<p class=\"has-small-font-size\"><strong>Ouverts \u00e0 tous<\/strong><\/p>\n\n\n\n<p class=\"has-small-font-size\">Vous voulez une exp\u00e9rience d\u2019apprentissage personnalis\u00e9e et ajust\u00e9e \u00e0 vos besoins? Nos cours priv\u00e9s sont pour vous! Ces cours comprennent une partie th\u00e9orique suivie d\u2019une session sur l\u2019eau avec un instructeur professionnel. Apr\u00e8s trois cours, vous devriez pouvoir faire le tour d\u2019un parcours avec une aide minime de l\u2019instructeur. Tous les cours ont une dur\u00e9e de trois heures et sont planifi\u00e9s selon vos besoins.<\/p>\n\n\n\n<p class=\"has-small-font-size\">Dur\u00e9e du cours : quatre semaines<\/p>\n\n\n\n<div class=\"wp-block-buttons is-layout-flex wp-block-buttons-is-layout-flex\">\n<div class=\"wp-block-button has-custom-width wp-block-button__width-100 is-style-fill\"><a class=\"wp-block-button__link has-vivid-red-background-color has-background has-small-font-size has-custom-font-size wp-element-button\" style=\"border-radius:10px\">Contact\u00e9 le bureau<\/a><\/div>\n<\/div>\n<\/div>\n<\/div>\n","protected":false},"excerpt":{"rendered":"<p>Depuis 1879, le Yacht Club de Pointe-Claire encourage la pratique de la voile aupr\u00e8s des jeunes par l&rsquo;entremise de son acad\u00e9mie de voile. Nous offrons une vari\u00e9t\u00e9 de programmes pour d\u00e9butants et interm\u00e9diaires aux jeunes de 7 \u00e0 17 ans, leur apprenant \u00e0 naviguer dans un environnement amusant et s\u00e9curitaire. Nos \u00e9l\u00e8ves acqui\u00e8rent non seulement [&hellip;]<\/p>\n","protected":false},"author":14,"featured_media":0,"parent":0,"menu_order":0,"comment_status":"closed","ping_status":"closed","template":"","meta":{"_acf_changed":true,"footnotes":""},"class_list":["post-4756","page","type-page","status-publish","hentry"],"acf":[],"_links":{"self":[{"href":"https:\/\/www.pcyc.qc.ca\/fr\/wp-json\/wp\/v2\/pages\/4756","targetHints":{"allow":["GET"]}}],"collection":[{"href":"https:\/\/www.pcyc.qc.ca\/fr\/wp-json\/wp\/v2\/pages"}],"about":[{"href":"https:\/\/www.pcyc.qc.ca\/fr\/wp-json\/wp\/v2\/types\/page"}],"author":[{"embeddable":true,"href":"https:\/\/www.pcyc.qc.ca\/fr\/wp-json\/wp\/v2\/users\/14"}],"replies":[{"embeddable":true,"href":"https:\/\/www.pcyc.qc.ca\/fr\/wp-json\/wp\/v2\/comments?post=4756"}],"version-history":[{"count":0,"href":"https:\/\/www.pcyc.qc.ca\/fr\/wp-json\/wp\/v2\/pages\/4756\/revisions"}],"wp:attachment":[{"href":"https:\/\/www.pcyc.qc.ca\/fr\/wp-json\/wp\/v2\/media?parent=4756"}],"curies":[{"name":"wp","href":"https:\/\/api.w.org\/{rel}","templated":true}]}}