{"id":4730,"date":"2026-01-26T14:21:32","date_gmt":"2026-01-26T18:21:32","guid":{"rendered":"https:\/\/www.pcyc.qc.ca\/?page_id=4730"},"modified":"2026-04-16T18:29:36","modified_gmt":"2026-04-16T22:29:36","slug":"academie-de-voile","status":"publish","type":"page","link":"https:\/\/www.pcyc.qc.ca\/fr\/academie-de-voile\/","title":{"rendered":"Acad\u00e9mie de voile"},"content":{"rendered":"\n<h1 class=\"wp-block-heading has-text-align-center has-vivid-red-color has-text-color has-link-color has-large-font-size wp-elements-402dbb3b09c2b3405b1c8182f7f769fc\"><strong>Apprenez &#8211; Progressez &#8211; Ma\u00eetrisez l\u2019eau<\/strong><\/h1>\n\n\n\n<h3 class=\"wp-block-heading has-text-align-center has-black-color has-text-color has-link-color wp-elements-b12ea1f420d5e176cedf27468f8a97b9\"><strong>Pourquoi l&rsquo;Acad\u00e9mie de voile du YCPC se d\u00e9marque<\/strong><\/h3>\n\n\n\n<p class=\"has-text-align-center\">Nous sommes la destination de choix \u00e0 Montr\u00e9al pour la formation \u00e0 la voile et le d\u00e9veloppement comp\u00e9titif.<br>Nous \u00e9tablissons la norme en mati\u00e8re d&rsquo;enseignement de la voile sur le lac Saint-Louis.<br>Nous offrons une exp\u00e9rience qui renforce la confiance, l&rsquo;ind\u00e9pendance et les amiti\u00e9s durables.<br>Nos dipl\u00f4m\u00e9s ont repr\u00e9sent\u00e9 le Canada sur la sc\u00e8ne internationale.<br>Nous avons mis en place les normes de s\u00e9curit\u00e9 les plus strictes.<br><\/p>\n\n\n\n<hr class=\"wp-block-separator has-text-color has-cyan-bluish-gray-color has-alpha-channel-opacity has-cyan-bluish-gray-background-color has-background\"\/>\n\n\n\n<h3 class=\"wp-block-heading has-text-align-center has-vivid-cyan-blue-color has-text-color has-link-color wp-elements-e92a67074e35a6a2d6e4397e7cea167a\"><strong>Je sais ce que je cherche, acc\u00e9der \u00e0 un programme<\/strong><\/h3>\n\n\n\n<div class=\"wp-block-columns is-layout-flex wp-container-core-columns-is-layout-9d6595d7 wp-block-columns-is-layout-flex\">\n<div class=\"wp-block-column has-background is-layout-flow wp-block-column-is-layout-flow\" style=\"background-color:#d7e0e4\">\n<h5 class=\"wp-block-heading has-text-align-center\">PROGRAMMES JEUNESSE<\/h5>\n\n\n\n<div class=\"wp-block-buttons is-content-justification-center is-layout-flex wp-container-core-buttons-is-layout-16018d1d wp-block-buttons-is-layout-flex\">\n<div class=\"wp-block-button has-custom-width wp-block-button__width-75\"><a class=\"wp-block-button__link has-background has-small-font-size has-custom-font-size wp-element-button\" href=\"https:\/\/www.pcyc.qc.ca\/fr\/voile-junior-2\/\" style=\"background-color:#18134c\">Cours Junior<\/a><\/div>\n\n\n\n<div class=\"wp-block-button has-custom-width wp-block-button__width-75\"><a class=\"wp-block-button__link has-black-color has-vivid-cyan-blue-background-color has-text-color has-background has-link-color has-small-font-size has-custom-font-size wp-element-button\" href=\"https:\/\/pcycsailingschool.checklick.com\/\" target=\"_blank\" rel=\"noreferrer noopener\"><strong>Inscription Junior<\/strong><\/a><\/div>\n\n\n\n<div class=\"wp-block-button has-custom-width wp-block-button__width-75\"><a class=\"wp-block-button__link has-background has-small-font-size has-custom-font-size wp-element-button\" href=\"https:\/\/www.pcyc.qc.ca\/fr\/equipe-de-course-junior-2\/\" style=\"background-color:#18134c\">\u00c9quipe de Course Junior<\/a><\/div>\n<\/div>\n<\/div>\n\n\n\n<div class=\"wp-block-column has-background is-layout-flow wp-block-column-is-layout-flow\" style=\"background-color:#d7e0e4\">\n<h5 class=\"wp-block-heading has-text-align-center\">PROGRAMMES ADULTES<\/h5>\n\n\n\n<div class=\"wp-block-buttons is-content-justification-center is-layout-flex wp-container-core-buttons-is-layout-16018d1d wp-block-buttons-is-layout-flex\">\n<div class=\"wp-block-button has-custom-width wp-block-button__width-75\"><a class=\"wp-block-button__link has-background has-small-font-size has-custom-font-size wp-element-button\" href=\"https:\/\/www.pcyc.qc.ca\/fr\/cours-dadultes\/\" style=\"background-color:#18134c\">Cours Adulte<\/a><\/div>\n<\/div>\n<\/div>\n\n\n\n<div class=\"wp-block-column has-background is-layout-flow wp-block-column-is-layout-flow\" style=\"background-color:#d7e0e4\">\n<h5 class=\"wp-block-heading has-text-align-center\">FORMATION CONTINUE ADULTES<\/h5>\n\n\n\n<div class=\"wp-block-buttons is-content-justification-center is-layout-flex wp-container-core-buttons-is-layout-16018d1d wp-block-buttons-is-layout-flex\">\n<div class=\"wp-block-button has-custom-width wp-block-button__width-75\"><a class=\"wp-block-button__link has-background has-small-font-size has-custom-font-size wp-element-button\" href=\"https:\/\/www.pcyc.qc.ca\/fr\/?page_id=4765&amp;preview=true\" style=\"background-color:#18134c\">Bateaux Club<\/a><\/div>\n\n\n\n<div class=\"wp-block-button has-custom-width wp-block-button__width-75\"><a class=\"wp-block-button__link has-background has-small-font-size has-custom-font-size wp-element-button\" href=\"https:\/\/www.pcyc.qc.ca\/fr\/clinique-de-course-tgif\/\" style=\"background-color:#18134c\">Clinique de course TGIF<\/a><\/div>\n\n\n\n<div class=\"wp-block-button has-custom-width wp-block-button__width-75\"><a class=\"wp-block-button__link has-background has-small-font-size has-custom-font-size wp-element-button\" href=\"\/fr\/?page_id=4935\" style=\"background-color:#18134c\">Ressources de Formation<\/a><\/div>\n<\/div>\n<\/div>\n<\/div>\n\n\n\n<hr class=\"wp-block-separator has-text-color has-cyan-bluish-gray-color has-alpha-channel-opacity has-cyan-bluish-gray-background-color has-background\"\/>\n\n\n\n<h3 class=\"wp-block-heading has-text-align-center has-vivid-cyan-blue-color has-text-color has-link-color wp-elements-d7cf0134a70cb3e72f5b7e11809a3496\"><strong>Je suis novice en voile<\/strong><\/h3>\n\n\n\n<p class=\"has-text-align-center\"><strong>Des programmes de voile qui \u00e9voluent avec vous<br><\/strong><\/p>\n\n\n\n<div class=\"wp-block-columns is-layout-flex wp-container-core-columns-is-layout-9d6595d7 wp-block-columns-is-layout-flex\">\n<div class=\"wp-block-column is-vertically-aligned-stretch has-background is-layout-flow wp-block-column-is-layout-flow\" style=\"background-color:#d7e0e4\">\n<p class=\"has-text-align-center\" style=\"font-size:12px\"><br><strong>PROGRAMMES POUR LES JEUNES<br><\/strong><br>Une initiation ludique et s\u00e9curitaire \u00e0 la voile, \u00e0 la conduite d&rsquo;un bateau, au travail d&rsquo;\u00e9quipe et aux comp\u00e9tences essentielles \u00e0 la vie quotidienne. Bas\u00e9 sur le programme <a href=\"https:\/\/fr.sailing.ca\/voilecan\/\" target=\"_blank\" rel=\"noreferrer noopener\"><mark style=\"background-color:rgba(0, 0, 0, 0)\" class=\"has-inline-color has-vivid-cyan-blue-color\">VoileCAN de Voile Canada<\/mark><\/a><mark style=\"background-color:rgba(0, 0, 0, 0)\" class=\"has-inline-color has-vivid-cyan-blue-color\">,<\/mark> chaque programme offre une progression claire et une certification nationale, ce qui en fait un point de d\u00e9part id\u00e9al pour les jeunes navigateurs.<br>Voiliers utilis\u00e9s : <a href=\"https:\/\/sailboatdata.com\/sailboat\/optimist-dinghy-int\/\"><mark style=\"background-color:rgba(0, 0, 0, 0)\" class=\"has-inline-color has-vivid-cyan-blue-color\">Optim<\/mark><\/a><a href=\"https:\/\/sailboatdata.com\/sailboat\/optimist-dinghy-int\/\" target=\"_blank\" rel=\"noreferrer noopener\"><mark style=\"background-color:rgba(0, 0, 0, 0)\" class=\"has-inline-color has-vivid-cyan-blue-color\">is<\/mark><\/a><a href=\"https:\/\/sailboatdata.com\/sailboat\/optimist-dinghy-int\/\"><mark style=\"background-color:rgba(0, 0, 0, 0)\" class=\"has-inline-color has-vivid-cyan-blue-color\">t<\/mark><\/a> et<mark style=\"background-color:rgba(0, 0, 0, 0)\" class=\"has-inline-color has-vivid-cyan-blue-color\"> <\/mark><a href=\"https:\/\/sailboatdata.com\/sailboat\/420\/\" target=\"_blank\" rel=\"noreferrer noopener\"><mark style=\"background-color:rgba(0, 0, 0, 0);color:#0b94e3\" class=\"has-inline-color\">C420<\/mark><\/a><mark style=\"background-color:rgba(0, 0, 0, 0)\" class=\"has-inline-color has-vivid-cyan-blue-color\">.<\/mark><\/p>\n<\/div>\n\n\n\n<div class=\"wp-block-column is-vertically-aligned-stretch has-background is-layout-flow wp-block-column-is-layout-flow\" style=\"background-color:#d7e0e4\">\n<p class=\"has-text-align-center\" style=\"font-size:12px\"><br><strong>COURSE COMP\u00c9TITIVE<br><\/strong><br>Les programmes avanc\u00e9s offrent un entra\u00eenement d&rsquo;\u00e9lite, un d\u00e9veloppement tactique et une exp\u00e9rience r\u00e9elle des r\u00e9gates. Les athl\u00e8tes apprennent aupr\u00e8s d&rsquo;entra\u00eeneurs hautement exp\u00e9riment\u00e9s et d\u00e9veloppent les comp\u00e9tences et l&rsquo;\u00e9tat d&rsquo;esprit n\u00e9cessaires pour concourir au plus haut niveau, o\u00f9 la passion rencontre la performance.<br>Voiliers utilis\u00e9s :<mark style=\"background-color:rgba(0, 0, 0, 0)\" class=\"has-inline-color has-vivid-cyan-blue-color\"> <\/mark><a href=\"https:\/\/sailboatdata.com\/sailboat\/optimist-dinghy-int\/\" target=\"_blank\" rel=\"noreferrer noopener\"><mark style=\"background-color:rgba(0, 0, 0, 0);color:#208dcc\" class=\"has-inline-color\">Optimist<\/mark><\/a><mark style=\"background-color:rgba(0, 0, 0, 0);color:#0f8cd5\" class=\"has-inline-color\">,<\/mark> <a href=\"https:\/\/sailboatdata.com\/sailboat\/420\/\" target=\"_blank\" rel=\"noreferrer noopener\"><mark style=\"background-color:rgba(0, 0, 0, 0)\" class=\"has-inline-color has-vivid-cyan-blue-color\">C420<\/mark><\/a>, <a href=\"https:\/\/sailboatdata.com\/sailboat\/ilca-7-laser-international\/\" target=\"_blank\" rel=\"noreferrer noopener\"><mark style=\"background-color:rgba(0, 0, 0, 0)\" class=\"has-inline-color has-vivid-cyan-blue-color\">Laser<\/mark> <\/a>et <a href=\"https:\/\/sailboatdata.com\/sailboat\/waszp\/\" target=\"_blank\" rel=\"noreferrer noopener\"><mark style=\"background-color:rgba(0, 0, 0, 0);color:#1b92d7\" class=\"has-inline-color\">Waszp<\/mark><\/a><mark style=\"background-color:rgba(0, 0, 0, 0)\" class=\"has-inline-color has-vivid-green-cyan-color\">.<\/mark><\/p>\n<\/div>\n\n\n\n<div class=\"wp-block-column is-vertically-aligned-stretch has-background is-layout-flow wp-block-column-is-layout-flow\" style=\"background-color:#d7e0e4\">\n<p class=\"has-text-align-center\" style=\"font-size:12px\"><br><strong>ADULTES et FAMILLES<br><\/strong><br>La voile est accessible \u00e0 tous. Nos programmes pour adultes et familles accueillent les d\u00e9butants et les navigateurs confirm\u00e9s afin de les aider \u00e0 apprendre, \u00e0 acqu\u00e9rir des comp\u00e9tences et \u00e0 profiter pleinement de leur temps sur l&rsquo;eau. Gr\u00e2ce \u00e0 l&rsquo;enseignement d&rsquo;experts, vous gagnerez rapidement en confiance pour mener vos propres aventures sur le lac Saint-Louis.<br>Voiliers utilis\u00e9s : <a href=\"https:\/\/sailboatdata.com\/sailboat\/420\/\" target=\"_blank\" rel=\"noreferrer noopener\"><mark style=\"background-color:rgba(0, 0, 0, 0);color:#2891cf\" class=\"has-inline-color\">C420<\/mark><\/a><mark style=\"background-color:rgba(0, 0, 0, 0)\" class=\"has-inline-color has-vivid-cyan-blue-color\">,<\/mark> <a href=\"https:\/\/sailboatdata.com\/sailboat\/shark-24\/\" target=\"_blank\" rel=\"noreferrer noopener\"><mark style=\"background-color:rgba(0, 0, 0, 0);color:#2d97d5\" class=\"has-inline-color\">Shark 24<\/mark><\/a><mark style=\"background-color:rgba(0, 0, 0, 0)\" class=\"has-inline-color has-vivid-cyan-blue-color\"> <\/mark>et<mark style=\"background-color:rgba(0, 0, 0, 0)\" class=\"has-inline-color has-luminous-vivid-orange-color\"> <\/mark><a href=\"https:\/\/sailboatdata.com\/sailboat\/tanzer-22\/\" target=\"_blank\" rel=\"noreferrer noopener\"><mark style=\"background-color:rgba(0, 0, 0, 0);color:#229be1\" class=\"has-inline-color\">Tanzer 22<\/mark><\/a><mark style=\"background-color:rgba(0, 0, 0, 0);color:#1f92d5\" class=\"has-inline-color\">.<\/mark><\/p>\n<\/div>\n<\/div>\n\n\n\n<h2 class=\"wp-block-heading has-text-align-center has-text-color has-link-color wp-elements-2e63744ddc062cb5a22dfef59af9183e\" style=\"color:#0b1175\"><strong>Votre parcours vers la voile de performance et de nouveaux horizons<br><\/strong><\/h2>\n\n\n\n<p class=\"has-text-align-center\">Notre parcours structur\u00e9 ci-dessous montre comment chaque programme s&rsquo;articule, ce qui vient apr\u00e8s chaque niveau et comment votre enfant (ou vous-m\u00eame) peut \u00e9voluer avec nous ann\u00e9e apr\u00e8s ann\u00e9e.<\/p>\n\n\n\n<div class=\"wp-block-columns is-layout-flex wp-container-core-columns-is-layout-9d6595d7 wp-block-columns-is-layout-flex\">\n<div class=\"wp-block-column is-layout-flow wp-block-column-is-layout-flow\"><div class=\"wp-block-image\">\n<figure class=\"aligncenter size-full\"><img loading=\"lazy\" decoding=\"async\" width=\"1103\" height=\"1173\" src=\"https:\/\/www.pcyc.qc.ca\/wp-content\/uploads\/2026\/01\/Academy-Flow_FR.png\" alt=\"\" class=\"wp-image-4755\" srcset=\"https:\/\/www.pcyc.qc.ca\/wp-content\/uploads\/2026\/01\/Academy-Flow_FR.png 1103w, https:\/\/www.pcyc.qc.ca\/wp-content\/uploads\/2026\/01\/Academy-Flow_FR-735x782.png 735w, https:\/\/www.pcyc.qc.ca\/wp-content\/uploads\/2026\/01\/Academy-Flow_FR-360x383.png 360w\" sizes=\"auto, (max-width: 1103px) 100vw, 1103px\" \/><\/figure><\/div><\/div>\n<\/div>\n\n\n\n<h2 class=\"wp-block-heading has-text-align-center has-text-color has-link-color wp-elements-8bd4b81aca0a2483a0f1511ef5c3bb7b\" style=\"color:#0b1175\"><strong>Parents, suivez leur croissance avec Checklick<\/strong><\/h2>\n\n\n\n<p class=\"has-text-align-center\">Nous savons \u00e0 quel point il est gratifiant de voir votre enfant grandir sur l&rsquo;eau. C&rsquo;est pourquoi nos marins sont inscrits \u00e0 Checklick, le syst\u00e8me officiel de suivi des progr\u00e8s en temps r\u00e9el de Voile Canada, afin que vous puissiez voir leurs comp\u00e9tences se d\u00e9velopper, avec les commentaires des instructeurs.<\/p>\n\n\n\n<hr class=\"wp-block-separator has-text-color has-cyan-bluish-gray-color has-alpha-channel-opacity has-cyan-bluish-gray-background-color has-background\"\/>\n\n\n\n<h2 class=\"wp-block-heading has-text-align-center has-text-color has-link-color wp-elements-b111d8d2735ff2a48d7932ec5a89fe43\" style=\"color:#0b1175\"><strong>S\u00e9lectionnez votre programme<\/strong><\/h2>\n\n\n\n<div class=\"wp-block-columns are-vertically-aligned-bottom has-black-color has-text-color has-background has-link-color wp-elements-912a7d75ec142312c416a81dca77f934 is-layout-flex wp-container-core-columns-is-layout-9d6595d7 wp-block-columns-is-layout-flex\" style=\"background-color:#d7e0e4\">\n<div class=\"wp-block-column is-vertically-aligned-bottom is-layout-flow wp-block-column-is-layout-flow\">\n<p class=\"has-text-align-center has-black-color has-text-color has-link-color wp-elements-6e2123333a8e0d813b19e2df49ff202a\">Commencez le voyage<\/p>\n\n\n\n<div class=\"wp-block-buttons has-custom-font-size has-small-font-size is-content-justification-center is-layout-flex wp-container-core-buttons-is-layout-16018d1d wp-block-buttons-is-layout-flex\">\n<div class=\"wp-block-button has-custom-width wp-block-button__width-100 is-style-fill\"><a class=\"wp-block-button__link has-white-color has-text-color has-background has-link-color wp-element-button\" href=\"https:\/\/www.pcyc.qc.ca\/fr\/?page_id=4756&amp;preview=true\" style=\"border-radius:10px;background-color:#18134c\">COURS JUNIOR<\/a><\/div>\n<\/div>\n<\/div>\n\n\n\n<div class=\"wp-block-column is-vertically-aligned-bottom is-layout-flow wp-block-column-is-layout-flow\">\n<p class=\"has-text-align-center has-black-color has-text-color has-link-color wp-elements-df80ff482f5714a4ee09a42506d48ce4\">Entra\u00eenez-vous comme un champion<br><\/p>\n\n\n\n<div class=\"wp-block-buttons is-content-justification-center is-layout-flex wp-container-core-buttons-is-layout-16018d1d wp-block-buttons-is-layout-flex\">\n<div class=\"wp-block-button has-custom-width wp-block-button__width-100 is-style-fill\"><a class=\"wp-block-button__link has-white-color has-text-color has-background has-link-color has-small-font-size has-custom-font-size wp-element-button\" href=\"https:\/\/www.pcyc.qc.ca\/fr\/?page_id=4757&amp;preview=true\" style=\"border-radius:10px;background-color:#18134c\">\u00c9QUIPE DE COURSE JUNIOR<\/a><\/div>\n<\/div>\n<\/div>\n\n\n\n<div class=\"wp-block-column is-vertically-aligned-bottom is-layout-flow wp-block-column-is-layout-flow\">\n<p class=\"has-text-align-center has-black-color has-text-color has-link-color wp-elements-1483f049c1d7661baba5ca06147406ba\">Naviguez en toute confiance<br><\/p>\n\n\n\n<div class=\"wp-block-buttons is-content-justification-center is-layout-flex wp-container-core-buttons-is-layout-16018d1d wp-block-buttons-is-layout-flex\">\n<div class=\"wp-block-button has-custom-width wp-block-button__width-100 is-style-fill\"><a class=\"wp-block-button__link has-white-color has-text-color has-background has-link-color has-small-font-size has-custom-font-size wp-element-button\" href=\"https:\/\/www.pcyc.qc.ca\/fr\/?page_id=4764&amp;preview=true\" style=\"border-radius:10px;background-color:#18134c\">COURS D&rsquo;ADULTE<\/a><\/div>\n<\/div>\n<\/div>\n<\/div>\n\n\n\n<hr class=\"wp-block-separator has-text-color has-cyan-bluish-gray-color has-alpha-channel-opacity has-cyan-bluish-gray-background-color has-background\"\/>\n\n\n\n<div class=\"wp-block-columns is-layout-flex wp-container-core-columns-is-layout-9d6595d7 wp-block-columns-is-layout-flex\">\n<div class=\"wp-block-column is-vertically-aligned-center is-layout-flow wp-block-column-is-layout-flow\" style=\"flex-basis:33.33%\">\n<div class=\"wp-block-buttons is-layout-flex wp-block-buttons-is-layout-flex\">\n<div class=\"wp-block-button has-custom-width wp-block-button__width-100\"><a class=\"wp-block-button__link has-white-color has-text-color has-background has-link-color has-medium-font-size has-custom-font-size wp-element-button\" href=\"https:\/\/www.pcyc.qc.ca\/fr\/?page_id=4763&amp;preview=true\" style=\"border-radius:10px;background-color:#18134c\">NOTRE \u00c9QUIPE<\/a><\/div>\n<\/div>\n<\/div>\n\n\n\n<div class=\"wp-block-column is-vertically-aligned-center is-layout-flow wp-block-column-is-layout-flow\" style=\"flex-basis:66.66%\">\n<p>Nos entra\u00eeneurs certifi\u00e9s Voile Canada apportent \u00e0 chaque cours un m\u00e9lange puissant de s\u00e9curit\u00e9, de comp\u00e9tences et de passion. Beaucoup d&rsquo;entre eux ont particip\u00e9 \u00e0 des comp\u00e9titions au plus haut niveau, y compris d&rsquo;anciens olympiens. Ils offrent un mentorat, partagent leur exp\u00e9rience du monde r\u00e9el et aident les jeunes athl\u00e8tes \u00e0 comprendre l&rsquo;aspect mental de la comp\u00e9tition de haut niveau. Leurs conseils cr\u00e9ent un environnement professionnel et favorable o\u00f9 chaque navigateur peut progresser, depuis ses premiers virements de bord jusqu&rsquo;aux d\u00e9parts en championnat.<br><\/p>\n<\/div>\n<\/div>\n\n\n\n<div class=\"wp-block-columns is-layout-flex wp-container-core-columns-is-layout-9d6595d7 wp-block-columns-is-layout-flex\">\n<div class=\"wp-block-column is-vertically-aligned-center is-layout-flow wp-block-column-is-layout-flow\" style=\"flex-basis:33.33%\">\n<div class=\"wp-block-buttons is-layout-flex wp-block-buttons-is-layout-flex\">\n<div class=\"wp-block-button has-custom-width wp-block-button__width-100\"><a class=\"wp-block-button__link has-white-color has-text-color has-background has-link-color has-medium-font-size has-custom-font-size wp-element-button\" href=\"https:\/\/www.pcyc.qc.ca\/fr\/?page_id=4766&amp;preview=true\" style=\"border-radius:10px;background-color:#18134c\">T\u00e9moignages de parents<\/a><\/div>\n<\/div>\n<\/div>\n\n\n\n<div class=\"wp-block-column is-vertically-aligned-center is-layout-flow wp-block-column-is-layout-flow\" style=\"flex-basis:66.66%\">\n<p><strong>Ne vous contentez pas de nous croire sur parole.<\/strong><br>\u00c9coutez les t\u00e9moignages des parents qui ont vu leurs enfants gagner en comp\u00e9tences, en confiance et en passion gr\u00e2ce \u00e0 notre acad\u00e9mie de voile.<\/p>\n<\/div>\n<\/div>\n\n\n\n<p><\/p>\n","protected":false},"excerpt":{"rendered":"<p>Apprenez &#8211; Progressez &#8211; Ma\u00eetrisez l\u2019eau Pourquoi l&rsquo;Acad\u00e9mie de voile du YCPC se d\u00e9marque Nous sommes la destination de choix \u00e0 Montr\u00e9al pour la formation \u00e0 la voile et le d\u00e9veloppement comp\u00e9titif.Nous \u00e9tablissons la norme en mati\u00e8re d&rsquo;enseignement de la voile sur le lac Saint-Louis.Nous offrons une exp\u00e9rience qui renforce la confiance, l&rsquo;ind\u00e9pendance et les [&hellip;]<\/p>\n","protected":false},"author":14,"featured_media":0,"parent":0,"menu_order":0,"comment_status":"closed","ping_status":"closed","template":"","meta":{"_acf_changed":false,"footnotes":""},"class_list":["post-4730","page","type-page","status-publish","hentry"],"acf":[],"_links":{"self":[{"href":"https:\/\/www.pcyc.qc.ca\/fr\/wp-json\/wp\/v2\/pages\/4730","targetHints":{"allow":["GET"]}}],"collection":[{"href":"https:\/\/www.pcyc.qc.ca\/fr\/wp-json\/wp\/v2\/pages"}],"about":[{"href":"https:\/\/www.pcyc.qc.ca\/fr\/wp-json\/wp\/v2\/types\/page"}],"author":[{"embeddable":true,"href":"https:\/\/www.pcyc.qc.ca\/fr\/wp-json\/wp\/v2\/users\/14"}],"replies":[{"embeddable":true,"href":"https:\/\/www.pcyc.qc.ca\/fr\/wp-json\/wp\/v2\/comments?post=4730"}],"version-history":[{"count":0,"href":"https:\/\/www.pcyc.qc.ca\/fr\/wp-json\/wp\/v2\/pages\/4730\/revisions"}],"wp:attachment":[{"href":"https:\/\/www.pcyc.qc.ca\/fr\/wp-json\/wp\/v2\/media?parent=4730"}],"curies":[{"name":"wp","href":"https:\/\/api.w.org\/{rel}","templated":true}]}}