{"id":4410,"date":"2025-07-25T11:54:34","date_gmt":"2025-07-25T15:54:34","guid":{"rendered":"https:\/\/www.pcyc.qc.ca\/?page_id=4410"},"modified":"2025-07-25T11:54:35","modified_gmt":"2025-07-25T15:54:35","slug":"mission-et-valeurs","status":"publish","type":"page","link":"https:\/\/www.pcyc.qc.ca\/fr\/mission-et-valeurs\/","title":{"rendered":"Mission et Valeurs"},"content":{"rendered":"\n<h2 class=\"wp-block-heading\"><em><strong>Mission du YCPC<\/strong><\/em><\/h2>\n\n\n\n<p>Notre mission est d\u2019inspirer et de soutenir une passion durable pour la voile, la r\u00e9gate et la navigation de plaisance, en offrant les programmes, activit\u00e9s et installations n\u00e9cessaires, ainsi qu\u2019une atmosph\u00e8re conviviale, d\u00e9tendue et familiale.<\/p>\n\n\n\n<h2 class=\"wp-block-heading\"><strong><em>Valeurs du YCPC<\/em><\/strong><\/h2>\n\n\n\n<p><em>Pour accomplir notre mission, le Club s\u2019engage \u00e0 respecter les VALEURS suivantes, qui guident notre recrutement, notre gestion, nos employ\u00e9s et nos membres, ainsi que l\u2019ensemble de nos programmes et activit\u00e9s :<\/em><\/p>\n\n\n\n<p><strong>Excellence en Voile<br><\/strong>Engagement envers la voile, sa croissance et son plaisir, ainsi que l\u2019excellence en course et en croisi\u00e8re, tant pour les marins exp\u00e9riment\u00e9s que pour les amateurs.<\/p>\n\n\n\n<p><strong>\u00c9ducation et Apprentissage<br><\/strong>Engagement \u00e0 offrir des s\u00e9minaires et des programmes de formation \u00e0 la voile organis\u00e9s et structur\u00e9s pour divers \u00e2ges, niveaux et capacit\u00e9s \u2013 pour les membres du Club et le grand public. Il s&rsquo;agit \u00e9galement de promouvoir et d&rsquo;encourager un apprentissage continu et informel sur l&rsquo;eau lors des r\u00e9gates r\u00e9guli\u00e8res du Club.<\/p>\n\n\n\n<p><strong>Int\u00e9grit\u00e9, Respect et Int\u00e9grit\u00e9<br><\/strong>Engagement \u00e0 g\u00e9rer le Club et toutes ses activit\u00e9s avec \u00e9quit\u00e9, int\u00e9grit\u00e9, respect mutuel et respect des r\u00e8glements et r\u00e8glements du Club. Cela inclut \u00e9galement l\u2019application compl\u00e8te du Code de conduite du Club, qui garantit un environnement libre de harc\u00e8lement.<\/p>\n\n\n\n<p><strong>Inclusivit\u00e9 et \u00c9quit\u00e9<br><\/strong>Encourager et soutenir un acc\u00e8s diversifi\u00e9 et \u00e9quitable \u00e0 l\u2019adh\u00e9sion (avec ou sans bateau), \u00e0 la formation \u00e0 la voile et \u00e0 toutes les activit\u00e9s du Club. Cela inclut les personnes de tous \u00e2ges et capacit\u00e9s et garantit que les membres se sentent bienvenus gr\u00e2ce \u00e0 la communication et au service du Club en fran\u00e7ais et en anglais.<\/p>\n\n\n\n<p><strong>S\u00e9curit\u00e9<\/strong><br>Engagement \u00e0 cr\u00e9er, promouvoir et soutenir une culture de s\u00e9curit\u00e9 dans tous les aspects des op\u00e9rations et des activit\u00e9s du Club, tant sur l&rsquo;eau que dans nos installations.<\/p>\n\n\n\n<p><strong>Solidarit\u00e9 et Coh\u00e9sion<br><\/strong>Favoriser et maintenir une forte passion pour la voile, la communaut\u00e9 et la convivialit\u00e9 \u00e0 travers nos activit\u00e9s et initiatives ; encourager et soutenir la participation des jeunes et des familles aux activit\u00e9s nautiques et terrestres.<\/p>\n\n\n\n<p><strong>Installations<\/strong><br>Engagement \u00e0 maintenir des installations permettant aux membres et \u00e0 leurs familles de se rassembler, de se rencontrer, d\u2019\u00e9changer et de se d\u00e9tendre \u2013 en profitant des services de restauration et en participant aux \u00e9v\u00e9nements du Club.<\/p>\n\n\n\n<p><strong>Histoire et tradition<br><\/strong>Valoriser notre pass\u00e9 en reconnaissant et en pr\u00e9servant notre histoire, tout en perp\u00e9tuant et en d\u00e9veloppant nos traditions \u00e0 mesure que le sport et la pratique de la voile, ainsi que nos activit\u00e9s, \u00e9voluent.<\/p>\n\n\n\n<p><strong>Engagement des B\u00e9n\u00e9voles<br><\/strong>Fonctionner avec un accent sur la participation des membres b\u00e9n\u00e9voles \u00e0 la proposition et \u00e0 l\u2019organisation d\u2019\u00e9v\u00e9nements et d\u2019activit\u00e9s, favorisant ainsi un esprit communautaire.<\/p>\n\n\n\n<p><strong>Engagement Communautaire<br><\/strong>Encourager et soutenir la collaboration avec d&rsquo;autres clubs de voile, organisations et municipalit\u00e9s ; y compris en assumant un r\u00f4le de leadership parmi les organisations de voile et les \u00e9v\u00e9nements et activit\u00e9s connexes.<\/p>\n\n\n\n<p><strong>Voile Adapt\u00e9e<br><\/strong>Engagement \u00e0 inclure et soutenir les activit\u00e9s de voile adapt\u00e9e en tant qu\u2019\u00e9l\u00e9ment unique et int\u00e9gral du YCPC, et \u00e0 collaborer avec l&rsquo;AQVA pour faciliter et am\u00e9liorer leurs programmes.<\/p>\n\n\n\n<p><strong>Responsabilit\u00e9 Environnementale<br><\/strong>Op\u00e9rer avec une conscience et une appr\u00e9ciation de notre privil\u00e8ge d&rsquo;acc\u00e9der et de profiter de nos voies navigables, et agir en cons\u00e9quence selon les meilleures pratiques et r\u00e9glementations afin que les membres soient de bons gestionnaires de notre environnement aquatique, terrestre et a\u00e9rien.<\/p>\n\n\n\n<p><strong>Durabilit\u00e9<\/strong><br>Fonctionner avec l\u2019objectif de continuit\u00e9 et de durabilit\u00e9 \u00e0 long terme, en tenant compte de la r\u00e9tention des membres, des aspects financiers et environnementaux.<\/p>\n\n\n\n<p><strong>Langue<\/strong><br>Faire de notre mieux pour faciliter la communication dans les langues officielles utilis\u00e9es par les membres et dans la communaut\u00e9 \u00e9largie.<\/p>\n","protected":false},"excerpt":{"rendered":"<p>Mission du YCPC Notre mission est d\u2019inspirer et de soutenir une passion durable pour la voile, la r\u00e9gate et la navigation de plaisance, en offrant les programmes, activit\u00e9s et installations n\u00e9cessaires, ainsi qu\u2019une atmosph\u00e8re conviviale, d\u00e9tendue et familiale. Valeurs du YCPC Pour accomplir notre mission, le Club s\u2019engage \u00e0 respecter les VALEURS suivantes, qui guident [&hellip;]<\/p>\n","protected":false},"author":17,"featured_media":0,"parent":0,"menu_order":0,"comment_status":"closed","ping_status":"closed","template":"","meta":{"_acf_changed":false,"footnotes":""},"class_list":["post-4410","page","type-page","status-publish","hentry"],"acf":[],"_links":{"self":[{"href":"https:\/\/www.pcyc.qc.ca\/fr\/wp-json\/wp\/v2\/pages\/4410","targetHints":{"allow":["GET"]}}],"collection":[{"href":"https:\/\/www.pcyc.qc.ca\/fr\/wp-json\/wp\/v2\/pages"}],"about":[{"href":"https:\/\/www.pcyc.qc.ca\/fr\/wp-json\/wp\/v2\/types\/page"}],"author":[{"embeddable":true,"href":"https:\/\/www.pcyc.qc.ca\/fr\/wp-json\/wp\/v2\/users\/17"}],"replies":[{"embeddable":true,"href":"https:\/\/www.pcyc.qc.ca\/fr\/wp-json\/wp\/v2\/comments?post=4410"}],"version-history":[{"count":0,"href":"https:\/\/www.pcyc.qc.ca\/fr\/wp-json\/wp\/v2\/pages\/4410\/revisions"}],"wp:attachment":[{"href":"https:\/\/www.pcyc.qc.ca\/fr\/wp-json\/wp\/v2\/media?parent=4410"}],"curies":[{"name":"wp","href":"https:\/\/api.w.org\/{rel}","templated":true}]}}