{"id":4183,"date":"2025-05-06T12:44:18","date_gmt":"2025-05-06T16:44:18","guid":{"rendered":"https:\/\/www.pcyc.qc.ca\/?page_id=4183"},"modified":"2025-05-08T21:18:35","modified_gmt":"2025-05-09T01:18:35","slug":"discord","status":"publish","type":"page","link":"https:\/\/www.pcyc.qc.ca\/fr\/discord\/","title":{"rendered":"Discord"},"content":{"rendered":"\n<p>Cette ann\u00e9e, nous aurons un nouvel outil de communication : nous utiliserons <strong>Discord<\/strong> comme forum de discussion informel, march\u00e9, et outil de coordination. <em>(Le calendrier et le site Web du YCPC demeureront toutefois les sources d\u2019information les plus \u00e0 jour et les plus fiables.)<\/em><\/p>\n\n\n\n<p>Discord offre une meilleure fonctionnalit\u00e9 et remplacera \u00e0 la fois notre groupe WhatsApp TGIF et l\u2019ancien forum Web (d\u00e9sormais inactif).<\/p>\n\n\n\n<p>Voici les \u00e9tapes pour acc\u00e9der \u00e0 Discord.<\/p>\n\n\n\n<ol class=\"wp-block-list\">\n<li>T\u00e9l\u00e9chargez <strong>Discord<\/strong> \u00e0 partir de la boutique d\u2019applications de votre t\u00e9l\u00e9phone, ou visitez <a href=\"https:\/\/discord.com\/\">https:\/\/discord.com\/<\/a> pour l\u2019utiliser dans votre navigateur ou pour t\u00e9l\u00e9charger la version de bureau. <em>(Passez cette \u00e9tape si vous l\u2019utilisez d\u00e9j\u00e0 \u2014 c\u2019est le cas de beaucoup de gens.)<\/em><\/li>\n\n\n\n<li>Cr\u00e9ez un <strong>nom d\u2019utilisateur<\/strong> <em>(\u00e0 sauter si vous en avez d\u00e9j\u00e0 un)<\/em>. Beaucoup de gens choisissent un pseudonyme sans leur vrai nom pour leurs discussions sur Discord en dehors du PCYC.<\/li>\n\n\n\n<li>Envoyez votre <strong>nom complet<\/strong> et votre <strong>nom d\u2019utilisateur<\/strong>, en utilisant l\u2019adresse courriel que vous utilisez pour les communications du club, au <strong>capitaine de flotte Frank Ferrara <\/strong>(voir ci-dessous)<strong> <\/strong>, ou au bureau. <em>(Je ne publie pas d\u2019adresses courriel ici afin d\u2019\u00e9viter qu\u2019elles soient r\u00e9colt\u00e9es pour du pourriel.)<\/em><\/li>\n\n\n\n<li>Frank vous ajoutera au serveur Discord et vous recevrez une invitation.<br>Une fois que vous avez rejoint le serveur PCYC, veuillez choisir un nom de profil qui vous identifie clairement\u00a0; indiquez au minimum votre pr\u00e9nom complet. Nous sommes une communaut\u00e9 de plaisanciers ouverte qui valorise la transparence et nous souhaitons savoir \u00e0 qui nous nous adressons lorsque nous publions. L&rsquo;anonymat est d\u00e9conseill\u00e9.<\/li>\n<\/ol>\n\n\n\n<figure class=\"wp-block-table aligncenter has-medium-font-size\"><table class=\"has-fixed-layout\"><tbody><tr><td class=\"has-text-align-center\" data-align=\"center\"><a href=\"mailto: fleetcaptain@pcyc.qc.ca\"><img loading=\"lazy\" decoding=\"async\" width=\"150\" height=\"23\" class=\"wp-image-3869\" style=\"width: 150px;\" src=\"https:\/\/www.pcyc.qc.ca\/wp-content\/uploads\/2025\/01\/FCemail.png\" alt=\"\"><\/a><\/td><\/tr><\/tbody><\/table><\/figure>\n\n\n\n<p><\/p>\n","protected":false},"excerpt":{"rendered":"<p>Cette ann\u00e9e, nous aurons un nouvel outil de communication : nous utiliserons Discord comme forum de discussion informel, march\u00e9, et outil de coordination. (Le calendrier et le site Web du YCPC demeureront toutefois les sources d\u2019information les plus \u00e0 jour et les plus fiables.) Discord offre une meilleure fonctionnalit\u00e9 et remplacera \u00e0 la fois notre [&hellip;]<\/p>\n","protected":false},"author":17,"featured_media":0,"parent":0,"menu_order":0,"comment_status":"closed","ping_status":"closed","template":"","meta":{"_acf_changed":false,"footnotes":""},"class_list":["post-4183","page","type-page","status-publish","hentry"],"acf":[],"_links":{"self":[{"href":"https:\/\/www.pcyc.qc.ca\/fr\/wp-json\/wp\/v2\/pages\/4183","targetHints":{"allow":["GET"]}}],"collection":[{"href":"https:\/\/www.pcyc.qc.ca\/fr\/wp-json\/wp\/v2\/pages"}],"about":[{"href":"https:\/\/www.pcyc.qc.ca\/fr\/wp-json\/wp\/v2\/types\/page"}],"author":[{"embeddable":true,"href":"https:\/\/www.pcyc.qc.ca\/fr\/wp-json\/wp\/v2\/users\/17"}],"replies":[{"embeddable":true,"href":"https:\/\/www.pcyc.qc.ca\/fr\/wp-json\/wp\/v2\/comments?post=4183"}],"version-history":[{"count":0,"href":"https:\/\/www.pcyc.qc.ca\/fr\/wp-json\/wp\/v2\/pages\/4183\/revisions"}],"wp:attachment":[{"href":"https:\/\/www.pcyc.qc.ca\/fr\/wp-json\/wp\/v2\/media?parent=4183"}],"curies":[{"name":"wp","href":"https:\/\/api.w.org\/{rel}","templated":true}]}}