{"id":3028,"date":"2024-01-26T10:48:37","date_gmt":"2024-01-26T14:48:37","guid":{"rendered":"https:\/\/www.pcyc.qc.ca\/?page_id=3028"},"modified":"2026-03-17T17:23:28","modified_gmt":"2026-03-17T21:23:28","slug":"comite-executifs-2024","status":"publish","type":"page","link":"https:\/\/www.pcyc.qc.ca\/fr\/comite-executifs-2024\/","title":{"rendered":"Comit\u00e9 ex\u00e9cutifs"},"content":{"rendered":"\n<div class=\"wp-block-columns is-layout-flex wp-container-core-columns-is-layout-9d6595d7 wp-block-columns-is-layout-flex\">\n<div class=\"wp-block-column has-background is-layout-flow wp-block-column-is-layout-flow\" style=\"background-color:#090e40\">\n<figure class=\"wp-block-image size-full\"><img loading=\"lazy\" decoding=\"async\" width=\"1723\" height=\"1913\" src=\"https:\/\/www.pcyc.qc.ca\/wp-content\/uploads\/2024\/01\/pierre_brassard-1.jpg\" alt=\"\" class=\"wp-image-3013\" srcset=\"https:\/\/www.pcyc.qc.ca\/wp-content\/uploads\/2024\/01\/pierre_brassard-1.jpg 1723w, https:\/\/www.pcyc.qc.ca\/wp-content\/uploads\/2024\/01\/pierre_brassard-1-1383x1536.jpg 1383w, https:\/\/www.pcyc.qc.ca\/wp-content\/uploads\/2024\/01\/pierre_brassard-1-735x816.jpg 735w, https:\/\/www.pcyc.qc.ca\/wp-content\/uploads\/2024\/01\/pierre_brassard-1-360x400.jpg 360w\" sizes=\"auto, (max-width: 1723px) 100vw, 1723px\" \/><\/figure>\n\n\n\n<div style=\"height:16px\" aria-hidden=\"true\" class=\"wp-block-spacer\"><\/div>\n\n\n\n<div class=\"wp-block-buttons is-layout-flex wp-block-buttons-is-layout-flex\">\n<div class=\"wp-block-button has-custom-width wp-block-button__width-100 is-style-outline is-style-outline--1\"><a class=\"wp-block-button__link has-text-color has-background no-border-radius wp-element-button\" style=\"color:#0f1661;background-color:#e0b706\"><strong>Pierre Brassard<br>Commodore<\/strong><\/a><\/div>\n<\/div>\n<\/div>\n\n\n\n<div class=\"wp-block-column is-vertically-aligned-top is-layout-flow wp-block-column-is-layout-flow\">\n<p class=\"has-medium-font-size\"><br><strong>Message de mi-saison du Commodore<\/strong><\/p>\n\n\n\n<p>\u00c0 mesure que la saison printani\u00e8re s\u2019installe, je tenais \u00e0 vous \u00e9crire pour vous dire combien je suis honor\u00e9 de servir comme commodore lors de ma premi\u00e8re ann\u00e9e. M\u00eame si la saison est encore loin, les pr\u00e9paratifs sont d\u00e9j\u00e0 bien engag\u00e9s et le club se mobilise en coulisses.<\/p>\n\n\n\n<p>Cette p\u00e9riode de l\u2019ann\u00e9e nous rappelle ce qui rend notre club si sp\u00e9cial : notre communaut\u00e9, notre passion commune pour la voile et les amiti\u00e9s que nous construisons sur l\u2019eau et hors de l\u2019eau. J\u2019ai h\u00e2te de travailler avec le comit\u00e9 ex\u00e9cutif, le personnel et les b\u00e9n\u00e9voles afin de faire de cette saison une exp\u00e9rience s\u00e9curitaire, accueillante et agr\u00e9able pour tous.<\/p>\n\n\n\n<p>Merci de votre soutien continu. J\u2019ai h\u00e2te de vous voir au club en avril, lorsque les quais reprendront vie.<\/p>\n\n\n\n<p>Pierre<\/p>\n\n\n\n<p class=\"has-medium-font-size\"><\/p>\n\n\n\n<p class=\"has-medium-font-size\"><br><\/p>\n\n\n\n<div style=\"height:37px\" aria-hidden=\"true\" class=\"wp-block-spacer\"><\/div>\n\n\n\n<p class=\"has-medium-font-size\"><\/p>\n<\/div>\n<\/div>\n\n\n\n<div class=\"wp-block-columns is-layout-flex wp-container-core-columns-is-layout-9d6595d7 wp-block-columns-is-layout-flex\">\n<div class=\"wp-block-column has-background is-layout-flow wp-block-column-is-layout-flow\" style=\"background-color:#090e40\">\n<figure class=\"wp-block-image size-full\"><img loading=\"lazy\" decoding=\"async\" width=\"733\" height=\"829\" src=\"https:\/\/www.pcyc.qc.ca\/wp-content\/uploads\/2026\/01\/salim.png\" alt=\"\" class=\"wp-image-4739\" srcset=\"https:\/\/www.pcyc.qc.ca\/wp-content\/uploads\/2026\/01\/salim.png 733w, https:\/\/www.pcyc.qc.ca\/wp-content\/uploads\/2026\/01\/salim-360x407.png 360w\" sizes=\"auto, (max-width: 733px) 100vw, 733px\" \/><\/figure>\n\n\n\n<p class=\"has-text-align-center has-luminous-vivid-amber-color has-text-color\">Salim Charabati<br>Vice Commodore<\/p>\n<\/div>\n\n\n\n<div class=\"wp-block-column has-background is-layout-flow wp-block-column-is-layout-flow\" style=\"background-color:#090e40\">\n<figure class=\"wp-block-image size-full\"><img loading=\"lazy\" decoding=\"async\" width=\"1106\" height=\"1237\" src=\"https:\/\/www.pcyc.qc.ca\/wp-content\/uploads\/2026\/01\/rick.png\" alt=\"\" class=\"wp-image-4741\" srcset=\"https:\/\/www.pcyc.qc.ca\/wp-content\/uploads\/2026\/01\/rick.png 1106w, https:\/\/www.pcyc.qc.ca\/wp-content\/uploads\/2026\/01\/rick-735x822.png 735w, https:\/\/www.pcyc.qc.ca\/wp-content\/uploads\/2026\/01\/rick-360x403.png 360w\" sizes=\"auto, (max-width: 1106px) 100vw, 1106px\" \/><\/figure>\n\n\n\n<p class=\"has-text-align-center has-luminous-vivid-amber-color has-text-color\">Rick Shousha<br>Contre Commodore<\/p>\n<\/div>\n\n\n\n<div class=\"wp-block-column has-background is-layout-flow wp-block-column-is-layout-flow\" style=\"background-color:#090e40\">\n<figure class=\"wp-block-image size-full\"><img loading=\"lazy\" decoding=\"async\" width=\"1481\" height=\"1640\" src=\"https:\/\/www.pcyc.qc.ca\/wp-content\/uploads\/2024\/01\/frank_ferrara.jpg\" alt=\"\" class=\"wp-image-2999\" srcset=\"https:\/\/www.pcyc.qc.ca\/wp-content\/uploads\/2024\/01\/frank_ferrara.jpg 1481w, https:\/\/www.pcyc.qc.ca\/wp-content\/uploads\/2024\/01\/frank_ferrara-1387x1536.jpg 1387w, https:\/\/www.pcyc.qc.ca\/wp-content\/uploads\/2024\/01\/frank_ferrara-735x814.jpg 735w, https:\/\/www.pcyc.qc.ca\/wp-content\/uploads\/2024\/01\/frank_ferrara-360x399.jpg 360w\" sizes=\"auto, (max-width: 1481px) 100vw, 1481px\" \/><\/figure>\n\n\n\n<p class=\"has-text-align-center has-luminous-vivid-amber-color has-text-color\">Frank Ferrara<br>Capitaine de la flotte<\/p>\n<\/div>\n\n\n\n<div class=\"wp-block-column is-layout-flow wp-block-column-is-layout-flow\"><\/div>\n<\/div>\n\n\n\n<div class=\"wp-block-columns is-layout-flex wp-container-core-columns-is-layout-9d6595d7 wp-block-columns-is-layout-flex\">\n<div class=\"wp-block-column has-background is-layout-flow wp-block-column-is-layout-flow\" style=\"background-color:#090e40\">\n<figure class=\"wp-block-image size-full\"><img decoding=\"async\" src=\"https:\/\/www.pcyc.qc.ca\/wp-content\/uploads\/2024\/01\/andre_gaumond.png\" alt=\"\" class=\"wp-image-2964\"\/><\/figure>\n\n\n\n<p class=\"has-text-align-center has-luminous-vivid-amber-color has-text-color\">Andr\u00e9 Gaumond<br>Tr\u00e9sorier<\/p>\n\n\n\n<p><\/p>\n<\/div>\n\n\n\n<div class=\"wp-block-column has-background is-layout-flow wp-block-column-is-layout-flow\" style=\"background-color:#090e40\">\n<figure class=\"wp-block-image size-full\"><img decoding=\"async\" src=\"https:\/\/www.pcyc.qc.ca\/wp-content\/uploads\/2024\/01\/john_cornellier.png\" alt=\"\" class=\"wp-image-2972\"\/><\/figure>\n\n\n\n<p class=\"has-text-align-center has-luminous-vivid-amber-color has-text-color\">John Cornellier<br>Capitaine du port<\/p>\n<\/div>\n\n\n\n<div class=\"wp-block-column has-background is-layout-flow wp-block-column-is-layout-flow\" style=\"background-color:#090e40\">\n<figure class=\"wp-block-image size-full\"><img decoding=\"async\" src=\"https:\/\/www.pcyc.qc.ca\/wp-content\/uploads\/2024\/01\/john_edwards.png\" alt=\"\" class=\"wp-image-2974\"\/><\/figure>\n\n\n\n<p class=\"has-text-align-center has-luminous-vivid-amber-color has-text-color\">John Edwards<br>Activit\u00e9s Terrestres<\/p>\n<\/div>\n\n\n\n<div class=\"wp-block-column has-background is-layout-flow wp-block-column-is-layout-flow\" style=\"background-color:#090e40\">\n<figure class=\"wp-block-image size-full\"><img decoding=\"async\" src=\"https:\/\/www.pcyc.qc.ca\/wp-content\/uploads\/2024\/01\/pierre_forest.png\" alt=\"\" class=\"wp-image-2984\"\/><\/figure>\n\n\n\n<p class=\"has-text-align-center has-luminous-vivid-amber-color has-text-color\">Pierre Forest<br>Secr\u00e9taire<\/p>\n<\/div>\n<\/div>\n\n\n\n<div class=\"wp-block-columns is-layout-flex wp-container-core-columns-is-layout-9d6595d7 wp-block-columns-is-layout-flex\">\n<div class=\"wp-block-column has-background is-layout-flow wp-block-column-is-layout-flow\" style=\"background-color:#090e40\">\n<figure class=\"wp-block-image size-full\"><img loading=\"lazy\" decoding=\"async\" width=\"1051\" height=\"1175\" src=\"https:\/\/www.pcyc.qc.ca\/wp-content\/uploads\/2026\/01\/annie-1.png\" alt=\"\" class=\"wp-image-4746\" srcset=\"https:\/\/www.pcyc.qc.ca\/wp-content\/uploads\/2026\/01\/annie-1.png 1051w, https:\/\/www.pcyc.qc.ca\/wp-content\/uploads\/2026\/01\/annie-1-735x822.png 735w, https:\/\/www.pcyc.qc.ca\/wp-content\/uploads\/2026\/01\/annie-1-360x402.png 360w\" sizes=\"auto, (max-width: 1051px) 100vw, 1051px\" \/><\/figure>\n\n\n\n<p class=\"has-text-align-center has-luminous-vivid-amber-color has-text-color\">Annie P. Sansfa\u00e7on<br>Communications<\/p>\n<\/div>\n\n\n\n<div class=\"wp-block-column has-background is-layout-flow wp-block-column-is-layout-flow\" style=\"background-color:#090e40\">\n<figure class=\"wp-block-image size-full\"><img loading=\"lazy\" decoding=\"async\" width=\"1726\" height=\"1917\" src=\"https:\/\/www.pcyc.qc.ca\/wp-content\/uploads\/2024\/01\/ryan_stowe.jpg\" alt=\"\" class=\"wp-image-3017\" srcset=\"https:\/\/www.pcyc.qc.ca\/wp-content\/uploads\/2024\/01\/ryan_stowe.jpg 1726w, https:\/\/www.pcyc.qc.ca\/wp-content\/uploads\/2024\/01\/ryan_stowe-1383x1536.jpg 1383w, https:\/\/www.pcyc.qc.ca\/wp-content\/uploads\/2024\/01\/ryan_stowe-735x816.jpg 735w, https:\/\/www.pcyc.qc.ca\/wp-content\/uploads\/2024\/01\/ryan_stowe-360x400.jpg 360w\" sizes=\"auto, (max-width: 1726px) 100vw, 1726px\" \/><\/figure>\n\n\n\n<p class=\"has-text-align-center has-luminous-vivid-amber-color has-text-color\">Ryan Stowe<br>Courses<\/p>\n<\/div>\n\n\n\n<div class=\"wp-block-column has-background is-layout-flow wp-block-column-is-layout-flow\" style=\"background-color:#090e40\">\n<figure class=\"wp-block-image size-full\"><img loading=\"lazy\" decoding=\"async\" width=\"1726\" height=\"1915\" src=\"https:\/\/www.pcyc.qc.ca\/wp-content\/uploads\/2024\/01\/jan_krejcar.jpg\" alt=\"\" class=\"wp-image-3001\" srcset=\"https:\/\/www.pcyc.qc.ca\/wp-content\/uploads\/2024\/01\/jan_krejcar.jpg 1726w, https:\/\/www.pcyc.qc.ca\/wp-content\/uploads\/2024\/01\/jan_krejcar-1384x1536.jpg 1384w, https:\/\/www.pcyc.qc.ca\/wp-content\/uploads\/2024\/01\/jan_krejcar-735x815.jpg 735w, https:\/\/www.pcyc.qc.ca\/wp-content\/uploads\/2024\/01\/jan_krejcar-360x399.jpg 360w\" sizes=\"auto, (max-width: 1726px) 100vw, 1726px\" \/><\/figure>\n\n\n\n<p class=\"has-text-align-center has-luminous-vivid-amber-color has-text-color\">Jan Krejcar<br>Directeur Escadron<\/p>\n<\/div>\n\n\n\n<div class=\"wp-block-column has-background is-layout-flow wp-block-column-is-layout-flow\" style=\"background-color:#090e40\">\n<p class=\"has-text-align-center has-luminous-vivid-amber-color has-text-color\"><\/p>\n<\/div>\n<\/div>\n\n\n\n<div class=\"wp-block-columns is-layout-flex wp-container-core-columns-is-layout-9d6595d7 wp-block-columns-is-layout-flex\">\n<div class=\"wp-block-column has-background is-layout-flow wp-block-column-is-layout-flow\" style=\"background-color:#090e40\">\n<figure class=\"wp-block-image size-full\"><img loading=\"lazy\" decoding=\"async\" width=\"1920\" height=\"2560\" src=\"https:\/\/www.pcyc.qc.ca\/wp-content\/uploads\/2021\/11\/Alex-Nemet-2023-scaled.jpg\" alt=\"\" class=\"wp-image-2651\" srcset=\"https:\/\/www.pcyc.qc.ca\/wp-content\/uploads\/2021\/11\/Alex-Nemet-2023-scaled.jpg 1920w, https:\/\/www.pcyc.qc.ca\/wp-content\/uploads\/2021\/11\/Alex-Nemet-2023-1152x1536.jpg 1152w, https:\/\/www.pcyc.qc.ca\/wp-content\/uploads\/2021\/11\/Alex-Nemet-2023-1536x2048.jpg 1536w, https:\/\/www.pcyc.qc.ca\/wp-content\/uploads\/2021\/11\/Alex-Nemet-2023-1900x2533.jpg 1900w, https:\/\/www.pcyc.qc.ca\/wp-content\/uploads\/2021\/11\/Alex-Nemet-2023-735x980.jpg 735w, https:\/\/www.pcyc.qc.ca\/wp-content\/uploads\/2021\/11\/Alex-Nemet-2023-360x480.jpg 360w\" sizes=\"auto, (max-width: 1920px) 100vw, 1920px\" \/><\/figure>\n\n\n\n<p class=\"has-text-align-center has-white-color has-text-color\">Alex Nemet<br><br>G\u00e9rant du Club<\/p>\n<\/div>\n\n\n\n<div class=\"wp-block-column has-background is-layout-flow wp-block-column-is-layout-flow\" style=\"background-color:#090e40\">\n<figure class=\"wp-block-image size-full\"><img loading=\"lazy\" decoding=\"async\" width=\"219\" height=\"300\" src=\"https:\/\/www.pcyc.qc.ca\/wp-content\/uploads\/2021\/11\/Theo-P.-Headshot.jpeg\" alt=\"\" class=\"wp-image-1852\"\/><\/figure>\n\n\n\n<p class=\"has-text-align-center has-white-color has-text-color\"> Th\u00e9o Perring<br><br>Assitant G\u00e9rant<\/p>\n<\/div>\n\n\n\n<div class=\"wp-block-column is-layout-flow wp-block-column-is-layout-flow\"><\/div>\n\n\n\n<div class=\"wp-block-column is-layout-flow wp-block-column-is-layout-flow\"><\/div>\n<\/div>\n\n\n\n<div style=\"height:41px\" aria-hidden=\"true\" class=\"wp-block-spacer\"><\/div>\n\n\n\n<hr class=\"wp-block-separator has-text-color has-css-opacity has-background\" style=\"background-color:#d1dae1;color:#d1dae1\"\/>\n\n\n\n<div style=\"height:46px\" aria-hidden=\"true\" class=\"wp-block-spacer\"><\/div>\n\n\n\n<div class=\"wp-block-columns is-layout-flex wp-container-core-columns-is-layout-9d6595d7 wp-block-columns-is-layout-flex\">\n<div class=\"wp-block-column is-layout-flow wp-block-column-is-layout-flow\" style=\"flex-basis:66.66%\">\n<div id=\"footable_parent_3032\"\n         class=\" footable_parent ninja_table_wrapper loading_ninja_table wp_table_data_press_parent semantic_ui colored_table\">\n                <table data-ninja_table_instance=\"ninja_table_instance_0\" data-footable_id=\"3032\" data-filter-delay=\"1000\" aria-label=\"D\u00e9tails Administratifs\"            id=\"footable_3032\"\n           data-unique_identifier=\"ninja_table_unique_id_687075812_3032\"\n           class=\" foo-table ninja_footable foo_table_3032 ninja_table_unique_id_687075812_3032 ui table  nt_type_legacy_table selectable striped vertical_centered ninja_custom_color inverted footable-paging-right hide_all_borders ninjatable_hide_header_row ninja_table_search_disabled ninja_table_pro\">\n                <colgroup>\n                            <col class=\"ninja_column_0 \">\n                            <col class=\"ninja_column_1 \">\n                    <\/colgroup>\n        <thead>\n<tr class=\"footable-header\">\n                                        <th scope=\"col\"  class=\"ninja_column_0 ninja_clmn_nm_item \">Item<\/th><th scope=\"col\"  class=\"ninja_column_1 ninja_clmn_nm_detail \">Detail<\/th><\/tr>\n<\/thead>\n<tbody>\n\n        <tr data-row_id=\"361\" class=\"ninja_table_row_0 nt_row_id_361\">\n            <td>Service aux Membres<\/td><td>Th\u00e9o Perring<\/td>        <\/tr>\n            <tr data-row_id=\"362\" class=\"ninja_table_row_1 nt_row_id_362\">\n            <td>Comptabilit\u00e9<\/td><td>Joan Williams<\/td>        <\/tr>\n            <tr data-row_id=\"363\" class=\"ninja_table_row_2 nt_row_id_363\">\n            <td>Tel<\/td><td>514-695-2441<\/td>        <\/tr>\n            <tr data-row_id=\"364\" class=\"ninja_table_row_3 nt_row_id_364\">\n            <td>Fax<\/td><td>514-241-2341<\/td>        <\/tr>\n            <tr data-row_id=\"365\" class=\"ninja_table_row_4 nt_row_id_365\">\n            <td>Courriel<\/td><td>pcycoffice@pcyc.qc.ca<\/td>        <\/tr>\n            <tr data-row_id=\"366\" class=\"ninja_table_row_5 nt_row_id_366\">\n            <td>Heurs de Travail (\u00e9t\u00e9)<\/td><td>Lundi \u00e0 vendredi 9:00 to 16:30<\/td>        <\/tr>\n            <tr data-row_id=\"367\" class=\"ninja_table_row_6 nt_row_id_367\">\n            <td>Sch\u00e9dule d'hiver<\/td><td>F\u00e9rm\u00e9. Messages t\u00e9l\u00e9phoniques et courriels surveill\u00e9s r\u00e9guli\u00e8rement<\/td>        <\/tr>\n    <\/tbody><!--ninja_tobody_rendering_done-->\n    <\/table>\n    \n    \n    \n<\/div>\n\n<\/div>\n\n\n\n<div class=\"wp-block-column is-layout-flow wp-block-column-is-layout-flow\" style=\"flex-basis:33.33%\"><\/div>\n<\/div>\n","protected":false},"excerpt":{"rendered":"<p>Message de mi-saison du Commodore \u00c0 mesure que la saison printani\u00e8re s\u2019installe, je tenais \u00e0 vous \u00e9crire pour vous dire combien je suis honor\u00e9 de servir comme commodore lors de ma premi\u00e8re ann\u00e9e. M\u00eame si la saison est encore loin, les pr\u00e9paratifs sont d\u00e9j\u00e0 bien engag\u00e9s et le club se mobilise en coulisses. Cette p\u00e9riode [&hellip;]<\/p>\n","protected":false},"author":12,"featured_media":0,"parent":0,"menu_order":0,"comment_status":"closed","ping_status":"closed","template":"","meta":{"_acf_changed":false,"footnotes":""},"class_list":["post-3028","page","type-page","status-publish","hentry"],"acf":[],"_links":{"self":[{"href":"https:\/\/www.pcyc.qc.ca\/fr\/wp-json\/wp\/v2\/pages\/3028","targetHints":{"allow":["GET"]}}],"collection":[{"href":"https:\/\/www.pcyc.qc.ca\/fr\/wp-json\/wp\/v2\/pages"}],"about":[{"href":"https:\/\/www.pcyc.qc.ca\/fr\/wp-json\/wp\/v2\/types\/page"}],"author":[{"embeddable":true,"href":"https:\/\/www.pcyc.qc.ca\/fr\/wp-json\/wp\/v2\/users\/12"}],"replies":[{"embeddable":true,"href":"https:\/\/www.pcyc.qc.ca\/fr\/wp-json\/wp\/v2\/comments?post=3028"}],"version-history":[{"count":0,"href":"https:\/\/www.pcyc.qc.ca\/fr\/wp-json\/wp\/v2\/pages\/3028\/revisions"}],"wp:attachment":[{"href":"https:\/\/www.pcyc.qc.ca\/fr\/wp-json\/wp\/v2\/media?parent=3028"}],"curies":[{"name":"wp","href":"https:\/\/api.w.org\/{rel}","templated":true}]}}