{"id":2230,"date":"2023-05-16T15:32:57","date_gmt":"2023-05-16T19:32:57","guid":{"rendered":"https:\/\/www.pcyc.qc.ca\/peter-kelly-athlete-assistance-fund\/"},"modified":"2025-09-09T13:45:43","modified_gmt":"2025-09-09T17:45:43","slug":"peter-kelly-athlete-assistance-fund","status":"publish","type":"page","link":"https:\/\/www.pcyc.qc.ca\/fr\/peter-kelly-athlete-assistance-fund\/","title":{"rendered":"Fonds d&rsquo;aide aux athl\u00e8tes Peter Kelly"},"content":{"rendered":"\n<p><\/p>\n\n\n\n<p>Peter Kelly a jou\u00e9 un r\u00f4le d\u00e9terminant dans la cr\u00e9ation du programme de courses pour les jeunes au Club nautique de Pointe-Claire et dans la promotion d&rsquo;opportunit\u00e9s pour les jeunes marins talentueux de la r\u00e9gion. Peter a \u00e9t\u00e9 co-fondateur de la TRY Regatta (la r\u00e9gate d&rsquo;entra\u00eenement pour les jeunes) qui est devenue l&rsquo;\u00e9v\u00e9nement de voile pour les jeunes le plus populaire au Qu\u00e9bec. L&rsquo;association de Peter avec cet \u00e9v\u00e9nement et avec la voile junior s&rsquo;est poursuivie pendant de nombreuses ann\u00e9es. Au moment de sa mort pr\u00e9matur\u00e9e, Peter \u00e9tait vice-commodore du Yacht Club de Pointe Claire. Peter pr\u00e9conisait depuis longtemps la cr\u00e9ation d&rsquo;un fonds permettant aux jeunes athl\u00e8tes de concourir.<\/p>\n\n\n\n<p><\/p>\n\n\n\n<figure class=\"wp-block-table aligncenter\"><table><tbody><tr><td><img decoding=\"async\" src=\"https:\/\/www.pcyc.qc.ca\/wp-content\/uploads\/2023\/06\/high-res-1-scaled.jpg\" style=\"width: 125px;\"><\/td><td><img decoding=\"async\" src=\"https:\/\/www.windathletes.ca\/themes\/custom\/windathletes\/logo.png\" alt=\"Wind Athletes Canada Logo\" style=\"width: 125px;\"><\/td><\/tr><\/tbody><\/table><\/figure>\n\n\n\n<div class=\"wp-block-buttons is-horizontal is-content-justification-center is-layout-flex wp-container-core-buttons-is-layout-499968f5 wp-block-buttons-is-layout-flex\">\n<div class=\"wp-block-button\"><a class=\"wp-block-button__link has-white-color has-vivid-red-background-color has-text-color has-background wp-element-button\" href=\"https:\/\/www.windathletes.ca\/athletes\/peter-kelly-athlete-assistance-fund\">Site internet pour les donations<\/a><\/div>\n\n\n\n<div class=\"wp-block-button\"><a class=\"wp-block-button__link has-white-color has-vivid-red-background-color has-text-color has-background wp-element-button\" href=\"https:\/\/www.pcyc.qc.ca\/wp-content\/uploads\/2025\/09\/PKAAF-2025.pdf\">Documents \u00e0 soumettre comme athl\u00e8te<\/a><\/div>\n<\/div>\n\n\n\n<p><\/p>\n","protected":false},"excerpt":{"rendered":"<p>Peter Kelly a jou\u00e9 un r\u00f4le d\u00e9terminant dans la cr\u00e9ation du programme de courses pour les jeunes au Club nautique de Pointe-Claire et dans la promotion d&rsquo;opportunit\u00e9s pour les jeunes marins talentueux de la r\u00e9gion. Peter a \u00e9t\u00e9 co-fondateur de la TRY Regatta (la r\u00e9gate d&rsquo;entra\u00eenement pour les jeunes) qui est devenue l&rsquo;\u00e9v\u00e9nement de voile [&hellip;]<\/p>\n","protected":false},"author":12,"featured_media":0,"parent":0,"menu_order":0,"comment_status":"closed","ping_status":"closed","template":"","meta":{"_acf_changed":false,"footnotes":""},"class_list":["post-2230","page","type-page","status-publish","hentry"],"acf":[],"_links":{"self":[{"href":"https:\/\/www.pcyc.qc.ca\/fr\/wp-json\/wp\/v2\/pages\/2230","targetHints":{"allow":["GET"]}}],"collection":[{"href":"https:\/\/www.pcyc.qc.ca\/fr\/wp-json\/wp\/v2\/pages"}],"about":[{"href":"https:\/\/www.pcyc.qc.ca\/fr\/wp-json\/wp\/v2\/types\/page"}],"author":[{"embeddable":true,"href":"https:\/\/www.pcyc.qc.ca\/fr\/wp-json\/wp\/v2\/users\/12"}],"replies":[{"embeddable":true,"href":"https:\/\/www.pcyc.qc.ca\/fr\/wp-json\/wp\/v2\/comments?post=2230"}],"version-history":[{"count":0,"href":"https:\/\/www.pcyc.qc.ca\/fr\/wp-json\/wp\/v2\/pages\/2230\/revisions"}],"wp:attachment":[{"href":"https:\/\/www.pcyc.qc.ca\/fr\/wp-json\/wp\/v2\/media?parent=2230"}],"curies":[{"name":"wp","href":"https:\/\/api.w.org\/{rel}","templated":true}]}}