{"id":1488,"date":"2022-05-30T19:30:57","date_gmt":"2022-05-30T23:30:57","guid":{"rendered":"https:\/\/www.pcyc.qc.ca\/?page_id=1488"},"modified":"2022-06-01T06:04:48","modified_gmt":"2022-06-01T10:04:48","slug":"bar-cuisine","status":"publish","type":"page","link":"https:\/\/www.pcyc.qc.ca\/fr\/bar-cuisine\/","title":{"rendered":"Bar, cuisine et salle \u00e0 manger"},"content":{"rendered":"\n<p>Une bonne table, un service amical et une vue \u00e0 couper le souffle, voil\u00e0 la combinaison in\u00e9galable qu\u2019offre le YCPC\u2009! Nos membres et leurs invit\u00e9s peuvent profiter du service hors pair au pavillon ou sur le patio tous les jours de la semaine\u2009!<\/p>\n\n\n\n<p>Nous donnons aussi au cours de la saison quelques soir\u00e9es les samedis. Ne ratez surtout pas notre souper au homard ou notre c\u00e9l\u00e8bre m\u00e9choui\u2009!<\/p>\n\n\n\n<figure class=\"wp-block-gallery columns-2 is-cropped wp-block-gallery-1 is-layout-flex wp-block-gallery-is-layout-flex\"><ul class=\"blocks-gallery-grid\"><li class=\"blocks-gallery-item\"><figure><img loading=\"lazy\" decoding=\"async\" width=\"1707\" height=\"2560\" src=\"https:\/\/www.pcyc.qc.ca\/wp-content\/uploads\/2021\/11\/bar-scaled.jpg\" alt=\"\" data-id=\"658\" data-full-url=\"https:\/\/www.pcyc.qc.ca\/wp-content\/uploads\/2021\/11\/bar-scaled.jpg\" data-link=\"https:\/\/www.pcyc.qc.ca\/fr\/bar-2\/\" class=\"wp-image-658\" srcset=\"https:\/\/www.pcyc.qc.ca\/wp-content\/uploads\/2021\/11\/bar-scaled.jpg 1707w, https:\/\/www.pcyc.qc.ca\/wp-content\/uploads\/2021\/11\/bar-1024x1536.jpg 1024w, https:\/\/www.pcyc.qc.ca\/wp-content\/uploads\/2021\/11\/bar-1365x2048.jpg 1365w, https:\/\/www.pcyc.qc.ca\/wp-content\/uploads\/2021\/11\/bar-1900x2850.jpg 1900w, https:\/\/www.pcyc.qc.ca\/wp-content\/uploads\/2021\/11\/bar-735x1103.jpg 735w, https:\/\/www.pcyc.qc.ca\/wp-content\/uploads\/2021\/11\/bar-360x540.jpg 360w, https:\/\/www.pcyc.qc.ca\/wp-content\/uploads\/2021\/11\/bar-420x630.jpg 420w\" sizes=\"auto, (max-width: 1707px) 100vw, 1707px\" \/><\/figure><\/li><li class=\"blocks-gallery-item\"><figure><img loading=\"lazy\" decoding=\"async\" width=\"1920\" height=\"1442\" src=\"https:\/\/www.pcyc.qc.ca\/wp-content\/uploads\/2021\/11\/burger.jpg\" alt=\"\" data-id=\"656\" data-full-url=\"https:\/\/www.pcyc.qc.ca\/wp-content\/uploads\/2021\/11\/burger.jpg\" data-link=\"https:\/\/www.pcyc.qc.ca\/fr\/burger-2\/\" class=\"wp-image-656\" srcset=\"https:\/\/www.pcyc.qc.ca\/wp-content\/uploads\/2021\/11\/burger.jpg 1920w, https:\/\/www.pcyc.qc.ca\/wp-content\/uploads\/2021\/11\/burger-1536x1154.jpg 1536w, https:\/\/www.pcyc.qc.ca\/wp-content\/uploads\/2021\/11\/burger-1900x1427.jpg 1900w, https:\/\/www.pcyc.qc.ca\/wp-content\/uploads\/2021\/11\/burger-735x552.jpg 735w, https:\/\/www.pcyc.qc.ca\/wp-content\/uploads\/2021\/11\/burger-360x270.jpg 360w, https:\/\/www.pcyc.qc.ca\/wp-content\/uploads\/2021\/11\/burger-839x630.jpg 839w\" sizes=\"auto, (max-width: 1920px) 100vw, 1920px\" \/><\/figure><\/li><\/ul><\/figure>\n\n\n\n<h2 class=\"has-text-align-center wp-block-heading\">Heures d&rsquo;ouverture<\/h2>\n\n\n\n<figure class=\"wp-block-table aligncenter is-style-stripes\"><table><thead><tr><th><\/th><th class=\"has-text-align-center\" data-align=\"center\">Cuisine<\/th><th class=\"has-text-align-center\" data-align=\"center\">Bar<\/th><\/tr><\/thead><tbody><tr><td>Lundi <\/td><td class=\"has-text-align-center\" data-align=\"center\">Ferm\u00e9<\/td><td class=\"has-text-align-center\" data-align=\"center\"><meta charset=\"utf-8\">Ferm\u00e9<\/td><\/tr><tr><td>Mardi<\/td><td class=\"has-text-align-center\" data-align=\"center\">Souper des r\u00e9gatiers<\/td><td class=\"has-text-align-center\" data-align=\"center\"><meta charset=\"utf-8\">16h &#8211; 22h<\/td><\/tr><tr><td>Mercredi<\/td><td class=\"has-text-align-center\" data-align=\"center\">Ferm\u00e9<\/td><td class=\"has-text-align-center\" data-align=\"center\"><meta charset=\"utf-8\">Ferm\u00e9<\/td><\/tr><tr><td>Jeudi<\/td><td class=\"has-text-align-center\" data-align=\"center\">Souper des r\u00e9gatiers<\/td><td class=\"has-text-align-center\" data-align=\"center\"><meta charset=\"utf-8\">16h &#8211; 22h<\/td><\/tr><tr><td>Vendredi<\/td><td class=\"has-text-align-center\" data-align=\"center\">Barbecue du vendredi<\/td><td class=\"has-text-align-center\" data-align=\"center\"><meta charset=\"utf-8\">16h &#8211; 22h<\/td><\/tr><tr><td>Samedi<\/td><td class=\"has-text-align-center\" data-align=\"center\"> 11:30 &#8211; 15:30 <\/td><td class=\"has-text-align-center\" data-align=\"center\"><meta charset=\"utf-8\">12h &#8211; 21h<\/td><\/tr><tr><td>Dimanche<\/td><td class=\"has-text-align-center\" data-align=\"center\"> 11:30 &#8211; 15:30 <\/td><td class=\"has-text-align-center\" data-align=\"center\"><meta charset=\"utf-8\">12h &#8211; 20h<\/td><\/tr><\/tbody><\/table><\/figure>\n\n\n\n<div class=\"wp-block-columns is-layout-flex wp-container-core-columns-is-layout-9d6595d7 wp-block-columns-is-layout-flex\">\n<div class=\"wp-block-column is-layout-flow wp-block-column-is-layout-flow\">\n<h2 class=\"has-text-align-center has-background wp-block-heading\" style=\"background-color:#ffb400\">Mardi<\/h2>\n\n\n\n<h2 class=\"has-text-align-center wp-block-heading\">Souper des r\u00e9gatiers <\/h2>\n\n\n\n<p>Longue tradition du club selon laquelle des b\u00e9n\u00e9voles pr\u00e9parent un repas simple pour les coureurs, \u00e0 servir apr\u00e8s les courses interclubs GNS du mardi soir.  Vous aimeriez contribuer?  Plus de d\u00e9tails <a href=\"https:\/\/www.pcyc.qc.ca\/fr\/souper-des-regatiers\/\"><span style=\"color:#0000ff\" class=\"has-inline-color\">ici<\/span><\/a>.<\/p>\n<\/div>\n\n\n\n<div class=\"wp-block-column is-layout-flow wp-block-column-is-layout-flow\">\n<h2 class=\"has-text-align-center has-background wp-block-heading\" style=\"background-color:#f3d849\">Jeudi<\/h2>\n\n\n\n<h2 class=\"has-text-align-center wp-block-heading\">Souper des r\u00e9gatiers  <\/h2>\n\n\n\n<p>Le jeudi, c&rsquo;est le chef qui pr\u00e9pare le souper des r\u00e9gatiers.  Ce souper est servi  apr\u00e8s les courses interclubs GNS du jeudi soir. <\/p>\n<\/div>\n\n\n\n<div class=\"wp-block-column is-vertically-aligned-top is-layout-flow wp-block-column-is-layout-flow\">\n<h2 class=\"has-text-align-center has-background wp-block-heading\" style=\"background-color:#0a62d0\">Vendredi<\/h2>\n\n\n\n<h2 class=\"has-text-align-center wp-block-heading\">Barbecue TGIF<\/h2>\n\n\n\n<p>Faites votre choix entre des c\u00f4tes lev\u00e9es, bifteck de contre-filet new-yorkais, saumon, hamburger, cheeseburger ou v\u00e9g\u00e9-burger.<\/p>\n<\/div>\n<\/div>\n","protected":false},"excerpt":{"rendered":"<p>Une bonne table, un service amical et une vue \u00e0 couper le souffle, voil\u00e0 la combinaison in\u00e9galable qu\u2019offre le YCPC\u2009! Nos membres et leurs invit\u00e9s peuvent profiter du service hors pair au pavillon ou sur le patio tous les jours de la semaine\u2009! Nous donnons aussi au cours de la saison quelques soir\u00e9es les samedis. [&hellip;]<\/p>\n","protected":false},"author":10,"featured_media":0,"parent":0,"menu_order":0,"comment_status":"closed","ping_status":"closed","template":"","meta":{"_acf_changed":false,"footnotes":""},"class_list":["post-1488","page","type-page","status-publish","hentry"],"acf":[],"_links":{"self":[{"href":"https:\/\/www.pcyc.qc.ca\/fr\/wp-json\/wp\/v2\/pages\/1488","targetHints":{"allow":["GET"]}}],"collection":[{"href":"https:\/\/www.pcyc.qc.ca\/fr\/wp-json\/wp\/v2\/pages"}],"about":[{"href":"https:\/\/www.pcyc.qc.ca\/fr\/wp-json\/wp\/v2\/types\/page"}],"author":[{"embeddable":true,"href":"https:\/\/www.pcyc.qc.ca\/fr\/wp-json\/wp\/v2\/users\/10"}],"replies":[{"embeddable":true,"href":"https:\/\/www.pcyc.qc.ca\/fr\/wp-json\/wp\/v2\/comments?post=1488"}],"version-history":[{"count":0,"href":"https:\/\/www.pcyc.qc.ca\/fr\/wp-json\/wp\/v2\/pages\/1488\/revisions"}],"wp:attachment":[{"href":"https:\/\/www.pcyc.qc.ca\/fr\/wp-json\/wp\/v2\/media?parent=1488"}],"curies":[{"name":"wp","href":"https:\/\/api.w.org\/{rel}","templated":true}]}}