{"id":1476,"date":"2022-05-25T19:21:52","date_gmt":"2022-05-25T23:21:52","guid":{"rendered":"https:\/\/www.pcyc.qc.ca\/?page_id=1476"},"modified":"2022-06-12T13:37:14","modified_gmt":"2022-06-12T17:37:14","slug":"coupe-printemps","status":"publish","type":"page","link":"https:\/\/www.pcyc.qc.ca\/fr\/coupe-printemps\/","title":{"rendered":"Coupe du printemps"},"content":{"rendered":"\n<p>La coupe du printemps est \u00e0 la port\u00e9e de tous!<\/p>\n\n\n\n<p>Une initiation \u00e0 la r\u00e9gate avec un d\u00e9part sans stress dans une fen\u00eatre de 25 minutes. Un parcours de course avec les bou\u00e9es fixes SLVYRA sur le lac St-Louis. <\/p>\n\n\n\n<p>Il y en a pour tous les go\u00fbts&nbsp;: s\u2019amuser, partager avec la famille les plaisirs de r\u00e9gater ou parfaire vos man\u0153uvres, tout est possible. Ce type de course vous fera r\u00e9aliser que votre but est de faire performer votre voilier.<\/p>\n\n\n\n<p>Tout le monde est bienvenu, pas seulement les bateaux de Pointe-Claire, on accueille tous les bateaux avec <a href=\"https:\/\/slvyra.com\/handicaps\/handicap-listings\/\" target=\"_blank\" rel=\"noreferrer noopener\"><span style=\"color:#0000ff\" class=\"has-inline-color\">handicap SLVYRA<\/span><\/a>.&nbsp; Vous n\u2019avez pas besoin d\u2019\u00eatre tr\u00e8s exp\u00e9riment\u00e9 pour prendre part \u00e0 cet \u00e9v\u00e9nement rassembleur.<\/p>\n\n\n\n<p>Consulter les liens ci-dessous pour vous inscrire et lire les documents de course.<\/p>\n\n\n\n<h2 class=\"wp-block-heading\">Documents de course<\/h2>\n\n\n\n<ul class=\"wp-block-list\"><li><a href=\"https:\/\/www.pcyc.qc.ca\/wp-content\/uploads\/2022\/05\/AC_coupe_printemps_2022.pdf\" target=\"_blank\" rel=\"noreferrer noopener\">Avis de course<\/a><\/li><li><a href=\"https:\/\/www.pcyc.qc.ca\/wp-content\/uploads\/2022\/05\/AC_coupe_printemps_2022_amendement_no1.pdf\" target=\"_blank\" rel=\"noreferrer noopener\">Avis de course &#8211; Amendement no 1<\/a><\/li><li><a href=\"https:\/\/www.pcyc.qc.ca\/wp-content\/uploads\/2022\/06\/AC_coupe_printemps_2022_amendement_no2.pdf\" target=\"_blank\" rel=\"noreferrer noopener\">Avis de course &#8211; Amendement no 2<\/a><\/li><li><a href=\"https:\/\/forms.gle\/g4v37jPhWd2XCQ1JA\" target=\"_blank\" rel=\"noreferrer noopener\">Formulaire d&rsquo;inscription<\/a><\/li><li><a href=\"https:\/\/www.pcyc.qc.ca\/wp-content\/uploads\/2022\/05\/Hearing-Request-Form.docx\" target=\"_blank\" rel=\"noreferrer noopener\">Formulaire de r\u00e9clamation<\/a><\/li><li><a href=\"https:\/\/www.pcyc.qc.ca\/wp-content\/uploads\/2022\/06\/2022_Coupe_printemps_IC.pdf\" target=\"_blank\" rel=\"noreferrer noopener\">Instructions de course<\/a><\/li><li><a href=\"https:\/\/www.pcyc.qc.ca\/wp-content\/uploads\/2022\/06\/2022_Coupe_printemps_IC_amendement_no1.pdf\" target=\"_blank\" rel=\"noreferrer noopener\">Instructions de course &#8211; Amendement no 1<\/a><\/li><li><a href=\"https:\/\/www.pcyc.qc.ca\/wp-content\/uploads\/2022\/06\/2022-06-11-RESULTATS_Coupe_printemps-2022-1.pdf\" target=\"_blank\" rel=\"noreferrer noopener\">R\u00e9sultats<\/a><\/li><\/ul>\n\n\n\n<pre class=\"wp-block-verse\">De 9h30 \u00e0 10h, une r\u00e9union des participants sera anim\u00e9e par Beno\u00eet Jolicoeur.<\/pre>\n\n\n\n<h2 class=\"wp-block-heading\">Participants inscrits<\/h2>\n\n\n\n<iframe ;title=\"Participants\" ;style=\"border:none;\" ;height=\"700\" ;allow=\"fullscreen\" ;=\"\" src=\"https:\/\/docs.google.com\/spreadsheets\/d\/e\/2PACX-1vSo36bR_uqTc0j2TSKm-xhyki2_Wcy2LFa9NXOiAPlO4wiclXOa7CyhrHbL8NODqZwG65rI-H5cCc-9\/pubhtml?gid=807499522&amp;single=true&amp;widget=true&amp;headers=false\" width=\"100%\"><\/iframe>\n","protected":false},"excerpt":{"rendered":"<p>Course amicale et pas de stress pour la ligne de d\u00e9part, vous avez 25 minutes pour la franchir!<\/p>\n","protected":false},"author":10,"featured_media":0,"parent":0,"menu_order":0,"comment_status":"open","ping_status":"closed","template":"","meta":{"_acf_changed":false,"footnotes":""},"class_list":["post-1476","page","type-page","status-publish","hentry"],"acf":[],"_links":{"self":[{"href":"https:\/\/www.pcyc.qc.ca\/fr\/wp-json\/wp\/v2\/pages\/1476","targetHints":{"allow":["GET"]}}],"collection":[{"href":"https:\/\/www.pcyc.qc.ca\/fr\/wp-json\/wp\/v2\/pages"}],"about":[{"href":"https:\/\/www.pcyc.qc.ca\/fr\/wp-json\/wp\/v2\/types\/page"}],"author":[{"embeddable":true,"href":"https:\/\/www.pcyc.qc.ca\/fr\/wp-json\/wp\/v2\/users\/10"}],"replies":[{"embeddable":true,"href":"https:\/\/www.pcyc.qc.ca\/fr\/wp-json\/wp\/v2\/comments?post=1476"}],"version-history":[{"count":0,"href":"https:\/\/www.pcyc.qc.ca\/fr\/wp-json\/wp\/v2\/pages\/1476\/revisions"}],"wp:attachment":[{"href":"https:\/\/www.pcyc.qc.ca\/fr\/wp-json\/wp\/v2\/media?parent=1476"}],"curies":[{"name":"wp","href":"https:\/\/api.w.org\/{rel}","templated":true}]}}