{"id":1443,"date":"2022-04-30T17:39:07","date_gmt":"2022-04-30T21:39:07","guid":{"rendered":"https:\/\/www.pcyc.qc.ca\/?page_id=1443"},"modified":"2024-06-30T23:54:53","modified_gmt":"2024-07-01T03:54:53","slug":"souper-des-regatiers","status":"publish","type":"page","link":"https:\/\/www.pcyc.qc.ca\/fr\/souper-des-regatiers\/","title":{"rendered":"Souper des r\u00e9gatiers"},"content":{"rendered":"\n<p>Il y a une longue tradition au YCPC selon laquelle des b\u00e9n\u00e9voles pr\u00e9parent un repas simple pour les coureurs, \u00e0 servir apr\u00e8s les courses interclubs GNS du mardi soir. Les coureurs ont toujours appr\u00e9ci\u00e9 ces \u00e9v\u00e9nements repas et aussi l\u2019exp\u00e9rience de faire partie de \u00ab\u00a0l\u2019\u00e9quipe de pr\u00e9paration des repas\u00a0\u00bb pour l\u2019une de ces soir\u00e9es. Les membres qui ne courent pas peuvent \u00e9galement se porter volontaires pour pr\u00e9parer un repas. Ils sont \u00e9galement invit\u00e9s \u00e0 s\u2019inscrire pour profiter d\u2019un souper de r\u00e9gatiers. Le calendrier de ces repas est du 24 mai au 23 ao\u00fbt. Au d\u00e9but de la saison, l\u2019Officier des activit\u00e9s terrestres est responsable du recrutement de b\u00e9n\u00e9voles pour s\u2019inscrire \u00e0 ces \u00e9v\u00e9nements. <\/p>\n\n\n\n<p><strong>NB : Nous recherchons \u00e9galement des b\u00e9n\u00e9voles pour pr\u00e9parer les repas les jeudis.<\/strong><\/p>\n\n\n\n<div class=\"wp-block-columns is-layout-flex wp-container-core-columns-is-layout-9d6595d7 wp-block-columns-is-layout-flex\">\n<div class=\"wp-block-column is-vertically-aligned-top is-layout-flow wp-block-column-is-layout-flow\" style=\"flex-basis:33.33%\">\n<div class=\"wp-block-buttons is-content-justification-center is-layout-flex wp-block-buttons-is-layout-flex\">\n<div class=\"wp-block-button has-custom-width wp-block-button__width-75 has-custom-font-size is-style-fill has-small-font-size\"><a class=\"wp-block-button__link has-vivid-cyan-blue-background-color has-background\" href=\"https:\/\/pcyc.ivolunteer.com\/supper_2024\" style=\"border-radius:10px\" target=\"_blank\" rel=\"noreferrer noopener\">Je me porte volontaire !<\/a><\/div>\n<\/div>\n<\/div>\n<\/div>\n\n\n\n<p>Voici quelques d\u00e9tails sur ce qui est impliqu\u00e9:<\/p>\n\n\n\n<h2 class=\"wp-block-heading\">Pr\u00e9paration<\/h2>\n\n\n\n<p>Entre 25 et 40 repas (maximum) sont n\u00e9cessaires. Le nombre de repas d\u00e9pend principalement des pr\u00e9visions m\u00e9t\u00e9orologiques;<\/p>\n\n\n\n<p>Une \u00e9quipe de 2 \u00e0 4 (max) est tout ce qui est n\u00e9cessaire;<\/p>\n\n\n\n<p>Un examen rapide de la cuisine et des casseroles, po\u00eales, ustensiles, condiments, etc., quelques jours \u00e0 l\u2019avance, facilitera votre \u00e9v\u00e9nement;<\/p>\n\n\n\n<p>Les repas simples et savoureux sont les meilleurs (comme\u2026 la cocotte, les lasagnes, le hachis parmentier, les p\u00e2tes ou tout ce qui est savoureux). Le menu typique est un plat principal, une petite salade, du pain fran\u00e7ais et un dessert (les glaces, les fruits, les carr\u00e9s tout pr\u00e9par\u00e9s sont de bons choix) ; les choix sans viande seront appr\u00e9ci\u00e9s par certains membres;<\/p>\n\n\n\n<p>Des plats tout faits peuvent \u00eatre achet\u00e9s (Costco, par exemple) ou fra\u00eechement pr\u00e9par\u00e9s;<\/p>\n\n\n\n<p>Le co\u00fbt total des aliments peut atteindre 250 $ selon le nombre de repas pr\u00e9par\u00e9s;<\/p>\n\n\n\n<p>Theo Perring de notre bureau se fera un plaisir de pr\u00e9parer une affiche de menu invitante \u00e0 afficher dans la salle \u00e0 manger ; veuillez envoyer le MENU par courriel \u00e0 pcycoffice@pcyc.qc.ca au plus tard le lundi matin.<\/p>\n\n\n\n<h2 class=\"wp-block-heading\">Cuisson et service<\/h2>\n\n\n\n<ul class=\"wp-block-list\"><li>Des chapeaux ou des filets \u00e0 cheveux, des masques faciaux et des chaussures sont requis (pas de sandales ou de gougounes);<\/li><li>La nourriture doit \u00eatre pr\u00eate \u00e0 servir lorsque les coureurs reviennent; si des non-coureurs souhaitent manger plus t\u00f4t, les chefs peuvent servir certains repas plus t\u00f4t \u00e0 leur discr\u00e9tion; les derniers repas devraient \u00eatre servis avant 21 h 15 ;<\/li><\/ul>\n\n\n\n<ul class=\"wp-block-list\"><li>Les convives doivent S&rsquo;INSCRIRE et \u00ab\u00a0PAYER\u00a0\u00bb au BAR avant 18h30 pour recevoir un \u00ab\u00a0ticket repas\u00a0\u00bb. Ce ticket doit ensuite \u00eatre pr\u00e9sent\u00e9 \u00e0 la cuisine pour recevoir le repas.<\/li><\/ul>\n\n\n\n<ul class=\"wp-block-list\"><li>Un membre du personnel assistera les b\u00e9n\u00e9voles avec la \u00ab logistique de la cuisine \u00bb et s&rsquo;occupera de la vaisselle et du nettoyage ; les b\u00e9n\u00e9voles sont cens\u00e9s aider au nettoyage pour s&rsquo;assurer que la cuisine est laiss\u00e9e en bon \u00e9tat.<\/li><li>Les aliments non utilis\u00e9s doivent \u00eatre conserv\u00e9s au r\u00e9frig\u00e9rateur ou au cong\u00e9lateur;<\/li><li>Chaque chef b\u00e9n\u00e9vole peut avoir un repas \u00ab&nbsp;gratuit&nbsp;\u00bb;<\/li><li>Tout d\u00e9chet alimentaire doit \u00eatre d\u00e9pos\u00e9 dans un bac \u00e0 compost, qui est disponible dans la cuisine.<\/li><\/ul>\n\n\n\n<h2 class=\"wp-block-heading\"> <strong>Inscription et paiement \u00e0 l\u2019avance<\/strong> <\/h2>\n\n\n\n<ul class=\"wp-block-list\"><li>Les repas seront disponibles sur une base \u00ab&nbsp;premier inscrits&nbsp;\u00bb, jusqu\u2019\u00e0 concurrence du maximum qui a \u00e9t\u00e9 fix\u00e9, en fonction de la participation pr\u00e9vue (40 repas maximum) ;<\/li><li>Tous les convives doivent s\u2019inscrire avant la course pour s\u2019assurer qu\u2019ils seront servis. Une feuille d\u2019inscription est disponible au bar;<\/li><li>Les billets de repas seront fournis par le barman sur paiement.<\/li><\/ul>\n\n\n\n<ul class=\"wp-block-list\"><li>5 REPAS GRATUITS seront r\u00e9serv\u00e9s aux membres du Comit\u00e9 de course et Markboat.<\/li><\/ul>\n\n\n\n<ul class=\"wp-block-list\"><li>Des billets sp\u00e9ciaux seront distribu\u00e9s par le capitaine de flotte. Le PERSONNEL DU BAR doit s&rsquo;assurer que ces repas sont inclus dans le NOMBRE de repas disponibles.<\/li><\/ul>\n\n\n\n<h2 class=\"wp-block-heading\"> <strong>Remboursement des frais<\/strong> <\/h2>\n\n\n\n<ul class=\"wp-block-list\"><li>Lorsque tous les repas ont \u00e9t\u00e9 servis, les billets collect\u00e9s doivent \u00eatre remis au barman pour la compilation ;<\/li><li>Tous les re\u00e7us d\u2019aliments achet\u00e9s doivent \u00eatre soumis au directeur g\u00e9n\u00e9ral pour remboursement rapide.<\/li><\/ul>\n\n\n\n<p>Pour de plus amples renseignements, veuillez communiquer l\u2019Officier des activit\u00e9s terrestres&nbsp;John Edwards: &nbsp;Officier \u00e0 terre 514-993-1236; jandcedwards@gmail.com<\/p>\n\n\n\n<p>R\u00e9vis\u00e9 en ao\u00fbt 2023<\/p>\n\n\n\n<p><\/p>\n\n\n\n<p><\/p>\n\n\n\n<p><\/p>\n\n\n\n<p><\/p>\n","protected":false},"excerpt":{"rendered":"<p>Il y a une longue tradition au YCPC selon laquelle des b\u00e9n\u00e9voles pr\u00e9parent un repas simple pour les coureurs, \u00e0 servir apr\u00e8s les courses interclubs GNS du mardi soir. Les coureurs ont toujours appr\u00e9ci\u00e9 ces \u00e9v\u00e9nements repas et aussi l\u2019exp\u00e9rience de faire partie de \u00ab\u00a0l\u2019\u00e9quipe de pr\u00e9paration des repas\u00a0\u00bb pour l\u2019une de ces soir\u00e9es. Les [&hellip;]<\/p>\n","protected":false},"author":10,"featured_media":0,"parent":0,"menu_order":0,"comment_status":"closed","ping_status":"closed","template":"","meta":{"_acf_changed":false,"footnotes":""},"class_list":["post-1443","page","type-page","status-publish","hentry"],"acf":[],"_links":{"self":[{"href":"https:\/\/www.pcyc.qc.ca\/fr\/wp-json\/wp\/v2\/pages\/1443","targetHints":{"allow":["GET"]}}],"collection":[{"href":"https:\/\/www.pcyc.qc.ca\/fr\/wp-json\/wp\/v2\/pages"}],"about":[{"href":"https:\/\/www.pcyc.qc.ca\/fr\/wp-json\/wp\/v2\/types\/page"}],"author":[{"embeddable":true,"href":"https:\/\/www.pcyc.qc.ca\/fr\/wp-json\/wp\/v2\/users\/10"}],"replies":[{"embeddable":true,"href":"https:\/\/www.pcyc.qc.ca\/fr\/wp-json\/wp\/v2\/comments?post=1443"}],"version-history":[{"count":0,"href":"https:\/\/www.pcyc.qc.ca\/fr\/wp-json\/wp\/v2\/pages\/1443\/revisions"}],"wp:attachment":[{"href":"https:\/\/www.pcyc.qc.ca\/fr\/wp-json\/wp\/v2\/media?parent=1443"}],"curies":[{"name":"wp","href":"https:\/\/api.w.org\/{rel}","templated":true}]}}