{"id":1407,"date":"2022-04-28T16:24:17","date_gmt":"2022-04-28T20:24:17","guid":{"rendered":"https:\/\/www.pcyc.qc.ca\/?page_id=1407"},"modified":"2024-03-02T16:21:21","modified_gmt":"2024-03-02T20:21:21","slug":"info-course","status":"publish","type":"page","link":"https:\/\/www.pcyc.qc.ca\/fr\/info-course\/","title":{"rendered":"\u00c0 propos des courses"},"content":{"rendered":"\n<p>Profitez de la camaraderie, du plaisir et de l&rsquo;exaltation des courses de voiliers au Yacht Club de Pointe-Claire. La course fait partie int\u00e9grante du YCPC avec une longue tradition d&rsquo;excellence en course. Le club propose une s\u00e9rie d&rsquo;\u00e9v\u00e9nements adapt\u00e9s \u00e0 tous les types de coureurs. Le Lac St-Louis a aussi une longue tradition de courses interclubs.<\/p>\n\n\n\n<div style=\"height:17px\" aria-hidden=\"true\" class=\"wp-block-spacer\"><\/div>\n\n\n\n<p><strong>Voici un aper\u00e7u des opportunit\u00e9s de courses du YCPC\u00a0:<\/strong><\/p>\n\n\n\n<p>Pour les nouveaux arrivants dans la course, nous recommandons de participer \u00e0 nos cliniques de <a href=\"https:\/\/www.pcyc.qc.ca\/fr\/clinique-de-course-tgif\/\" rel=\"nofollow\">course du vendredi TGIF.<\/a><\/p>\n\n\n\n<p>Les mardis et jeudis soirs, vous pouvez participer au populaire Lac St. Louis SBV (<a href=\"https:\/\/gnsracing.com\/?page_id=14\" rel=\"nofollow\">S\u00e9ries Bon Voisins<\/a>), un \u00e9v\u00e9nement interclubs d&rsquo;une saison o\u00f9 les courseurs du YCPC, YCB et YCRStL se r\u00e9unissent pour une comp\u00e9tition comp\u00e9titive mais amicale.<\/p>\n\n\n\n<p>Tout au long de la saison, le YCPC organise une gamme d&rsquo;\u00e9v\u00e9nements de club Signature r\u00e9partis sur les week-ends, destin\u00e9s aux courseurs de tous niveaux, y compris les familles.<\/p>\n\n\n\n<p>Essayez notre <a href=\"https:\/\/www.pcyc.qc.ca\/fr\/defi-contre-la-montre\/\" rel=\"nofollow\">d\u00e9fi Tic-Toc<\/a> pour avoir une chance de courser contre la montre et comparer vos performances avec celles d&rsquo;autres coureurs.<\/p>\n\n\n\n<p>De plus, les clubs voisins du lac organisent divers \u00e9v\u00e9nements ouverts \u00e0 tous les participants.<\/p>\n\n\n\n<p>Il est rare qu&rsquo;un bateau ne recherche pas d&rsquo;\u00e9quipage. Si simplement \u00eatre \u00e9quipage est pour vous, consultez notre page <a href=\"https:\/\/www.pcyc.qc.ca\/fr\/faire-partie-de-lequipage\/\" rel=\"nofollow\">\u00c9quipage<\/a> pour plus de d\u00e9tails.<\/p>\n\n\n\n<p>Les membres sont invit\u00e9s \u00e0 consulter le <span class=\"has-inline-color has-vivid-cyan-blue-color\"><a href=\"https:\/\/www.pcyc.qc.ca\/fr\/tableau-daffichage-officiel-2\/\" target=\"_blank\" rel=\"noreferrer noopener\">Tableau <\/a><a href=\"https:\/\/www.pcyc.qc.ca\/fr\/tableau-daffichage-officiel-2\/\">d&rsquo;Affichage <\/a><a href=\"https:\/\/www.pcyc.qc.ca\/fr\/tableau-daffichage-officiel-2\/\" target=\"_blank\" rel=\"noreferrer noopener\">Officie<\/a><a href=\"https:\/\/www.pcyc.qc.ca\/fr\/tableau-daffichage-officiel\" target=\"_blank\" rel=\"noreferrer noopener\">l<\/a><\/span> en ligne afin d&rsquo;obtenir les derni\u00e8res informations sur les courses programm\u00e9es au club et autour du lac.<\/p>\n\n\n\n<div class=\"wp-block-columns is-layout-flex wp-container-core-columns-is-layout-9d6595d7 wp-block-columns-is-layout-flex\">\n<div class=\"wp-block-column is-layout-flow wp-block-column-is-layout-flow\">\n<h2 class=\"wp-block-heading\">2021-2024 R\u00e8gles De Course \u00e0 La Voile<\/h2>\n\n\n\n<p>Les R\u00e8gles de Course \u00e0 la Voile (RRS) sont mises \u00e0 jour tous les 4 ans. Chaque r\u00e9gatier, entra\u00eeneur, officiel et organisateur de r\u00e9gate doit poss\u00e9der un livret de r\u00e8gles pour r\u00e9f\u00e9rence imm\u00e9diate.<\/p>\n\n\n\n<p><span class=\"has-inline-color has-black-color\">Vous pouvez acheter un exemplaire au bureau de PCYC ou chez <\/span><span class=\"has-inline-color has-vivid-cyan-blue-color\"><a href=\"https:\/\/voile.qc.ca\/fr\/boutique\/\" target=\"_blank\" rel=\"noreferrer noopener\">Voile Qu\u00e9bec.<\/a><\/span><span class=\"has-inline-color has-black-color\"> Ou t\u00e9l\u00e9chargez gratuitement la version anglaise<\/span> (<a href=\"https:\/\/www.sailing.org\/tools\/documents\/RRS20212024Finalwithbookmarks-[27255].pdf\" target=\"_blank\" rel=\"noreferrer noopener\"><span class=\"has-inline-color has-vivid-cyan-blue-color\">fichier PDF<\/span><\/a>)<\/p>\n\n\n\n<p>Les&nbsp;<strong><a href=\"https:\/\/fr.sailing.ca\/wp-content\/uploads\/2022\/07\/sail_canada_prescriptions_2021_2024_14_03_2022_FRA.pdf\"><span class=\"has-inline-color has-vivid-cyan-blue-color\">Prescriptions de Voile Canada<\/span><\/a><\/strong>&nbsp;aux&nbsp;<strong>2021-2024 R\u00e8gles de Course \u00e0 la Voi<\/strong>le.<\/p>\n\n\n\n<h2 class=\"wp-block-heading\"><em>World Sailing<\/em><\/h2>\n\n\n\n<p>Sur le site&nbsp;<a href=\"https:\/\/www.sailing.org\/\" target=\"_blank\" rel=\"noreferrer noopener\"><strong><span class=\"has-inline-color has-vivid-cyan-blue-color\">World Sailing<\/span><\/strong><\/a>, vous trouverez toute l\u2019information relative \u00e0 l\u2019encadrement de la course \u00e0 voile. Que ce soit pour l\u2019identification de classes mondiales, ou de la gestion des \u00e9v\u00e9nements. Le site regroupe toutes les informations sur le processus de formation et certification des officiels, le d\u00e9veloppement des athl\u00e8tes ainsi que les r\u00e8gles.<\/p>\n\n\n\n<h2 class=\"wp-block-heading\"><em>Racing Rules Of Sailing<\/em><\/h2>\n\n\n\n<p>Une meilleure compr\u00e9hension des r\u00e8gles de courses \u00e0 voile vous aidera \u00e0 am\u00e9liorer vos performances.&nbsp;<a href=\"https:\/\/www.racingrulesofsailing.org\/\" target=\"_blank\" rel=\"noreferrer noopener\"><span class=\"has-inline-color has-vivid-cyan-blue-color\">RRS.org<\/span><\/a>&nbsp;est une source indispensable d\u2019information pour les comp\u00e9titeurs, pour les juges et autres officiels de course.&nbsp;Ce site web&nbsp;r\u00e9pertorie de mani\u00e8re claire et concise les r\u00e8gles de course avec de nombreuses r\u00e9f\u00e9rences aux cas, appels et appels nationaux. Il s\u2019agit d\u2019une ressource compl\u00e8te et faisant autorit\u00e9 sur les r\u00e8gles pour les concurrents, les juges et les autres officiels de course.<\/p>\n\n\n\n<hr class=\"wp-block-separator aligncenter has-text-color has-background has-cyan-bluish-gray-background-color has-cyan-bluish-gray-color\"\/>\n\n\n\n<h2 class=\"has-text-align-center wp-block-heading\"><span class=\"has-inline-color has-vivid-green-cyan-color\">Bonnes habitudes pour l&rsquo;environnement<\/span><\/h2>\n\n\n\n<div class=\"wp-block-columns are-vertically-aligned-center is-layout-flex wp-container-core-columns-is-layout-9d6595d7 wp-block-columns-is-layout-flex\">\n<div class=\"wp-block-column is-vertically-aligned-center is-layout-flow wp-block-column-is-layout-flow\" style=\"flex-basis:200px\">\n<figure class=\"wp-block-image size-full is-resized\"><img loading=\"lazy\" decoding=\"async\" src=\"https:\/\/www.pcyc.qc.ca\/wp-content\/uploads\/2023\/07\/go-green-earth.png\" alt=\"\" class=\"wp-image-2568\" width=\"94\" height=\"85\" srcset=\"https:\/\/www.pcyc.qc.ca\/wp-content\/uploads\/2023\/07\/go-green-earth.png 376w, https:\/\/www.pcyc.qc.ca\/wp-content\/uploads\/2023\/07\/go-green-earth-360x326.png 360w\" sizes=\"auto, (max-width: 94px) 100vw, 94px\" \/><\/figure>\n<\/div>\n\n\n\n<div class=\"wp-block-column is-vertically-aligned-center is-layout-flow wp-block-column-is-layout-flow\">\n<p><span class=\"has-inline-color has-vivid-green-cyan-color\">Le YCPC a organis\u00e9 ses r\u00e9gates aux cours des derni\u00e8res ann\u00e9es selon les principes permettant de limiter l\u2019empreinte environnementale des courses. Cet addenda se veut simplement un rappel des principales pratiques exemplaires qui contribuent \u00e0 la propret\u00e9 et \u00e0 la durabilit\u00e9 des environnements aquatiques, terrestres et atmosph\u00e9riques.<\/span><\/p>\n\n\n\n<p><span class=\"has-inline-color has-vivid-green-cyan-color\">Une attention continue \u00e0 ce qui suit par les organisateurs de courses et de r\u00e9gates, les coureurs et les officiers du comit\u00e9 de course est importante et sera appr\u00e9ci\u00e9e par toutes les parties concern\u00e9es.<\/span><\/p>\n<\/div>\n<\/div>\n\n\n\n<p><\/p>\n\n\n\n<h3 class=\"wp-block-heading\"><span class=\"has-inline-color has-vivid-green-cyan-color\">Coureurs<\/span><\/h3>\n\n\n\n<ul class=\"wp-block-list\"><li><span class=\"has-inline-color has-vivid-green-cyan-color\">Apportez votre propre bouteille d\u2019eau r\u00e9utilisable et \u00e9vitez les sacs, contenants, emballages, emballages en plastique \u00e0 usage unique, etc.;<\/span><\/li><li><span class=\"has-inline-color has-vivid-green-cyan-color\">Lorsque vous lavez votre bateau, \u00e9liminez l\u2019utilisation de tout produit de nettoyage nocif. Faire un lavage \u00ab \u00e0 l\u2019eau seulement \u00bb ou utiliser des produits non toxiques;<\/span><\/li><li><span class=\"has-inline-color has-vivid-green-cyan-color\">Naviguez \u00e0 voile jusqu\u2019\u00e0 l\u2019aire de d\u00e9part en minimisant le plus possible l\u2019utilisation du moteur ;<\/span><\/li><li><span class=\"has-inline-color has-vivid-green-cyan-color\">Ne jetez PAS les d\u00e9chets ou les d\u00e9chets dans l\u2019eau; (voir RRS 55) ;<\/span><\/li><li><span class=\"has-inline-color has-vivid-green-cyan-color\">Retournez les d\u00e9chets \u00e0 terre et jetez-les dans les poubelles appropri\u00e9es (recyclables, compostables ou d\u00e9chets);<\/span><\/li><li><span class=\"has-inline-color has-vivid-green-cyan-color\">Si vous devez remplacer votre moteur, envisagez \u00e9lectrique, propane ou gaz 4 temps efficace.<\/span><\/li><\/ul>\n\n\n\n<h3 class=\"wp-block-heading\"><span class=\"has-inline-color has-vivid-green-cyan-color\">Organisateurs<\/span><\/h3>\n\n\n\n<ul class=\"wp-block-list\"><li><span class=\"has-inline-color has-vivid-green-cyan-color\">Organisez et g\u00e9rez vos \u00e9v\u00e9nements sans l\u2019utilisation du papier, en utilisant l\u2019inscription en ligne, en fournissant des avis de course et des instructions de course (et autres documents d\u2019\u00e9v\u00e9nement) uniquement par voie \u00e9lectronique;<\/span><\/li><li><span class=\"has-inline-color has-vivid-green-cyan-color\">Cr\u00e9er un tableau d\u2019affichage en ligne officiel;<\/span><\/li><li><span class=\"has-inline-color has-vivid-green-cyan-color\">Utiliser des tableaux blancs et des moniteurs \u00e0 \u00e9cran plat pour diffuser et rapporter des informations et des r\u00e9sultats d\u2019\u00e9v\u00e9nements;<\/span><\/li><li><span class=\"has-inline-color has-vivid-green-cyan-color\">Assurez-vous que votre site dispose de mati\u00e8res recyclables, compostables et poubelles facilement accessibles et clairement identifi\u00e9es en place;<\/span><\/li><li><span class=\"has-inline-color has-vivid-green-cyan-color\">Sensibiliser les b\u00e9n\u00e9voles aux exigences appropri\u00e9es en mati\u00e8re d\u2019\u00e9limination; Apportez votre propre bouteille d\u2019eau r\u00e9utilisable et \u00e9vitez les sacs, contenants, emballages, emballages en plastique \u00e0 usage unique, etc.;<\/span><\/li><li><span class=\"has-inline-color has-vivid-green-cyan-color\">S\u2019assurer qu\u2019une station de remplissage d\u2019eau est disponible;<\/span><\/li><li><span class=\"has-inline-color has-vivid-green-cyan-color\">\u00c9liminez la vaisselle et les tasses \u00e0 usage unique. Pas de mousse de polystyr\u00e8ne, pas de pailles en plastique, etc.;<\/span><\/li><li><span class=\"has-inline-color has-vivid-green-cyan-color\">Envisagez d\u2019ancrer les bateaux de spectateurs au lieu de suivre les comp\u00e9titeurs autour du parcours de course;<\/span><\/li><li><span class=\"has-inline-color has-vivid-green-cyan-color\">Faites la promotion de votre \u00e9v\u00e9nement VERT sur le site Web, les m\u00e9dias sociaux et lors de la r\u00e9union des comp\u00e9titeurs.<\/span><\/li><\/ul>\n\n\n\n<h3 class=\"wp-block-heading\"><span class=\"has-inline-color has-vivid-green-cyan-color\">Officiers du comit\u00e9 de course<\/span><\/h3>\n\n\n\n<ul class=\"wp-block-list\"><li><span class=\"has-inline-color has-vivid-green-cyan-color\">Limiter le nombre de bateaux de soutien;<\/span><\/li><li><span class=\"has-inline-color has-vivid-green-cyan-color\">S\u2019assurer que les bateaux de marquage ferment leurs moteurs et jettent l\u2019ancre en place apr\u00e8s que les marques ont \u00e9t\u00e9 plac\u00e9es;<\/span><\/li><li><span class=\"has-inline-color has-vivid-green-cyan-color\">Apportez votre propre bouteille d\u2019eau r\u00e9utilisable et \u00e9vitez les sacs, contenants, emballages, emballages en plastique \u00e0 usage unique, etc.;<\/span><\/li><li><span class=\"has-inline-color has-vivid-green-cyan-color\">Ne jetez PAS les d\u00e9chets ou les d\u00e9chets dans l\u2019eau;<\/span><\/li><li><span class=\"has-inline-color has-vivid-green-cyan-color\">Retournez les d\u00e9chets \u00e0 terre et jetez-les dans les poubelles appropri\u00e9es (recyclables, compostables ou d\u00e9chets);<\/span><\/li><li><span class=\"has-inline-color has-vivid-green-cyan-color\">Minimisez le papier dans l\u2019enregistrement, le suivi et la d\u00e9claration des r\u00e9sultats de course.<\/span><\/li><\/ul>\n<\/div>\n<\/div>\n","protected":false},"excerpt":{"rendered":"<p>Profitez de la camaraderie, du plaisir et de l&rsquo;exaltation des courses de voiliers au Yacht Club de Pointe-Claire. La course fait partie int\u00e9grante du YCPC avec une longue tradition d&rsquo;excellence en course. Le club propose une s\u00e9rie d&rsquo;\u00e9v\u00e9nements adapt\u00e9s \u00e0 tous les types de coureurs. Le Lac St-Louis a aussi une longue tradition de courses [&hellip;]<\/p>\n","protected":false},"author":14,"featured_media":0,"parent":0,"menu_order":0,"comment_status":"closed","ping_status":"closed","template":"","meta":{"_acf_changed":false,"footnotes":""},"class_list":["post-1407","page","type-page","status-publish","hentry"],"acf":[],"_links":{"self":[{"href":"https:\/\/www.pcyc.qc.ca\/fr\/wp-json\/wp\/v2\/pages\/1407","targetHints":{"allow":["GET"]}}],"collection":[{"href":"https:\/\/www.pcyc.qc.ca\/fr\/wp-json\/wp\/v2\/pages"}],"about":[{"href":"https:\/\/www.pcyc.qc.ca\/fr\/wp-json\/wp\/v2\/types\/page"}],"author":[{"embeddable":true,"href":"https:\/\/www.pcyc.qc.ca\/fr\/wp-json\/wp\/v2\/users\/14"}],"replies":[{"embeddable":true,"href":"https:\/\/www.pcyc.qc.ca\/fr\/wp-json\/wp\/v2\/comments?post=1407"}],"version-history":[{"count":0,"href":"https:\/\/www.pcyc.qc.ca\/fr\/wp-json\/wp\/v2\/pages\/1407\/revisions"}],"wp:attachment":[{"href":"https:\/\/www.pcyc.qc.ca\/fr\/wp-json\/wp\/v2\/media?parent=1407"}],"curies":[{"name":"wp","href":"https:\/\/api.w.org\/{rel}","templated":true}]}}