{"id":1386,"date":"2022-04-28T09:20:50","date_gmt":"2022-04-28T13:20:50","guid":{"rendered":"https:\/\/www.pcyc.qc.ca\/?page_id=1386"},"modified":"2026-03-17T17:41:20","modified_gmt":"2026-03-17T21:41:20","slug":"faire-partie-de-lequipage","status":"publish","type":"page","link":"https:\/\/www.pcyc.qc.ca\/fr\/faire-partie-de-lequipage\/","title":{"rendered":"Faire partie de l\u2019\u00e9quipage"},"content":{"rendered":"\n<p class=\"has-text-align-center\">Les skippers \u00e0 la recherche d&rsquo;\u00e9quipage peuvent parcourir banque d&rsquo;\u00e9quipage 2026<\/p>\n\n\n\n<div class=\"wp-block-buttons is-horizontal is-content-justification-center is-layout-flex wp-container-core-buttons-is-layout-499968f5 wp-block-buttons-is-layout-flex\">\n<div class=\"wp-block-button has-custom-width wp-block-button__width-75\"><a class=\"wp-block-button__link has-white-color has-text-color has-background has-small-font-size has-custom-font-size wp-element-button\" href=\"https:\/\/docs.google.com\/spreadsheets\/d\/e\/2PACX-1vSSKUQTIWNUVtNYqPt5qYlNOXne0xejJC_61gLv5SQ-w0XpCQsfYEK_zFPuF5brpaBtvPpjtrLwew91\/pubhtml\" style=\"border-radius:10px;background-color:#0a3e7e\" target=\"_blank\" rel=\"noreferrer noopener\"><strong>BANQUE D&rsquo;\u00c9QUIPAGE<\/strong><\/a><\/div>\n<\/div>\n\n\n\n<div style=\"height:15px\" aria-hidden=\"true\" class=\"wp-block-spacer\"><\/div>\n\n\n\n<p>Int\u00e9ress\u00e9 \u00e0 faire partie de l&rsquo;\u00e9quipage&nbsp;?<\/p>\n\n\n\n<p>Agir comme \u00e9quipier est le meilleur moyen de se faire une id\u00e9e du type de navigation que vous pourriez aimer (croisi\u00e8re ou course) et du type de bateau que vous pourriez \u00eatre int\u00e9ress\u00e9 \u00e0 poss\u00e9der un jour. C\u2019est aussi un excellent moyen de se faire de nouveaux amis et am\u00e9liorer vos comp\u00e9tences. &nbsp;Que vous soyez exp\u00e9riment\u00e9 ou non, membre ou non, nous pouvons vous aider \u00e0 trouver une place sur un bateau pour faire de la croisi\u00e8re ou de la course. &nbsp;Si vous avez peu ou pas d\u2019exp\u00e9rience de la voile, vous pourriez envisager de suivre le cours de voile pour adultes offert au YCPC. Ce cours fournit une introduction aux principes fondamentaux de la voile et, bien qu\u2019il ne soit pas obligatoire pour agir comme \u00e9quipier lors d\u2019un \u00e9v\u00e9nement de course YCPC, vous (et vos futurs co\u00e9quipiers) trouverez l\u2019exp\u00e9rience beaucoup plus agr\u00e9able si vous avez acquis des comp\u00e9tences de base en voile et une connaissance des termes et de l\u2019\u00e9quipement.<\/p>\n\n\n\n<p>Les skippers regardent \u00e9galement l&rsquo;engagement de leur \u00e9quipage. Alors que certains peuvent \u00eatre dispos\u00e9s \u00e0 avoir un co\u00e9quipier occasionnel pour une course ou une journ\u00e9e de croisi\u00e8re, la plupart sont pr\u00eats \u00e0 passer du temps pour vous former si vous \u00eates pr\u00eat \u00e0 vous engager \u00e0 \u00eatre r\u00e9gulier.<\/p>\n\n\n\n<p class=\"has-text-align-center\"><\/p>\n\n\n\n<div class=\"wp-block-columns is-layout-flex wp-container-core-columns-is-layout-9d6595d7 wp-block-columns-is-layout-flex\">\n<div class=\"wp-block-column is-vertically-aligned-center is-layout-flow wp-block-column-is-layout-flow\">\n<p class=\"has-text-align-center\">T\u00e9l\u00e9chargez notre briefing de l&rsquo;\u00e9quipage (version anglaise) pour en savoir plus sur les diff\u00e9rentes activit\u00e9s nautiques disponibles pour les nouveaux \u00e9quipiers.<\/p>\n\n\n\n<div style=\"height:25px\" aria-hidden=\"true\" class=\"wp-block-spacer\"><\/div>\n\n\n\n<div class=\"wp-block-buttons is-horizontal is-content-justification-center is-layout-flex wp-container-core-buttons-is-layout-499968f5 wp-block-buttons-is-layout-flex\">\n<div class=\"wp-block-button has-custom-width wp-block-button__width-100\"><a class=\"wp-block-button__link has-background has-small-font-size has-custom-font-size wp-element-button\" href=\"https:\/\/www.pcyc.qc.ca\/wp-content\/uploads\/2024\/01\/Banque-e\u0301quipage-1.pdf\" style=\"border-radius:10px;background-color:#0a3e7e\" target=\"_blank\" rel=\"noreferrer noopener\"><strong>BRIEFING D&rsquo;\u00c9QUIPAGE<\/strong><\/a><\/div>\n<\/div>\n<\/div>\n\n\n\n<div class=\"wp-block-column is-vertically-aligned-center is-layout-flow wp-block-column-is-layout-flow\"><div class=\"wp-block-image\">\n<figure class=\"aligncenter size-full is-resized\"><img loading=\"lazy\" decoding=\"async\" width=\"650\" height=\"400\" src=\"https:\/\/www.pcyc.qc.ca\/wp-content\/uploads\/2023\/05\/Trevor-J22.jpg\" alt=\"\" class=\"wp-image-2251\" style=\"width:457px;height:281px\" srcset=\"https:\/\/www.pcyc.qc.ca\/wp-content\/uploads\/2023\/05\/Trevor-J22.jpg 650w, https:\/\/www.pcyc.qc.ca\/wp-content\/uploads\/2023\/05\/Trevor-J22-360x222.jpg 360w\" sizes=\"auto, (max-width: 650px) 100vw, 650px\" \/><\/figure><\/div>\n\n\n<p><\/p>\n<\/div>\n<\/div>\n\n\n\n<p class=\"has-text-align-center\">\u00cates-vous pr\u00eat pour une opportunit\u00e9 d&rsquo;\u00eatre \u00e9quipier?<\/p>\n\n\n\n<div class=\"wp-block-buttons is-horizontal is-content-justification-center is-layout-flex wp-container-core-buttons-is-layout-499968f5 wp-block-buttons-is-layout-flex\">\n<div class=\"wp-block-button has-custom-width wp-block-button__width-75\"><a class=\"wp-block-button__link has-background has-small-font-size has-custom-font-size wp-element-button\" href=\"https:\/\/docs.google.com\/forms\/d\/e\/1FAIpQLSfpRCVo2YWkpl5xw2Q6uM81YN3eI6VrEmbGe3K8HAcKdws4kw\/viewform?usp=pp_url\" style=\"border-radius:10px;background-color:#0a3e7e\"><strong>S&rsquo;INSCRIRE COMME \u00c9QUIPIER<\/strong><\/a><\/div>\n<\/div>\n\n\n\n<div style=\"height:22px\" aria-hidden=\"true\" class=\"wp-block-spacer\"><\/div>\n\n\n\n<p class=\"has-text-align-center\">Pour plus d&rsquo;informations, veuillez contacter le Capitaine de la Flotte au :<\/p>\n\n\n\n<figure class=\"wp-block-table\"><table><tbody><tr><td class=\"has-text-align-center\" data-align=\"center\"><a href=\"mailto:fleetcaptain@pcyc.qc.ca\" target=\"_blank\" rel=\"noreferrer noopener\"><img loading=\"lazy\" decoding=\"async\" width=\"250\" height=\"39\" class=\"wp-image-3869\" style=\"width: 250px;\" src=\"https:\/\/www.pcyc.qc.ca\/wp-content\/uploads\/2025\/01\/FCemail.png\" alt=\"\"><\/a><\/td><\/tr><\/tbody><\/table><\/figure>\n\n\n\n<p><\/p>\n","protected":false},"excerpt":{"rendered":"<p>Les skippers \u00e0 la recherche d&rsquo;\u00e9quipage peuvent parcourir banque d&rsquo;\u00e9quipage 2026 Int\u00e9ress\u00e9 \u00e0 faire partie de l&rsquo;\u00e9quipage&nbsp;? Agir comme \u00e9quipier est le meilleur moyen de se faire une id\u00e9e du type de navigation que vous pourriez aimer (croisi\u00e8re ou course) et du type de bateau que vous pourriez \u00eatre int\u00e9ress\u00e9 \u00e0 poss\u00e9der un jour. C\u2019est [&hellip;]<\/p>\n","protected":false},"author":10,"featured_media":0,"parent":0,"menu_order":0,"comment_status":"closed","ping_status":"closed","template":"","meta":{"_acf_changed":false,"footnotes":""},"class_list":["post-1386","page","type-page","status-publish","hentry"],"acf":[],"_links":{"self":[{"href":"https:\/\/www.pcyc.qc.ca\/fr\/wp-json\/wp\/v2\/pages\/1386","targetHints":{"allow":["GET"]}}],"collection":[{"href":"https:\/\/www.pcyc.qc.ca\/fr\/wp-json\/wp\/v2\/pages"}],"about":[{"href":"https:\/\/www.pcyc.qc.ca\/fr\/wp-json\/wp\/v2\/types\/page"}],"author":[{"embeddable":true,"href":"https:\/\/www.pcyc.qc.ca\/fr\/wp-json\/wp\/v2\/users\/10"}],"replies":[{"embeddable":true,"href":"https:\/\/www.pcyc.qc.ca\/fr\/wp-json\/wp\/v2\/comments?post=1386"}],"version-history":[{"count":0,"href":"https:\/\/www.pcyc.qc.ca\/fr\/wp-json\/wp\/v2\/pages\/1386\/revisions"}],"wp:attachment":[{"href":"https:\/\/www.pcyc.qc.ca\/fr\/wp-json\/wp\/v2\/media?parent=1386"}],"curies":[{"name":"wp","href":"https:\/\/api.w.org\/{rel}","templated":true}]}}