{"id":1166,"date":"2022-03-06T15:29:08","date_gmt":"2022-03-06T19:29:08","guid":{"rendered":"https:\/\/www.pcyc.qc.ca\/?page_id=1166"},"modified":"2026-02-05T01:58:56","modified_gmt":"2026-02-05T05:58:56","slug":"comite-de-course-2","status":"publish","type":"page","link":"https:\/\/www.pcyc.qc.ca\/fr\/comite-de-course-2\/","title":{"rendered":"Comit\u00e9 de course"},"content":{"rendered":"\n<h2 class=\"wp-block-heading\">Pourquoi faire partie du comit\u00e9 de course?<\/h2>\n\n\n\n<p>Il y a plusieurs raisons pour lesquelles on peut d\u00e9cider de faire partie du comit\u00e9 de course.<\/p>\n\n\n\n<p>\u2022 faire partie de ceux qui travaillent \u00e0 l&rsquo;am\u00e9lioration des courses;<br>\u2022 \u00e9largir mes horizons dans le monde de la course \u00e0 voile;<br>\u2022 dans le but d&rsquo;en savoir plus sur le sport de la voile;<br>\u2022 partager mes comp\u00e9tences et mes talents avec les autres;<br>\u2022 pour mieux conna\u00eetre mon nouveau club de voile;<br>\u2022 faire partie d&rsquo;une \u00e9quipe formidable&nbsp;!<\/p>\n\n\n\n<h2 class=\"wp-block-heading\">Gestion de course<\/h2>\n\n\n\n<p>Le club est toujours \u00e0 la recherche de b\u00e9n\u00e9voles pour aider \u00e0 la tenue et gestion des courses et des r\u00e9gates. Les r\u00f4les du comit\u00e9 de course comprennent:<\/p>\n\n\n\n<ol class=\"wp-block-list\">\n<li>Conducteur de bateau comit\u00e9,<\/li>\n\n\n\n<li>Officiel de course, c\u2019est-\u00e0-dire la personne responsable de la course<\/li>\n\n\n\n<li>Signaleur visuel; pr\u00e9pare, soul\u00e8ve et abaisse les signaux visuels<\/li>\n\n\n\n<li>Responsable des signaux sonores<\/li>\n\n\n\n<li>Enregistreur<\/li>\n\n\n\n<li>Chronom\u00e9treur<\/li>\n\n\n\n<li>Observateur de ligne<\/li>\n\n\n\n<li>Op\u00e9rateur du bateaux de marques<\/li>\n<\/ol>\n\n\n\n<p>En r\u00e8gle g\u00e9n\u00e9rale, chaque b\u00e9n\u00e9vole du comit\u00e9 de course g\u00e9rera plus d\u2019un de ces r\u00f4les. &nbsp;Le club soutiendra les b\u00e9n\u00e9voles qui sont pr\u00eats \u00e0 s\u2019inscrire aux certifications&nbsp;ainsi qu\u2019\u00e0 fournir un soutien et un d\u00e9veloppement au niveau du club.<\/p>\n\n\n\n<p>Pour tout autre information, veuillez communiquer avec ryan_stowe@hotmail.com<\/p>\n\n\n\n<p><\/p>\n","protected":false},"excerpt":{"rendered":"<p>Pourquoi faire partie du comit\u00e9 de course? Il y a plusieurs raisons pour lesquelles on peut d\u00e9cider de faire partie du comit\u00e9 de course. \u2022 faire partie de ceux qui travaillent \u00e0 l&rsquo;am\u00e9lioration des courses;\u2022 \u00e9largir mes horizons dans le monde de la course \u00e0 voile;\u2022 dans le but d&rsquo;en savoir plus sur le sport [&hellip;]<\/p>\n","protected":false},"author":10,"featured_media":0,"parent":0,"menu_order":0,"comment_status":"closed","ping_status":"closed","template":"","meta":{"_acf_changed":false,"footnotes":""},"class_list":["post-1166","page","type-page","status-publish","hentry"],"acf":[],"_links":{"self":[{"href":"https:\/\/www.pcyc.qc.ca\/fr\/wp-json\/wp\/v2\/pages\/1166","targetHints":{"allow":["GET"]}}],"collection":[{"href":"https:\/\/www.pcyc.qc.ca\/fr\/wp-json\/wp\/v2\/pages"}],"about":[{"href":"https:\/\/www.pcyc.qc.ca\/fr\/wp-json\/wp\/v2\/types\/page"}],"author":[{"embeddable":true,"href":"https:\/\/www.pcyc.qc.ca\/fr\/wp-json\/wp\/v2\/users\/10"}],"replies":[{"embeddable":true,"href":"https:\/\/www.pcyc.qc.ca\/fr\/wp-json\/wp\/v2\/comments?post=1166"}],"version-history":[{"count":0,"href":"https:\/\/www.pcyc.qc.ca\/fr\/wp-json\/wp\/v2\/pages\/1166\/revisions"}],"wp:attachment":[{"href":"https:\/\/www.pcyc.qc.ca\/fr\/wp-json\/wp\/v2\/media?parent=1166"}],"curies":[{"name":"wp","href":"https:\/\/api.w.org\/{rel}","templated":true}]}}