{"id":1149,"date":"2022-03-05T17:48:35","date_gmt":"2022-03-05T21:48:35","guid":{"rendered":"https:\/\/www.pcyc.qc.ca\/?page_id=1149"},"modified":"2022-03-06T20:55:38","modified_gmt":"2022-03-07T00:55:38","slug":"interclub","status":"publish","type":"page","link":"https:\/\/www.pcyc.qc.ca\/fr\/interclub\/","title":{"rendered":"Interclub"},"content":{"rendered":"\n<p>Les s\u00e9ries GNS du Lac St-Louis est un effort commun des <a href=\"https:\/\/www.byc.qc.ca\/\" target=\"_blank\" rel=\"noreferrer noopener\">Yacht-Club de Beaconsfield<\/a>, Pointe Claire et <a href=\"https:\/\/www.rstlyc.qc.ca\/index.php\/fr\/\" target=\"_blank\" rel=\"noreferrer noopener\">Royal Saint-Laurent<\/a>. Notre but est de promouvoir les courses du soir en semaine pour tous les types de bateaux et le classement est d\u00e9termin\u00e9 utilisant le syst\u00e8me d\u2019handicap PHRF.<\/p>\n\n\n\n<p>Les courses du printemps et de l\u2019\u00e9t\u00e9 sont suivies du Souper des r\u00e9gatiers de notre club.&nbsp; C\u2019est le moment o\u00f9 les comp\u00e9titeurs reviennent sur leurs bons coups, autour d\u2019un d\u00e9licieux repas et d\u2019un assortiment de rafra\u00eechissements. Ce ralliement d\u2019apr\u00e8s-course sur la terrasse ou \u00e0 la salle \u00e0 manger est l\u2019occasion de comparer les notes, de discuter des tactiques et des man\u0153uvres; celles qui ont fonctionn\u00e9es et celles qui ont mal tourn\u00e9es ! De plus c\u2019est une opportunit\u00e9 de se faire de nouveaux amis et de recruter de nouveaux \u00e9quipiers.<\/p>\n\n\n\n<p>Les r\u00e9gates interclub sur le Lac Saint-Louis sont organis\u00e9es par le biais de diff\u00e9rentes s\u00e9ries.<\/p>\n\n\n\n<p>Vous retrouverez les avis de course, instructions de course ou autres documents pour ces s\u00e9ries sur le site de <a href=\"https:\/\/gnsracing.com\/\" target=\"_blank\" rel=\"noreferrer noopener\">gnsracing.com<\/a>.<\/p>\n\n\n\n<h1 class=\"wp-block-heading\">S\u00e9rie de pratique GNS<\/h1>\n\n\n\n<p>Cette s\u00e9rie consiste en quelques courses de pratique afin de permettre aux coureurs d\u2019apprivoiser la nouvelle saison et de d\u00e9poussi\u00e9rer leurs aptitudes. Cette s\u00e9rie sert aussi de pratique pour les comit\u00e9s de course question de s\u2019assurer de bien se rappeler les s\u00e9quences, les d\u00e9parts, etc.<\/p>\n\n\n\n<h1 class=\"wp-block-heading\">S\u00e9ries interclub GNS du Lac St-Louis<\/h1>\n\n\n\n<p>Ce sont des s\u00e9ries qui sont r\u00e9parties comme suit&nbsp;:<\/p>\n\n\n\n<div class=\"wp-block-media-text alignwide has-media-on-the-right is-stacked-on-mobile\" style=\"grid-template-columns:auto 34%\"><figure class=\"wp-block-media-text__media\"><img loading=\"lazy\" decoding=\"async\" width=\"960\" height=\"604\" src=\"https:\/\/www.pcyc.qc.ca\/wp-content\/uploads\/2022\/03\/3PHRF.jpg\" alt=\"\" class=\"wp-image-1151 size-full\" srcset=\"https:\/\/www.pcyc.qc.ca\/wp-content\/uploads\/2022\/03\/3PHRF.jpg 960w, https:\/\/www.pcyc.qc.ca\/wp-content\/uploads\/2022\/03\/3PHRF-735x462.jpg 735w, https:\/\/www.pcyc.qc.ca\/wp-content\/uploads\/2022\/03\/3PHRF-360x227.jpg 360w\" sizes=\"auto, (max-width: 960px) 100vw, 960px\" \/><\/figure><div class=\"wp-block-media-text__content\">\n<h3 class=\"wp-block-heading\">2 s\u00e9ries de printemps et 2 s\u00e9ries d&rsquo;\u00e9t\u00e9<\/h3>\n\n\n\n<ul class=\"wp-block-list\"><li>Les mardis soirs avec le comit\u00e9 de course du Yacht-Club de Pointe-Claire<\/li><li>Les jeudis soirs avec le comit\u00e9 de course du Yacht-Club de Beaconsfield<\/li><\/ul>\n\n\n\n<h3 class=\"wp-block-heading\">1 s\u00e9rie en septembre<\/h3>\n\n\n\n<ul class=\"wp-block-list\"><li>Les dimanches avec les comit\u00e9s de course des Yacht-Club de Pointe-Claire et Beaconsfield<\/li><\/ul>\n\n\n\n<h3 class=\"wp-block-heading\">1 s\u00e9rie en octobre<\/h3>\n\n\n\n<ul class=\"wp-block-list\"><li>Commun\u00e9ment nomm\u00e9e: <em>Frostbite<\/em><\/li><li>Les dimanches avec le comit\u00e9 de course du Yacht-Club Royal St-Laurent<\/li><\/ul>\n<\/div><\/div>\n\n\n\n<div class=\"wp-block-media-text alignwide has-media-on-the-right is-stacked-on-mobile\" style=\"grid-template-columns:auto 30%\"><figure class=\"wp-block-media-text__media\"><img loading=\"lazy\" decoding=\"async\" width=\"960\" height=\"611\" src=\"https:\/\/www.pcyc.qc.ca\/wp-content\/uploads\/2022\/03\/Shark_422_J70TREIZE.jpg\" alt=\"\" class=\"wp-image-1154 size-full\" srcset=\"https:\/\/www.pcyc.qc.ca\/wp-content\/uploads\/2022\/03\/Shark_422_J70TREIZE.jpg 960w, https:\/\/www.pcyc.qc.ca\/wp-content\/uploads\/2022\/03\/Shark_422_J70TREIZE-735x468.jpg 735w, https:\/\/www.pcyc.qc.ca\/wp-content\/uploads\/2022\/03\/Shark_422_J70TREIZE-360x229.jpg 360w\" sizes=\"auto, (max-width: 960px) 100vw, 960px\" \/><\/figure><div class=\"wp-block-media-text__content\">\n<h1 class=\"wp-block-heading\">S\u00e9rie interclub GNS SAILWEEK<\/h1>\n\n\n\n<p>La s\u00e9rie de course nomm\u00e9e SAILWEEK, met ensemble des courses faisant partie de r\u00e9gates distinctes.<\/p>\n\n\n\n<ul class=\"wp-block-list\"><li>R\u00e9gate annuelle Yacht-Club de Pointe-Claire<\/li><li>2 courses dans les s\u00e9ries d&rsquo;\u00e9t\u00e9 interclub GNS du Lac St-Louis<\/li><li>1 course de milieu de semaine n&rsquo;appartenant qu&rsquo;\u00e0 la SAILWEEK<\/li><li>R\u00e9gate annuelle du Yacht-Club de Beaconsfield<\/li><\/ul>\n<\/div><\/div>\n","protected":false},"excerpt":{"rendered":"<p>Les r\u00e9gates interclub sur le Lac Saint-Louis se font sous forme de diff\u00e9rentes s\u00e9ries.<br \/>\nVous retrouverez les avis de course, instructions de course ou autres documents pour cette s\u00e9rie sur le site de gnsracing.com.<\/p>\n","protected":false},"author":10,"featured_media":0,"parent":0,"menu_order":0,"comment_status":"closed","ping_status":"closed","template":"","meta":{"_acf_changed":false,"footnotes":""},"class_list":["post-1149","page","type-page","status-publish","hentry"],"acf":[],"_links":{"self":[{"href":"https:\/\/www.pcyc.qc.ca\/fr\/wp-json\/wp\/v2\/pages\/1149","targetHints":{"allow":["GET"]}}],"collection":[{"href":"https:\/\/www.pcyc.qc.ca\/fr\/wp-json\/wp\/v2\/pages"}],"about":[{"href":"https:\/\/www.pcyc.qc.ca\/fr\/wp-json\/wp\/v2\/types\/page"}],"author":[{"embeddable":true,"href":"https:\/\/www.pcyc.qc.ca\/fr\/wp-json\/wp\/v2\/users\/10"}],"replies":[{"embeddable":true,"href":"https:\/\/www.pcyc.qc.ca\/fr\/wp-json\/wp\/v2\/comments?post=1149"}],"version-history":[{"count":0,"href":"https:\/\/www.pcyc.qc.ca\/fr\/wp-json\/wp\/v2\/pages\/1149\/revisions"}],"wp:attachment":[{"href":"https:\/\/www.pcyc.qc.ca\/fr\/wp-json\/wp\/v2\/media?parent=1149"}],"curies":[{"name":"wp","href":"https:\/\/api.w.org\/{rel}","templated":true}]}}