{"id":1097,"date":"2022-03-01T20:08:50","date_gmt":"2022-03-02T00:08:50","guid":{"rendered":"https:\/\/www.pcyc.qc.ca\/?page_id=1097"},"modified":"2025-11-05T22:48:32","modified_gmt":"2025-11-06T02:48:32","slug":"defi-contre-la-montre","status":"publish","type":"page","link":"https:\/\/www.pcyc.qc.ca\/fr\/defi-contre-la-montre\/","title":{"rendered":"D\u00e9fi Tic-Toc"},"content":{"rendered":"\n<p class=\"has-text-align-center has-vivid-red-color has-text-color has-link-color wp-elements-ba29e08bb64aa2e7a4b9a08a419c0893\">Le d\u00e9fi est maintenant termin\u00e9. Merci \u00e0 tous pour votre participation. Rendez-vous en 2026 pour une nouvelle \u00e9dition\u00a0!<\/p>\n\n\n\n<p>Le \u00ab&nbsp;D\u00e9fi Tic-Toc&nbsp;\u00bb est un d\u00e9fi simple et facile&nbsp;: chronom\u00e9trez votre temps sur un parcours de 3.1 milles nautiques \u00e0 la voile. Tout au long de la saison, du <strong>1 juin au 24 octobre<\/strong>, vous pouvez essayer de battre votre temps, n\u2019importe quel jour et aussi souvent que vous le souhaitez. Vous pouvez participer en solo, en famille ou avec \u00e9quipage, en voile blanche ou sous spinnaker.<\/p>\n\n\n\n<p>D\u00e9marrez le chronom\u00e8tre lorsque votre embarcation sort du cercle d\u2019une longueur de bateau autour de la bou\u00e9e 32 et arr\u00eatez-le quand vous entrez de nouveau dans le cercle d\u2019une longueur de bateau de la bou\u00e9e 32. Vous devez enrouler chaque marque du parcours \u00e0 moins d\u2019une longueur de bateau.<\/p>\n\n\n\n<p>Soumettez votre temps chronom\u00e9tr\u00e9 et les d\u00e9tails de votre tentative: votre rang, corrig\u00e9 par le handicap de votre bateau, sera accessible sur cette page. Chaque vendredi, nous mettrons \u00e0 jour les classements.<\/p>\n\n\n\n<p>Ce d\u00e9fi sera \u00e0 la mesure de votre d\u00e9sir de vous am\u00e9liorer. Il n\u2019y a pas de comit\u00e9 de course, de protestation ni de ligne de d\u00e9part encombr\u00e9e. Naviguez contre-la-montre pour acqu\u00e9rir de l\u2019exp\u00e9rience avec votre bateau et votre \u00e9quipage, pratiquez vos man\u0153uvres dans des conditions m\u00e9t\u00e9o diff\u00e9rentes et surtout amusez-vous!<\/p>\n\n\n\n<p><em>Des prix seront remis \u00e0 la fin de la saison<\/em>.<\/p>\n\n\n\n<p class=\"has-text-align-center\"><\/p>\n\n\n\n<div class=\"wp-block-buttons is-horizontal is-content-justification-center is-layout-flex wp-container-core-buttons-is-layout-499968f5 wp-block-buttons-is-layout-flex\">\n<div class=\"wp-block-button has-custom-width wp-block-button__width-75 is-style-outline is-style-outline--1\"><a class=\"wp-block-button__link has-white-color has-text-color has-background has-small-font-size has-custom-font-size wp-element-button\" href=\"https:\/\/docs.google.com\/forms\/d\/e\/1FAIpQLSfSqR8G1aG-84k5asdz_7sNN_58T6d3LTXVq55FISZgh22coQ\/viewform\" style=\"border-radius:10px;background-color:#005751\" target=\"_blank\" rel=\"noreferrer noopener\"><strong>SOUMETTRE MON TEMPS<\/strong><\/a><\/div>\n<\/div>\n\n\n\n<div style=\"height:30px\" aria-hidden=\"true\" class=\"wp-block-spacer\"><\/div>\n\n\n\n<figure class=\"wp-block-image size-full is-style-default\"><img loading=\"lazy\" decoding=\"async\" width=\"1283\" height=\"1251\" src=\"https:\/\/www.pcyc.qc.ca\/wp-content\/uploads\/2024\/01\/Tic-Toc-2024.png\" alt=\"\" class=\"wp-image-2847\" srcset=\"https:\/\/www.pcyc.qc.ca\/wp-content\/uploads\/2024\/01\/Tic-Toc-2024.png 1283w, https:\/\/www.pcyc.qc.ca\/wp-content\/uploads\/2024\/01\/Tic-Toc-2024-735x717.png 735w, https:\/\/www.pcyc.qc.ca\/wp-content\/uploads\/2024\/01\/Tic-Toc-2024-360x351.png 360w\" sizes=\"auto, (max-width: 1283px) 100vw, 1283px\" \/><\/figure>\n\n\n\n<div style=\"height:29px\" aria-hidden=\"true\" class=\"wp-block-spacer\"><\/div>\n\n\n\n<div id=\"footable_parent_3454\"\n         class=\" footable_parent ninja_table_wrapper loading_ninja_table wp_table_data_press_parent semantic_ui colored_table\">\n                    <h3 class=\"table_title footable_title\">D\u00e9fi Tic-Toc Challenge - Final Results<\/h3>\n                        <table data-ninja_table_instance=\"ninja_table_instance_0\" data-footable_id=\"3454\" data-filter-delay=\"1000\" aria-label=\"D\u00e9fi Tic-Toc Challenge - Final Results\"            id=\"footable_3454\"\n           data-unique_identifier=\"ninja_table_unique_id_1939703603_3454\"\n           class=\" foo-table ninja_footable foo_table_3454 ninja_table_unique_id_1939703603_3454 ui table  teal nt_type_legacy_table selectable celled striped vertical_centered inverted footable-paging-right ninja_table_search_disabled ninja_table_pro\">\n                <colgroup>\n                            <col class=\"ninja_column_0 \">\n                            <col class=\"ninja_column_1 \">\n                            <col class=\"ninja_column_2 \">\n                            <col class=\"ninja_column_3 \">\n                    <\/colgroup>\n        <thead>\n<tr class=\"footable-header\">\n                                                                        <th scope=\"col\"  class=\"ninja_column_0 ninja_clmn_nm_rank \">Rank<\/th><th scope=\"col\"  class=\"ninja_column_1 ninja_clmn_nm_crew \">Crew<\/th><th scope=\"col\"  class=\"ninja_column_2 ninja_clmn_nm_boat_type \">Boat Type<\/th><th scope=\"col\"  class=\"ninja_column_3 ninja_clmn_nm_date \">Boat Name<\/th><\/tr>\n<\/thead>\n<tbody>\n\n        <tr data-row_id=\"690\" class=\"ninja_table_row_0 nt_row_id_690\">\n            <td>1<\/td><td>Jan Krejcar<\/td><td>Shark<\/td><td>Mussels<\/td>        <\/tr>\n            <tr data-row_id=\"691\" class=\"ninja_table_row_1 nt_row_id_691\">\n            <td>2<\/td><td>Helmut Thievessen<\/td><td>Shark<\/td><td>Mussels<\/td>        <\/tr>\n            <tr data-row_id=\"683\" class=\"ninja_table_row_2 nt_row_id_683\">\n            <td>3<\/td><td>Catherine Rossignol<\/td><td>Tanzer 7.5<\/td><td>Kronopio<\/td>        <\/tr>\n            <tr data-row_id=\"476\" class=\"ninja_table_row_3 nt_row_id_476\">\n            <td>4<\/td><td>John Cornellier<\/td><td>Paceship 24<\/td><td>Rhiannon<\/td>        <\/tr>\n            <tr data-row_id=\"461\" class=\"ninja_table_row_4 nt_row_id_461\">\n            <td>5<\/td><td>Eric Marsolais<\/td><td>Nonsuch 22<\/td><td>Piccolo<\/td>        <\/tr>\n            <tr data-row_id=\"680\" class=\"ninja_table_row_5 nt_row_id_680\">\n            <td>6<\/td><td>Jean-Luc Taschereau<\/td><td>Tanzer 25<\/td><td>Friendship<\/td>        <\/tr>\n            <tr data-row_id=\"616\" class=\"ninja_table_row_6 nt_row_id_616\">\n            <td>7<\/td><td>Gary Scavone<\/td><td>Shark<\/td><td>Swamp Queen<\/td>        <\/tr>\n            <tr data-row_id=\"471\" class=\"ninja_table_row_7 nt_row_id_471\">\n            <td>8<\/td><td>Frank Ferrara<\/td><td>Tanzer 22<\/td><td>Siberian<\/td>        <\/tr>\n            <tr data-row_id=\"696\" class=\"ninja_table_row_8 nt_row_id_696\">\n            <td>9<\/td><td>Lucie Vignon<\/td><td>Tanzer 22<\/td><td>Siberian<\/td>        <\/tr>\n            <tr data-row_id=\"615\" class=\"ninja_table_row_9 nt_row_id_615\">\n            <td>10<\/td><td>Bohumil Krejcar<\/td><td>Shark<\/td><td>Mussels<\/td>        <\/tr>\n            <tr data-row_id=\"684\" class=\"ninja_table_row_10 nt_row_id_684\">\n            <td>11<\/td><td>Aurora Krejcar<\/td><td>Tanzer 22<\/td><td>Peniche<\/td>        <\/tr>\n            <tr data-row_id=\"685\" class=\"ninja_table_row_11 nt_row_id_685\">\n            <td>12<\/td><td>Niall Boland<\/td><td>Shark<\/td><td>Mussels<\/td>        <\/tr>\n            <tr data-row_id=\"679\" class=\"ninja_table_row_12 nt_row_id_679\">\n            <td>13<\/td><td>Elise Petitjean<\/td><td>Tanzer 26<\/td><td>Le Gobelin<\/td>        <\/tr>\n    <\/tbody><!--ninja_tobody_rendering_done-->\n    <\/table>\n    \n    \n    \n<\/div>\n\n\n\n\n<p><\/p>\n","protected":false},"excerpt":{"rendered":"<p>Le \u00ab\u00a0Contre-la-montre \u00e0 la voile\u00a0\u00bb est un d\u00e9fi simple et facile\u00a0: chronom\u00e9trez votre temps sur un parcours de 3 milles nautiques \u00e0 la voile. Tout au long de la saison, vous pouvez essayer de battre votre temps, n\u2019importe quel jour et aussi souvent que vous le souhaitez. Vous pouvez participer en solo, en famille ou avec \u00e9quipage, en voile blanche ou sous spinnaker.<\/p>\n","protected":false},"author":10,"featured_media":0,"parent":0,"menu_order":0,"comment_status":"closed","ping_status":"closed","template":"","meta":{"_acf_changed":false,"footnotes":""},"class_list":["post-1097","page","type-page","status-publish","hentry"],"acf":[],"_links":{"self":[{"href":"https:\/\/www.pcyc.qc.ca\/fr\/wp-json\/wp\/v2\/pages\/1097","targetHints":{"allow":["GET"]}}],"collection":[{"href":"https:\/\/www.pcyc.qc.ca\/fr\/wp-json\/wp\/v2\/pages"}],"about":[{"href":"https:\/\/www.pcyc.qc.ca\/fr\/wp-json\/wp\/v2\/types\/page"}],"author":[{"embeddable":true,"href":"https:\/\/www.pcyc.qc.ca\/fr\/wp-json\/wp\/v2\/users\/10"}],"replies":[{"embeddable":true,"href":"https:\/\/www.pcyc.qc.ca\/fr\/wp-json\/wp\/v2\/comments?post=1097"}],"version-history":[{"count":0,"href":"https:\/\/www.pcyc.qc.ca\/fr\/wp-json\/wp\/v2\/pages\/1097\/revisions"}],"wp:attachment":[{"href":"https:\/\/www.pcyc.qc.ca\/fr\/wp-json\/wp\/v2\/media?parent=1097"}],"curies":[{"name":"wp","href":"https:\/\/api.w.org\/{rel}","templated":true}]}}