{"id":209,"date":"2021-07-23T11:20:56","date_gmt":"2021-07-23T15:20:56","guid":{"rendered":"https:\/\/www.pcyc.qc.ca\/?page_id=209"},"modified":"2026-02-05T01:27:36","modified_gmt":"2026-02-05T05:27:36","slug":"trophy-room","status":"publish","type":"page","link":"https:\/\/www.pcyc.qc.ca\/en\/trophy-room\/","title":{"rendered":"Trophy Room"},"content":{"rendered":"\n<div class=\"wp-block-columns is-layout-flex wp-container-core-columns-is-layout-9d6595d7 wp-block-columns-is-layout-flex\">\n<div class=\"wp-block-column is-layout-flow wp-block-column-is-layout-flow\">\n<figure class=\"wp-block-image size-full\"><img loading=\"lazy\" decoding=\"async\" width=\"675\" height=\"900\" src=\"https:\/\/www.pcyc.qc.ca\/wp-content\/uploads\/2021\/11\/Maud_new.png\" alt=\"\" class=\"wp-image-915\"\/><\/figure>\n<\/div>\n\n\n\n<div class=\"wp-block-column is-layout-flow wp-block-column-is-layout-flow\">\n<h2 class=\"wp-block-heading has-text-align-left\">Maud Cup<\/h2>\n\n\n\n<p>August 5 1882, a sailing regatta was held.<\/p>\n\n\n\n<p>Mr. Widmer Nelles won the regatta with his yacht named MAUD.<\/p>\n\n\n\n<p>Mr. Nelles was one of the 37 founding members of the Pointe-Claire Yacht Club in 1879.<\/p>\n\n\n\n<p>In 1970, this trophy was re-deeded in order to honor the winner of a single-handed race.<\/p>\n<\/div>\n\n\n\n<div class=\"wp-block-column is-layout-flow wp-block-column-is-layout-flow\">\n<h3 class=\"wp-block-heading has-text-align-left\">Winners<\/h3>\n\n\n\n<p>2025 David Lowther<br>2024 David Lowther<br>2023 Joe Ghattas<br>2022 Dave Covo<br>2021 Frank Ferrara<br>2020 St\u00e9phan Blais<br>2019 St\u00e9phan Blais<br>2018 Rick Shousha<br>2017 Rick Shousha<br>2015 St\u00e9phan Blais<br>2014 Nicolas Mabboux<br>2011 Dave Covo<br>2010 St\u00e9phan Blais<br>2009 Don McDonough<br>2006 Dave Lowther<\/p>\n<\/div>\n<\/div>\n\n\n\n<div class=\"wp-block-columns is-layout-flex wp-container-core-columns-is-layout-9d6595d7 wp-block-columns-is-layout-flex\">\n<div class=\"wp-block-column is-layout-flow wp-block-column-is-layout-flow\">\n<figure class=\"wp-block-image size-full\"><img loading=\"lazy\" decoding=\"async\" width=\"675\" height=\"900\" src=\"https:\/\/www.pcyc.qc.ca\/wp-content\/uploads\/2021\/12\/owell_new.png\" alt=\"\" class=\"wp-image-1027\" srcset=\"https:\/\/www.pcyc.qc.ca\/wp-content\/uploads\/2021\/12\/owell_new.png 675w, https:\/\/www.pcyc.qc.ca\/wp-content\/uploads\/2021\/12\/owell_new-360x480.png 360w\" sizes=\"auto, (max-width: 675px) 100vw, 675px\" \/><\/figure>\n<\/div>\n\n\n\n<div class=\"wp-block-column is-layout-flow wp-block-column-is-layout-flow\">\n<h2 class=\"wp-block-heading\">The O&#8217;Well Memorial Cup<\/h2>\n\n\n\n<p>This cup is awarded to a member of Pointe Claire Yacht Club who has made a significant contribution to the sport of sailing whether such contribution be personal achievement or by support and participation at any level of the sport.<\/p>\n<\/div>\n\n\n\n<div class=\"wp-block-column is-layout-flow wp-block-column-is-layout-flow\">\n<h3 class=\"wp-block-heading\">Winners<\/h3>\n\n\n\n<p>2025 Yves Leger<br>2024 John Edwards<br>2023 Frank Ferrara<br>2022 Tof Nicoll-Griffith<br>2019 George Stedman<br>2018 Mike Marcille<br>2016 Dave Pelling<br>2015 Tom Egli<br>2014 Madeleine Palfreeman<br>2013 John &amp; Esther Macleod<br>2012 Richard &amp; Erica Moore<br>2008 Roy Carter<br>2005 Ren\u00e9 D&#8217;Allaire<br>2002 Peter Bauer<br>2000 Jim Rowlandson<\/p>\n\n\n\n<p><\/p>\n<\/div>\n<\/div>\n\n\n\n<div class=\"wp-block-columns is-layout-flex wp-container-core-columns-is-layout-9d6595d7 wp-block-columns-is-layout-flex\">\n<div class=\"wp-block-column is-layout-flow wp-block-column-is-layout-flow\">\n<figure class=\"wp-block-image size-full\"><img loading=\"lazy\" decoding=\"async\" width=\"675\" height=\"900\" src=\"https:\/\/www.pcyc.qc.ca\/wp-content\/uploads\/2021\/11\/MirageCup_new.png\" alt=\"\" class=\"wp-image-921\"\/><\/figure>\n<\/div>\n\n\n\n<div class=\"wp-block-column is-layout-flow wp-block-column-is-layout-flow\">\n<h2 class=\"wp-block-heading has-text-align-left\"><strong>Mirage Cup<\/strong><\/h2>\n\n\n\n<p class=\"has-text-align-left\">In 1946, J.A. Dakin (a contractor and developer who built Gables Court) sailed a boat named MIRAGE and purchased this cup from Birks for $34.<\/p>\n\n\n\n<p class=\"has-text-align-left\">He donated it to Commodore Lindsay H. Place and was then awarded to the winner of the Mirage Cup race that year.<\/p>\n\n\n\n<p class=\"has-text-align-left\"><\/p>\n<\/div>\n\n\n\n<div class=\"wp-block-column is-layout-flow wp-block-column-is-layout-flow\">\n<h3 class=\"wp-block-heading\">Winners<\/h3>\n\n\n\n<p><br>2025 David Covo<br>2024 Erik Vasseur (RSTLYC)<br>2023 John McGuinness<br>2021 Alain Vranderick<br>2020 Taras Iwanycki<br>2018 Bill Thompson<br>2017 Luc Gloutney<br>2016 Luc Gloutney<br>2015 Rick Shousha<br>2011 Allan Gray<br>2010 Allan Gray<br>2009 Laurent Fortin<\/p>\n\n\n\n<p><\/p>\n<\/div>\n<\/div>\n\n\n\n<div class=\"wp-block-columns is-layout-flex wp-container-core-columns-is-layout-9d6595d7 wp-block-columns-is-layout-flex\">\n<div class=\"wp-block-column is-layout-flow wp-block-column-is-layout-flow\">\n<figure class=\"wp-block-image size-full\"><img loading=\"lazy\" decoding=\"async\" width=\"675\" height=\"900\" src=\"https:\/\/www.pcyc.qc.ca\/wp-content\/uploads\/2021\/11\/ClubChamp_new.png\" alt=\"\" class=\"wp-image-919\"\/><\/figure>\n<\/div>\n\n\n\n<div class=\"wp-block-column is-layout-flow wp-block-column-is-layout-flow\">\n<h2 class=\"wp-block-heading has-text-align-left\">Club Championship Trophy<\/h2>\n\n\n\n<p class=\"has-text-align-left\">This trophy was presented to E.C. Janes and E. March in memory of their son, Sgt. Fred Janes, who was killed in action in Normandy on July 25, 1944.<\/p>\n\n\n\n<p class=\"has-text-align-left\">Its first winner was in 1947.<\/p>\n\n\n\n<p class=\"has-text-align-left\">Today, we award this trophy to the winner of the event that invites PCYC\u2019s top racers of the season.<\/p>\n<\/div>\n\n\n\n<div class=\"wp-block-column is-layout-flow wp-block-column-is-layout-flow\">\n<h3 class=\"wp-block-heading\">Winners<\/h3>\n\n\n\n<p><br>2025 Rick Shousha<br>2024 David Covo<br>2023 Ryan Stowe<br>2021 Bill Thompson<br>2020 George Stedman<br>2019 Dave, Anthony &amp; Andrew Lowther<br>2018 Dave Covo<br>2016 Pierre Richard<br>2014 Pierre Carpentier &amp; Toby Bryant<br>2013 Stephan Waldie &amp; Nicola Mocchiutti<br>2012 Joe Jospe and Tom Egli<br>2011 Pierre Carpentier &amp; Toby Bryant<br>2010 Tof Nicoll-Griffith<br>2009 Pierre Carpentier<br>2008 Joe Jospe<\/p>\n\n\n\n<p><\/p>\n\n\n\n<p><\/p>\n\n\n\n<p><\/p>\n<\/div>\n<\/div>\n\n\n\n<div class=\"wp-block-columns is-layout-flex wp-container-core-columns-is-layout-9d6595d7 wp-block-columns-is-layout-flex\">\n<div class=\"wp-block-column is-vertically-aligned-center is-layout-flow wp-block-column-is-layout-flow\">\n<figure class=\"wp-block-image size-full\"><img loading=\"lazy\" decoding=\"async\" width=\"675\" height=\"900\" src=\"https:\/\/www.pcyc.qc.ca\/wp-content\/uploads\/2025\/02\/WhiteSail-Cup.jpg\" alt=\"\" class=\"wp-image-3945\" srcset=\"https:\/\/www.pcyc.qc.ca\/wp-content\/uploads\/2025\/02\/WhiteSail-Cup.jpg 675w, https:\/\/www.pcyc.qc.ca\/wp-content\/uploads\/2025\/02\/WhiteSail-Cup-360x480.jpg 360w\" sizes=\"auto, (max-width: 675px) 100vw, 675px\" \/><\/figure>\n<\/div>\n\n\n\n<div class=\"wp-block-column is-layout-flow wp-block-column-is-layout-flow\">\n<h2 class=\"wp-block-heading\">The Spirit of the White Sail Fleet Award<\/h2>\n\n\n\n<p>The award is given to the individual who consistently participates in White Sail events, striving for excellence while embracing personal growth, enjoyment, sportsmanship, and grace on the water.<\/p>\n<\/div>\n\n\n\n<div class=\"wp-block-column is-layout-flow wp-block-column-is-layout-flow\">\n<h3 class=\"wp-block-heading\">Winners<\/h3>\n\n\n\n<p>2025 John Cornellier<br>2024 Martin Benoit<br>2023 Mathieu Grainger<br>2022 Robert Girling<br>2021 Eric Marsolais<br>2020 Jean-Luc Taschereau<br>2019 Frank Ferrara<br>2009 Taras Iwanycki<br>2008 Bruno &amp; Elyse on Lady Heron<br>2005 Laird Glass<br>2004 John Macleod<br>2003 Roy Carter<br>2002 Norman Dunn &amp; Martin Picard<br>2001 Marek Parnell &amp; Carole Fuger<\/p>\n<\/div>\n<\/div>\n\n\n\n<div class=\"wp-block-columns is-layout-flex wp-container-core-columns-is-layout-9d6595d7 wp-block-columns-is-layout-flex\">\n<div class=\"wp-block-column is-layout-flow wp-block-column-is-layout-flow\">\n<figure class=\"wp-block-image size-full\"><img loading=\"lazy\" decoding=\"async\" width=\"675\" height=\"912\" src=\"https:\/\/www.pcyc.qc.ca\/wp-content\/uploads\/2025\/02\/tictoc_award.jpg\" alt=\"\" class=\"wp-image-3950\" srcset=\"https:\/\/www.pcyc.qc.ca\/wp-content\/uploads\/2025\/02\/tictoc_award.jpg 675w, https:\/\/www.pcyc.qc.ca\/wp-content\/uploads\/2025\/02\/tictoc_award-360x486.jpg 360w\" sizes=\"auto, (max-width: 675px) 100vw, 675px\" \/><\/figure>\n<\/div>\n\n\n\n<div class=\"wp-block-column is-layout-flow wp-block-column-is-layout-flow\">\n<h2 class=\"wp-block-heading has-text-align-left\">Tic-Toc Challenge Perseverance Trophy<\/h2>\n\n\n\n<p>The Tic-Toc Challenge is a time-trial speed competition that requires optimum sail trim, precise steering, and flawless navigation around a designated course.<\/p>\n\n\n\n<p>This award goes to the most dedicated participant, consistently striving to enhance their sailing skills and beat their personal best time on the course.<\/p>\n\n\n\n<p class=\"has-text-align-left\"><\/p>\n<\/div>\n\n\n\n<div class=\"wp-block-column is-layout-flow wp-block-column-is-layout-flow\">\n<h3 class=\"wp-block-heading\">Winners<\/h3>\n\n\n\n<p>2025 Eric Marsolais<br>2024 John Cornellier<br>2023 John Cornellier<br>2022 Eric Marsolais<br>2021 Jan Krejcar<br>2020 Jean-Luc Taschereau<\/p>\n<\/div>\n<\/div>\n\n\n\n<div class=\"wp-block-columns is-layout-flex wp-container-core-columns-is-layout-9d6595d7 wp-block-columns-is-layout-flex\">\n<div class=\"wp-block-column is-layout-flow wp-block-column-is-layout-flow\">\n<figure class=\"wp-block-image size-full\"><img loading=\"lazy\" decoding=\"async\" width=\"675\" height=\"900\" src=\"https:\/\/www.pcyc.qc.ca\/wp-content\/uploads\/2021\/11\/pasdedeux_new.png\" alt=\"\" class=\"wp-image-923\"\/><\/figure>\n<\/div>\n\n\n\n<div class=\"wp-block-column is-layout-flow wp-block-column-is-layout-flow\">\n<h2 class=\"wp-block-heading has-text-align-left\">Lac St. Louis Pas de Deux Trophy<\/h2>\n\n\n\n<p class=\"has-text-align-left\">Racers from all 5 clubs on Lac St. Louis participate to represent their respective clubs. Boats are crewed by no more than 2 members and navigate around a series of SLVYRA marks. Boats accumulate points for their respective clubs based on their finishing order. The club with the most points is awarded the Lac St. Louis Pas de Deux Trophy<\/p>\n<\/div>\n\n\n\n<div class=\"wp-block-column is-layout-flow wp-block-column-is-layout-flow\">\n<h3 class=\"wp-block-heading\">Team Winners<\/h3>\n\n\n\n<p class=\"has-small-font-size\">2025 Team PCYC &#8211; Frank Ferrara, Lucie Vignon, Luka Bartulovic, Jean-Luc Taschereau, Jan Krejcar, Tauhid Rahman, Mathieu Grainger, Sal Charabati, Martin Benoit, John MacLeod<\/p>\n\n\n\n<p class=\"has-small-font-size\">2024 Team PCYC &#8211; Luka Bartulovic, Rick Shousha, John MacLeod, Mathieu Grainger, Frank Ferrara, Jean-Luc Taschereau, David Lowther, Bill Thompson, Joe Ghattas, Martin Benoit, Rob Girling<\/p>\n\n\n\n<p class=\"has-small-font-size\">2023 Team PCYC &#8211; David Lowther, Bill Thompson, Mathieu Grainger, Jean-Luc Taschereau<\/p>\n\n\n\n<p class=\"has-small-font-size\">2021 Team PCYC &#8211; Frank Ferrara, Pierre-Eric Dochez, Yu-Wei Yang, John MacLeod, Catherine Rossignol, Alain Vranderick, Bill Thompson, David Lowther, Jean-Luc Taschereau, Mathieu Grainger, Joe Ghattas, Jan Ericsson<\/p>\n\n\n\n<p class=\"has-small-font-size\">2020 Team PCYC &#8211; Rick Shousha, Alain Vranderick, Ryan Stowe, Frank Ferrara, John MacLeod, Pierre-Eric Dochez, Taras Iwanycki<\/p>\n\n\n\n<p class=\"has-small-font-size\">2020 Rick Shousha PCYC<br>2018 Peter Rahn BYC<br>2017 Peter Rahn BYC<\/p>\n<\/div>\n<\/div>\n\n\n\n<div class=\"wp-block-columns is-layout-flex wp-container-core-columns-is-layout-9d6595d7 wp-block-columns-is-layout-flex\">\n<div class=\"wp-block-column is-layout-flow wp-block-column-is-layout-flow\">\n<figure class=\"wp-block-image size-full\"><img loading=\"lazy\" decoding=\"async\" width=\"675\" height=\"900\" src=\"https:\/\/www.pcyc.qc.ca\/wp-content\/uploads\/2021\/11\/MirageTrophy_new.png\" alt=\"\" class=\"wp-image-917\"\/><\/figure>\n<\/div>\n\n\n\n<div class=\"wp-block-column is-layout-flow wp-block-column-is-layout-flow\">\n<h2 class=\"wp-block-heading\">The Mirage Trophy<\/h2>\n\n\n\n<p>This award is presented to the participant who achieves \u201cline honours\u201d. In order to encourage innovation and unconventional racers, this line honours event is open to all non-motorized watercraft. The event is not restricted to sailing vessels, either. Rowing shells are welcome.<\/p>\n<\/div>\n\n\n\n<div class=\"wp-block-column is-layout-flow wp-block-column-is-layout-flow\">\n<h3 class=\"wp-block-heading\">Winners<\/h3>\n\n\n\n<p>2021 Alain Vranderick<br>2020 Michael Brodeur<br>2019 Anthony &amp; Andrew Lowther<\/p>\n\n\n\n<p><\/p>\n<\/div>\n<\/div>\n\n\n\n<div class=\"wp-block-columns is-layout-flex wp-container-core-columns-is-layout-9d6595d7 wp-block-columns-is-layout-flex\">\n<div class=\"wp-block-column is-layout-flow wp-block-column-is-layout-flow\">\n<figure class=\"wp-block-image size-full\"><img loading=\"lazy\" decoding=\"async\" width=\"960\" height=\"1280\" src=\"https:\/\/www.pcyc.qc.ca\/wp-content\/uploads\/2021\/12\/p_kelly.png\" alt=\"\" class=\"wp-image-1023\" srcset=\"https:\/\/www.pcyc.qc.ca\/wp-content\/uploads\/2021\/12\/p_kelly.png 960w, https:\/\/www.pcyc.qc.ca\/wp-content\/uploads\/2021\/12\/p_kelly-735x980.png 735w, https:\/\/www.pcyc.qc.ca\/wp-content\/uploads\/2021\/12\/p_kelly-360x480.png 360w\" sizes=\"auto, (max-width: 960px) 100vw, 960px\" \/><\/figure>\n<\/div>\n\n\n\n<div class=\"wp-block-column is-layout-flow wp-block-column-is-layout-flow\">\n<h2 class=\"wp-block-heading has-text-align-left\">Peter Kelly Memorial Trophy<\/h2>\n\n\n\n<p>This trophy formerly known as The Gremlin Trophy was re-deeded in 2021.<\/p>\n\n\n\n<p>Participation in sailing activities and especially in competition has the potential to help aspiring young athletes develop self-confidence and independence.Competitors develop respect for themselves, their colleagues and the equipment they use.<\/p>\n\n\n\n<p>The late Peter Kelly believed that not many sports can match what sailing can contribute to the development of young athletes. His numerous commitments to junior sailing programs matched with the right environment have allowed some of our athletes to compete at the highest levels.<\/p>\n<\/div>\n\n\n\n<div class=\"wp-block-column is-layout-flow wp-block-column-is-layout-flow\">\n<h3 class=\"wp-block-heading\">Winners<\/h3>\n\n\n\n<p>2021 Angus Beauregard HYC<\/p>\n<\/div>\n<\/div>\n\n\n\n<div class=\"wp-block-columns is-layout-flex wp-container-core-columns-is-layout-9d6595d7 wp-block-columns-is-layout-flex\">\n<div class=\"wp-block-column is-layout-flow wp-block-column-is-layout-flow\">\n<figure class=\"wp-block-image size-full\"><img loading=\"lazy\" decoding=\"async\" width=\"675\" height=\"900\" src=\"https:\/\/www.pcyc.qc.ca\/wp-content\/uploads\/2025\/02\/SpringCup.jpg\" alt=\"\" class=\"wp-image-3947\" srcset=\"https:\/\/www.pcyc.qc.ca\/wp-content\/uploads\/2025\/02\/SpringCup.jpg 675w, https:\/\/www.pcyc.qc.ca\/wp-content\/uploads\/2025\/02\/SpringCup-360x480.jpg 360w\" sizes=\"auto, (max-width: 675px) 100vw, 675px\" \/><\/figure>\n<\/div>\n\n\n\n<div class=\"wp-block-column is-layout-flow wp-block-column-is-layout-flow\">\n<h2 class=\"wp-block-heading has-text-align-center\"><strong>The Spring Cup<\/strong><\/h2>\n\n\n\n<p class=\"has-text-align-center\">This Cup is awarded to the winner of our season-opening regatta.<\/p>\n<\/div>\n\n\n\n<div class=\"wp-block-column is-layout-flow wp-block-column-is-layout-flow\">\n<h3 class=\"wp-block-heading has-text-align-center\">Winners<\/h3>\n\n\n\n<p class=\"has-text-align-center\">2024 Luka Bartulovic<\/p>\n<\/div>\n<\/div>\n","protected":false},"excerpt":{"rendered":"<p>Pointe-Claire Yacht Club trophy room and the winners of latest events<\/p>\n","protected":false},"author":1,"featured_media":0,"parent":0,"menu_order":0,"comment_status":"closed","ping_status":"closed","template":"","meta":{"_acf_changed":false,"footnotes":""},"class_list":["post-209","page","type-page","status-publish","hentry"],"acf":[],"_links":{"self":[{"href":"https:\/\/www.pcyc.qc.ca\/en\/wp-json\/wp\/v2\/pages\/209","targetHints":{"allow":["GET"]}}],"collection":[{"href":"https:\/\/www.pcyc.qc.ca\/en\/wp-json\/wp\/v2\/pages"}],"about":[{"href":"https:\/\/www.pcyc.qc.ca\/en\/wp-json\/wp\/v2\/types\/page"}],"author":[{"embeddable":true,"href":"https:\/\/www.pcyc.qc.ca\/en\/wp-json\/wp\/v2\/users\/1"}],"replies":[{"embeddable":true,"href":"https:\/\/www.pcyc.qc.ca\/en\/wp-json\/wp\/v2\/comments?post=209"}],"version-history":[{"count":0,"href":"https:\/\/www.pcyc.qc.ca\/en\/wp-json\/wp\/v2\/pages\/209\/revisions"}],"wp:attachment":[{"href":"https:\/\/www.pcyc.qc.ca\/en\/wp-json\/wp\/v2\/media?parent=209"}],"curies":[{"name":"wp","href":"https:\/\/api.w.org\/{rel}","templated":true}]}}