{"id":168,"date":"2021-07-23T10:51:10","date_gmt":"2021-07-23T14:51:10","guid":{"rendered":"https:\/\/www.pcyc.qc.ca\/?page_id=168"},"modified":"2023-01-16T12:34:17","modified_gmt":"2023-01-16T16:34:17","slug":"aqva","status":"publish","type":"page","link":"https:\/\/www.pcyc.qc.ca\/en\/aqva\/","title":{"rendered":"AQVA"},"content":{"rendered":"\n<figure class=\"wp-block-gallery columns-5 is-cropped wp-block-gallery-1 is-layout-flex wp-block-gallery-is-layout-flex\"><ul class=\"blocks-gallery-grid\"><li class=\"blocks-gallery-item\"><figure><img loading=\"lazy\" decoding=\"async\" width=\"1238\" height=\"430\" src=\"https:\/\/www.pcyc.qc.ca\/wp-content\/uploads\/2021\/11\/AQVA_gallery2.jpg\" alt=\"\" data-id=\"647\" data-full-url=\"https:\/\/www.pcyc.qc.ca\/wp-content\/uploads\/2021\/11\/AQVA_gallery2.jpg\" data-link=\"https:\/\/www.pcyc.qc.ca\/en\/aqva_gallery2\/\" class=\"wp-image-647\" srcset=\"https:\/\/www.pcyc.qc.ca\/wp-content\/uploads\/2021\/11\/AQVA_gallery2.jpg 1238w, https:\/\/www.pcyc.qc.ca\/wp-content\/uploads\/2021\/11\/AQVA_gallery2-1200x417.jpg 1200w\" sizes=\"auto, (max-width: 1238px) 100vw, 1238px\" \/><\/figure><\/li><li class=\"blocks-gallery-item\"><figure><img loading=\"lazy\" decoding=\"async\" width=\"990\" height=\"349\" src=\"https:\/\/www.pcyc.qc.ca\/wp-content\/uploads\/2021\/11\/AQVA_gallery1.jpg\" alt=\"\" data-id=\"649\" data-full-url=\"https:\/\/www.pcyc.qc.ca\/wp-content\/uploads\/2021\/11\/AQVA_gallery1.jpg\" data-link=\"https:\/\/www.pcyc.qc.ca\/en\/aqva_gallery1\/\" class=\"wp-image-649\"\/><\/figure><\/li><li class=\"blocks-gallery-item\"><figure><img loading=\"lazy\" decoding=\"async\" width=\"853\" height=\"729\" src=\"https:\/\/www.pcyc.qc.ca\/wp-content\/uploads\/2023\/01\/Logo-no-text-AQVA-2023.png\" alt=\"\" data-id=\"1821\" data-full-url=\"https:\/\/www.pcyc.qc.ca\/wp-content\/uploads\/2023\/01\/Logo-no-text-AQVA-2023.png\" data-link=\"https:\/\/www.pcyc.qc.ca\/aqva\/logo-no-text-aqva-2023\/\" class=\"wp-image-1821\" srcset=\"https:\/\/www.pcyc.qc.ca\/wp-content\/uploads\/2023\/01\/Logo-no-text-AQVA-2023.png 853w, https:\/\/www.pcyc.qc.ca\/wp-content\/uploads\/2023\/01\/Logo-no-text-AQVA-2023-735x628.png 735w, https:\/\/www.pcyc.qc.ca\/wp-content\/uploads\/2023\/01\/Logo-no-text-AQVA-2023-360x308.png 360w\" sizes=\"auto, (max-width: 853px) 100vw, 853px\" \/><\/figure><\/li><li class=\"blocks-gallery-item\"><figure><img loading=\"lazy\" decoding=\"async\" width=\"1280\" height=\"771\" src=\"https:\/\/www.pcyc.qc.ca\/wp-content\/uploads\/2021\/11\/boat.jpg\" alt=\"\" data-id=\"508\" data-full-url=\"https:\/\/www.pcyc.qc.ca\/wp-content\/uploads\/2021\/11\/boat.jpg\" data-link=\"https:\/\/www.pcyc.qc.ca\/en\/boat\/\" class=\"wp-image-508\" srcset=\"https:\/\/www.pcyc.qc.ca\/wp-content\/uploads\/2021\/11\/boat.jpg 1280w, https:\/\/www.pcyc.qc.ca\/wp-content\/uploads\/2021\/11\/boat-1046x630.jpg 1046w\" sizes=\"auto, (max-width: 1280px) 100vw, 1280px\" \/><\/figure><\/li><li class=\"blocks-gallery-item\"><figure><img loading=\"lazy\" decoding=\"async\" width=\"1920\" height=\"1080\" src=\"https:\/\/www.pcyc.qc.ca\/wp-content\/uploads\/2021\/11\/wheelchair.jpg\" alt=\"\" data-id=\"510\" data-full-url=\"https:\/\/www.pcyc.qc.ca\/wp-content\/uploads\/2021\/11\/wheelchair.jpg\" data-link=\"https:\/\/www.pcyc.qc.ca\/en\/wheelchair\/\" class=\"wp-image-510\" srcset=\"https:\/\/www.pcyc.qc.ca\/wp-content\/uploads\/2021\/11\/wheelchair.jpg 1920w, https:\/\/www.pcyc.qc.ca\/wp-content\/uploads\/2021\/11\/wheelchair-1120x630.jpg 1120w, https:\/\/www.pcyc.qc.ca\/wp-content\/uploads\/2021\/11\/wheelchair-1536x864.jpg 1536w\" sizes=\"auto, (max-width: 1920px) 100vw, 1920px\" \/><\/figure><\/li><\/ul><\/figure>\n\n\n\n<p>Pointe-Claire Yacht Club is the proud host of the<strong> AQVA (Association qu\u00e9b\u00e9coise de voile adapt\u00e9e).<\/strong>&nbsp; AQVA offers children and adults with mobility impairments the possibility to leave their wheelchair or walking aid on the dock and to discover the joys of sailing aboard a sailboat adapted to their needs.<\/p>\n\n\n\n<p>Recreational sailing as well as instructional and competitive sailing programs are available for both adults and children age 10 and over. Group outings can also be organized.<\/p>\n\n\n\n<p>Visit the AQVA website to learn more:&nbsp;&nbsp;<strong><a href=\"https:\/\/aqva.org\/\" target=\"_blank\" rel=\"noreferrer noopener nofollow\">https:\/\/aqva.org\/<\/a><\/strong><\/p>\n","protected":false},"excerpt":{"rendered":"<p>AQVA offers children and adults with mobility impairments the possibility to leave their wheelchair or walking aid on the dock and to discover the joys of sailing aboard a sailboat adapted to their needs.<\/p>\n","protected":false},"author":1,"featured_media":0,"parent":0,"menu_order":0,"comment_status":"closed","ping_status":"closed","template":"","meta":{"_acf_changed":false,"footnotes":""},"class_list":["post-168","page","type-page","status-publish","hentry"],"acf":[],"_links":{"self":[{"href":"https:\/\/www.pcyc.qc.ca\/en\/wp-json\/wp\/v2\/pages\/168","targetHints":{"allow":["GET"]}}],"collection":[{"href":"https:\/\/www.pcyc.qc.ca\/en\/wp-json\/wp\/v2\/pages"}],"about":[{"href":"https:\/\/www.pcyc.qc.ca\/en\/wp-json\/wp\/v2\/types\/page"}],"author":[{"embeddable":true,"href":"https:\/\/www.pcyc.qc.ca\/en\/wp-json\/wp\/v2\/users\/1"}],"replies":[{"embeddable":true,"href":"https:\/\/www.pcyc.qc.ca\/en\/wp-json\/wp\/v2\/comments?post=168"}],"version-history":[{"count":0,"href":"https:\/\/www.pcyc.qc.ca\/en\/wp-json\/wp\/v2\/pages\/168\/revisions"}],"wp:attachment":[{"href":"https:\/\/www.pcyc.qc.ca\/en\/wp-json\/wp\/v2\/media?parent=168"}],"curies":[{"name":"wp","href":"https:\/\/api.w.org\/{rel}","templated":true}]}}